{"id":9490,"date":"2016-01-13T11:03:39","date_gmt":"2016-01-13T10:03:39","guid":{"rendered":"https:\/\/xativaturismo.com\/val\/informacion-viajero\/"},"modified":"2025-07-18T10:50:46","modified_gmt":"2025-07-18T08:50:46","slug":"informacio-viatger","status":"publish","type":"page","link":"https:\/\/xativaturismo.com\/val\/informacio-viatger\/","title":{"rendered":"Informaci\u00f3 per al viatger"},"content":{"rendered":"<div class=\"wpb-content-wrapper\">[vc_row fullwidth=&#8221;true&#8221;][vc_column][mk_page_title_box page_title=&#8221;INFORMACI\u00d3 PER AL VIATGER&#8221; section_height=&#8221;350&#8243; bg_image=&#8221;https:\/\/xativaturismo.com\/wp-content\/uploads\/2016\/01\/cabecera4-2.jpg&#8221; bg_position=&#8221;left center&#8221; overlay=&#8221;rgba(0,0,0,0.49)&#8221; bg_effects=&#8221;parallax&#8221; font_size=&#8221;42&#8243; font_color=&#8221;#dddddd&#8221; underline=&#8221;false&#8221;][\/vc_column][\/vc_row][mk_page_section min_height=&#8221;0&#8243; padding_top=&#8221;40&#8243; padding_bottom=&#8221;40&#8243; section_id=&#8221;primera&#8221; first_page=&#8221;true&#8221; last_page=&#8221;true&#8221; sidebar=&#8221;sidebar-1&#8243;][vc_column css=&#8221;.vc_custom_1451864099925{padding-top: 30px !important;padding-bottom: 10px !important;}&#8221;][vc_column_text]Si tens pensat visitar X\u00e0tiva en dates properes i planifiques el teu viatge, tens informaci\u00f3 \u00fatil en el nostre llistat de preguntes freq\u00fcents. Si no trobes resposta a alguna q\u00fcesti\u00f3, pots enviar-nos un missatge des de la p\u00e0gina de <a href=\"https:\/\/xativaturismo.com\/val\/contacte\/#msg\">contacte<\/a>.[\/vc_column_text][\/vc_column][vc_column][vc_tta_accordion style=&#8221;outline&#8221; color=&#8221;mulled-wine&#8221; spacing=&#8221;5&#8243; c_icon=&#8221;&#8221; active_section=&#8221;&#8221; no_fill=&#8221;true&#8221; collapsible_all=&#8221;true&#8221;][vc_tta_section i_icon_fontawesome=&#8221;fa fa-taxi&#8221; add_icon=&#8221;true&#8221; title=&#8221;Com puc aconseguir un taxi?&#8221; tab_id=&#8221;1451558781517-ffaa521d-d7d4&#8243;][vc_column_text]\n<p style=\"font-size: 15px;\">Existeix una parada de taxi en l&#8217;estaci\u00f3 d&#8217;ADIF, en l&#8217;avinguda Ausi\u00e0s March, 1. Tel\u00e8fon: +34 96 227 16 81 (disposen de taxis adaptats).<\/p>\n[\/vc_column_text][\/vc_tta_section][vc_tta_section i_icon_fontawesome=&#8221;fa fa-umbrella&#8221; add_icon=&#8221;true&#8221; title=&#8221;Quin temps fa a X\u00e0tiva?&#8221; tab_id=&#8221;1451939818319-0dc8afac-cca3&#8243;][vc_column_text]\n<p style=\"font-size: 15px;\">A X\u00e0tiva el clima \u00e9s mediterrani. Els hiverns es passen amb temperatures temperades (poques vegades gela o neva) mentre que els estius s\u00f3n molt calorosos, amb temperatures m\u00e0ximes que de vegades superen els 40\u00ba.<\/p>\n[\/vc_column_text][\/vc_tta_section][vc_tta_section i_icon_fontawesome=&#8221;fa fa-users&#8221; add_icon=&#8221;true&#8221; title=&#8221;Hi ha visites guiades pels monuments?&#8221; tab_id=&#8221;1451940279913-c8d34ad3-be17&#8243;][vc_column_text css=&#8221;.vc_custom_1686552732790{margin-bottom: 0px !important;}&#8221;]\n<p style=\"font-size: 15px;\">Existeixen quatre empreses que ofereixen serveis de guies tur\u00edstics. <a href=\"https:\/\/xativaturismo.com\/val\/?page_id=12082\"><strong>Veure informaci\u00f3 detallada<\/strong><\/a><\/p>\n<p style=\"font-size: 15px;\">TERESA CLIMENT ALMENDROS: 647 273 971<br \/>\nLOVE X\u00c0TIVA: 601 367 515 &#8211; lovexativatours@gmail.com<br \/>\nA PEU GUIES: 620 962 567 &#8211; apeuguies@gmail.com<br \/>\nDTURISME: 699 746 682 &#8211; dturisme@gmail.com<\/p>\n<p style=\"font-size: 15px;\">Si no has pogut concertar una visita guiada et recomanem que faces \u00fas de les audiguies, publicades en aquesta web. Es troben al peu de p\u00e0gina de cada monument.<\/p>\n[\/vc_column_text][\/vc_tta_section][vc_tta_section i_icon_fontawesome=&#8221;fa fa-bullseye&#8221; add_icon=&#8221;true&#8221; title=&#8221;On puc aparcar el cotxe?&#8221; tab_id=&#8221;1451937052077-a3b60b22-d78a&#8221;][vc_column_text css=&#8221;.vc_custom_1752828643137{margin-bottom: 0px !important;}&#8221;]\n<p class=\"p13\"><b>ZONES D\u2019APARCAMENT GRATU\u00cfT:<\/b><\/p>\n<ul class=\"ul1\">\n<li class=\"li14\">P\u00e0rquing Centre d\u2019especialitats El Espa\u00f1oleto <strong>(Diumenges i festius <span style=\"color: #993366;\">(d&#8217;octubre a juny)<\/span>)<\/strong>. Per a vehicles que hagin fet la compra d\u2019entrades online. Aforament limitat. El centre \u00e9s la parada llan\u00e7adora del bus tur\u00edstic al Castell (<a href=\"https:\/\/goo.gl\/maps\/Sh27qhRbeF9MQkyE6\">Maps<\/a>).<\/li>\n<li class=\"li14\">Aparcament zona blava centre ciutat. Diumenges i festius gratis.<\/li>\n<li class=\"li15\">Aparcament p\u00e0rquing Pavell\u00f3 voleibol X\u00e0tiva (entrada carretera Alzira). La dist\u00e0ncia a l\u2019Oficina de Turisme s\u00f3n 10 minuts a peu. (<a href=\"https:\/\/goo.gl\/maps\/154hEWDi5kMG6Vpd8\">Maps<\/a>)<\/li>\n<\/ul>\n<p><strong>BUS LLAN\u00c7ADORA <b><span style=\"color: #993366;\">(d&#8217;octubre a juny)<\/span><\/b>:<\/strong><\/p>\n<ul>\n<li>Diumenges i festius.<\/li>\n<li>Horari: 10:00 &#8211; 15:00 | 16:00 &#8211; 19:00<\/li>\n<li>Recorregut:\u00a0 Pla\u00e7a Espanyoleto &#8211; Castell.<\/li>\n<li>Preu: 1 \u20ac \/ trajecte<\/li>\n<\/ul>\n[\/vc_column_text][\/vc_tta_section][vc_tta_section i_icon_fontawesome=&#8221;fa fa-gift&#8221; add_icon=&#8221;true&#8221; title=&#8221;Quin horari comercial tenen les botigues?&#8221; tab_id=&#8221;1451935951345-939ff944-78eb&#8221;][vc_column_text]\n<p style=\"font-size: 15px;\">L&#8217;horari d&#8217;obertura habitual de la majoria de comer\u00e7os \u00e9s de 9:30 a 13:30 i de 16:30 a 20:30, encara que les franqu\u00edcies i centres comercials no tanquen al migdia. Les botigues obren de dilluns a dissabte. Si v\u00e9ns de compres a X\u00e0tiva un dilluns al mat\u00ed \u00e9s probable que trobes moltes tendes tancades, ja que molts comerciants opten per tancar.<\/p>\n[\/vc_column_text][\/vc_tta_section][vc_tta_section i_icon_fontawesome=&#8221;fa fa-bus&#8221; add_icon=&#8221;true&#8221; title=&#8221;Quins horaris de pujada al Castell t\u00e9 el tren tur\u00edstic?&#8221; tab_id=&#8221;1451501370378-4be61ca0-61f8&#8243;][vc_column_text disable_pattern=&#8221;false&#8221; margin_bottom=&#8221;10&#8243; el_class=&#8221;text-info&#8221; css=&#8221;.vc_custom_1620318177625{margin-bottom: 10px !important;}&#8221;]Consulta horaris <a href=\"https:\/\/xativaturismo.com\/val\/entrades-castell\/#1616940125558-7ae77c59-4635\"><strong>aqu\u00ed<\/strong><\/a>[\/vc_column_text][\/vc_tta_section][vc_tta_section i_icon_fontawesome=&#8221;fa fa-university&#8221; add_icon=&#8221;true&#8221; title=&#8221;Quan dura la visita al Castell?&#8221; tab_id=&#8221;1451502648840-2315b613-6bd3&#8243;][vc_column_text]\n<p style=\"font-size: 15px;\">La visita al <em>Castell<\/em> de X\u00e0tiva ens pot dur un mat\u00ed o una vesprada sencera si anem amb calma. Existeixen llocs habilitats per esmorzar o berenar, en un marc incomparable amb vistes a la ciutat. Disposa de cafeteria amb terrassa i restaurant.<\/p>\n[\/vc_column_text][\/vc_tta_section][vc_tta_section i_icon_fontawesome=&#8221;fa fa-calendar&#8221; add_icon=&#8221;true&#8221; title=&#8221;Quines s\u00f3n les festivitats anuals?&#8221; tab_id=&#8221;festividades&#8221;][vc_column_text]\n<ul>\n<li>1 de gener: Any Nou.<\/li>\n<li>Falles (del 19 al 20 de mar\u00e7).<\/li>\n<li>Setmana Santa i Pasqua (mes d&#8217;abril).<\/li>\n<li>Divendres Sant.<\/li>\n<li>Sant Vicent (primavera).<\/li>\n<li>Pasqua Florida (primavera).<\/li>\n<li>1 de maig: Dia del Treball.<\/li>\n<li>Corpus Christi (mes de juny).<\/li>\n<li>1 d&#8217;agost: Sant Feliu, patr\u00f3 de X\u00e0tiva.<\/li>\n<li>5 d&#8217;agost: Festivitat de la Verge de la Seu, patrona de X\u00e0tiva.<\/li>\n<li>Del 15 al 20 d&#8217;agost: Fira de X\u00e0tiva, des de l&#8217;any 1250.<\/li>\n<li>Les Catalinetes, Santa Catalina (25 de novembre).<\/li>\n<li>25 de desembre: \u00a0Nadal.<\/li>\n<\/ul>\n[\/vc_column_text][\/vc_tta_section][vc_tta_section i_icon_fontawesome=&#8221;fa fa-heart&#8221; add_icon=&#8221;true&#8221; title=&#8221;On acudir en cas de malaltia o accident?&#8221; tab_id=&#8221;1451940955624-5ddb8082-bedb&#8221;][vc_column_text]\n<p style=\"font-size: 15px;\"><em>Serveis assistencials i de salut<\/em><strong><br \/>\n<\/strong>Ambul\u00e0ncies \u2013 962282013<br \/>\nHospital Llu\u00eds Alcany\u00eds \u2013 Urg\u00e8ncies general \u2013 tel. 962289310<br \/>\nCentre de Salut urg\u00e8ncies (17:00 a 19:00) \u2013 tel. 962218105<br \/>\nHospital Llu\u00eds Alcany\u00eds \u2013 Ctra. X\u00e0tiva-Alzira, s\/n \u2013 tel. 962289400<br \/>\nCentre de Salut \u2013 Pl. Calixt III (Pl. de la Seu, 2) \u2013 tel. 962272424<br \/>\nCentre de Salut \u2013 Pl. Espanyoleto, 13 \u2013 tel. 962281610<br \/>\nCentre de Salut \u2013 Av. Ausi\u00e0s March, s\/n \u2013 tel. 962218100<\/p>\n<p style=\"font-size: 15px;\"><em> Farm\u00e0cies<\/em><br \/>\nVicen Campos Herrero \u2013 Pla\u00e7a Espanyoleto, 1<br \/>\nEnrique Vila Peir\u00f3 \u2013 Pla\u00e7a del Mercat, 5 \u2013 tel. 962274370<br \/>\nJosefina Ballester Medina \u2013 Germanies, 7 \u2013 tel. 962271060<br \/>\nManuel Casesnoves Soldevila \u2013 Vicent Boix, 7 \u2013 tel. 962276077<br \/>\nFernando Richart Aranda \u2013 Pla\u00e7a la Bassa, 30 \u2013 tel. 962275748<br \/>\nCarmen Navarro Llueca \u2013 Albereda Jaume I, 32 \u2013 tel. 962274276<br \/>\nRosalia Soler Fern\u00e1ndez \u2013 Porta de Sant Francesc, 2 \u2013 tel. 962274438<br \/>\nJoaquin Soler Fern\u00e1ndez \u2013 Avinguda Selgas, 38 \u2013 tel. 962274566<br \/>\nRosa Pellicer Chuli\u00e0 \u2013 Pla\u00e7a Vicent Andr\u00e9s Estell\u00e9s, 1 \u2013 tel. 962270147<\/p>\n<p style=\"font-size: 15px;\">Trobe ac\u00ed una <a href=\"http:\/\/www.farmasoler.com\/info\/guardias-xativa-12.html\" target=\"_blank\" rel=\"dofollow noopener noreferrer\">farm\u00e0cia<\/a> de gu\u00e0rdia.<\/p>\n[\/vc_column_text][\/vc_tta_section][vc_tta_section i_icon_fontawesome=&#8221;fa fa-graduation-cap&#8221; add_icon=&#8221;true&#8221; title=&#8221;Excursions escolars&#8221; tab_id=&#8221;1452950504543-c7e83bd4-be8a&#8221;][vc_column_text]\n<p style=\"font-size: 15px;\">Els grups escolars tenen l&#8217;entrada al Museu gratu\u00efta si es concerta la visita pr\u00e8viament telefonant al 96 227 65 97. Els professors no paguen entrada en cap dels monuments ni en el tren tur\u00edstic, sempre que acompanyen un grup. Tant al <em>Museu<\/em> com al <em>Castell<\/em> pot entrar tot el grup junt (fins a 55 membres) sense necessitat de dividir-lo.<br \/>\nA la part alta del <em>Castell Major<\/em> existeix una zona de pic-nic, on poden dinar els alumnes sempre que els acompanye algun professor.[\/vc_column_text][\/vc_tta_section][\/vc_tta_accordion][\/vc_column][\/mk_page_section]\n<\/div>","protected":false},"excerpt":{"rendered":"<p>[vc_row fullwidth=&#8221;true&#8221;][vc_column][mk_page_title_box page_title=&#8221;INFORMACI\u00d3 PER AL VIATGER&#8221; section_height=&#8221;350&#8243; bg_image=&#8221;https:\/\/xativaturismo.com\/wp-content\/uploads\/2016\/01\/cabecera4-2.jpg&#8221; bg_position=&#8221;left center&#8221; overlay=&#8221;rgba(0,0,0,0.49)&#8221; bg_effects=&#8221;parallax&#8221; font_size=&#8221;42&#8243; font_color=&#8221;#dddddd&#8221; underline=&#8221;false&#8221;][\/vc_column][\/vc_row][mk_page_section min_height=&#8221;0&#8243; padding_top=&#8221;40&#8243; padding_bottom=&#8221;40&#8243; section_id=&#8221;primera&#8221; first_page=&#8221;true&#8221; last_page=&#8221;true&#8221; sidebar=&#8221;sidebar-1&#8243;][vc_column css=&#8221;.vc_custom_1451864099925{padding-top: 30px !important;padding-bottom: 10px !important;}&#8221;][vc_column_text]Si tens pensat visitar [&hellip;]<\/p>\n","protected":false},"author":10,"featured_media":8007,"parent":0,"menu_order":0,"comment_status":"closed","ping_status":"closed","template":"","meta":{"_price":"","_stock":"","_tribe_ticket_header":"","_tribe_default_ticket_provider":"","_ticket_start_date":"","_ticket_end_date":"","_tribe_ticket_show_description":"","_tribe_ticket_show_not_going":false,"_tribe_ticket_use_global_stock":"","_tribe_ticket_global_stock_level":"","_global_stock_mode":"","_global_stock_cap":"","_tribe_rsvp_for_event":"","_tribe_ticket_going_count":"","_tribe_ticket_not_going_count":"","_tribe_tickets_list":"[]","_tribe_ticket_has_attendee_info_fields":false,"footnotes":""},"class_list":["post-9490","page","type-page","status-publish","has-post-thumbnail","hentry"],"yoast_head":"<!-- This site is optimized with the Yoast SEO plugin v27.0 - https:\/\/yoast.com\/product\/yoast-seo-wordpress\/ -->\n<title>Informaci\u00f3 per al viatger - X\u00e0tiva Turisme<\/title>\n<meta name=\"description\" content=\"Viatjar a X\u00e0tiva, informaci\u00f3 pr\u00e0ctica i preguntes freq\u00fcents\" \/>\n<meta name=\"robots\" content=\"index, follow, max-snippet:-1, max-image-preview:large, max-video-preview:-1\" \/>\n<link rel=\"canonical\" href=\"https:\/\/xativaturismo.com\/val\/informacio-viatger\/\" \/>\n<meta property=\"og:locale\" content=\"ca_ES\" \/>\n<meta property=\"og:type\" content=\"article\" \/>\n<meta property=\"og:title\" content=\"Informaci\u00f3 per viatjar a X\u00e0tiva - X\u00e0tiva Turisme\" \/>\n<meta property=\"og:description\" content=\"Viatjar a X\u00e0tiva, informaci\u00f3 pr\u00e0ctica i preguntes freq\u00fcents\" \/>\n<meta property=\"og:url\" content=\"https:\/\/xativaturismo.com\/val\/informacio-viatger\/\" \/>\n<meta property=\"og:site_name\" content=\"X\u00e0tiva Turismo\" \/>\n<meta property=\"article:publisher\" content=\"https:\/\/www.facebook.com\/XativaTurisme\" \/>\n<meta property=\"article:modified_time\" content=\"2025-07-18T08:50:46+00:00\" \/>\n<meta property=\"og:image\" content=\"https:\/\/xativaturismo.com\/wp-content\/uploads\/2016\/01\/castell-menor-8.jpg\" \/>\n\t<meta property=\"og:image:width\" content=\"846\" \/>\n\t<meta property=\"og:image:height\" content=\"480\" \/>\n\t<meta property=\"og:image:type\" content=\"image\/jpeg\" \/>\n<meta name=\"twitter:card\" content=\"summary_large_image\" \/>\n<meta name=\"twitter:title\" content=\"Informaci\u00f3 per viatjar a X\u00e0tiva - X\u00e0tiva Turisme\" \/>\n<meta name=\"twitter:description\" content=\"Viatjar a X\u00e0tiva, informaci\u00f3 pr\u00e0ctica i preguntes freq\u00fcents\" \/>\n<meta name=\"twitter:image\" content=\"https:\/\/xativaturismo.com\/wp-content\/uploads\/2016\/01\/informacion.jpg\" \/>\n<meta name=\"twitter:site\" content=\"@XativaTurisme\" \/>\n<meta name=\"twitter:label1\" content=\"Est. reading time\" \/>\n\t<meta name=\"twitter:data1\" content=\"4 minutes\" \/>\n<script type=\"application\/ld+json\" class=\"yoast-schema-graph\">{\"@context\":\"https:\/\/schema.org\",\"@graph\":[{\"@type\":\"WebPage\",\"@id\":\"https:\/\/xativaturismo.com\/val\/informacio-viatger\/\",\"url\":\"https:\/\/xativaturismo.com\/val\/informacio-viatger\/\",\"name\":\"Informaci\u00f3 per al viatger - X\u00e0tiva Turisme\",\"isPartOf\":{\"@id\":\"https:\/\/xativaturismo.com\/#website\"},\"primaryImageOfPage\":{\"@id\":\"https:\/\/xativaturismo.com\/val\/informacio-viatger\/#primaryimage\"},\"image\":{\"@id\":\"https:\/\/xativaturismo.com\/val\/informacio-viatger\/#primaryimage\"},\"thumbnailUrl\":\"https:\/\/xativaturismo.com\/wp-content\/uploads\/2016\/01\/Rosa-4-3.jpg\",\"datePublished\":\"2016-01-13T10:03:39+00:00\",\"dateModified\":\"2025-07-18T08:50:46+00:00\",\"description\":\"Viatjar a X\u00e0tiva, informaci\u00f3 pr\u00e0ctica i preguntes freq\u00fcents\",\"breadcrumb\":{\"@id\":\"https:\/\/xativaturismo.com\/val\/informacio-viatger\/#breadcrumb\"},\"inLanguage\":\"ca\",\"potentialAction\":[{\"@type\":\"ReadAction\",\"target\":[\"https:\/\/xativaturismo.com\/val\/informacio-viatger\/\"]}]},{\"@type\":\"ImageObject\",\"inLanguage\":\"ca\",\"@id\":\"https:\/\/xativaturismo.com\/val\/informacio-viatger\/#primaryimage\",\"url\":\"https:\/\/xativaturismo.com\/wp-content\/uploads\/2016\/01\/Rosa-4-3.jpg\",\"contentUrl\":\"https:\/\/xativaturismo.com\/wp-content\/uploads\/2016\/01\/Rosa-4-3.jpg\",\"width\":1598,\"height\":906},{\"@type\":\"BreadcrumbList\",\"@id\":\"https:\/\/xativaturismo.com\/val\/informacio-viatger\/#breadcrumb\",\"itemListElement\":[{\"@type\":\"ListItem\",\"position\":1,\"name\":\"Portada\",\"item\":\"https:\/\/xativaturismo.com\/val\/inicio-copy-2\/\"},{\"@type\":\"ListItem\",\"position\":2,\"name\":\"Informaci\u00f3 per al viatger\"}]},{\"@type\":\"WebSite\",\"@id\":\"https:\/\/xativaturismo.com\/#website\",\"url\":\"https:\/\/xativaturismo.com\/\",\"name\":\"X\u00e0tiva Turismo\",\"description\":\"Bienvenidos a la oficina de Turismo de X\u00e0tiva\",\"publisher\":{\"@id\":\"https:\/\/xativaturismo.com\/#organization\"},\"potentialAction\":[{\"@type\":\"SearchAction\",\"target\":{\"@type\":\"EntryPoint\",\"urlTemplate\":\"https:\/\/xativaturismo.com\/?s={search_term_string}\"},\"query-input\":{\"@type\":\"PropertyValueSpecification\",\"valueRequired\":true,\"valueName\":\"search_term_string\"}}],\"inLanguage\":\"ca\"},{\"@type\":\"Organization\",\"@id\":\"https:\/\/xativaturismo.com\/#organization\",\"name\":\"X\u00e0tiva Turismo\",\"url\":\"https:\/\/xativaturismo.com\/\",\"logo\":{\"@type\":\"ImageObject\",\"inLanguage\":\"ca\",\"@id\":\"https:\/\/xativaturismo.com\/#\/schema\/logo\/image\/\",\"url\":\"https:\/\/xativaturismo.com\/wp-content\/uploads\/2020\/10\/logo-lila512-2.png\",\"contentUrl\":\"https:\/\/xativaturismo.com\/wp-content\/uploads\/2020\/10\/logo-lila512-2.png\",\"width\":445,\"height\":512,\"caption\":\"X\u00e0tiva Turismo\"},\"image\":{\"@id\":\"https:\/\/xativaturismo.com\/#\/schema\/logo\/image\/\"},\"sameAs\":[\"https:\/\/www.facebook.com\/XativaTurisme\",\"https:\/\/x.com\/XativaTurisme\"]}]}<\/script>\n<!-- \/ Yoast SEO plugin. -->","yoast_head_json":{"title":"Informaci\u00f3 per al viatger - X\u00e0tiva Turisme","description":"Viatjar a X\u00e0tiva, informaci\u00f3 pr\u00e0ctica i preguntes freq\u00fcents","robots":{"index":"index","follow":"follow","max-snippet":"max-snippet:-1","max-image-preview":"max-image-preview:large","max-video-preview":"max-video-preview:-1"},"canonical":"https:\/\/xativaturismo.com\/val\/informacio-viatger\/","og_locale":"ca_ES","og_type":"article","og_title":"Informaci\u00f3 per viatjar a X\u00e0tiva - X\u00e0tiva Turisme","og_description":"Viatjar a X\u00e0tiva, informaci\u00f3 pr\u00e0ctica i preguntes freq\u00fcents","og_url":"https:\/\/xativaturismo.com\/val\/informacio-viatger\/","og_site_name":"X\u00e0tiva Turismo","article_publisher":"https:\/\/www.facebook.com\/XativaTurisme","article_modified_time":"2025-07-18T08:50:46+00:00","og_image":[{"width":846,"height":480,"url":"https:\/\/xativaturismo.com\/wp-content\/uploads\/2016\/01\/castell-menor-8.jpg","type":"image\/jpeg"}],"twitter_card":"summary_large_image","twitter_title":"Informaci\u00f3 per viatjar a X\u00e0tiva - X\u00e0tiva Turisme","twitter_description":"Viatjar a X\u00e0tiva, informaci\u00f3 pr\u00e0ctica i preguntes freq\u00fcents","twitter_image":"https:\/\/xativaturismo.com\/wp-content\/uploads\/2016\/01\/informacion.jpg","twitter_site":"@XativaTurisme","twitter_misc":{"Est. reading time":"4 minutes"},"schema":{"@context":"https:\/\/schema.org","@graph":[{"@type":"WebPage","@id":"https:\/\/xativaturismo.com\/val\/informacio-viatger\/","url":"https:\/\/xativaturismo.com\/val\/informacio-viatger\/","name":"Informaci\u00f3 per al viatger - X\u00e0tiva Turisme","isPartOf":{"@id":"https:\/\/xativaturismo.com\/#website"},"primaryImageOfPage":{"@id":"https:\/\/xativaturismo.com\/val\/informacio-viatger\/#primaryimage"},"image":{"@id":"https:\/\/xativaturismo.com\/val\/informacio-viatger\/#primaryimage"},"thumbnailUrl":"https:\/\/xativaturismo.com\/wp-content\/uploads\/2016\/01\/Rosa-4-3.jpg","datePublished":"2016-01-13T10:03:39+00:00","dateModified":"2025-07-18T08:50:46+00:00","description":"Viatjar a X\u00e0tiva, informaci\u00f3 pr\u00e0ctica i preguntes freq\u00fcents","breadcrumb":{"@id":"https:\/\/xativaturismo.com\/val\/informacio-viatger\/#breadcrumb"},"inLanguage":"ca","potentialAction":[{"@type":"ReadAction","target":["https:\/\/xativaturismo.com\/val\/informacio-viatger\/"]}]},{"@type":"ImageObject","inLanguage":"ca","@id":"https:\/\/xativaturismo.com\/val\/informacio-viatger\/#primaryimage","url":"https:\/\/xativaturismo.com\/wp-content\/uploads\/2016\/01\/Rosa-4-3.jpg","contentUrl":"https:\/\/xativaturismo.com\/wp-content\/uploads\/2016\/01\/Rosa-4-3.jpg","width":1598,"height":906},{"@type":"BreadcrumbList","@id":"https:\/\/xativaturismo.com\/val\/informacio-viatger\/#breadcrumb","itemListElement":[{"@type":"ListItem","position":1,"name":"Portada","item":"https:\/\/xativaturismo.com\/val\/inicio-copy-2\/"},{"@type":"ListItem","position":2,"name":"Informaci\u00f3 per al viatger"}]},{"@type":"WebSite","@id":"https:\/\/xativaturismo.com\/#website","url":"https:\/\/xativaturismo.com\/","name":"X\u00e0tiva Turismo","description":"Bienvenidos a la oficina de Turismo de X\u00e0tiva","publisher":{"@id":"https:\/\/xativaturismo.com\/#organization"},"potentialAction":[{"@type":"SearchAction","target":{"@type":"EntryPoint","urlTemplate":"https:\/\/xativaturismo.com\/?s={search_term_string}"},"query-input":{"@type":"PropertyValueSpecification","valueRequired":true,"valueName":"search_term_string"}}],"inLanguage":"ca"},{"@type":"Organization","@id":"https:\/\/xativaturismo.com\/#organization","name":"X\u00e0tiva Turismo","url":"https:\/\/xativaturismo.com\/","logo":{"@type":"ImageObject","inLanguage":"ca","@id":"https:\/\/xativaturismo.com\/#\/schema\/logo\/image\/","url":"https:\/\/xativaturismo.com\/wp-content\/uploads\/2020\/10\/logo-lila512-2.png","contentUrl":"https:\/\/xativaturismo.com\/wp-content\/uploads\/2020\/10\/logo-lila512-2.png","width":445,"height":512,"caption":"X\u00e0tiva Turismo"},"image":{"@id":"https:\/\/xativaturismo.com\/#\/schema\/logo\/image\/"},"sameAs":["https:\/\/www.facebook.com\/XativaTurisme","https:\/\/x.com\/XativaTurisme"]}]}},"_links":{"self":[{"href":"https:\/\/xativaturismo.com\/val\/wp-json\/wp\/v2\/pages\/9490","targetHints":{"allow":["GET"]}}],"collection":[{"href":"https:\/\/xativaturismo.com\/val\/wp-json\/wp\/v2\/pages"}],"about":[{"href":"https:\/\/xativaturismo.com\/val\/wp-json\/wp\/v2\/types\/page"}],"author":[{"embeddable":true,"href":"https:\/\/xativaturismo.com\/val\/wp-json\/wp\/v2\/users\/10"}],"replies":[{"embeddable":true,"href":"https:\/\/xativaturismo.com\/val\/wp-json\/wp\/v2\/comments?post=9490"}],"version-history":[{"count":3,"href":"https:\/\/xativaturismo.com\/val\/wp-json\/wp\/v2\/pages\/9490\/revisions"}],"predecessor-version":[{"id":668288,"href":"https:\/\/xativaturismo.com\/val\/wp-json\/wp\/v2\/pages\/9490\/revisions\/668288"}],"wp:featuredmedia":[{"embeddable":true,"href":"https:\/\/xativaturismo.com\/val\/wp-json\/wp\/v2\/media\/8007"}],"wp:attachment":[{"href":"https:\/\/xativaturismo.com\/val\/wp-json\/wp\/v2\/media?parent=9490"}],"curies":[{"name":"wp","href":"https:\/\/api.w.org\/{rel}","templated":true}]}}