{"id":9359,"date":"2016-01-20T09:02:34","date_gmt":"2016-01-20T08:02:34","guid":{"rendered":"https:\/\/xativaturismo.com\/val\/multimedia\/"},"modified":"2016-03-18T12:37:32","modified_gmt":"2016-03-18T12:37:32","slug":"multimedia","status":"publish","type":"page","link":"https:\/\/xativaturismo.com\/val\/multimedia\/","title":{"rendered":"Multim\u00e8dia"},"content":{"rendered":"<div class=\"wpb-content-wrapper\">[vc_row fullwidth=&#8221;true&#8221;][vc_column][mk_page_title_box page_title=&#8221;ARXIUS MULTIM\u00c8DIA&#8221; section_height=&#8221;350&#8243; bg_image=&#8221;https:\/\/xativaturismo.com\/wp-content\/uploads\/2016\/01\/cabecera6-1.jpg&#8221; bg_position=&#8221;right bottom&#8221; overlay=&#8221;rgba(0,0,0,0.3)&#8221; bg_effects=&#8221;parallax&#8221; font_size=&#8221;42&#8243; font_color=&#8221;#dddddd&#8221; underline=&#8221;false&#8221;][\/vc_column][\/vc_row][mk_page_section visibility=&#8221;hidden-sm&#8221; sidebar=&#8221;sidebar-1&#8243;][vc_column][vc_custom_heading text=&#8221;FOTOGRAFIES EN ALTA RESOLUCI\u00d3&#8221; font_container=&#8221;tag:h2|text_align:left|color:%23d6d6d6&#8243; use_theme_fonts=&#8221;yes&#8221; css=&#8221;.vc_custom_1454982101837{padding-top: 30px !important;padding-bottom: 10px !important;}&#8221;][mk_gallery images=&#8221;10252,8232,8268,8264,8256&#8243; custom_links=&#8221;https:\/\/xativaturismo.com\/wp-content\/uploads\/2016\/03\/Felip-V.rar,https:\/\/xativaturismo.com\/wp-content\/uploads\/2016\/01\/Nocturna-22.rar,https:\/\/xativaturismo.com\/wp-content\/uploads\/2016\/01\/font.rar,https:\/\/xativaturismo.com\/wp-content\/uploads\/2016\/01\/corpus.rar,https:\/\/xativaturismo.com\/wp-content\/uploads\/2016\/01\/trinitat.rar&#8221; style=&#8221;style2&#8243; margin_bottom=&#8221;0&#8243; orderby=&#8221;post__in&#8221;][mk_gallery images=&#8221;8274,8282,8290,8298,8306,8314,8322,8330&#8243; custom_links=&#8221;https:\/\/xativaturismo.com\/wp-content\/uploads\/2016\/01\/campanari-2.rar,https:\/\/xativaturismo.com\/wp-content\/uploads\/2016\/01\/cova_negra.rar,https:\/\/xativaturismo.com\/wp-content\/uploads\/2016\/01\/ermita.rar,https:\/\/xativaturismo.com\/wp-content\/uploads\/2016\/01\/la_seu-1.rar,https:\/\/xativaturismo.com\/wp-content\/uploads\/2016\/01\/muralles-castell-menor-1.rar,https:\/\/xativaturismo.com\/wp-content\/uploads\/2016\/01\/panoramica.rar,https:\/\/xativaturismo.com\/wp-content\/uploads\/2016\/01\/sant_josep.rar,https:\/\/xativaturismo.com\/wp-content\/uploads\/2016\/01\/Torre.rar&#8221; column=&#8221;4&#8243; height=&#8221;270&#8243; margin_bottom=&#8221;0&#8243;][mk_gallery images=&#8221;8342,8350,8358,8366,8374&#8243; custom_links=&#8221;https:\/\/xativaturismo.com\/wp-content\/uploads\/2016\/01\/castell-menor-1.rar,https:\/\/xativaturismo.com\/wp-content\/uploads\/2016\/01\/hospital-1.rar,https:\/\/xativaturismo.com\/wp-content\/uploads\/2016\/01\/mural.rar,https:\/\/xativaturismo.com\/wp-content\/uploads\/2016\/01\/sant_feliu.rar,https:\/\/xativaturismo.com\/wp-content\/uploads\/2016\/01\/Sant_francesc-2.rar&#8221; style=&#8221;style1&#8243; margin_bottom=&#8221;0&#8243; orderby=&#8221;post__in&#8221;][\/vc_column][\/mk_page_section][mk_page_section bg_color=&#8221;#000000&#8243; min_height=&#8221;0&#8243; padding_top=&#8221;20&#8243; padding_bottom=&#8221;0&#8243; sidebar=&#8221;sidebar-1&#8243;][vc_column][vc_custom_heading text=&#8221;V\u00cdDEOS&#8221; font_container=&#8221;tag:h2|text_align:left|color:%23cccccc&#8221; use_theme_fonts=&#8221;yes&#8221; css=&#8221;.vc_custom_1453340187642{padding-top: 30px !important;padding-bottom: 10px !important;}&#8221;][vc_row_inner][vc_column_inner width=&#8221;1\/2&#8243;][vc_video link=&#8221;http:\/\/youtu.be\/n9uVWm1gsBA&#8221;][\/vc_column_inner][vc_column_inner width=&#8221;1\/2&#8243;][vc_video link=&#8221;http:\/\/youtu.be\/AyP6F2TtJNM&#8221;][\/vc_column_inner][\/vc_row_inner][\/vc_column][\/mk_page_section][mk_page_section bg_color=&#8221;#000000&#8243; padding_top=&#8221;70&#8243; padding_bottom=&#8221;70&#8243; visibility=&#8221;hidden-sm&#8221; sidebar=&#8221;sidebar-1&#8243;][vc_column width=&#8221;1\/4&#8243;][vc_video link=&#8221;https:\/\/youtu.be\/lbJDK_eCj7c?list=PLRlOxr3EtWEEuqKERp8_Ev3eQXoVMs7Qz&#8221;][\/vc_column][vc_column width=&#8221;1\/4&#8243;][vc_video link=&#8221;https:\/\/youtu.be\/LSUuXLoQDbc&#8221;][\/vc_column][vc_column width=&#8221;1\/4&#8243;][vc_video link=&#8221;https:\/\/youtu.be\/Xen8NaKqwjs?list=PLRlOxr3EtWEEuqKERp8_Ev3eQXoVMs7Qz&#8221;][\/vc_column][vc_column width=&#8221;1\/4&#8243;][vc_video link=&#8221;https:\/\/youtu.be\/jJzrL7wyu-Y&#8221;][\/vc_column][\/mk_page_section]\n<\/div>","protected":false},"excerpt":{"rendered":"<p>[vc_row fullwidth=&#8221;true&#8221;][vc_column][mk_page_title_box page_title=&#8221;ARXIUS MULTIM\u00c8DIA&#8221; section_height=&#8221;350&#8243; bg_image=&#8221;https:\/\/xativaturismo.com\/wp-content\/uploads\/2016\/01\/cabecera6-1.jpg&#8221; bg_position=&#8221;right bottom&#8221; overlay=&#8221;rgba(0,0,0,0.3)&#8221; bg_effects=&#8221;parallax&#8221; font_size=&#8221;42&#8243; font_color=&#8221;#dddddd&#8221; underline=&#8221;false&#8221;][\/vc_column][\/vc_row][mk_page_section visibility=&#8221;hidden-sm&#8221; sidebar=&#8221;sidebar-1&#8243;][vc_column][vc_custom_heading text=&#8221;FOTOGRAFIES EN ALTA RESOLUCI\u00d3&#8221; font_container=&#8221;tag:h2|text_align:left|color:%23d6d6d6&#8243; use_theme_fonts=&#8221;yes&#8221; css=&#8221;.vc_custom_1454982101837{padding-top: 30px !important;padding-bottom: 10px !important;}&#8221;][mk_gallery images=&#8221;10252,8232,8268,8264,8256&#8243; custom_links=&#8221;https:\/\/xativaturismo.com\/wp-content\/uploads\/2016\/03\/Felip-V.rar,https:\/\/xativaturismo.com\/wp-content\/uploads\/2016\/01\/Nocturna-22.rar,https:\/\/xativaturismo.com\/wp-content\/uploads\/2016\/01\/font.rar,https:\/\/xativaturismo.com\/wp-content\/uploads\/2016\/01\/corpus.rar,https:\/\/xativaturismo.com\/wp-content\/uploads\/2016\/01\/trinitat.rar&#8221; style=&#8221;style2&#8243; margin_bottom=&#8221;0&#8243; [&hellip;]<\/p>\n","protected":false},"author":10,"featured_media":8956,"parent":0,"menu_order":0,"comment_status":"closed","ping_status":"closed","template":"","meta":{"_price":"","_stock":"","_tribe_ticket_header":"","_tribe_default_ticket_provider":"","_ticket_start_date":"","_ticket_end_date":"","_tribe_ticket_show_description":"","_tribe_ticket_show_not_going":false,"_tribe_ticket_use_global_stock":"","_tribe_ticket_global_stock_level":"","_global_stock_mode":"","_global_stock_cap":"","_tribe_rsvp_for_event":"","_tribe_ticket_going_count":"","_tribe_ticket_not_going_count":"","_tribe_tickets_list":"[]","_tribe_ticket_has_attendee_info_fields":false,"footnotes":""},"class_list":["post-9359","page","type-page","status-publish","has-post-thumbnail","hentry"],"yoast_head":"<!-- This site is optimized with the Yoast SEO plugin v27.0 - https:\/\/yoast.com\/product\/yoast-seo-wordpress\/ -->\n<title>Multim\u00e8dia - X\u00e0tiva Turisme<\/title>\n<meta name=\"description\" content=\"Descarrega imatges de X\u00e0tiva en alta resoluci\u00f3. V\u00eddeos tem\u00e0tics. V\u00eddeo Timelapse\" \/>\n<meta name=\"robots\" content=\"index, follow, max-snippet:-1, max-image-preview:large, max-video-preview:-1\" \/>\n<link rel=\"canonical\" href=\"https:\/\/xativaturismo.com\/val\/multimedia\/\" \/>\n<meta property=\"og:locale\" content=\"ca_ES\" \/>\n<meta property=\"og:type\" content=\"article\" \/>\n<meta property=\"og:title\" content=\"Multim\u00e8dia - X\u00e0tiva Turisme\" \/>\n<meta property=\"og:description\" content=\"Descarrega imatges de X\u00e0tiva en alta resoluci\u00f3. V\u00eddeos tem\u00e0tics. v\u00eddeo Timelapse\" \/>\n<meta property=\"og:url\" content=\"https:\/\/xativaturismo.com\/val\/multimedia\/\" \/>\n<meta property=\"og:site_name\" content=\"X\u00e0tiva Turismo\" \/>\n<meta property=\"article:publisher\" content=\"https:\/\/www.facebook.com\/XativaTurisme\" \/>\n<meta property=\"article:modified_time\" content=\"2016-03-18T12:37:32+00:00\" \/>\n<meta property=\"og:image\" content=\"https:\/\/xativaturismo.com\/wp-content\/uploads\/2016\/01\/nocturnas-22-1.jpg\" \/>\n\t<meta property=\"og:image:width\" content=\"846\" \/>\n\t<meta property=\"og:image:height\" content=\"480\" \/>\n\t<meta property=\"og:image:type\" content=\"image\/jpeg\" \/>\n<meta name=\"twitter:card\" content=\"summary_large_image\" \/>\n<meta name=\"twitter:title\" content=\"Multim\u00e8dia - X\u00e0tiva Turisme\" \/>\n<meta name=\"twitter:description\" content=\"Descarrega imatges de X\u00e0tiva en alta resoluci\u00f3. V\u00eddeos tem\u00e0tics. v\u00eddeo Timelapse\" \/>\n<meta name=\"twitter:image\" content=\"https:\/\/xativaturismo.com\/wp-content\/uploads\/2016\/01\/nocturnas-22-1.jpg\" \/>\n<meta name=\"twitter:site\" content=\"@XativaTurisme\" \/>\n<meta name=\"twitter:label1\" content=\"Est. reading time\" \/>\n\t<meta name=\"twitter:data1\" content=\"2 minutes\" \/>\n<script type=\"application\/ld+json\" class=\"yoast-schema-graph\">{\"@context\":\"https:\/\/schema.org\",\"@graph\":[{\"@type\":\"WebPage\",\"@id\":\"https:\/\/xativaturismo.com\/val\/multimedia\/\",\"url\":\"https:\/\/xativaturismo.com\/val\/multimedia\/\",\"name\":\"Multim\u00e8dia - X\u00e0tiva Turisme\",\"isPartOf\":{\"@id\":\"https:\/\/xativaturismo.com\/#website\"},\"primaryImageOfPage\":{\"@id\":\"https:\/\/xativaturismo.com\/val\/multimedia\/#primaryimage\"},\"image\":{\"@id\":\"https:\/\/xativaturismo.com\/val\/multimedia\/#primaryimage\"},\"thumbnailUrl\":\"https:\/\/xativaturismo.com\/wp-content\/uploads\/2016\/01\/nocturnas-22-1.jpg\",\"datePublished\":\"2016-01-20T08:02:34+00:00\",\"dateModified\":\"2016-03-18T12:37:32+00:00\",\"description\":\"Descarrega imatges de X\u00e0tiva en alta resoluci\u00f3. V\u00eddeos tem\u00e0tics. V\u00eddeo Timelapse\",\"breadcrumb\":{\"@id\":\"https:\/\/xativaturismo.com\/val\/multimedia\/#breadcrumb\"},\"inLanguage\":\"ca\",\"potentialAction\":[{\"@type\":\"ReadAction\",\"target\":[\"https:\/\/xativaturismo.com\/val\/multimedia\/\"]}]},{\"@type\":\"ImageObject\",\"inLanguage\":\"ca\",\"@id\":\"https:\/\/xativaturismo.com\/val\/multimedia\/#primaryimage\",\"url\":\"https:\/\/xativaturismo.com\/wp-content\/uploads\/2016\/01\/nocturnas-22-1.jpg\",\"contentUrl\":\"https:\/\/xativaturismo.com\/wp-content\/uploads\/2016\/01\/nocturnas-22-1.jpg\",\"width\":846,\"height\":480,\"caption\":\"multim\u00e8dia\"},{\"@type\":\"BreadcrumbList\",\"@id\":\"https:\/\/xativaturismo.com\/val\/multimedia\/#breadcrumb\",\"itemListElement\":[{\"@type\":\"ListItem\",\"position\":1,\"name\":\"Portada\",\"item\":\"https:\/\/xativaturismo.com\/val\/inicio-copy-2\/\"},{\"@type\":\"ListItem\",\"position\":2,\"name\":\"Multim\u00e8dia\"}]},{\"@type\":\"WebSite\",\"@id\":\"https:\/\/xativaturismo.com\/#website\",\"url\":\"https:\/\/xativaturismo.com\/\",\"name\":\"X\u00e0tiva Turismo\",\"description\":\"Bienvenidos a la oficina de Turismo de X\u00e0tiva\",\"publisher\":{\"@id\":\"https:\/\/xativaturismo.com\/#organization\"},\"potentialAction\":[{\"@type\":\"SearchAction\",\"target\":{\"@type\":\"EntryPoint\",\"urlTemplate\":\"https:\/\/xativaturismo.com\/?s={search_term_string}\"},\"query-input\":{\"@type\":\"PropertyValueSpecification\",\"valueRequired\":true,\"valueName\":\"search_term_string\"}}],\"inLanguage\":\"ca\"},{\"@type\":\"Organization\",\"@id\":\"https:\/\/xativaturismo.com\/#organization\",\"name\":\"X\u00e0tiva Turismo\",\"url\":\"https:\/\/xativaturismo.com\/\",\"logo\":{\"@type\":\"ImageObject\",\"inLanguage\":\"ca\",\"@id\":\"https:\/\/xativaturismo.com\/#\/schema\/logo\/image\/\",\"url\":\"https:\/\/xativaturismo.com\/wp-content\/uploads\/2020\/10\/logo-lila512-2.png\",\"contentUrl\":\"https:\/\/xativaturismo.com\/wp-content\/uploads\/2020\/10\/logo-lila512-2.png\",\"width\":445,\"height\":512,\"caption\":\"X\u00e0tiva Turismo\"},\"image\":{\"@id\":\"https:\/\/xativaturismo.com\/#\/schema\/logo\/image\/\"},\"sameAs\":[\"https:\/\/www.facebook.com\/XativaTurisme\",\"https:\/\/x.com\/XativaTurisme\"]}]}<\/script>\n<!-- \/ Yoast SEO plugin. -->","yoast_head_json":{"title":"Multim\u00e8dia - X\u00e0tiva Turisme","description":"Descarrega imatges de X\u00e0tiva en alta resoluci\u00f3. V\u00eddeos tem\u00e0tics. V\u00eddeo Timelapse","robots":{"index":"index","follow":"follow","max-snippet":"max-snippet:-1","max-image-preview":"max-image-preview:large","max-video-preview":"max-video-preview:-1"},"canonical":"https:\/\/xativaturismo.com\/val\/multimedia\/","og_locale":"ca_ES","og_type":"article","og_title":"Multim\u00e8dia - X\u00e0tiva Turisme","og_description":"Descarrega imatges de X\u00e0tiva en alta resoluci\u00f3. V\u00eddeos tem\u00e0tics. v\u00eddeo Timelapse","og_url":"https:\/\/xativaturismo.com\/val\/multimedia\/","og_site_name":"X\u00e0tiva Turismo","article_publisher":"https:\/\/www.facebook.com\/XativaTurisme","article_modified_time":"2016-03-18T12:37:32+00:00","og_image":[{"width":846,"height":480,"url":"https:\/\/xativaturismo.com\/wp-content\/uploads\/2016\/01\/nocturnas-22-1.jpg","type":"image\/jpeg"}],"twitter_card":"summary_large_image","twitter_title":"Multim\u00e8dia - X\u00e0tiva Turisme","twitter_description":"Descarrega imatges de X\u00e0tiva en alta resoluci\u00f3. V\u00eddeos tem\u00e0tics. v\u00eddeo Timelapse","twitter_image":"https:\/\/xativaturismo.com\/wp-content\/uploads\/2016\/01\/nocturnas-22-1.jpg","twitter_site":"@XativaTurisme","twitter_misc":{"Est. reading time":"2 minutes"},"schema":{"@context":"https:\/\/schema.org","@graph":[{"@type":"WebPage","@id":"https:\/\/xativaturismo.com\/val\/multimedia\/","url":"https:\/\/xativaturismo.com\/val\/multimedia\/","name":"Multim\u00e8dia - X\u00e0tiva Turisme","isPartOf":{"@id":"https:\/\/xativaturismo.com\/#website"},"primaryImageOfPage":{"@id":"https:\/\/xativaturismo.com\/val\/multimedia\/#primaryimage"},"image":{"@id":"https:\/\/xativaturismo.com\/val\/multimedia\/#primaryimage"},"thumbnailUrl":"https:\/\/xativaturismo.com\/wp-content\/uploads\/2016\/01\/nocturnas-22-1.jpg","datePublished":"2016-01-20T08:02:34+00:00","dateModified":"2016-03-18T12:37:32+00:00","description":"Descarrega imatges de X\u00e0tiva en alta resoluci\u00f3. V\u00eddeos tem\u00e0tics. V\u00eddeo Timelapse","breadcrumb":{"@id":"https:\/\/xativaturismo.com\/val\/multimedia\/#breadcrumb"},"inLanguage":"ca","potentialAction":[{"@type":"ReadAction","target":["https:\/\/xativaturismo.com\/val\/multimedia\/"]}]},{"@type":"ImageObject","inLanguage":"ca","@id":"https:\/\/xativaturismo.com\/val\/multimedia\/#primaryimage","url":"https:\/\/xativaturismo.com\/wp-content\/uploads\/2016\/01\/nocturnas-22-1.jpg","contentUrl":"https:\/\/xativaturismo.com\/wp-content\/uploads\/2016\/01\/nocturnas-22-1.jpg","width":846,"height":480,"caption":"multim\u00e8dia"},{"@type":"BreadcrumbList","@id":"https:\/\/xativaturismo.com\/val\/multimedia\/#breadcrumb","itemListElement":[{"@type":"ListItem","position":1,"name":"Portada","item":"https:\/\/xativaturismo.com\/val\/inicio-copy-2\/"},{"@type":"ListItem","position":2,"name":"Multim\u00e8dia"}]},{"@type":"WebSite","@id":"https:\/\/xativaturismo.com\/#website","url":"https:\/\/xativaturismo.com\/","name":"X\u00e0tiva Turismo","description":"Bienvenidos a la oficina de Turismo de X\u00e0tiva","publisher":{"@id":"https:\/\/xativaturismo.com\/#organization"},"potentialAction":[{"@type":"SearchAction","target":{"@type":"EntryPoint","urlTemplate":"https:\/\/xativaturismo.com\/?s={search_term_string}"},"query-input":{"@type":"PropertyValueSpecification","valueRequired":true,"valueName":"search_term_string"}}],"inLanguage":"ca"},{"@type":"Organization","@id":"https:\/\/xativaturismo.com\/#organization","name":"X\u00e0tiva Turismo","url":"https:\/\/xativaturismo.com\/","logo":{"@type":"ImageObject","inLanguage":"ca","@id":"https:\/\/xativaturismo.com\/#\/schema\/logo\/image\/","url":"https:\/\/xativaturismo.com\/wp-content\/uploads\/2020\/10\/logo-lila512-2.png","contentUrl":"https:\/\/xativaturismo.com\/wp-content\/uploads\/2020\/10\/logo-lila512-2.png","width":445,"height":512,"caption":"X\u00e0tiva Turismo"},"image":{"@id":"https:\/\/xativaturismo.com\/#\/schema\/logo\/image\/"},"sameAs":["https:\/\/www.facebook.com\/XativaTurisme","https:\/\/x.com\/XativaTurisme"]}]}},"_links":{"self":[{"href":"https:\/\/xativaturismo.com\/val\/wp-json\/wp\/v2\/pages\/9359","targetHints":{"allow":["GET"]}}],"collection":[{"href":"https:\/\/xativaturismo.com\/val\/wp-json\/wp\/v2\/pages"}],"about":[{"href":"https:\/\/xativaturismo.com\/val\/wp-json\/wp\/v2\/types\/page"}],"author":[{"embeddable":true,"href":"https:\/\/xativaturismo.com\/val\/wp-json\/wp\/v2\/users\/10"}],"replies":[{"embeddable":true,"href":"https:\/\/xativaturismo.com\/val\/wp-json\/wp\/v2\/comments?post=9359"}],"version-history":[{"count":0,"href":"https:\/\/xativaturismo.com\/val\/wp-json\/wp\/v2\/pages\/9359\/revisions"}],"wp:featuredmedia":[{"embeddable":true,"href":"https:\/\/xativaturismo.com\/val\/wp-json\/wp\/v2\/media\/8956"}],"wp:attachment":[{"href":"https:\/\/xativaturismo.com\/val\/wp-json\/wp\/v2\/media?parent=9359"}],"curies":[{"name":"wp","href":"https:\/\/api.w.org\/{rel}","templated":true}]}}