{"id":9353,"date":"2016-01-18T00:19:46","date_gmt":"2016-01-18T00:19:46","guid":{"rendered":"https:\/\/xativaturismo.com\/val\/mas-informacion-sobre-las-cookies\/"},"modified":"2016-03-09T08:40:27","modified_gmt":"2016-03-09T08:40:27","slug":"mes-informacio-sobre-les-cookies","status":"publish","type":"page","link":"https:\/\/xativaturismo.com\/val\/mes-informacio-sobre-les-cookies\/","title":{"rendered":"M\u00e9s informaci\u00f3 sobre les Cookies"},"content":{"rendered":"[mk_page_section bg_image=&#8221;https:\/\/xativaturismo.com\/wp-content\/uploads\/2015\/12\/15.png&#8221; padding_top=&#8221;60&#8243; padding_bottom=&#8221;30&#8243; el_class=&#8221;cookies&#8221; sidebar=&#8221;sidebar-1&#8243;][vc_column][vc_column_text]\n<h3><span style=\"font-weight: 400;\">Qu\u00e8 \u00e9s una<\/span><i><span style=\"font-weight: 400;\"> cookie<\/span><\/i><span style=\"font-weight: 400;\">?<\/span><\/h3>\n<p><span style=\"font-weight: 400;\">Una<\/span><i><span style=\"font-weight: 400;\"> cookie<\/span><\/i><span style=\"font-weight: 400;\"> \u00e9s un fitxer de text inofensiu que s&#8217;emmagatzema en el seu navegador quan visita quasi qualsevol p\u00e0gina web. La utilitat de la<\/span><i><span style=\"font-weight: 400;\"> cookie<\/span><\/i><span style=\"font-weight: 400;\"> \u00e9s que la web siga capa\u00e7 de recordar la seua visita quan torne a navegar per aqueixa p\u00e0gina. Encara que molta gent no ho sap les<\/span><i><span style=\"font-weight: 400;\"> cookies<\/span><\/i><span style=\"font-weight: 400;\"> es porten utilitzant des de fa 20 anys, quan van apar\u00e8ixer els primers navegadors per a la<\/span><i><span style=\"font-weight: 400;\"> World Wide Web<\/span><\/i>.<\/p>\n<h3><span style=\"font-weight: 400;\">Qu\u00e8 NO \u00c9S una<\/span><i><span style=\"font-weight: 400;\"> cookie<\/span><\/i><span style=\"font-weight: 400;\">?<\/span><\/h3>\n<p><span style=\"font-weight: 400;\">No \u00e9s un virus, ni un troi\u00e0, ni un cuc, ni<\/span><i><span style=\"font-weight: 400;\"> spam<\/span><\/i><span style=\"font-weight: 400;\">, ni<\/span><i><span style=\"font-weight: 400;\"> spyware<\/span><\/i><span style=\"font-weight: 400;\">, ni obri finestres<\/span><i><span style=\"font-weight: 400;\"> pop-up<\/span><\/i>.<\/p>\n<h3><span style=\"font-weight: 400;\">Quina informaci\u00f3 emmagatzema una<\/span><i><span style=\"font-weight: 400;\"> cookie<\/span><\/i><span style=\"font-weight: 400;\">?<\/span><span style=\"font-weight: 400;\"><br \/>\n<\/span><\/h3>\n<p><span style=\"line-height: 1.5;\"><span style=\"font-weight: 400;\">Les<\/span><i><span style=\"font-weight: 400;\"> cookies<\/span><\/i><span style=\"font-weight: 400;\"> no solen emmagatzemar informaci\u00f3 sensible sobre vost\u00e8, com a targetes de cr\u00e8dit o dades banc\u00e0ries, fotografies, el seu DNI o informaci\u00f3 personal, etc. Les dades que guarden s\u00f3n de car\u00e0cter t\u00e8cnic, prefer\u00e8ncies personals, personalitzaci\u00f3 de continguts, etc.<\/span><span style=\"font-weight: 400;\"><br \/>\n<\/span><span style=\"font-weight: 400;\"><br \/>\n<\/span><span style=\"font-weight: 400;\">El servidor web no li associa a vost\u00e8 com a persona sin\u00f3 al seu navegador web. De fet, si vost\u00e8 navega habitualment amb Internet Explorer i prova a navegar per la mateixa web amb Firefox o Chrome veur\u00e0 que la web no s&#8217;adona que \u00e9s vost\u00e8 la mateixa persona perqu\u00e8 en realitat est\u00e0 associant al navegador, no a la persona<\/span>.<\/span><\/p>\n<h3><span style=\"font-weight: 400;\">Quin tipus de<\/span><i><span style=\"font-weight: 400;\"> cookies<\/span><\/i><span style=\"font-weight: 400;\"> existeixen?<\/span><\/h3>\n<ul>\n<li><i><span style=\"font-weight: 400;\">Cookies<\/span><\/i><span style=\"font-weight: 400;\"> t\u00e8cniques: S\u00f3n les m\u00e9s elementals i permeten, entre altres coses, saber quan est\u00e0 navegant un hum\u00e0 o una aplicaci\u00f3 automatitzada, quan navega un usuari an\u00f2nim i un registrat, tasques b\u00e0siques per al funcionament de qualsevol web din\u00e0mica.<\/span><\/li>\n<li><i><span style=\"font-weight: 400;\">Cookies<\/span><\/i><span style=\"font-weight: 400;\"> d&#8217;an\u00e0lisi: Arrepleguen informaci\u00f3 sobre el tipus de navegaci\u00f3 que est\u00e0 realitzant, les seccions que m\u00e9s utilitza, productes consultats, franja hor\u00e0ria d&#8217;\u00fas, idioma, etc.<\/span><\/li>\n<li><i><span style=\"font-weight: 400;\">Cookies<\/span><\/i><span style=\"font-weight: 400;\"> publicit\u00e0ries: Mostren publicitat en funci\u00f3 de la seua navegaci\u00f3, el seu pa\u00eds de proced\u00e8ncia, idioma, etc.<\/span><span style=\"font-weight: 400;\"><br \/>\n<\/span><\/li>\n<\/ul>\n<h3><span style=\"font-weight: 400;\">Qu\u00e8 s\u00f3n les<\/span><i><span style=\"font-weight: 400;\"> cookies<\/span><\/i><span style=\"font-weight: 400;\"> pr\u00f2pies i les de tercers?<\/span><span style=\"font-weight: 400;\"><br \/>\n<\/span><\/h3>\n<p><span style=\"font-weight: 400;\">Les<\/span><i><span style=\"font-weight: 400;\"> cookies<\/span><\/i><span style=\"font-weight: 400;\"> pr\u00f2pies s\u00f3n les generades per la p\u00e0gina que est\u00e0 visitant i les de tercers s\u00f3n les generades per serveis o prove\u00efdors externs com Facebook, Twitter, Google, etc.<\/span><span style=\"font-weight: 400;\"><br \/>\n<\/span><\/p>\n<h3><span style=\"font-weight: 400;\">Qu\u00e8 ocorre si desactive les<\/span><i><span style=\"font-weight: 400;\"> cookies<\/span><\/i><span style=\"font-weight: 400;\">?<\/span><span style=\"font-weight: 400;\"><br \/>\n<\/span><\/h3>\n<p><span style=\"font-weight: 400;\">Perqu\u00e8 entenga l&#8217;abast que pot tenir desactivar les<\/span><i><span style=\"font-weight: 400;\"> cookies<\/span><\/i><span style=\"font-weight: 400;\"> li anem a mostrar uns exemples:<\/span><\/p>\n<ul>\n<li><span style=\"font-weight: 400;\">No podr\u00e0 compartir continguts d&#8217;aqueixa web en Facebook, Twitter o qualsevol altra xarxa social.<\/span><\/li>\n<li><span style=\"font-weight: 400;\">El lloc web no podr\u00e0 adaptar els continguts a les seues prefer\u00e8ncies personals, com sol oc\u00f3rrer en les tendes online.<\/span><\/li>\n<li><span style=\"font-weight: 400;\">No podr\u00e0 accedir a l&#8217;\u00e0rea personal d&#8217;aqueixa web, com per exemple El meu compte, o El meu perfil o Les meues comandes.<\/span><\/li>\n<li><span style=\"font-weight: 400;\">Tendes online: Li ser\u00e0 impossible realitzar compres online, hauran de ser telef\u00f2niques o visitant la tenda f\u00edsica si \u00e9s que disposa d&#8217;ella.<\/span><\/li>\n<li><span style=\"font-weight: 400;\">No ser\u00e0 possible personalitzar les seues prefer\u00e8ncies geogr\u00e0fiques com a franja hor\u00e0ria, divisa o idioma.<\/span><\/li>\n<li><span style=\"font-weight: 400;\">El lloc web no podr\u00e0 realitzar anal\u00edtiques web sobre visitants i tr\u00e0fic en la web, la qual cosa dificultar\u00e0 que la web siga competitiva.<\/span><\/li>\n<li><span style=\"font-weight: 400;\">No podr\u00e0 escriure en el blog, no podr\u00e0 pujar fotos, publicar comentaris, valorar o puntuar continguts. La web tampoc podr\u00e0 saber si vost\u00e8 \u00e9s un hum\u00e0 o una aplicaci\u00f3 automatitzada que publica<\/span><i><span style=\"font-weight: 400;\"> spam<\/span><\/i><span style=\"font-weight: 400;\">.<\/span><\/li>\n<li><span style=\"font-weight: 400;\">No es podr\u00e0 mostrar publicitat sectorizada, la qual cosa reduir\u00e0 els ingressos publicitaris de la web.<\/span><\/li>\n<li><span style=\"font-weight: 400;\">Totes les xarxes socials usen<\/span><i><span style=\"font-weight: 400;\"> cookies<\/span><\/i><span style=\"font-weight: 400;\">, si les desactiva no podr\u00e0 utilitzar cap xarxa social.<\/span><span style=\"font-weight: 400;\"><br \/>\n<\/span><\/li>\n<\/ul>\n<h3><span style=\"font-weight: 400;\">Es poden eliminar les<\/span><i><span style=\"font-weight: 400;\"> cookies<\/span><\/i><span style=\"font-weight: 400;\">?<\/span><span style=\"font-weight: 400;\"><br \/>\n<\/span><\/h3>\n<p><span style=\"font-weight: 400;\">S\u00ed. No solament eliminar, tamb\u00e9 bloquejar, de forma general o particular per a un domini espec\u00edfic.<\/span><span style=\"font-weight: 400;\"><br \/>\n<\/span><span style=\"font-weight: 400;\"><br \/>\n<\/span><span style=\"font-weight: 400;\">Per a eliminar les<\/span><i><span style=\"font-weight: 400;\"> cookies<\/span><\/i><span style=\"font-weight: 400;\"> d&#8217;un lloc web ha d&#8217;anar a la configuraci\u00f3 del seu navegador i all\u00ed podr\u00e0 cercar les associades al domini en q\u00fcesti\u00f3 i procedir a la seua eliminaci\u00f3.<\/span><span style=\"font-weight: 400;\"><br \/>\n<\/span><\/p>\n<h3 id=\"navegadors\"><span style=\"font-weight: 400;\">Configuraci\u00f3 de<\/span><i><span style=\"font-weight: 400;\"> cookies<\/span><\/i><span style=\"font-weight: 400;\"> per als navegadors m\u00e9s populars<\/span><span style=\"font-weight: 400;\"><br \/>\n<\/span><\/h3>\n<p><span style=\"font-weight: 400;\">A continuaci\u00f3 li indiquem com accedir a una<\/span><i><span style=\"font-weight: 400;\"> cookie<\/span><\/i><span style=\"font-weight: 400;\"> determinada del navegador<\/span><b> Chrome<\/b><span style=\"font-weight: 400;\">. Nota: aquests passos poden variar en funci\u00f3 de la versi\u00f3 del navegador:<\/span><span style=\"font-weight: 400;\"><br \/>\n<\/span><\/p>\n<ol>\n<li><span style=\"font-weight: 400;\">Vaja a<\/span><i><span style=\"font-weight: 400;\"> Configuraci\u00f3<\/span><\/i><span style=\"font-weight: 400;\"> o<\/span><i><span style=\"font-weight: 400;\"> Prefer\u00e8ncies<\/span><\/i><span style=\"font-weight: 400;\"> mitjan\u00e7ant el men\u00fa Arxiu o b\u00e9 punxant la icona de personalitzaci\u00f3 que apareix a dalt a la dreta.<\/span><\/li>\n<li><span style=\"font-weight: 400;\">Veur\u00e0 diferents seccions, punxe l&#8217;opci\u00f3<\/span><i><span style=\"font-weight: 400;\"> Mostrar opcions avan\u00e7ades<\/span><\/i><span style=\"font-weight: 400;\">.<\/span><\/li>\n<li><span style=\"font-weight: 400;\">Vaja a<\/span><i><span style=\"font-weight: 400;\"> Privadesa<\/span><\/i><span style=\"font-weight: 400;\">,<\/span><i><span style=\"font-weight: 400;\"> Configuraci\u00f3 de contingut<\/span><\/i><span style=\"font-weight: 400;\">.<\/span><\/li>\n<li><span style=\"font-weight: 400;\">Seleccione<\/span><i><span style=\"font-weight: 400;\"> Totes les cookies<\/span><\/i><span style=\"font-weight: 400;\"> i les dades de llocs.<\/span><\/li>\n<li><span style=\"font-weight: 400;\">Apareixer\u00e0 un llistat amb totes les<\/span><i><span style=\"font-weight: 400;\"> cookies<\/span><\/i><span style=\"font-weight: 400;\"> ordenades per domini. Perqu\u00e8 li siga m\u00e9s f\u00e0cil trobar les<\/span><i><span style=\"font-weight: 400;\"> cookies<\/span><\/i><span style=\"font-weight: 400;\"> d&#8217;un determinat domini introdu\u00efsca parcial o totalment l&#8217;adre\u00e7a en el camp<\/span><i><span style=\"font-weight: 400;\"> Cercar cookies<\/span><\/i><span style=\"font-weight: 400;\">.<\/span><\/li>\n<li><span style=\"font-weight: 400;\">Despr\u00e9s de realitzar aquest filtre apareixeran en pantalla una o diverses l\u00ednies amb les<\/span><i><span style=\"font-weight: 400;\"> cookies<\/span><\/i><span style=\"font-weight: 400;\"> de la web sol\u00b7licitada. Ara nom\u00e9s ha de seleccionar-la i pr\u00e9mer la X per a procedir a la seua eliminaci\u00f3.<\/span><span style=\"font-weight: 400;\"><br \/>\n<\/span><\/li>\n<\/ol>\n<p><span style=\"font-weight: 400;\">Per a accedir a la configuraci\u00f3 de<\/span><i><span style=\"font-weight: 400;\"> cookies<\/span><\/i><span style=\"font-weight: 400;\"> del navegador<\/span><i><span style=\"font-weight: 400;\"> Internet Explorer<\/span><\/i><span style=\"font-weight: 400;\"> seguisca aquests passos (poden variar en funci\u00f3 de la versi\u00f3 del navegador):<\/span><span style=\"font-weight: 400;\"><br \/>\n<\/span><\/p>\n<ol>\n<li><span style=\"font-weight: 400;\">Vaja a<\/span><i><span style=\"font-weight: 400;\"> Eines<\/span><\/i><span style=\"font-weight: 400;\">,<\/span><i><span style=\"font-weight: 400;\"> Opcions d&#8217;Internet.<\/span><\/i><\/li>\n<li><span style=\"font-weight: 400;\">Fa\u00e7a clic en<\/span><i><span style=\"font-weight: 400;\"> Privadesa<\/span><\/i><span style=\"font-weight: 400;\">.<\/span><\/li>\n<li><span style=\"font-weight: 400;\">Moga la barra lliscant fins a ajustar el nivell de privadesa que desitge.<\/span><\/li>\n<\/ol>\n<p><span style=\"font-weight: 400;\">Per a accedir a la configuraci\u00f3 de<\/span><i><span style=\"font-weight: 400;\"> cookies<\/span><\/i><span style=\"font-weight: 400;\"> del navegador<\/span><b> Firefox<\/b><span style=\"font-weight: 400;\"> seguisca aquests passos (poden variar en funci\u00f3 de la versi\u00f3 del navegador):<\/span><span style=\"font-weight: 400;\"><br \/>\n<\/span><\/p>\n<ol>\n<li><span style=\"font-weight: 400;\">Vaja a<\/span><i><span style=\"font-weight: 400;\"> Opcions<\/span><\/i><span style=\"font-weight: 400;\"> o<\/span><i><span style=\"font-weight: 400;\"> Prefer\u00e8ncies<\/span><\/i><span style=\"font-weight: 400;\"> segons el seu sistema operatiu.<\/span><\/li>\n<li><span style=\"font-weight: 400;\">Fa\u00e7a clic en<\/span><i><span style=\"font-weight: 400;\"> Privadesa<\/span><\/i><span style=\"font-weight: 400;\">.<\/span><\/li>\n<li><span style=\"font-weight: 400;\">En<\/span><i><span style=\"font-weight: 400;\"> Historial<\/span><\/i><span style=\"font-weight: 400;\"> trie<\/span><i><span style=\"font-weight: 400;\"> Usar una configuraci\u00f3 personalitzada per a l&#8217;historial<\/span><\/i><span style=\"font-weight: 400;\">.<\/span><\/li>\n<li><span style=\"font-weight: 400;\">Ara veur\u00e0 l&#8217;opci\u00f3<\/span><i><span style=\"font-weight: 400;\"> Acceptar cookies<\/span><\/i><span style=\"font-weight: 400;\">, pot activar-la o desactivar-la segons les seues prefer\u00e8ncies.<\/span><span style=\"font-weight: 400;\"><br \/>\n<\/span><\/li>\n<\/ol>\n<p><span style=\"font-weight: 400;\">Per a accedir a la configuraci\u00f3 de<\/span><i><span style=\"font-weight: 400;\"> cookies<\/span><\/i><span style=\"font-weight: 400;\"> del navegador<\/span><b> Safari<\/b><span style=\"font-weight: 400;\"> per a OSX seguisca aquests passos (poden variar en funci\u00f3 de la versi\u00f3 del navegador):<\/span><span style=\"font-weight: 400;\"><br \/>\n<\/span><\/p>\n<ol>\n<li><span style=\"font-weight: 400;\">Vaja a<\/span><i><span style=\"font-weight: 400;\"> Prefer\u00e8ncies<\/span><\/i><span style=\"font-weight: 400;\">, despr\u00e9s<\/span><i><span style=\"font-weight: 400;\"> Privadesa<\/span><\/i><span style=\"font-weight: 400;\">.<\/span><\/li>\n<li><span style=\"font-weight: 400;\">En aquest lloc veur\u00e0 l&#8217;opci\u00f3<\/span><i><span style=\"font-weight: 400;\"> Bloquejar cookies<\/span><\/i><span style=\"font-weight: 400;\"> perqu\u00e8 ajuste el tipus de bloqueig que desitja realitzar.<\/span><span style=\"font-weight: 400;\"><br \/>\n<\/span><\/li>\n<\/ol>\n<p><span style=\"font-weight: 400;\">Per a accedir a la configuraci\u00f3 de<\/span><i><span style=\"font-weight: 400;\"> cookies<\/span><\/i><span style=\"font-weight: 400;\"> del navegador<\/span><b> Safari<\/b><span style=\"font-weight: 400;\"> per a iOS seguisca aquests passos (poden variar en funci\u00f3 de la versi\u00f3 del navegador):<\/span><span style=\"font-weight: 400;\"><br \/>\n<\/span><\/p>\n<ol>\n<li><span style=\"font-weight: 400;\">Vaja a<\/span><i><span style=\"font-weight: 400;\"> Ajustos<\/span><\/i><span style=\"font-weight: 400;\">, despr\u00e9s Safari.<\/span><\/li>\n<li><span style=\"font-weight: 400;\">Vaja a<\/span><i><span style=\"font-weight: 400;\"> Privadesa i Seguretat<\/span><\/i><span style=\"font-weight: 400;\">, veur\u00e0 l&#8217;opci\u00f3<\/span><i><span style=\"font-weight: 400;\"> Bloquejar cookies<\/span><\/i><span style=\"font-weight: 400;\"> perqu\u00e8 ajuste el tipus de bloqueig que desitja realitzar.<\/span><span style=\"font-weight: 400;\"><br \/>\n<\/span><\/li>\n<\/ol>\n<p><span style=\"font-weight: 400;\">Per a accedir a la configuraci\u00f3 de<\/span><i><span style=\"font-weight: 400;\"> cookies<\/span><\/i><span style=\"font-weight: 400;\"> del navegador per a dispositius<\/span><b> Android<\/b><span style=\"font-weight: 400;\"> seguisca aquests passos (poden variar en funci\u00f3 de la versi\u00f3 del navegador):<\/span><\/p>\n<ol>\n<li><span style=\"font-weight: 400;\">Execute el navegador i prema la tecla<\/span><i><span style=\"font-weight: 400;\"> Men\u00fa<\/span><\/i><span style=\"font-weight: 400;\">, despr\u00e9s<\/span><i><span style=\"font-weight: 400;\"> Ajustos<\/span><\/i><span style=\"font-weight: 400;\">.<\/span><\/li>\n<li><span style=\"font-weight: 400;\">Vaja a<\/span><i><span style=\"font-weight: 400;\"> Seguretat i Privadesa<\/span><\/i><span style=\"font-weight: 400;\">, veur\u00e0 l&#8217;opci\u00f3<\/span><i><span style=\"font-weight: 400;\"> Acceptar cookies<\/span><\/i><span style=\"font-weight: 400;\"> perqu\u00e8 active o desactive la casella.<\/span><span style=\"font-weight: 400;\"><br \/>\n<\/span><\/li>\n<\/ol>\n<p><span style=\"font-weight: 400;\">Per a accedir a la configuraci\u00f3 de<\/span><i><span style=\"font-weight: 400;\"> cookies<\/span><\/i><span style=\"font-weight: 400;\"> del navegador per a dispositius<\/span><b> Windows Phone<\/b><span style=\"font-weight: 400;\"> seguisca aquests passos (poden variar en funci\u00f3 de la versi\u00f3 del navegador):<\/span><span style=\"font-weight: 400;\"><br \/>\n<\/span><\/p>\n<ol>\n<li>\u00d2briga Internet Explorer, despr\u00e9s M\u00e9s, despr\u00e9s Configuraci\u00f3<\/li>\n<li>Ara pot activar o desactivar la casella Permetre cookies.<\/li>\n<\/ol>\n[\/vc_column_text][\/vc_column][\/mk_page_section]\n","protected":false},"excerpt":{"rendered":"<p>[mk_page_section bg_image=&#8221;https:\/\/xativaturismo.com\/wp-content\/uploads\/2015\/12\/15.png&#8221; padding_top=&#8221;60&#8243; padding_bottom=&#8221;30&#8243; el_class=&#8221;cookies&#8221; sidebar=&#8221;sidebar-1&#8243;][vc_column][vc_column_text] Qu\u00e8 \u00e9s una cookie? Una cookie \u00e9s un fitxer de text inofensiu que s&#8217;emmagatzema en el seu navegador quan visita quasi qualsevol p\u00e0gina web. [&hellip;]<\/p>\n","protected":false},"author":10,"featured_media":0,"parent":0,"menu_order":0,"comment_status":"closed","ping_status":"closed","template":"","meta":{"_price":"","_stock":"","_tribe_ticket_header":"","_tribe_default_ticket_provider":"","_ticket_start_date":"","_ticket_end_date":"","_tribe_ticket_show_description":"","_tribe_ticket_show_not_going":false,"_tribe_ticket_use_global_stock":"","_tribe_ticket_global_stock_level":"","_global_stock_mode":"","_global_stock_cap":"","_tribe_rsvp_for_event":"","_tribe_ticket_going_count":"","_tribe_ticket_not_going_count":"","_tribe_tickets_list":"[]","_tribe_ticket_has_attendee_info_fields":false,"footnotes":""},"class_list":["post-9353","page","type-page","status-publish","hentry"],"yoast_head":"<!-- This site is optimized with the Yoast SEO plugin v27.0 - https:\/\/yoast.com\/product\/yoast-seo-wordpress\/ -->\n<title>M\u00e9s informaci\u00f3 sobre les Cookies - X\u00e0tiva Turismo<\/title>\n<meta name=\"robots\" content=\"noindex, nofollow\" \/>\n<meta property=\"og:locale\" content=\"ca_ES\" \/>\n<meta property=\"og:type\" content=\"article\" \/>\n<meta property=\"og:title\" content=\"M\u00e9s informaci\u00f3 sobre les Cookies - X\u00e0tiva Turismo\" \/>\n<meta property=\"og:description\" content=\"[mk_page_section bg_image=&#8221;https:\/\/xativaturismo.com\/wp-content\/uploads\/2015\/12\/15.png&#8221; padding_top=&#8221;60&#8243; padding_bottom=&#8221;30&#8243; el_class=&#8221;cookies&#8221; sidebar=&#8221;sidebar-1&#8243;][vc_column][vc_column_text] Qu\u00e8 \u00e9s una cookie? Una cookie \u00e9s un fitxer de text inofensiu que s&#8217;emmagatzema en el seu navegador quan visita quasi qualsevol p\u00e0gina web. [&hellip;]\" \/>\n<meta property=\"og:url\" content=\"https:\/\/xativaturismo.com\/val\/mes-informacio-sobre-les-cookies\/\" \/>\n<meta property=\"og:site_name\" content=\"X\u00e0tiva Turismo\" \/>\n<meta property=\"article:publisher\" content=\"https:\/\/www.facebook.com\/XativaTurisme\" \/>\n<meta property=\"article:modified_time\" content=\"2016-03-09T08:40:27+00:00\" \/>\n<meta property=\"og:image\" content=\"https:\/\/xativaturismo.com\/wp-content\/uploads\/2016\/01\/castell-menor-8.jpg\" \/>\n\t<meta property=\"og:image:width\" content=\"846\" \/>\n\t<meta property=\"og:image:height\" content=\"480\" \/>\n\t<meta property=\"og:image:type\" content=\"image\/jpeg\" \/>\n<meta name=\"twitter:card\" content=\"summary_large_image\" \/>\n<meta name=\"twitter:site\" content=\"@XativaTurisme\" \/>\n<meta name=\"twitter:label1\" content=\"Est. reading time\" \/>\n\t<meta name=\"twitter:data1\" content=\"6 minutes\" \/>\n<script type=\"application\/ld+json\" class=\"yoast-schema-graph\">{\"@context\":\"https:\/\/schema.org\",\"@graph\":[{\"@type\":\"WebPage\",\"@id\":\"https:\/\/xativaturismo.com\/val\/mes-informacio-sobre-les-cookies\/\",\"url\":\"https:\/\/xativaturismo.com\/val\/mes-informacio-sobre-les-cookies\/\",\"name\":\"M\u00e9s informaci\u00f3 sobre les Cookies - X\u00e0tiva Turismo\",\"isPartOf\":{\"@id\":\"https:\/\/xativaturismo.com\/#website\"},\"datePublished\":\"2016-01-18T00:19:46+00:00\",\"dateModified\":\"2016-03-09T08:40:27+00:00\",\"breadcrumb\":{\"@id\":\"https:\/\/xativaturismo.com\/val\/mes-informacio-sobre-les-cookies\/#breadcrumb\"},\"inLanguage\":\"ca\",\"potentialAction\":[{\"@type\":\"ReadAction\",\"target\":[\"https:\/\/xativaturismo.com\/val\/mes-informacio-sobre-les-cookies\/\"]}]},{\"@type\":\"BreadcrumbList\",\"@id\":\"https:\/\/xativaturismo.com\/val\/mes-informacio-sobre-les-cookies\/#breadcrumb\",\"itemListElement\":[{\"@type\":\"ListItem\",\"position\":1,\"name\":\"Portada\",\"item\":\"https:\/\/xativaturismo.com\/val\/inicio-copy-2\/\"},{\"@type\":\"ListItem\",\"position\":2,\"name\":\"M\u00e9s informaci\u00f3 sobre les Cookies\"}]},{\"@type\":\"WebSite\",\"@id\":\"https:\/\/xativaturismo.com\/#website\",\"url\":\"https:\/\/xativaturismo.com\/\",\"name\":\"X\u00e0tiva Turismo\",\"description\":\"Bienvenidos a la oficina de Turismo de X\u00e0tiva\",\"publisher\":{\"@id\":\"https:\/\/xativaturismo.com\/#organization\"},\"potentialAction\":[{\"@type\":\"SearchAction\",\"target\":{\"@type\":\"EntryPoint\",\"urlTemplate\":\"https:\/\/xativaturismo.com\/?s={search_term_string}\"},\"query-input\":{\"@type\":\"PropertyValueSpecification\",\"valueRequired\":true,\"valueName\":\"search_term_string\"}}],\"inLanguage\":\"ca\"},{\"@type\":\"Organization\",\"@id\":\"https:\/\/xativaturismo.com\/#organization\",\"name\":\"X\u00e0tiva Turismo\",\"url\":\"https:\/\/xativaturismo.com\/\",\"logo\":{\"@type\":\"ImageObject\",\"inLanguage\":\"ca\",\"@id\":\"https:\/\/xativaturismo.com\/#\/schema\/logo\/image\/\",\"url\":\"https:\/\/xativaturismo.com\/wp-content\/uploads\/2020\/10\/logo-lila512-2.png\",\"contentUrl\":\"https:\/\/xativaturismo.com\/wp-content\/uploads\/2020\/10\/logo-lila512-2.png\",\"width\":445,\"height\":512,\"caption\":\"X\u00e0tiva Turismo\"},\"image\":{\"@id\":\"https:\/\/xativaturismo.com\/#\/schema\/logo\/image\/\"},\"sameAs\":[\"https:\/\/www.facebook.com\/XativaTurisme\",\"https:\/\/x.com\/XativaTurisme\"]}]}<\/script>\n<!-- \/ Yoast SEO plugin. -->","yoast_head_json":{"title":"M\u00e9s informaci\u00f3 sobre les Cookies - X\u00e0tiva Turismo","robots":{"index":"noindex","follow":"nofollow"},"og_locale":"ca_ES","og_type":"article","og_title":"M\u00e9s informaci\u00f3 sobre les Cookies - X\u00e0tiva Turismo","og_description":"[mk_page_section bg_image=&#8221;https:\/\/xativaturismo.com\/wp-content\/uploads\/2015\/12\/15.png&#8221; padding_top=&#8221;60&#8243; padding_bottom=&#8221;30&#8243; el_class=&#8221;cookies&#8221; sidebar=&#8221;sidebar-1&#8243;][vc_column][vc_column_text] Qu\u00e8 \u00e9s una cookie? Una cookie \u00e9s un fitxer de text inofensiu que s&#8217;emmagatzema en el seu navegador quan visita quasi qualsevol p\u00e0gina web. [&hellip;]","og_url":"https:\/\/xativaturismo.com\/val\/mes-informacio-sobre-les-cookies\/","og_site_name":"X\u00e0tiva Turismo","article_publisher":"https:\/\/www.facebook.com\/XativaTurisme","article_modified_time":"2016-03-09T08:40:27+00:00","og_image":[{"width":846,"height":480,"url":"https:\/\/xativaturismo.com\/wp-content\/uploads\/2016\/01\/castell-menor-8.jpg","type":"image\/jpeg"}],"twitter_card":"summary_large_image","twitter_site":"@XativaTurisme","twitter_misc":{"Est. reading time":"6 minutes"},"schema":{"@context":"https:\/\/schema.org","@graph":[{"@type":"WebPage","@id":"https:\/\/xativaturismo.com\/val\/mes-informacio-sobre-les-cookies\/","url":"https:\/\/xativaturismo.com\/val\/mes-informacio-sobre-les-cookies\/","name":"M\u00e9s informaci\u00f3 sobre les Cookies - X\u00e0tiva Turismo","isPartOf":{"@id":"https:\/\/xativaturismo.com\/#website"},"datePublished":"2016-01-18T00:19:46+00:00","dateModified":"2016-03-09T08:40:27+00:00","breadcrumb":{"@id":"https:\/\/xativaturismo.com\/val\/mes-informacio-sobre-les-cookies\/#breadcrumb"},"inLanguage":"ca","potentialAction":[{"@type":"ReadAction","target":["https:\/\/xativaturismo.com\/val\/mes-informacio-sobre-les-cookies\/"]}]},{"@type":"BreadcrumbList","@id":"https:\/\/xativaturismo.com\/val\/mes-informacio-sobre-les-cookies\/#breadcrumb","itemListElement":[{"@type":"ListItem","position":1,"name":"Portada","item":"https:\/\/xativaturismo.com\/val\/inicio-copy-2\/"},{"@type":"ListItem","position":2,"name":"M\u00e9s informaci\u00f3 sobre les Cookies"}]},{"@type":"WebSite","@id":"https:\/\/xativaturismo.com\/#website","url":"https:\/\/xativaturismo.com\/","name":"X\u00e0tiva Turismo","description":"Bienvenidos a la oficina de Turismo de X\u00e0tiva","publisher":{"@id":"https:\/\/xativaturismo.com\/#organization"},"potentialAction":[{"@type":"SearchAction","target":{"@type":"EntryPoint","urlTemplate":"https:\/\/xativaturismo.com\/?s={search_term_string}"},"query-input":{"@type":"PropertyValueSpecification","valueRequired":true,"valueName":"search_term_string"}}],"inLanguage":"ca"},{"@type":"Organization","@id":"https:\/\/xativaturismo.com\/#organization","name":"X\u00e0tiva Turismo","url":"https:\/\/xativaturismo.com\/","logo":{"@type":"ImageObject","inLanguage":"ca","@id":"https:\/\/xativaturismo.com\/#\/schema\/logo\/image\/","url":"https:\/\/xativaturismo.com\/wp-content\/uploads\/2020\/10\/logo-lila512-2.png","contentUrl":"https:\/\/xativaturismo.com\/wp-content\/uploads\/2020\/10\/logo-lila512-2.png","width":445,"height":512,"caption":"X\u00e0tiva Turismo"},"image":{"@id":"https:\/\/xativaturismo.com\/#\/schema\/logo\/image\/"},"sameAs":["https:\/\/www.facebook.com\/XativaTurisme","https:\/\/x.com\/XativaTurisme"]}]}},"_links":{"self":[{"href":"https:\/\/xativaturismo.com\/val\/wp-json\/wp\/v2\/pages\/9353","targetHints":{"allow":["GET"]}}],"collection":[{"href":"https:\/\/xativaturismo.com\/val\/wp-json\/wp\/v2\/pages"}],"about":[{"href":"https:\/\/xativaturismo.com\/val\/wp-json\/wp\/v2\/types\/page"}],"author":[{"embeddable":true,"href":"https:\/\/xativaturismo.com\/val\/wp-json\/wp\/v2\/users\/10"}],"replies":[{"embeddable":true,"href":"https:\/\/xativaturismo.com\/val\/wp-json\/wp\/v2\/comments?post=9353"}],"version-history":[{"count":0,"href":"https:\/\/xativaturismo.com\/val\/wp-json\/wp\/v2\/pages\/9353\/revisions"}],"wp:attachment":[{"href":"https:\/\/xativaturismo.com\/val\/wp-json\/wp\/v2\/media?parent=9353"}],"curies":[{"name":"wp","href":"https:\/\/api.w.org\/{rel}","templated":true}]}}