{"id":9350,"date":"2016-01-18T00:26:19","date_gmt":"2016-01-18T00:26:19","guid":{"rendered":"https:\/\/xativaturismo.com\/val\/politica-de-cookies\/"},"modified":"2016-03-09T08:41:57","modified_gmt":"2016-03-09T08:41:57","slug":"politica-de-cookies","status":"publish","type":"page","link":"https:\/\/xativaturismo.com\/val\/politica-de-cookies\/","title":{"rendered":"Pol\u00edtica de Cookies"},"content":{"rendered":"[mk_page_section bg_image=&#8221;https:\/\/xativaturismo.com\/wp-content\/uploads\/2015\/12\/15.png&#8221; padding_top=&#8221;60&#8243; padding_bottom=&#8221;30&#8243; el_class=&#8221;cookies&#8221; sidebar=&#8221;sidebar-1&#8243;][vc_column][vc_column_text]\n<h3>Pol\u00edtica de cookies<\/h3>\n<p>Una cookie \u00e9s un fitxer de text menut que s&#8217;emmagatzema en el seu navegador quan visita la majoria de les p\u00e0gines web. La utilitat \u00e9s que la web siga capa\u00e7 de recordar la seua visita quan torne a navegar per mateix p\u00e0gina. Les cookies solen conservar informaci\u00f3 de car\u00e0cter t\u00e8cnic, prefer\u00e8ncies personals, personalitzaci\u00f3 de continguts, estad\u00edstiques d&#8217;\u00fas, enlla\u00e7os a xarxes socials, acc\u00e9s a comptes d&#8217;usuari, etc. L&#8217;objectiu de la cookie \u00e9s adaptar el contingut de la web al seu perfil i necessitats, sense cookies els serveis oferits per qualsevol p\u00e0gina es veurien notablement minvats. Si destija consultar m\u00e9s informaci\u00f3 sobre qu\u00e8 s\u00f3n les cookies, qu\u00e8 emmagatzemen, com eliminar-les, desactivar-les, etc., <a href=\"\/?page_id=9353\">li preguem es dirigisca a aquest enlla\u00e7.<\/a><\/p>\n<h3>Cookies utilitzades en aquesta p\u00e0gina web<\/h3>\n<p><span style=\"font-weight: 400;\">Seguint les directrius de l&#8217;Ag\u00e8ncia Espanyola de Protecci\u00f3 de Dades, procedim a detallar l&#8217;\u00fas de<\/span><i><span style=\"font-weight: 400;\"> cookies<\/span><\/i><span style=\"font-weight: 400;\"> que fa aquesta web amb la finalitat d&#8217;informar-lo amb la m\u00e0xima exactitud possible.<\/span><\/p>\n<p><span style=\"font-weight: 400;\">Aquesta p\u00e0gina web utilitza les seg\u00fcents<\/span><i><span style=\"font-weight: 400;\"> cookies<\/span><\/i><span style=\"font-weight: 400;\"> pr\u00f2pies<\/span>:<\/p>\n<ul>\n<li><span style=\"font-weight: 400;\">Cookies de sessi\u00f3, per garantir que els usuaris que escriguen comentaris en el blog siguen humans i no aplicacions automatitzades. D&#8217;aquesta forma es combat el<\/span><i><span style=\"font-weight: 400;\"> spam<\/span><\/i>.<\/li>\n<\/ul>\n<p><span style=\"font-weight: 400;\">Aquesta p\u00e0gina web utilitza les seg\u00fcents<\/span><i><span style=\"font-weight: 400;\"> cookies<\/span><\/i><span style=\"font-weight: 400;\"> de tercers<\/span>:<\/p>\n<ul>\n<li><span style=\"font-weight: 400;\">Google Analytics: Emmagatzema<\/span><i><span style=\"font-weight: 400;\"> cookies<\/span><\/i><span style=\"font-weight: 400;\"> per poder elaborar estad\u00edstiques sobre el tr\u00e0fic i volum de visites d&#8217;aquesta web. En utilitzar aquesta p\u00e0gina web est\u00e0 consentint el tractament d&#8217;informaci\u00f3 seua per part de Google. Per tant, l&#8217;exercici de qualsevol dret en aquest sentit l&#8217;haur\u00e0 de fer comunicant-se directament amb Google<\/span>.<\/li>\n<li><span style=\"font-weight: 400;\">Xarxes socials: Cada xarxa social utilitza les seues pr\u00f2pies<\/span><i><span style=\"font-weight: 400;\"> cookie<\/span><\/i><span style=\"font-weight: 400;\"> perqu\u00e8 vost\u00e8 puga punxar en botons de l&#8217;estil<\/span><i><span style=\"font-weight: 400;\"> M&#8217;agrada<\/span><\/i><span style=\"font-weight: 400;\"> o<\/span><i><span style=\"font-weight: 400;\"> Compartir<\/span><\/i>.<\/li>\n<\/ul>\n<h3>Desactivaci\u00f3 o eliminaci\u00f3 de cookies<\/h3>\n<p><span style=\"font-weight: 400;\">En qualsevol moment podr\u00e0 exercir el seu dret de desactivaci\u00f3 o eliminaci\u00f3 de<\/span><i><span style=\"font-weight: 400;\"> cookie<\/span><\/i><span style=\"font-weight: 400;\">s d&#8217;aquesta p\u00e0gina web. Aquestes accions es realitzen de forma diferent en funci\u00f3 del navegador que utilitze<\/span>. <a href=\"\/?page_id=9353#navegadors\">Ac\u00ed li deixem una guia r\u00e0pida pels navegadors m\u00e9s populars.<\/a>.<\/p>\n<h3>Notes addicionals<\/h3>\n<ul>\n<li><span style=\"font-weight: 400;\">Ni aquesta web ni els seus representants legals es fan responsables ni del contingut ni de la veracitat de les pol\u00edtiques de privacitat que puguen tindre els tercers esmentats en aquesta pol\u00edtica de<\/span><i><span style=\"font-weight: 400;\"> cookies<\/span><\/i><span style=\"font-weight: 400;\">.<\/span><\/li>\n<li><span style=\"font-weight: 400;\">Els navegadors web s\u00f3n les ferramentes encarregades d&#8217;emmagatzemar les<\/span><i><span style=\"font-weight: 400;\"> cookies<\/span><\/i><span style=\"font-weight: 400;\"> i des d&#8217;aquest lloc ha de dur a terme el seu dret a l&#8217;eliminaci\u00f3 o desactivaci\u00f3 de les mateixes.<\/span><\/li>\n<li><span style=\"font-weight: 400;\">Ni aquesta web ni els seus representants legals poden garantir la correcta o incorrecta manipulaci\u00f3 de les<\/span><i><span style=\"font-weight: 400;\"> cookies<\/span><\/i><span style=\"font-weight: 400;\"> per part dels esmentats navegadors.<\/span><\/li>\n<li><span style=\"font-weight: 400;\">En alguns casos \u00e9s necessari instal\u00b7lar<\/span><i><span style=\"font-weight: 400;\"> cookies<\/span><\/i><span style=\"font-weight: 400;\"> perqu\u00e8 el navegador no oblide la seua decisi\u00f3 de no acceptar-les.<\/span><\/li>\n<li><span style=\"line-height: 1.5;\"><span style=\"font-weight: 400;\">En el cas de les<\/span><i><span style=\"font-weight: 400;\"> cookies<\/span><\/i><span style=\"font-weight: 400;\"> de Google Analytics, aquesta empresa emmagatzema les dades en servidors ubicats als Estats Units i es compromet a no compartir-les amb terceres, tret dels casos en qu\u00e8 siga necessari pel funcionament del sistema o quan la llei ho obligue. Segons Google, no guarda la seua adre\u00e7a IP. Google Inc. \u00e9s una companyia adherida a l&#8217;Acord de Port Segur que garanteix que totes les dades transferides seran tractades amb un nivell de protecci\u00f3 d&#8217;acord amb la normativa europea. Pot consultar informaci\u00f3 detallada al respecte<\/span> <\/span><a style=\"line-height: 1.5;\" href=\"http:\/\/safeharbor.export.gov\/companyinfo.aspx?id=16626\" target=\"_blank\">en aquest enlla\u00e7<\/a><span style=\"line-height: 1.5;\">. <span style=\"font-weight: 400;\">Si desitja informaci\u00f3 sobre l&#8217;\u00fas que fa Google de les<\/span><i><span style=\"font-weight: 400;\"> cookies<\/span><\/i> <\/span><a style=\"line-height: 1.5;\" href=\"https:\/\/developers.google.com\/analytics\/devguides\/collection\/analyticsjs\/cookie-usage?hl=es&amp;csw=1\" target=\"_blank\">li adjuntem aquest aquest altre enlla\u00e7<\/a><span style=\"line-height: 1.5;\">.<\/span><\/li>\n<\/ul>\n<p><span style=\"font-weight: 400;\">Per qualsevol dubte o consulta al voltant d&#8217;aquesta pol\u00edtica de<\/span><i><span style=\"font-weight: 400;\"> cookies<\/span><\/i><span style=\"font-weight: 400;\"> no dubte en comunicar-se amb nosaltres a trav\u00e9s de la secci\u00f3 de contacte.<\/span>[\/vc_column_text][\/vc_column][\/mk_page_section]\n","protected":false},"excerpt":{"rendered":"<p>[mk_page_section bg_image=&#8221;https:\/\/xativaturismo.com\/wp-content\/uploads\/2015\/12\/15.png&#8221; padding_top=&#8221;60&#8243; padding_bottom=&#8221;30&#8243; el_class=&#8221;cookies&#8221; sidebar=&#8221;sidebar-1&#8243;][vc_column][vc_column_text] Pol\u00edtica de cookies Una cookie \u00e9s un fitxer de text menut que s&#8217;emmagatzema en el seu navegador quan visita la majoria de les p\u00e0gines [&hellip;]<\/p>\n","protected":false},"author":10,"featured_media":0,"parent":0,"menu_order":0,"comment_status":"closed","ping_status":"closed","template":"","meta":{"_price":"","_stock":"","_tribe_ticket_header":"","_tribe_default_ticket_provider":"","_ticket_start_date":"","_ticket_end_date":"","_tribe_ticket_show_description":"","_tribe_ticket_show_not_going":false,"_tribe_ticket_use_global_stock":"","_tribe_ticket_global_stock_level":"","_global_stock_mode":"","_global_stock_cap":"","_tribe_rsvp_for_event":"","_tribe_ticket_going_count":"","_tribe_ticket_not_going_count":"","_tribe_tickets_list":"[]","_tribe_ticket_has_attendee_info_fields":false,"footnotes":""},"class_list":["post-9350","page","type-page","status-publish","hentry"],"yoast_head":"<!-- This site is optimized with the Yoast SEO plugin v27.0 - https:\/\/yoast.com\/product\/yoast-seo-wordpress\/ -->\n<title>Pol\u00edtica de Cookies - X\u00e0tiva Turismo<\/title>\n<meta name=\"robots\" content=\"noindex, nofollow\" \/>\n<meta property=\"og:locale\" content=\"ca_ES\" \/>\n<meta property=\"og:type\" content=\"article\" \/>\n<meta property=\"og:title\" content=\"Pol\u00edtica de Cookies - X\u00e0tiva Turismo\" \/>\n<meta property=\"og:description\" content=\"[mk_page_section bg_image=&#8221;https:\/\/xativaturismo.com\/wp-content\/uploads\/2015\/12\/15.png&#8221; padding_top=&#8221;60&#8243; padding_bottom=&#8221;30&#8243; el_class=&#8221;cookies&#8221; sidebar=&#8221;sidebar-1&#8243;][vc_column][vc_column_text] Pol\u00edtica de cookies Una cookie \u00e9s un fitxer de text menut que s&#8217;emmagatzema en el seu navegador quan visita la majoria de les p\u00e0gines [&hellip;]\" \/>\n<meta property=\"og:url\" content=\"https:\/\/xativaturismo.com\/val\/politica-de-cookies\/\" \/>\n<meta property=\"og:site_name\" content=\"X\u00e0tiva Turismo\" \/>\n<meta property=\"article:publisher\" content=\"https:\/\/www.facebook.com\/XativaTurisme\" \/>\n<meta property=\"article:modified_time\" content=\"2016-03-09T08:41:57+00:00\" \/>\n<meta property=\"og:image\" content=\"https:\/\/xativaturismo.com\/wp-content\/uploads\/2016\/01\/castell-menor-8.jpg\" \/>\n\t<meta property=\"og:image:width\" content=\"846\" \/>\n\t<meta property=\"og:image:height\" content=\"480\" \/>\n\t<meta property=\"og:image:type\" content=\"image\/jpeg\" \/>\n<meta name=\"twitter:card\" content=\"summary_large_image\" \/>\n<meta name=\"twitter:site\" content=\"@XativaTurisme\" \/>\n<meta name=\"twitter:label1\" content=\"Est. reading time\" \/>\n\t<meta name=\"twitter:data1\" content=\"3 minutes\" \/>\n<script type=\"application\/ld+json\" class=\"yoast-schema-graph\">{\"@context\":\"https:\/\/schema.org\",\"@graph\":[{\"@type\":\"WebPage\",\"@id\":\"https:\/\/xativaturismo.com\/val\/politica-de-cookies\/\",\"url\":\"https:\/\/xativaturismo.com\/val\/politica-de-cookies\/\",\"name\":\"Pol\u00edtica de Cookies - X\u00e0tiva Turismo\",\"isPartOf\":{\"@id\":\"https:\/\/xativaturismo.com\/#website\"},\"datePublished\":\"2016-01-18T00:26:19+00:00\",\"dateModified\":\"2016-03-09T08:41:57+00:00\",\"breadcrumb\":{\"@id\":\"https:\/\/xativaturismo.com\/val\/politica-de-cookies\/#breadcrumb\"},\"inLanguage\":\"ca\",\"potentialAction\":[{\"@type\":\"ReadAction\",\"target\":[\"https:\/\/xativaturismo.com\/val\/politica-de-cookies\/\"]}]},{\"@type\":\"BreadcrumbList\",\"@id\":\"https:\/\/xativaturismo.com\/val\/politica-de-cookies\/#breadcrumb\",\"itemListElement\":[{\"@type\":\"ListItem\",\"position\":1,\"name\":\"Portada\",\"item\":\"https:\/\/xativaturismo.com\/val\/\"},{\"@type\":\"ListItem\",\"position\":2,\"name\":\"Pol\u00edtica de Cookies\"}]},{\"@type\":\"WebSite\",\"@id\":\"https:\/\/xativaturismo.com\/#website\",\"url\":\"https:\/\/xativaturismo.com\/\",\"name\":\"X\u00e0tiva Turismo\",\"description\":\"Bienvenidos a la oficina de Turismo de X\u00e0tiva\",\"publisher\":{\"@id\":\"https:\/\/xativaturismo.com\/#organization\"},\"potentialAction\":[{\"@type\":\"SearchAction\",\"target\":{\"@type\":\"EntryPoint\",\"urlTemplate\":\"https:\/\/xativaturismo.com\/?s={search_term_string}\"},\"query-input\":{\"@type\":\"PropertyValueSpecification\",\"valueRequired\":true,\"valueName\":\"search_term_string\"}}],\"inLanguage\":\"ca\"},{\"@type\":\"Organization\",\"@id\":\"https:\/\/xativaturismo.com\/#organization\",\"name\":\"X\u00e0tiva Turismo\",\"url\":\"https:\/\/xativaturismo.com\/\",\"logo\":{\"@type\":\"ImageObject\",\"inLanguage\":\"ca\",\"@id\":\"https:\/\/xativaturismo.com\/#\/schema\/logo\/image\/\",\"url\":\"https:\/\/xativaturismo.com\/wp-content\/uploads\/2020\/10\/logo-lila512-2.png\",\"contentUrl\":\"https:\/\/xativaturismo.com\/wp-content\/uploads\/2020\/10\/logo-lila512-2.png\",\"width\":445,\"height\":512,\"caption\":\"X\u00e0tiva Turismo\"},\"image\":{\"@id\":\"https:\/\/xativaturismo.com\/#\/schema\/logo\/image\/\"},\"sameAs\":[\"https:\/\/www.facebook.com\/XativaTurisme\",\"https:\/\/x.com\/XativaTurisme\"]}]}<\/script>\n<!-- \/ Yoast SEO plugin. -->","yoast_head_json":{"title":"Pol\u00edtica de Cookies - X\u00e0tiva Turismo","robots":{"index":"noindex","follow":"nofollow"},"og_locale":"ca_ES","og_type":"article","og_title":"Pol\u00edtica de Cookies - X\u00e0tiva Turismo","og_description":"[mk_page_section bg_image=&#8221;https:\/\/xativaturismo.com\/wp-content\/uploads\/2015\/12\/15.png&#8221; padding_top=&#8221;60&#8243; padding_bottom=&#8221;30&#8243; el_class=&#8221;cookies&#8221; sidebar=&#8221;sidebar-1&#8243;][vc_column][vc_column_text] Pol\u00edtica de cookies Una cookie \u00e9s un fitxer de text menut que s&#8217;emmagatzema en el seu navegador quan visita la majoria de les p\u00e0gines [&hellip;]","og_url":"https:\/\/xativaturismo.com\/val\/politica-de-cookies\/","og_site_name":"X\u00e0tiva Turismo","article_publisher":"https:\/\/www.facebook.com\/XativaTurisme","article_modified_time":"2016-03-09T08:41:57+00:00","og_image":[{"width":846,"height":480,"url":"https:\/\/xativaturismo.com\/wp-content\/uploads\/2016\/01\/castell-menor-8.jpg","type":"image\/jpeg"}],"twitter_card":"summary_large_image","twitter_site":"@XativaTurisme","twitter_misc":{"Est. reading time":"3 minutes"},"schema":{"@context":"https:\/\/schema.org","@graph":[{"@type":"WebPage","@id":"https:\/\/xativaturismo.com\/val\/politica-de-cookies\/","url":"https:\/\/xativaturismo.com\/val\/politica-de-cookies\/","name":"Pol\u00edtica de Cookies - X\u00e0tiva Turismo","isPartOf":{"@id":"https:\/\/xativaturismo.com\/#website"},"datePublished":"2016-01-18T00:26:19+00:00","dateModified":"2016-03-09T08:41:57+00:00","breadcrumb":{"@id":"https:\/\/xativaturismo.com\/val\/politica-de-cookies\/#breadcrumb"},"inLanguage":"ca","potentialAction":[{"@type":"ReadAction","target":["https:\/\/xativaturismo.com\/val\/politica-de-cookies\/"]}]},{"@type":"BreadcrumbList","@id":"https:\/\/xativaturismo.com\/val\/politica-de-cookies\/#breadcrumb","itemListElement":[{"@type":"ListItem","position":1,"name":"Portada","item":"https:\/\/xativaturismo.com\/val\/"},{"@type":"ListItem","position":2,"name":"Pol\u00edtica de Cookies"}]},{"@type":"WebSite","@id":"https:\/\/xativaturismo.com\/#website","url":"https:\/\/xativaturismo.com\/","name":"X\u00e0tiva Turismo","description":"Bienvenidos a la oficina de Turismo de X\u00e0tiva","publisher":{"@id":"https:\/\/xativaturismo.com\/#organization"},"potentialAction":[{"@type":"SearchAction","target":{"@type":"EntryPoint","urlTemplate":"https:\/\/xativaturismo.com\/?s={search_term_string}"},"query-input":{"@type":"PropertyValueSpecification","valueRequired":true,"valueName":"search_term_string"}}],"inLanguage":"ca"},{"@type":"Organization","@id":"https:\/\/xativaturismo.com\/#organization","name":"X\u00e0tiva Turismo","url":"https:\/\/xativaturismo.com\/","logo":{"@type":"ImageObject","inLanguage":"ca","@id":"https:\/\/xativaturismo.com\/#\/schema\/logo\/image\/","url":"https:\/\/xativaturismo.com\/wp-content\/uploads\/2020\/10\/logo-lila512-2.png","contentUrl":"https:\/\/xativaturismo.com\/wp-content\/uploads\/2020\/10\/logo-lila512-2.png","width":445,"height":512,"caption":"X\u00e0tiva Turismo"},"image":{"@id":"https:\/\/xativaturismo.com\/#\/schema\/logo\/image\/"},"sameAs":["https:\/\/www.facebook.com\/XativaTurisme","https:\/\/x.com\/XativaTurisme"]}]}},"_links":{"self":[{"href":"https:\/\/xativaturismo.com\/val\/wp-json\/wp\/v2\/pages\/9350","targetHints":{"allow":["GET"]}}],"collection":[{"href":"https:\/\/xativaturismo.com\/val\/wp-json\/wp\/v2\/pages"}],"about":[{"href":"https:\/\/xativaturismo.com\/val\/wp-json\/wp\/v2\/types\/page"}],"author":[{"embeddable":true,"href":"https:\/\/xativaturismo.com\/val\/wp-json\/wp\/v2\/users\/10"}],"replies":[{"embeddable":true,"href":"https:\/\/xativaturismo.com\/val\/wp-json\/wp\/v2\/comments?post=9350"}],"version-history":[{"count":0,"href":"https:\/\/xativaturismo.com\/val\/wp-json\/wp\/v2\/pages\/9350\/revisions"}],"wp:attachment":[{"href":"https:\/\/xativaturismo.com\/val\/wp-json\/wp\/v2\/media?parent=9350"}],"curies":[{"name":"wp","href":"https:\/\/api.w.org\/{rel}","templated":true}]}}