{"id":9345,"date":"2016-01-18T18:21:41","date_gmt":"2016-01-18T18:21:41","guid":{"rendered":"https:\/\/xativaturismo.com\/val\/creditos\/"},"modified":"2016-05-05T08:16:18","modified_gmt":"2016-05-05T08:16:18","slug":"credits","status":"publish","type":"page","link":"https:\/\/xativaturismo.com\/val\/credits\/","title":{"rendered":"Cr\u00e8dits"},"content":{"rendered":"[mk_page_section bg_image=&#8221;https:\/\/xativaturismo.com\/wp-content\/uploads\/2015\/12\/15.png&#8221; padding_top=&#8221;60&#8243; padding_bottom=&#8221;30&#8243; el_class=&#8221;creditos&#8221; sidebar=&#8221;sidebar-1&#8243;][vc_column][vc_column_text]Desenvolupat per <a href=\"http:\/\/www.xatcom.net\">xatcom.net<\/a><br \/>\nCoordinaci\u00f3: \u00d3scar Larriba<br \/>\nDisseny web: Javier Sala \/ \u00d3scar Larriba<br \/>\nFotografia: Javier Sala<br \/>\nTextos: Pau Pertegaz<\/p>\n<p><b>AGRA\u00cfMENTS<\/b><\/p>\n<p>Pel material gr\u00e0fic aportat a Vicent Marchirant, Clemente Morales, Jos\u00e9 A. Murcia, Jos\u00e9 Reig, Juli\u00e1n Garc\u00eda y Miguel Sala.<br \/>\nTamb\u00e9 a Jessmina Berenguer per l&#8217;elaboraci\u00f3 del text de Gastronomia i a Xavi Aliaga pels suggeriments en les p\u00e0gines Cultura i Arrels i Viu la ciutat.<br \/>\nAgra\u00efm especialment a l&#8217;historiador Carles Sala Benimeli l&#8217;assessorament art\u00edstic, consells i apunts del patrimoni historicoart\u00edstic de la ciutat.<\/p>\n<p><b>BIBLIOGRAFIA<\/b><\/p>\n<p>Cucarella, Toni., Heras, Artur., Mart\u00ednez Revert, Antoni., (2013). X\u00e0tiva, ciutat monumental. X\u00e0tiva: Ajuntament de X\u00e0tiva.<br \/>\nHermosilla Pla, Jorge (coord.), (2006). Historia de X\u00e0tiva. Val\u00e8ncia: Facultat de Geografia i Hist\u00f2ria. Universitat de Val\u00e8ncia.<br \/>\nSarthou Carreres, Carlos (1987). Gu\u00eda gr\u00e1fica de J\u00e1tiva (2\u00aa ed.). X\u00e0tiva: Autoedici\u00f3.<br \/>\nCebri\u00e1n i Molina, Josep Llu\u00eds., Navarro i Buenaventura, Beatriu., (2014). Les taules del Mestre de X\u00e0tiva\/Art\u00e9s\/Borbot\u00f3 a l\u2019Esgl\u00e9sia de Palau-Solit\u00e0. Termes, Revista d\u2019Hist\u00f2ria (n\u00fam. 29).<br \/>\nCucarella, Toni., Heras, Artur., Mart\u00ednez Revert, Antoni., (1999). <em>X\u00e0tiva, festivitat del Corpus<\/em>. X\u00e0tiva: Ajuntament de X\u00e0tiva.[\/vc_column_text][\/vc_column][\/mk_page_section]\n","protected":false},"excerpt":{"rendered":"<p>[mk_page_section bg_image=&#8221;https:\/\/xativaturismo.com\/wp-content\/uploads\/2015\/12\/15.png&#8221; padding_top=&#8221;60&#8243; padding_bottom=&#8221;30&#8243; el_class=&#8221;creditos&#8221; sidebar=&#8221;sidebar-1&#8243;][vc_column][vc_column_text]Desenvolupat per xatcom.net Coordinaci\u00f3: \u00d3scar Larriba Disseny web: Javier Sala \/ \u00d3scar Larriba Fotografia: Javier Sala Textos: Pau Pertegaz AGRA\u00cfMENTS Pel material gr\u00e0fic aportat a [&hellip;]<\/p>\n","protected":false},"author":10,"featured_media":6624,"parent":0,"menu_order":0,"comment_status":"closed","ping_status":"closed","template":"","meta":{"_price":"","_stock":"","_tribe_ticket_header":"","_tribe_default_ticket_provider":"","_ticket_start_date":"","_ticket_end_date":"","_tribe_ticket_show_description":"","_tribe_ticket_show_not_going":false,"_tribe_ticket_use_global_stock":"","_tribe_ticket_global_stock_level":"","_global_stock_mode":"","_global_stock_cap":"","_tribe_rsvp_for_event":"","_tribe_ticket_going_count":"","_tribe_ticket_not_going_count":"","_tribe_tickets_list":"[]","_tribe_ticket_has_attendee_info_fields":false,"footnotes":""},"class_list":["post-9345","page","type-page","status-publish","has-post-thumbnail","hentry"],"yoast_head":"<!-- This site is optimized with the Yoast SEO plugin v27.0 - https:\/\/yoast.com\/product\/yoast-seo-wordpress\/ -->\n<title>Cr\u00e8dits - X\u00e0tiva Turisme<\/title>\n<meta name=\"description\" content=\"Equip de disseny i persones que han col\u00b7laborat en la creaci\u00f3 d&#039;aquesta web.\" \/>\n<meta name=\"robots\" content=\"index, follow, max-snippet:-1, max-image-preview:large, max-video-preview:-1\" \/>\n<link rel=\"canonical\" href=\"https:\/\/xativaturismo.com\/val\/credits\/\" \/>\n<meta property=\"og:locale\" content=\"ca_ES\" \/>\n<meta property=\"og:type\" content=\"article\" \/>\n<meta property=\"og:title\" content=\"Cr\u00e8dits - X\u00e0tiva Turisme\" \/>\n<meta property=\"og:description\" content=\"Equip de disseny i persones que han col\u00b7laborat en la creaci\u00f3 d&#039;aquesta web.\" \/>\n<meta property=\"og:url\" content=\"https:\/\/xativaturismo.com\/val\/credits\/\" \/>\n<meta property=\"og:site_name\" content=\"X\u00e0tiva Turismo\" \/>\n<meta property=\"article:publisher\" content=\"https:\/\/www.facebook.com\/XativaTurisme\" \/>\n<meta property=\"article:modified_time\" content=\"2016-05-05T08:16:18+00:00\" \/>\n<meta property=\"og:image\" content=\"https:\/\/xativaturismo.com\/wp-content\/uploads\/2016\/01\/almodi-maqueta66-1.jpg\" \/>\n\t<meta property=\"og:image:width\" content=\"1598\" \/>\n\t<meta property=\"og:image:height\" content=\"906\" \/>\n\t<meta property=\"og:image:type\" content=\"image\/jpeg\" \/>\n<meta name=\"twitter:card\" content=\"summary_large_image\" \/>\n<meta name=\"twitter:title\" content=\"Cr\u00e8dits - X\u00e0tiva Turisme\" \/>\n<meta name=\"twitter:description\" content=\"Equip de disseny i persones que han col\u00b7laborat en la creaci\u00f3 d&#039;aquesta web.\" \/>\n<meta name=\"twitter:image\" content=\"https:\/\/xativaturismo.com\/wp-content\/uploads\/2016\/01\/almodi-maqueta66-1.jpg\" \/>\n<meta name=\"twitter:site\" content=\"@XativaTurisme\" \/>\n<meta name=\"twitter:label1\" content=\"Est. reading time\" \/>\n\t<meta name=\"twitter:data1\" content=\"1 minute\" \/>\n<script type=\"application\/ld+json\" class=\"yoast-schema-graph\">{\"@context\":\"https:\/\/schema.org\",\"@graph\":[{\"@type\":\"WebPage\",\"@id\":\"https:\/\/xativaturismo.com\/val\/credits\/\",\"url\":\"https:\/\/xativaturismo.com\/val\/credits\/\",\"name\":\"Cr\u00e8dits - X\u00e0tiva Turisme\",\"isPartOf\":{\"@id\":\"https:\/\/xativaturismo.com\/#website\"},\"primaryImageOfPage\":{\"@id\":\"https:\/\/xativaturismo.com\/val\/credits\/#primaryimage\"},\"image\":{\"@id\":\"https:\/\/xativaturismo.com\/val\/credits\/#primaryimage\"},\"thumbnailUrl\":\"https:\/\/xativaturismo.com\/wp-content\/uploads\/2016\/01\/almodi-maqueta66-1.jpg\",\"datePublished\":\"2016-01-18T18:21:41+00:00\",\"dateModified\":\"2016-05-05T08:16:18+00:00\",\"description\":\"Equip de disseny i persones que han col\u00b7laborat en la creaci\u00f3 d'aquesta web.\",\"breadcrumb\":{\"@id\":\"https:\/\/xativaturismo.com\/val\/credits\/#breadcrumb\"},\"inLanguage\":\"ca\",\"potentialAction\":[{\"@type\":\"ReadAction\",\"target\":[\"https:\/\/xativaturismo.com\/val\/credits\/\"]}]},{\"@type\":\"ImageObject\",\"inLanguage\":\"ca\",\"@id\":\"https:\/\/xativaturismo.com\/val\/credits\/#primaryimage\",\"url\":\"https:\/\/xativaturismo.com\/wp-content\/uploads\/2016\/01\/almodi-maqueta66-1.jpg\",\"contentUrl\":\"https:\/\/xativaturismo.com\/wp-content\/uploads\/2016\/01\/almodi-maqueta66-1.jpg\",\"width\":1598,\"height\":906,\"caption\":\"Diorama - X\u00e0tiva (s. XV-XVI)\"},{\"@type\":\"BreadcrumbList\",\"@id\":\"https:\/\/xativaturismo.com\/val\/credits\/#breadcrumb\",\"itemListElement\":[{\"@type\":\"ListItem\",\"position\":1,\"name\":\"Portada\",\"item\":\"https:\/\/xativaturismo.com\/val\/inicio-copy-2\/\"},{\"@type\":\"ListItem\",\"position\":2,\"name\":\"Cr\u00e8dits\"}]},{\"@type\":\"WebSite\",\"@id\":\"https:\/\/xativaturismo.com\/#website\",\"url\":\"https:\/\/xativaturismo.com\/\",\"name\":\"X\u00e0tiva Turismo\",\"description\":\"Bienvenidos a la oficina de Turismo de X\u00e0tiva\",\"publisher\":{\"@id\":\"https:\/\/xativaturismo.com\/#organization\"},\"potentialAction\":[{\"@type\":\"SearchAction\",\"target\":{\"@type\":\"EntryPoint\",\"urlTemplate\":\"https:\/\/xativaturismo.com\/?s={search_term_string}\"},\"query-input\":{\"@type\":\"PropertyValueSpecification\",\"valueRequired\":true,\"valueName\":\"search_term_string\"}}],\"inLanguage\":\"ca\"},{\"@type\":\"Organization\",\"@id\":\"https:\/\/xativaturismo.com\/#organization\",\"name\":\"X\u00e0tiva Turismo\",\"url\":\"https:\/\/xativaturismo.com\/\",\"logo\":{\"@type\":\"ImageObject\",\"inLanguage\":\"ca\",\"@id\":\"https:\/\/xativaturismo.com\/#\/schema\/logo\/image\/\",\"url\":\"https:\/\/xativaturismo.com\/wp-content\/uploads\/2020\/10\/logo-lila512-2.png\",\"contentUrl\":\"https:\/\/xativaturismo.com\/wp-content\/uploads\/2020\/10\/logo-lila512-2.png\",\"width\":445,\"height\":512,\"caption\":\"X\u00e0tiva Turismo\"},\"image\":{\"@id\":\"https:\/\/xativaturismo.com\/#\/schema\/logo\/image\/\"},\"sameAs\":[\"https:\/\/www.facebook.com\/XativaTurisme\",\"https:\/\/x.com\/XativaTurisme\"]}]}<\/script>\n<!-- \/ Yoast SEO plugin. -->","yoast_head_json":{"title":"Cr\u00e8dits - X\u00e0tiva Turisme","description":"Equip de disseny i persones que han col\u00b7laborat en la creaci\u00f3 d'aquesta web.","robots":{"index":"index","follow":"follow","max-snippet":"max-snippet:-1","max-image-preview":"max-image-preview:large","max-video-preview":"max-video-preview:-1"},"canonical":"https:\/\/xativaturismo.com\/val\/credits\/","og_locale":"ca_ES","og_type":"article","og_title":"Cr\u00e8dits - X\u00e0tiva Turisme","og_description":"Equip de disseny i persones que han col\u00b7laborat en la creaci\u00f3 d'aquesta web.","og_url":"https:\/\/xativaturismo.com\/val\/credits\/","og_site_name":"X\u00e0tiva Turismo","article_publisher":"https:\/\/www.facebook.com\/XativaTurisme","article_modified_time":"2016-05-05T08:16:18+00:00","og_image":[{"width":1598,"height":906,"url":"https:\/\/xativaturismo.com\/wp-content\/uploads\/2016\/01\/almodi-maqueta66-1.jpg","type":"image\/jpeg"}],"twitter_card":"summary_large_image","twitter_title":"Cr\u00e8dits - X\u00e0tiva Turisme","twitter_description":"Equip de disseny i persones que han col\u00b7laborat en la creaci\u00f3 d'aquesta web.","twitter_image":"https:\/\/xativaturismo.com\/wp-content\/uploads\/2016\/01\/almodi-maqueta66-1.jpg","twitter_site":"@XativaTurisme","twitter_misc":{"Est. reading time":"1 minute"},"schema":{"@context":"https:\/\/schema.org","@graph":[{"@type":"WebPage","@id":"https:\/\/xativaturismo.com\/val\/credits\/","url":"https:\/\/xativaturismo.com\/val\/credits\/","name":"Cr\u00e8dits - X\u00e0tiva Turisme","isPartOf":{"@id":"https:\/\/xativaturismo.com\/#website"},"primaryImageOfPage":{"@id":"https:\/\/xativaturismo.com\/val\/credits\/#primaryimage"},"image":{"@id":"https:\/\/xativaturismo.com\/val\/credits\/#primaryimage"},"thumbnailUrl":"https:\/\/xativaturismo.com\/wp-content\/uploads\/2016\/01\/almodi-maqueta66-1.jpg","datePublished":"2016-01-18T18:21:41+00:00","dateModified":"2016-05-05T08:16:18+00:00","description":"Equip de disseny i persones que han col\u00b7laborat en la creaci\u00f3 d'aquesta web.","breadcrumb":{"@id":"https:\/\/xativaturismo.com\/val\/credits\/#breadcrumb"},"inLanguage":"ca","potentialAction":[{"@type":"ReadAction","target":["https:\/\/xativaturismo.com\/val\/credits\/"]}]},{"@type":"ImageObject","inLanguage":"ca","@id":"https:\/\/xativaturismo.com\/val\/credits\/#primaryimage","url":"https:\/\/xativaturismo.com\/wp-content\/uploads\/2016\/01\/almodi-maqueta66-1.jpg","contentUrl":"https:\/\/xativaturismo.com\/wp-content\/uploads\/2016\/01\/almodi-maqueta66-1.jpg","width":1598,"height":906,"caption":"Diorama - X\u00e0tiva (s. XV-XVI)"},{"@type":"BreadcrumbList","@id":"https:\/\/xativaturismo.com\/val\/credits\/#breadcrumb","itemListElement":[{"@type":"ListItem","position":1,"name":"Portada","item":"https:\/\/xativaturismo.com\/val\/inicio-copy-2\/"},{"@type":"ListItem","position":2,"name":"Cr\u00e8dits"}]},{"@type":"WebSite","@id":"https:\/\/xativaturismo.com\/#website","url":"https:\/\/xativaturismo.com\/","name":"X\u00e0tiva Turismo","description":"Bienvenidos a la oficina de Turismo de X\u00e0tiva","publisher":{"@id":"https:\/\/xativaturismo.com\/#organization"},"potentialAction":[{"@type":"SearchAction","target":{"@type":"EntryPoint","urlTemplate":"https:\/\/xativaturismo.com\/?s={search_term_string}"},"query-input":{"@type":"PropertyValueSpecification","valueRequired":true,"valueName":"search_term_string"}}],"inLanguage":"ca"},{"@type":"Organization","@id":"https:\/\/xativaturismo.com\/#organization","name":"X\u00e0tiva Turismo","url":"https:\/\/xativaturismo.com\/","logo":{"@type":"ImageObject","inLanguage":"ca","@id":"https:\/\/xativaturismo.com\/#\/schema\/logo\/image\/","url":"https:\/\/xativaturismo.com\/wp-content\/uploads\/2020\/10\/logo-lila512-2.png","contentUrl":"https:\/\/xativaturismo.com\/wp-content\/uploads\/2020\/10\/logo-lila512-2.png","width":445,"height":512,"caption":"X\u00e0tiva Turismo"},"image":{"@id":"https:\/\/xativaturismo.com\/#\/schema\/logo\/image\/"},"sameAs":["https:\/\/www.facebook.com\/XativaTurisme","https:\/\/x.com\/XativaTurisme"]}]}},"_links":{"self":[{"href":"https:\/\/xativaturismo.com\/val\/wp-json\/wp\/v2\/pages\/9345","targetHints":{"allow":["GET"]}}],"collection":[{"href":"https:\/\/xativaturismo.com\/val\/wp-json\/wp\/v2\/pages"}],"about":[{"href":"https:\/\/xativaturismo.com\/val\/wp-json\/wp\/v2\/types\/page"}],"author":[{"embeddable":true,"href":"https:\/\/xativaturismo.com\/val\/wp-json\/wp\/v2\/users\/10"}],"replies":[{"embeddable":true,"href":"https:\/\/xativaturismo.com\/val\/wp-json\/wp\/v2\/comments?post=9345"}],"version-history":[{"count":0,"href":"https:\/\/xativaturismo.com\/val\/wp-json\/wp\/v2\/pages\/9345\/revisions"}],"wp:featuredmedia":[{"embeddable":true,"href":"https:\/\/xativaturismo.com\/val\/wp-json\/wp\/v2\/media\/6624"}],"wp:attachment":[{"href":"https:\/\/xativaturismo.com\/val\/wp-json\/wp\/v2\/media?parent=9345"}],"curies":[{"name":"wp","href":"https:\/\/api.w.org\/{rel}","templated":true}]}}