{"id":36424,"date":"2021-02-16T22:55:24","date_gmt":"2021-02-16T21:55:24","guid":{"rendered":"https:\/\/xativaturismo.com\/entrades-museus\/"},"modified":"2025-03-26T12:29:05","modified_gmt":"2025-03-26T11:29:05","slug":"entrades-museus","status":"publish","type":"page","link":"https:\/\/xativaturismo.com\/val\/entrades-museus\/","title":{"rendered":"Entrades Museu arqueol\u00f2gic de l&#8217;Almod\u00ed i Museu de Belles Arts &#8211; Casa de l&#8217;Ensenyan\u00e7a"},"content":{"rendered":"<div class=\"wpb-content-wrapper\">[vc_row][vc_column width=&#8221;2\/3&#8243;][vc_tta_tabs][vc_tta_section title=&#8221;Informaci\u00f3&#8221; tab_id=&#8221;1616939684758-69ba070e-c100&#8243;][vc_column_text css=&#8221;.vc_custom_1742988438240{margin-bottom: 0px !important;}&#8221;]<strong>HORARI:<\/strong><\/p>\n<ul>\n<li><strong>De dimarts a dissabte:<\/strong> 10:00\u202fh \u2013 14:00\u202fh | 16:00\u202fh \u2013 18:00\u202fh<\/li>\n<li><strong>Diumenges i festius:<\/strong> 10:00\u202fh &#8211; 14:00\u202fh<\/li>\n<\/ul>\n<p><strong>ENTRADES:<\/strong><\/p>\n<ul class=\"ul1\">\n<li>Es <strong>recomana<\/strong> adquirir les <strong>entrades\u00a0online<\/strong> de manera anticipada.<\/li>\n<li><strong>Porteu l&#8217;entrada amb codi QR en format f\u00edsic o digital<\/strong> (inclosos els menors de 8 anys).<\/li>\n<li>\u00c9s recomanable arribar al monument <strong>amb antelaci\u00f3<\/strong>, especialment els caps de setmana i festius.<\/li>\n<li><strong>Tots els menors han de disposar d&#8217;entrada<\/strong> (independentment de la possible gratu\u00eftat).<\/li>\n<li>S&#8217;ha de <strong>presentar DNI<\/strong> o passaport original als accessos, aix\u00ed com document que acrediti les entrades amb descompte (carnet d&#8217;estudiant amb data de caducitat, carnet de pensionista, carnet jove).<\/li>\n<li>No s&#8217;admeten canvis, devolucions o anul\u00b7lacions.<\/li>\n<\/ul>\n[\/vc_column_text][\/vc_tta_section][vc_tta_section title=&#8221;Aparcament&#8221; tab_id=&#8221;1616939684794-ce044cc1-ea78&#8243;][vc_column_text css=&#8221;.vc_custom_1617005074692{margin-bottom: 0px !important;}&#8221;]\n<p class=\"p12\"><b>ZONES D\u2019APARCAMENT PRIVAT:<\/b><\/p>\n<ul>\n<li class=\"p12\">P\u00e0rquing Pla\u00e7a la Bassa (<a href=\"https:\/\/goo.gl\/maps\/FpEsXMLPirUJqNfv5\">Maps<\/a>)<\/li>\n<li class=\"p12\">P\u00e0rquing Rep\u00fablica Argentina (<a href=\"https:\/\/goo.gl\/maps\/8Ych7A1VspweKPSS7\">Maps<\/a>)<\/li>\n<li>P\u00e0rquing Estaci\u00f3 de Tren (<a href=\"https:\/\/goo.gl\/maps\/JkE6Vpn5AikMGPQQA\">Maps<\/a>)<\/li>\n<\/ul>\n<p class=\"p13\"><b>ZONES D\u2019APARCAMENT GRATU\u00cfT:<\/b><\/p>\n<ul class=\"ul1\">\n<li class=\"li14\">P\u00e0rquing Centre d\u2019especialitats El Espa\u00f1oleto. Per a vehicles que hagin fet la compra d\u2019entrades online. Aforament limitat. El centre \u00e9s la parada llan\u00e7adora del bus tur\u00edstic al Castell (<a href=\"https:\/\/goo.gl\/maps\/Sh27qhRbeF9MQkyE6\">Maps<\/a>)<\/li>\n<li class=\"li14\">Aparcament zona blava centre ciutat. Diumenges i festius gratis.<\/li>\n<li class=\"li15\">Aparcament p\u00e0rquing Pavell\u00f3 voleibol X\u00e0tiva (entrada carretera Alzira). Gratis dies feiners i festius. La dist\u00e0ncia a l\u2019Oficina de Turisme s\u00f3n 10 minuts a piu. (<a href=\"https:\/\/goo.gl\/maps\/154hEWDi5kMG6Vpd8\">Maps<\/a>)<\/li>\n<\/ul>\n[\/vc_column_text][\/vc_tta_section][vc_tta_section title=&#8221;Tarifes&#8221; tab_id=&#8221;1616939717447-94cfd961-067f&#8221;][vc_column_text css=&#8221;.vc_custom_1618908968885{margin-bottom: 0px !important;}&#8221;]\n<h2 class=\"p1\"><b>TARIFES:<\/b><\/h2>\n<p class=\"p1\">L\u2019entrada inclou la visita als Museus municipals (Museu arqueol\u00f2gic de l\u2019Almod\u00ed i Museu de Belles Arts &#8211; Casa de l&#8217;Ensenyan\u00e7a), situats al casc hist\u00f2ric de la ciutat.<\/p>\n<p class=\"p1\">ADULT: (majors de 16 anys) \u2026\u2026\u2026\u2026\u2026\u2026\u2026\u2026\u2026\u2026\u2026\u2026\u2026\u2026\u2026\u2026\u2026\u2026\u2026\u2026\u2026\u2026\u2026\u2026\u2026\u2026\u2026\u2026 4\u20ac<\/p>\n<p class=\"p1\">REDU\u00cfDA: (menors entre 8 i 16 anys, carnet jove, carnet d\u2019estudiant, carnet de professor, fam\u00edlia nombrosa, pensionistes, grups a partir de 10 persones i persones amb discapacitat)\u2026\u2026\u2026\u2026\u2026\u2026\u2026\u2026\u2026\u2026\u2026\u2026\u2026\u2026\u2026\u2026\u2026\u2026\u2026\u2026\u2026\u2026\u2026\u2026\u2026\u2026\u2026\u2026\u2026 2\u20ac<\/p>\n<p class=\"p4\">GRATU\u00cfTA: (nens i nenes fins als 7 anys, guies tur\u00edstics i carnet de la biblioteca de X\u00e0tiva)<\/p>\n[\/vc_column_text][\/vc_tta_section][\/vc_tta_tabs][\/vc_column][vc_column width=&#8221;1\/3&#8243;][mk_custom_sidebar sidebar=&#8221;sidebar-4&#8243;][\/vc_column][\/vc_row]\n<\/div>","protected":false},"excerpt":{"rendered":"<p>[vc_row][vc_column width=&#8221;2\/3&#8243;][vc_tta_tabs][vc_tta_section title=&#8221;Informaci\u00f3&#8221; tab_id=&#8221;1616939684758-69ba070e-c100&#8243;][vc_column_text css=&#8221;.vc_custom_1742988438240{margin-bottom: 0px !important;}&#8221;]HORARI: De dimarts a dissabte: 10:00\u202fh \u2013 14:00\u202fh | 16:00\u202fh \u2013 18:00\u202fh Diumenges i festius: 10:00\u202fh &#8211; 14:00\u202fh ENTRADES: Es recomana adquirir les entrades\u00a0online [&hellip;]<\/p>\n","protected":false},"author":10,"featured_media":0,"parent":0,"menu_order":0,"comment_status":"closed","ping_status":"closed","template":"","meta":{"_price":"","_stock":"","_tribe_ticket_header":"","_tribe_default_ticket_provider":"","_ticket_start_date":"","_ticket_end_date":"","_tribe_ticket_show_description":"","_tribe_ticket_show_not_going":false,"_tribe_ticket_use_global_stock":"","_tribe_ticket_global_stock_level":"","_global_stock_mode":"","_global_stock_cap":"","_tribe_rsvp_for_event":"","_tribe_ticket_going_count":"","_tribe_ticket_not_going_count":"","_tribe_tickets_list":"[]","_tribe_ticket_has_attendee_info_fields":false,"footnotes":""},"class_list":["post-36424","page","type-page","status-publish","hentry"],"yoast_head":"<!-- This site is optimized with the Yoast SEO plugin v27.0 - https:\/\/yoast.com\/product\/yoast-seo-wordpress\/ -->\n<title>Entrades Museu arqueol\u00f2gic de l&#039;Almod\u00ed i Museu de Belles Arts - Casa de l&#039;Ensenyan\u00e7a - X\u00e0tiva Turismo<\/title>\n<meta name=\"robots\" content=\"index, follow, max-snippet:-1, max-image-preview:large, max-video-preview:-1\" \/>\n<link rel=\"canonical\" href=\"https:\/\/xativaturismo.com\/val\/entrades-museus\/\" \/>\n<meta property=\"og:locale\" content=\"ca_ES\" \/>\n<meta property=\"og:type\" content=\"article\" \/>\n<meta property=\"og:title\" content=\"Entrades Museu arqueol\u00f2gic de l&#039;Almod\u00ed i Museu de Belles Arts - Casa de l&#039;Ensenyan\u00e7a - X\u00e0tiva Turismo\" \/>\n<meta property=\"og:description\" content=\"[vc_row][vc_column width=&#8221;2\/3&#8243;][vc_tta_tabs][vc_tta_section title=&#8221;Informaci\u00f3&#8221; tab_id=&#8221;1616939684758-69ba070e-c100&#8243;][vc_column_text css=&#8221;.vc_custom_1742988438240{margin-bottom: 0px !important;}&#8221;]HORARI: De dimarts a dissabte: 10:00\u202fh \u2013 14:00\u202fh | 16:00\u202fh \u2013 18:00\u202fh Diumenges i festius: 10:00\u202fh &#8211; 14:00\u202fh ENTRADES: Es recomana adquirir les entrades\u00a0online [&hellip;]\" \/>\n<meta property=\"og:url\" content=\"https:\/\/xativaturismo.com\/val\/entrades-museus\/\" \/>\n<meta property=\"og:site_name\" content=\"X\u00e0tiva Turismo\" \/>\n<meta property=\"article:publisher\" content=\"https:\/\/www.facebook.com\/XativaTurisme\" \/>\n<meta property=\"article:modified_time\" content=\"2025-03-26T11:29:05+00:00\" \/>\n<meta property=\"og:image\" content=\"https:\/\/xativaturismo.com\/wp-content\/uploads\/2016\/01\/castell-menor-8.jpg\" \/>\n\t<meta property=\"og:image:width\" content=\"846\" \/>\n\t<meta property=\"og:image:height\" content=\"480\" \/>\n\t<meta property=\"og:image:type\" content=\"image\/jpeg\" \/>\n<meta name=\"twitter:card\" content=\"summary_large_image\" \/>\n<meta name=\"twitter:site\" content=\"@XativaTurisme\" \/>\n<meta name=\"twitter:label1\" content=\"Est. reading time\" \/>\n\t<meta name=\"twitter:data1\" content=\"2 minutes\" \/>\n<script type=\"application\/ld+json\" class=\"yoast-schema-graph\">{\"@context\":\"https:\/\/schema.org\",\"@graph\":[{\"@type\":\"WebPage\",\"@id\":\"https:\/\/xativaturismo.com\/val\/entrades-museus\/\",\"url\":\"https:\/\/xativaturismo.com\/val\/entrades-museus\/\",\"name\":\"Entrades Museu arqueol\u00f2gic de l'Almod\u00ed i Museu de Belles Arts - Casa de l'Ensenyan\u00e7a - X\u00e0tiva Turismo\",\"isPartOf\":{\"@id\":\"https:\/\/xativaturismo.com\/#website\"},\"datePublished\":\"2021-02-16T21:55:24+00:00\",\"dateModified\":\"2025-03-26T11:29:05+00:00\",\"breadcrumb\":{\"@id\":\"https:\/\/xativaturismo.com\/val\/entrades-museus\/#breadcrumb\"},\"inLanguage\":\"ca\",\"potentialAction\":[{\"@type\":\"ReadAction\",\"target\":[\"https:\/\/xativaturismo.com\/val\/entrades-museus\/\"]}]},{\"@type\":\"BreadcrumbList\",\"@id\":\"https:\/\/xativaturismo.com\/val\/entrades-museus\/#breadcrumb\",\"itemListElement\":[{\"@type\":\"ListItem\",\"position\":1,\"name\":\"Portada\",\"item\":\"https:\/\/xativaturismo.com\/val\/\"},{\"@type\":\"ListItem\",\"position\":2,\"name\":\"Entrades Museu arqueol\u00f2gic de l&#8217;Almod\u00ed i Museu de Belles Arts &#8211; Casa de l&#8217;Ensenyan\u00e7a\"}]},{\"@type\":\"WebSite\",\"@id\":\"https:\/\/xativaturismo.com\/#website\",\"url\":\"https:\/\/xativaturismo.com\/\",\"name\":\"X\u00e0tiva Turismo\",\"description\":\"Bienvenidos a la oficina de Turismo de X\u00e0tiva\",\"publisher\":{\"@id\":\"https:\/\/xativaturismo.com\/#organization\"},\"potentialAction\":[{\"@type\":\"SearchAction\",\"target\":{\"@type\":\"EntryPoint\",\"urlTemplate\":\"https:\/\/xativaturismo.com\/?s={search_term_string}\"},\"query-input\":{\"@type\":\"PropertyValueSpecification\",\"valueRequired\":true,\"valueName\":\"search_term_string\"}}],\"inLanguage\":\"ca\"},{\"@type\":\"Organization\",\"@id\":\"https:\/\/xativaturismo.com\/#organization\",\"name\":\"X\u00e0tiva Turismo\",\"url\":\"https:\/\/xativaturismo.com\/\",\"logo\":{\"@type\":\"ImageObject\",\"inLanguage\":\"ca\",\"@id\":\"https:\/\/xativaturismo.com\/#\/schema\/logo\/image\/\",\"url\":\"https:\/\/xativaturismo.com\/wp-content\/uploads\/2020\/10\/logo-lila512-2.png\",\"contentUrl\":\"https:\/\/xativaturismo.com\/wp-content\/uploads\/2020\/10\/logo-lila512-2.png\",\"width\":445,\"height\":512,\"caption\":\"X\u00e0tiva Turismo\"},\"image\":{\"@id\":\"https:\/\/xativaturismo.com\/#\/schema\/logo\/image\/\"},\"sameAs\":[\"https:\/\/www.facebook.com\/XativaTurisme\",\"https:\/\/x.com\/XativaTurisme\"]}]}<\/script>\n<!-- \/ Yoast SEO plugin. -->","yoast_head_json":{"title":"Entrades Museu arqueol\u00f2gic de l'Almod\u00ed i Museu de Belles Arts - Casa de l'Ensenyan\u00e7a - X\u00e0tiva Turismo","robots":{"index":"index","follow":"follow","max-snippet":"max-snippet:-1","max-image-preview":"max-image-preview:large","max-video-preview":"max-video-preview:-1"},"canonical":"https:\/\/xativaturismo.com\/val\/entrades-museus\/","og_locale":"ca_ES","og_type":"article","og_title":"Entrades Museu arqueol\u00f2gic de l'Almod\u00ed i Museu de Belles Arts - Casa de l'Ensenyan\u00e7a - X\u00e0tiva Turismo","og_description":"[vc_row][vc_column width=&#8221;2\/3&#8243;][vc_tta_tabs][vc_tta_section title=&#8221;Informaci\u00f3&#8221; tab_id=&#8221;1616939684758-69ba070e-c100&#8243;][vc_column_text css=&#8221;.vc_custom_1742988438240{margin-bottom: 0px !important;}&#8221;]HORARI: De dimarts a dissabte: 10:00\u202fh \u2013 14:00\u202fh | 16:00\u202fh \u2013 18:00\u202fh Diumenges i festius: 10:00\u202fh &#8211; 14:00\u202fh ENTRADES: Es recomana adquirir les entrades\u00a0online [&hellip;]","og_url":"https:\/\/xativaturismo.com\/val\/entrades-museus\/","og_site_name":"X\u00e0tiva Turismo","article_publisher":"https:\/\/www.facebook.com\/XativaTurisme","article_modified_time":"2025-03-26T11:29:05+00:00","og_image":[{"width":846,"height":480,"url":"https:\/\/xativaturismo.com\/wp-content\/uploads\/2016\/01\/castell-menor-8.jpg","type":"image\/jpeg"}],"twitter_card":"summary_large_image","twitter_site":"@XativaTurisme","twitter_misc":{"Est. reading time":"2 minutes"},"schema":{"@context":"https:\/\/schema.org","@graph":[{"@type":"WebPage","@id":"https:\/\/xativaturismo.com\/val\/entrades-museus\/","url":"https:\/\/xativaturismo.com\/val\/entrades-museus\/","name":"Entrades Museu arqueol\u00f2gic de l'Almod\u00ed i Museu de Belles Arts - Casa de l'Ensenyan\u00e7a - X\u00e0tiva Turismo","isPartOf":{"@id":"https:\/\/xativaturismo.com\/#website"},"datePublished":"2021-02-16T21:55:24+00:00","dateModified":"2025-03-26T11:29:05+00:00","breadcrumb":{"@id":"https:\/\/xativaturismo.com\/val\/entrades-museus\/#breadcrumb"},"inLanguage":"ca","potentialAction":[{"@type":"ReadAction","target":["https:\/\/xativaturismo.com\/val\/entrades-museus\/"]}]},{"@type":"BreadcrumbList","@id":"https:\/\/xativaturismo.com\/val\/entrades-museus\/#breadcrumb","itemListElement":[{"@type":"ListItem","position":1,"name":"Portada","item":"https:\/\/xativaturismo.com\/val\/"},{"@type":"ListItem","position":2,"name":"Entrades Museu arqueol\u00f2gic de l&#8217;Almod\u00ed i Museu de Belles Arts &#8211; Casa de l&#8217;Ensenyan\u00e7a"}]},{"@type":"WebSite","@id":"https:\/\/xativaturismo.com\/#website","url":"https:\/\/xativaturismo.com\/","name":"X\u00e0tiva Turismo","description":"Bienvenidos a la oficina de Turismo de X\u00e0tiva","publisher":{"@id":"https:\/\/xativaturismo.com\/#organization"},"potentialAction":[{"@type":"SearchAction","target":{"@type":"EntryPoint","urlTemplate":"https:\/\/xativaturismo.com\/?s={search_term_string}"},"query-input":{"@type":"PropertyValueSpecification","valueRequired":true,"valueName":"search_term_string"}}],"inLanguage":"ca"},{"@type":"Organization","@id":"https:\/\/xativaturismo.com\/#organization","name":"X\u00e0tiva Turismo","url":"https:\/\/xativaturismo.com\/","logo":{"@type":"ImageObject","inLanguage":"ca","@id":"https:\/\/xativaturismo.com\/#\/schema\/logo\/image\/","url":"https:\/\/xativaturismo.com\/wp-content\/uploads\/2020\/10\/logo-lila512-2.png","contentUrl":"https:\/\/xativaturismo.com\/wp-content\/uploads\/2020\/10\/logo-lila512-2.png","width":445,"height":512,"caption":"X\u00e0tiva Turismo"},"image":{"@id":"https:\/\/xativaturismo.com\/#\/schema\/logo\/image\/"},"sameAs":["https:\/\/www.facebook.com\/XativaTurisme","https:\/\/x.com\/XativaTurisme"]}]}},"_links":{"self":[{"href":"https:\/\/xativaturismo.com\/val\/wp-json\/wp\/v2\/pages\/36424","targetHints":{"allow":["GET"]}}],"collection":[{"href":"https:\/\/xativaturismo.com\/val\/wp-json\/wp\/v2\/pages"}],"about":[{"href":"https:\/\/xativaturismo.com\/val\/wp-json\/wp\/v2\/types\/page"}],"author":[{"embeddable":true,"href":"https:\/\/xativaturismo.com\/val\/wp-json\/wp\/v2\/users\/10"}],"replies":[{"embeddable":true,"href":"https:\/\/xativaturismo.com\/val\/wp-json\/wp\/v2\/comments?post=36424"}],"version-history":[{"count":1,"href":"https:\/\/xativaturismo.com\/val\/wp-json\/wp\/v2\/pages\/36424\/revisions"}],"predecessor-version":[{"id":621837,"href":"https:\/\/xativaturismo.com\/val\/wp-json\/wp\/v2\/pages\/36424\/revisions\/621837"}],"wp:attachment":[{"href":"https:\/\/xativaturismo.com\/val\/wp-json\/wp\/v2\/media?parent=36424"}],"curies":[{"name":"wp","href":"https:\/\/api.w.org\/{rel}","templated":true}]}}