{"id":17245,"date":"2017-11-14T15:07:46","date_gmt":"2017-11-14T14:07:46","guid":{"rendered":"https:\/\/xativaturismo.com\/calidad-turistica\/"},"modified":"2021-04-27T11:35:59","modified_gmt":"2021-04-27T09:35:59","slug":"sicted-qualitat-turistica","status":"publish","type":"page","link":"https:\/\/xativaturismo.com\/val\/sicted-qualitat-turistica\/","title":{"rendered":"SICTED Qualitat Tur\u00edstica"},"content":{"rendered":"<div class=\"wpb-content-wrapper\">[vc_row fullwidth=&#8221;true&#8221;][vc_column][mk_page_title_box page_title=&#8221;GUIA D&#8217;EMPRESES SICTED&#8221; section_height=&#8221;300&#8243; bg_image=&#8221;https:\/\/xativaturismo.com\/wp-content\/uploads\/2017\/11\/cabecera-calidad-2.jpg&#8221; bg_position=&#8221;center center&#8221; overlay=&#8221;rgba(0,0,0,0.3)&#8221; bg_effects=&#8221;parallax&#8221; font_size=&#8221;42&#8243; font_color=&#8221;#dddddd&#8221; underline=&#8221;false&#8221;][\/vc_column][\/vc_row][mk_page_section padding_bottom=&#8221;0&#8243; sidebar=&#8221;sidebar-1&#8243;][vc_column][vc_empty_space height=&#8221;80px&#8221;][mk_image src=&#8221;https:\/\/xativaturismo.com\/wp-content\/uploads\/2018\/04\/sictec-4.png&#8221; image_size=&#8221;full&#8221; visibility=&#8221;hidden-sm&#8221;][mk_image src=&#8221;https:\/\/xativaturismo.com\/wp-content\/uploads\/2017\/03\/sicted_horitzontal.png&#8221; image_size=&#8221;full&#8221; align=&#8221;center&#8221; visibility=&#8221;visible-sm&#8221;][vc_empty_space height=&#8221;20px&#8221;][vc_column_text css=&#8221;.vc_custom_1522741263091{margin-bottom: 0px !important;padding-top: 10px !important;padding-bottom: 10px !important;}&#8221;]<a href=\"http:\/\/www.calidadendestino.es\/\">SICTED<\/a> (Sistema Integral de Qualitat Tur\u00edstica Espanyola en Destinacions) \u00e9s un projecte de millora de la qualitat de les destinacions tur\u00edstiques promogut per la Secretaria d\u2019Estat de Turisme, amb el recolzament de la Federaci\u00f3 Espanyola de Municipis i Prov\u00edncies, que t\u00e9 l\u2019objectiu de <strong>millorar l\u2019experi\u00e8ncia i satisfacci\u00f3 del turista<\/strong>.<\/p>\n<p>A continuaci\u00f3 oferim les empreses i serveis que han rebut aquest distintiu en reconeixement al seu esfor\u00e7 i comprom\u00eds amb la qualitat.[\/vc_column_text][\/vc_column][\/mk_page_section][mk_page_section min_height=&#8221;0&#8243; padding_top=&#8221;0&#8243; padding_bottom=&#8221;0&#8243; section_id=&#8221;restaurantes&#8221; predefined_bg=&#8221;2&#8243; first_page=&#8221;true&#8221; last_page=&#8221;true&#8221; sidebar=&#8221;sidebar-1&#8243;][vc_column css=&#8221;.vc_custom_1522741355985{padding-top: 20px !important;}&#8221; offset=&#8221;vc_hidden-md vc_hidden-sm vc_hidden-xs&#8221;][vc_masonry_grid post_type=&#8221;post&#8221; max_items=&#8221;100&#8243; show_filter=&#8221;yes&#8221; orderby=&#8221;rand&#8221; filter_style=&#8221;filled&#8221; filter_default_title=&#8221;Tots&#8221; filter_align=&#8221;left&#8221; filter_size=&#8221;lg&#8221; item=&#8221;17249&#8243; grid_id=&#8221;vc_gid:1619515968764-3617df7c-cd31-9&#8243; filter_source=&#8221;post_tag&#8221; taxonomies=&#8221;229&#8243;][\/vc_column][\/mk_page_section][mk_page_section min_height=&#8221;0&#8243; padding_top=&#8221;0&#8243; padding_bottom=&#8221;0&#8243; section_id=&#8221;restaurantes&#8221; predefined_bg=&#8221;2&#8243; first_page=&#8221;true&#8221; last_page=&#8221;true&#8221; sidebar=&#8221;sidebar-1&#8243;][vc_column css=&#8221;.vc_custom_1522741367577{padding-top: 20px !important;}&#8221; offset=&#8221;vc_hidden-lg vc_hidden-xs&#8221;][vc_masonry_grid post_type=&#8221;post&#8221; max_items=&#8221;100&#8243; show_filter=&#8221;yes&#8221; element_width=&#8221;6&#8243; orderby=&#8221;rand&#8221; filter_style=&#8221;filled&#8221; filter_default_title=&#8221;Tots&#8221; filter_size=&#8221;xs&#8221; item=&#8221;17251&#8243; grid_id=&#8221;vc_gid:1619515968765-37ec49e2-498c-7&#8243; taxonomies=&#8221;228&#8243; filter_source=&#8221;post_tag&#8221;][\/vc_column][\/mk_page_section][mk_page_section min_height=&#8221;0&#8243; padding_top=&#8221;0&#8243; padding_bottom=&#8221;0&#8243; section_id=&#8221;restaurantes&#8221; el_class=&#8221;cuadricula&#8221; predefined_bg=&#8221;2&#8243; first_page=&#8221;true&#8221; last_page=&#8221;true&#8221; sidebar=&#8221;sidebar-1&#8243;][vc_column css=&#8221;.vc_custom_1522741377369{padding-top: 20px !important;}&#8221; offset=&#8221;vc_hidden-lg vc_hidden-md vc_hidden-sm&#8221;][vc_masonry_grid post_type=&#8221;post&#8221; max_items=&#8221;100&#8243; show_filter=&#8221;yes&#8221; element_width=&#8221;12&#8243; orderby=&#8221;rand&#8221; filter_style=&#8221;filled&#8221; filter_default_title=&#8221;Tots&#8221; filter_size=&#8221;xs&#8221; item=&#8221;17251&#8243; grid_id=&#8221;vc_gid:1619515968767-fecaab0a-973f-4&#8243; taxonomies=&#8221;228&#8243; filter_source=&#8221;post_tag&#8221;][\/vc_column][\/mk_page_section][mk_page_section bg_image=&#8221;https:\/\/xativaturismo.com\/wp-content\/uploads\/2015\/12\/3.png&#8221; attachment=&#8221;fixed&#8221; section_id=&#8221;bares&#8221; predefined_bg=&#8221;3&#8243; sidebar=&#8221;sidebar-1&#8243;][vc_column css=&#8221;.vc_custom_1447182168780{padding-top: 70px !important;}&#8221;][\/vc_column][\/mk_page_section]\n<\/div>","protected":false},"excerpt":{"rendered":"<p>[vc_row fullwidth=&#8221;true&#8221;][vc_column][mk_page_title_box page_title=&#8221;GUIA D&#8217;EMPRESES SICTED&#8221; section_height=&#8221;300&#8243; bg_image=&#8221;https:\/\/xativaturismo.com\/wp-content\/uploads\/2017\/11\/cabecera-calidad-2.jpg&#8221; bg_position=&#8221;center center&#8221; overlay=&#8221;rgba(0,0,0,0.3)&#8221; bg_effects=&#8221;parallax&#8221; font_size=&#8221;42&#8243; font_color=&#8221;#dddddd&#8221; underline=&#8221;false&#8221;][\/vc_column][\/vc_row][mk_page_section padding_bottom=&#8221;0&#8243; sidebar=&#8221;sidebar-1&#8243;][vc_column][vc_empty_space height=&#8221;80px&#8221;][mk_image src=&#8221;https:\/\/xativaturismo.com\/wp-content\/uploads\/2018\/04\/sictec-4.png&#8221; image_size=&#8221;full&#8221; visibility=&#8221;hidden-sm&#8221;][mk_image src=&#8221;https:\/\/xativaturismo.com\/wp-content\/uploads\/2017\/03\/sicted_horitzontal.png&#8221; image_size=&#8221;full&#8221; align=&#8221;center&#8221; visibility=&#8221;visible-sm&#8221;][vc_empty_space height=&#8221;20px&#8221;][vc_column_text css=&#8221;.vc_custom_1522741263091{margin-bottom: 0px !important;padding-top: 10px !important;padding-bottom: [&hellip;]<\/p>\n","protected":false},"author":10,"featured_media":0,"parent":0,"menu_order":0,"comment_status":"closed","ping_status":"closed","template":"","meta":{"_price":"","_stock":"","_tribe_ticket_header":"","_tribe_default_ticket_provider":"","_ticket_start_date":"","_ticket_end_date":"","_tribe_ticket_show_description":"","_tribe_ticket_show_not_going":false,"_tribe_ticket_use_global_stock":"","_tribe_ticket_global_stock_level":"","_global_stock_mode":"","_global_stock_cap":"","_tribe_rsvp_for_event":"","_tribe_ticket_going_count":"","_tribe_ticket_not_going_count":"","_tribe_tickets_list":"[]","_tribe_ticket_has_attendee_info_fields":false,"footnotes":""},"class_list":["post-17245","page","type-page","status-publish","hentry"],"yoast_head":"<!-- This site is optimized with the Yoast SEO plugin v27.0 - https:\/\/yoast.com\/product\/yoast-seo-wordpress\/ -->\n<title>Qualitat tur\u00edstica - X\u00e0tiva Turisme<\/title>\n<meta name=\"description\" content=\"Et presentem la llista d&#039;empreses que han estat distingides amb el reconeixement SICTED. Aquest distintiu reconeix l&#039;esfor\u00e7 i el comprom\u00eds amb la qualitat.\" \/>\n<meta name=\"robots\" content=\"index, follow, max-snippet:-1, max-image-preview:large, max-video-preview:-1\" \/>\n<link rel=\"canonical\" href=\"https:\/\/xativaturismo.com\/val\/sicted-qualitat-turistica\/\" \/>\n<meta property=\"og:locale\" content=\"ca_ES\" \/>\n<meta property=\"og:type\" content=\"article\" \/>\n<meta property=\"og:title\" content=\"Guia d&#039;empreses SICTED - X\u00e0tiva Turisme\" \/>\n<meta property=\"og:description\" content=\"Et presentem la llista d&#039;empreses que han estat distingides amb el reconeixement SICTED. Aquest distintiu reconeix l&#039;esfor\u00e7 i el comprom\u00eds amb la qualitat i la millora cont\u00ednua, alhora que distingeix aquestes empreses davant de la compet\u00e8ncia.\" \/>\n<meta property=\"og:url\" content=\"https:\/\/xativaturismo.com\/val\/sicted-qualitat-turistica\/\" \/>\n<meta property=\"og:site_name\" content=\"X\u00e0tiva Turismo\" \/>\n<meta property=\"article:publisher\" content=\"https:\/\/www.facebook.com\/XativaTurisme\" \/>\n<meta property=\"article:modified_time\" content=\"2021-04-27T09:35:59+00:00\" \/>\n<meta property=\"og:image\" content=\"https:\/\/xativaturismo.com\/wp-content\/uploads\/2015\/12\/rooms.png\" \/>\n\t<meta property=\"og:image:width\" content=\"1200\" \/>\n\t<meta property=\"og:image:height\" content=\"847\" \/>\n\t<meta property=\"og:image:type\" content=\"image\/png\" \/>\n<meta name=\"twitter:card\" content=\"summary_large_image\" \/>\n<meta name=\"twitter:title\" content=\"Guia d&#039;empreses SICTED - X\u00e0tiva Turisme\" \/>\n<meta name=\"twitter:description\" content=\"Et presentem la llista d&#039;empreses que han estat distingides amb el reconeixement SICTED. Aquest distintiu reconeix l&#039;esfor\u00e7 i el comprom\u00eds amb la qualitat i la millora cont\u00ednua, alhora que distingeix aquestes empreses davant de la compet\u00e8ncia.\" \/>\n<meta name=\"twitter:image\" content=\"https:\/\/xativaturismo.com\/wp-content\/uploads\/2015\/12\/rooms.png\" \/>\n<meta name=\"twitter:site\" content=\"@XativaTurisme\" \/>\n<meta name=\"twitter:label1\" content=\"Est. reading time\" \/>\n\t<meta name=\"twitter:data1\" content=\"1 minute\" \/>\n<script type=\"application\/ld+json\" class=\"yoast-schema-graph\">{\"@context\":\"https:\/\/schema.org\",\"@graph\":[{\"@type\":\"WebPage\",\"@id\":\"https:\/\/xativaturismo.com\/val\/sicted-qualitat-turistica\/\",\"url\":\"https:\/\/xativaturismo.com\/val\/sicted-qualitat-turistica\/\",\"name\":\"Qualitat tur\u00edstica - X\u00e0tiva Turisme\",\"isPartOf\":{\"@id\":\"https:\/\/xativaturismo.com\/#website\"},\"datePublished\":\"2017-11-14T14:07:46+00:00\",\"dateModified\":\"2021-04-27T09:35:59+00:00\",\"description\":\"Et presentem la llista d'empreses que han estat distingides amb el reconeixement SICTED. Aquest distintiu reconeix l'esfor\u00e7 i el comprom\u00eds amb la qualitat.\",\"breadcrumb\":{\"@id\":\"https:\/\/xativaturismo.com\/val\/sicted-qualitat-turistica\/#breadcrumb\"},\"inLanguage\":\"ca\",\"potentialAction\":[{\"@type\":\"ReadAction\",\"target\":[\"https:\/\/xativaturismo.com\/val\/sicted-qualitat-turistica\/\"]}]},{\"@type\":\"BreadcrumbList\",\"@id\":\"https:\/\/xativaturismo.com\/val\/sicted-qualitat-turistica\/#breadcrumb\",\"itemListElement\":[{\"@type\":\"ListItem\",\"position\":1,\"name\":\"Portada\",\"item\":\"https:\/\/xativaturismo.com\/val\/\"},{\"@type\":\"ListItem\",\"position\":2,\"name\":\"SICTED Qualitat Tur\u00edstica\"}]},{\"@type\":\"WebSite\",\"@id\":\"https:\/\/xativaturismo.com\/#website\",\"url\":\"https:\/\/xativaturismo.com\/\",\"name\":\"X\u00e0tiva Turismo\",\"description\":\"Bienvenidos a la oficina de Turismo de X\u00e0tiva\",\"publisher\":{\"@id\":\"https:\/\/xativaturismo.com\/#organization\"},\"potentialAction\":[{\"@type\":\"SearchAction\",\"target\":{\"@type\":\"EntryPoint\",\"urlTemplate\":\"https:\/\/xativaturismo.com\/?s={search_term_string}\"},\"query-input\":{\"@type\":\"PropertyValueSpecification\",\"valueRequired\":true,\"valueName\":\"search_term_string\"}}],\"inLanguage\":\"ca\"},{\"@type\":\"Organization\",\"@id\":\"https:\/\/xativaturismo.com\/#organization\",\"name\":\"X\u00e0tiva Turismo\",\"url\":\"https:\/\/xativaturismo.com\/\",\"logo\":{\"@type\":\"ImageObject\",\"inLanguage\":\"ca\",\"@id\":\"https:\/\/xativaturismo.com\/#\/schema\/logo\/image\/\",\"url\":\"https:\/\/xativaturismo.com\/wp-content\/uploads\/2020\/10\/logo-lila512-2.png\",\"contentUrl\":\"https:\/\/xativaturismo.com\/wp-content\/uploads\/2020\/10\/logo-lila512-2.png\",\"width\":445,\"height\":512,\"caption\":\"X\u00e0tiva Turismo\"},\"image\":{\"@id\":\"https:\/\/xativaturismo.com\/#\/schema\/logo\/image\/\"},\"sameAs\":[\"https:\/\/www.facebook.com\/XativaTurisme\",\"https:\/\/x.com\/XativaTurisme\"]}]}<\/script>\n<!-- \/ Yoast SEO plugin. -->","yoast_head_json":{"title":"Qualitat tur\u00edstica - X\u00e0tiva Turisme","description":"Et presentem la llista d'empreses que han estat distingides amb el reconeixement SICTED. Aquest distintiu reconeix l'esfor\u00e7 i el comprom\u00eds amb la qualitat.","robots":{"index":"index","follow":"follow","max-snippet":"max-snippet:-1","max-image-preview":"max-image-preview:large","max-video-preview":"max-video-preview:-1"},"canonical":"https:\/\/xativaturismo.com\/val\/sicted-qualitat-turistica\/","og_locale":"ca_ES","og_type":"article","og_title":"Guia d'empreses SICTED - X\u00e0tiva Turisme","og_description":"Et presentem la llista d'empreses que han estat distingides amb el reconeixement SICTED. Aquest distintiu reconeix l'esfor\u00e7 i el comprom\u00eds amb la qualitat i la millora cont\u00ednua, alhora que distingeix aquestes empreses davant de la compet\u00e8ncia.","og_url":"https:\/\/xativaturismo.com\/val\/sicted-qualitat-turistica\/","og_site_name":"X\u00e0tiva Turismo","article_publisher":"https:\/\/www.facebook.com\/XativaTurisme","article_modified_time":"2021-04-27T09:35:59+00:00","og_image":[{"width":1200,"height":847,"url":"https:\/\/xativaturismo.com\/wp-content\/uploads\/2015\/12\/rooms.png","type":"image\/png"}],"twitter_card":"summary_large_image","twitter_title":"Guia d'empreses SICTED - X\u00e0tiva Turisme","twitter_description":"Et presentem la llista d'empreses que han estat distingides amb el reconeixement SICTED. Aquest distintiu reconeix l'esfor\u00e7 i el comprom\u00eds amb la qualitat i la millora cont\u00ednua, alhora que distingeix aquestes empreses davant de la compet\u00e8ncia.","twitter_image":"https:\/\/xativaturismo.com\/wp-content\/uploads\/2015\/12\/rooms.png","twitter_site":"@XativaTurisme","twitter_misc":{"Est. reading time":"1 minute"},"schema":{"@context":"https:\/\/schema.org","@graph":[{"@type":"WebPage","@id":"https:\/\/xativaturismo.com\/val\/sicted-qualitat-turistica\/","url":"https:\/\/xativaturismo.com\/val\/sicted-qualitat-turistica\/","name":"Qualitat tur\u00edstica - X\u00e0tiva Turisme","isPartOf":{"@id":"https:\/\/xativaturismo.com\/#website"},"datePublished":"2017-11-14T14:07:46+00:00","dateModified":"2021-04-27T09:35:59+00:00","description":"Et presentem la llista d'empreses que han estat distingides amb el reconeixement SICTED. Aquest distintiu reconeix l'esfor\u00e7 i el comprom\u00eds amb la qualitat.","breadcrumb":{"@id":"https:\/\/xativaturismo.com\/val\/sicted-qualitat-turistica\/#breadcrumb"},"inLanguage":"ca","potentialAction":[{"@type":"ReadAction","target":["https:\/\/xativaturismo.com\/val\/sicted-qualitat-turistica\/"]}]},{"@type":"BreadcrumbList","@id":"https:\/\/xativaturismo.com\/val\/sicted-qualitat-turistica\/#breadcrumb","itemListElement":[{"@type":"ListItem","position":1,"name":"Portada","item":"https:\/\/xativaturismo.com\/val\/"},{"@type":"ListItem","position":2,"name":"SICTED Qualitat Tur\u00edstica"}]},{"@type":"WebSite","@id":"https:\/\/xativaturismo.com\/#website","url":"https:\/\/xativaturismo.com\/","name":"X\u00e0tiva Turismo","description":"Bienvenidos a la oficina de Turismo de X\u00e0tiva","publisher":{"@id":"https:\/\/xativaturismo.com\/#organization"},"potentialAction":[{"@type":"SearchAction","target":{"@type":"EntryPoint","urlTemplate":"https:\/\/xativaturismo.com\/?s={search_term_string}"},"query-input":{"@type":"PropertyValueSpecification","valueRequired":true,"valueName":"search_term_string"}}],"inLanguage":"ca"},{"@type":"Organization","@id":"https:\/\/xativaturismo.com\/#organization","name":"X\u00e0tiva Turismo","url":"https:\/\/xativaturismo.com\/","logo":{"@type":"ImageObject","inLanguage":"ca","@id":"https:\/\/xativaturismo.com\/#\/schema\/logo\/image\/","url":"https:\/\/xativaturismo.com\/wp-content\/uploads\/2020\/10\/logo-lila512-2.png","contentUrl":"https:\/\/xativaturismo.com\/wp-content\/uploads\/2020\/10\/logo-lila512-2.png","width":445,"height":512,"caption":"X\u00e0tiva Turismo"},"image":{"@id":"https:\/\/xativaturismo.com\/#\/schema\/logo\/image\/"},"sameAs":["https:\/\/www.facebook.com\/XativaTurisme","https:\/\/x.com\/XativaTurisme"]}]}},"_links":{"self":[{"href":"https:\/\/xativaturismo.com\/val\/wp-json\/wp\/v2\/pages\/17245","targetHints":{"allow":["GET"]}}],"collection":[{"href":"https:\/\/xativaturismo.com\/val\/wp-json\/wp\/v2\/pages"}],"about":[{"href":"https:\/\/xativaturismo.com\/val\/wp-json\/wp\/v2\/types\/page"}],"author":[{"embeddable":true,"href":"https:\/\/xativaturismo.com\/val\/wp-json\/wp\/v2\/users\/10"}],"replies":[{"embeddable":true,"href":"https:\/\/xativaturismo.com\/val\/wp-json\/wp\/v2\/comments?post=17245"}],"version-history":[{"count":0,"href":"https:\/\/xativaturismo.com\/val\/wp-json\/wp\/v2\/pages\/17245\/revisions"}],"wp:attachment":[{"href":"https:\/\/xativaturismo.com\/val\/wp-json\/wp\/v2\/media?parent=17245"}],"curies":[{"name":"wp","href":"https:\/\/api.w.org\/{rel}","templated":true}]}}