{"id":16902,"date":"2017-09-18T15:09:02","date_gmt":"2017-09-18T13:09:02","guid":{"rendered":"https:\/\/xativaturismo.com\/privacidad\/"},"modified":"2019-06-27T10:54:16","modified_gmt":"2019-06-27T10:54:16","slug":"privacitat","status":"publish","type":"page","link":"https:\/\/xativaturismo.com\/val\/privacitat\/","title":{"rendered":"Privacitat"},"content":{"rendered":"[mk_page_section bg_image=&#8221;https:\/\/xativaturismo.com\/wp-content\/uploads\/2015\/12\/15.png&#8221; padding_top=&#8221;99&#8243; padding_bottom=&#8221;99&#8243; el_class=&#8221;cookies&#8221; sidebar=&#8221;sidebar-1&#8243;][vc_column][vc_column_text css=&#8221;.vc_custom_1561632847146{margin-bottom: 0px !important;}&#8221;]\n<h3 style=\"text-align: justify;\">Pol\u00edtica de privacitat<\/h3>\n<p>INFORMACI\u00d3 ADDICIONAL (LEGITIMACI\u00d3 Art. 6.1.I REGLAMENT GENERAL DE PROTECCI\u00d3 DE DADES INTER\u00c8S P\u00daBLIC I L&#8217;Art. 8 LOPD-GDD)<\/p>\n<p><strong>Qui \u00e9s el responsable del tractament de les seves dades personals?<\/strong><\/p>\n<p><em>Responsable<\/em><br \/>\nIdentitat: Ajuntament de X\u00e0tiva [P4614700E]\nAdre\u00e7a Postal: Albereda Jaume I, 35. X\u00e0tiva. 46800 Valencia<br \/>\nTel\u00e8fon: 962289800<br \/>\nCorreu electr\u00f2nic: ciutada@xativa.es<\/p>\n<p><em>Delegat de Protecci\u00f3 de Dades<\/em><br \/>\nDades de contacte:<\/p>\n<p>Correu postal: Registre General. Albereda Jaume I, 35. X\u00e0tiva. 46800 Valencia<br \/>\nAmb quina finalitat tractem les seves dades?<\/p>\n<p>En aquesta Entitat tractem la informaci\u00f3 obtinguda amb la finalitat de poder tramitar els expedients administratius i les actuacions derivades d&#8217;ells.<\/p>\n<p><strong>Per quant temps conservarem les seves dades?<\/strong><\/p>\n<p>Emmagatzemem les dades durant el temps necessari per poder complir amb les obligacions legals que encomana la normativa administrativa, i sempre, complint almenys amb el temps m\u00ednim de conservaci\u00f3 de la informaci\u00f3. De conformitat amb el regulat en l&#8217;article 26 de la LOPD-GDD ser\u00e0 l\u00edcit el tractament per aquesta Entitat de les dades amb finalitats d&#8217;arxiu en inter\u00e8s p\u00fablic, sempre complint amb la normativa vigent d&#8217;arxius i documentaci\u00f3.<\/p>\n<p><strong>Exist\u00e8ncia de decisions automatitzades?<\/strong><\/p>\n<p>Aquesta Entitat pot prendre decisions automatitzades basades en la cobertura legal que li atorga l&#8217;article 41 de la Llei 40\/2015, d&#8217;1 d&#8217;octubre, de R\u00e8gim Jur\u00eddic del Sector P\u00fablic. Seria qualsevol acte o l&#8217;actuaci\u00f3 realitzada \u00edntegrament a trav\u00e9s de mitjans electr\u00f2nics en el marc d&#8217;un procediment administratiu i en la qual no hagi intervingut de forma directa una persona.<\/p>\n<p>Deur\u00e0 regular-se la presa de decisions automatitzades en una normativa pr\u00f2pia, definint en aquesta les especificacions, programaci\u00f3, manteniment, supervisi\u00f3 i control de qualitat. Dita normativa estar\u00e0 a la disposici\u00f3 dels ciutadans a la seu electr\u00f2nica d&#8217;aquesta Entitat.<\/p>\n<p><strong>Quina \u00e9s la legitimaci\u00f3 per al tractament de les seves dades personals?<\/strong><\/p>\n<p>La base legal per al tractament de les seves dades \u00e9s el compliment d&#8217;una missi\u00f3 que \u00e9s realitzada en inter\u00e8s p\u00fablic o en l&#8217;exercici de poders p\u00fablics, de conformitat amb la Llei 39\/2015, d&#8217;1 d&#8217;octubre, de Procediment Administratiu Com\u00fa.<\/p>\n<p><strong>A quins destinataris es comunicaran les seves dades?<\/strong><\/p>\n<p>Les dades es comunicaran a altres Administracions P\u00fabliques sempre que sigui necessari per complir amb les finalitats enumerades anteriorment, sempre que existeixi normativa legal que ho empari.<\/p>\n<p>A m\u00e9s, la Entitat t\u00e9 contractada la eina GESTIONA amb la empresa ESPUBLICO SERVEIS PER LA ADMINISTRACI\u00d3 S.A. que \u00e9s el encarregat del tractament de els dades segons el contracte de enc\u00e0rrec signat entre les parts.<\/p>\n<p><strong>Quins s\u00f3n els seus drets en relaci\u00f3 amb les dades facilitades?<\/strong><\/p>\n<p>Cualquier persona tiene <strong>derecho a obtener informaci\u00f3n<\/strong> sobre si en esta Entidad se est\u00e1n tratando sus datos personales o no.<\/p>\n<p>Las personas interesadas tienen <strong>derecho a acceder a sus datos personales<\/strong>, al plazo de conservaci\u00f3n de sus datos, incluso a obtener una copia de los datos objeto del tratamiento.<\/p>\n<p>Asimismo, tiene <strong>derecho de rectificaci\u00f3n de los datos<\/strong> si son inexactos. (Por ejemplo, puede solicitar una rectificaci\u00f3n de su domicilio, un cambio de nombre, etc.).<\/p>\n<p>Los interesados tienen <strong>derecho a la limitaci\u00f3n del tratamiento<\/strong>, para ello deber\u00e1n de solicitarlo al responsable, el cual deber\u00e1 de suspender el tratamiento de los datos cuando los ciudadanos soliciten la rectificaci\u00f3n o supresi\u00f3n de sus datos, hasta que se resuelva su solicitud.<\/p>\n<p>Los interesados podr\u00e1n ejercer el <strong>derecho de supresi\u00f3n<\/strong> (derecho al olvido) siempre que se den las circunstancias enumeradas en el RGPD y seg\u00fan lo regulado en el art\u00edculo 15 de la LOPD-GDD.<\/p>\n<p>El afectado puede ejercer el <strong>derecho de oposici\u00f3n al tratamiento<\/strong>, siempre por motivos relacionados con su situaci\u00f3n personal, con la excepci\u00f3n del que se acredite un inter\u00e9s leg\u00edtimo, o sea necesario para el ejercicio o defensa de reclamaciones. Igualmente, cuando el tratamiento tenga por objeto la mercadot\u00e9cnica directa.<\/p>\n<p>El interesado tendr\u00e1 <strong>derecho a la portabilidad<\/strong> a obtener los datos en un formato estructurado, de uso com\u00fan y de lectura mec\u00e1nica, y a transmitirlos a otro responsable del tratamiento cuando el tratamiento est\u00e9 basado en el consentimiento o se efect\u00fae por medios automatizados.<\/p>\n<p>Los interesados podr\u00e1n ejercer los derechos enumerados en los p\u00e1rrafos anteriores, a trav\u00e9s de los formularios disponibles en la sede electr\u00f3nica de esta entidad o remitiendo a la misma un escrito por correo postal.<\/p>\n<p><strong>Tr\u00e0mits electr\u00f2nics<\/strong><\/p>\n<p>Exercici dels Drets de Rectificaci\u00f3, Supressi\u00f3, Limitaci\u00f3, Portabilitat o Oposici\u00f3 en relaci\u00f3 amb Dades de Car\u00e0cter Personal<\/p>\n<p><a href=\"https:\/\/xativa.sedelectronica.es\/privacy.0.4?x=Od0*J1c1ak*fItvBwdne1DqVynqRoztByrkd*k1EaWLSI6UstcMVo-CkPJsU49B1dniywcRXMo4pJo0ODyA7K6yJMRejhL9tuQb-9Hf45s0mjychKtwNQg\">Informaci\u00f3<\/a> | <a href=\"https:\/\/xativa.sedelectronica.es\/privacy.0.4?x=Od0*J1c1ak*fItvBwdne1DqVynqRoztByrkd*k1EaWLSI6UstcMVo-CkPJsU49B1dniywcRXMo6LUipIGaDEp-BIee6T3UK1B6MhPSl1x-tyBhaZPpNEOQ\">Descarregar Inst\u00e0ncia<\/a> | <a href=\"https:\/\/xativa.sedelectronica.es\/privacy.0.4?x=Od0*J1c1ak*fItvBwdne1DqVynqRoztByrkd*k1EaWLSI6UstcMVo-CkPJsU49B1dniywcRXMo58oEW*HhangZcG*Gdby5mInuzPZkMiRYfCBKhyxML5Ag\">Tramitaci\u00f3 Electr\u00f2nica <\/a><\/p>\n<p>Exercici del Dret d&#8217;Acc\u00e9s (Dades de Car\u00e0cter Personal)<\/p>\n<p><a href=\"https:\/\/xativa.sedelectronica.es\/privacy.0.4?x=Od0*J1c1ak*fItvBwdne1DqVynqRoztByrkd*k1EaWLSI6UstcMVo-CkPJsU49B1dniywcRXMo7fU18tNqpS9aNakCXme6kEZB0QV8cGfolMm4gQEKsacA\">Informaci\u00f3<\/a> | <a href=\"https:\/\/xativa.sedelectronica.es\/privacy.0.4?x=Od0*J1c1ak*fItvBwdne1DqVynqRoztByrkd*k1EaWLSI6UstcMVo-CkPJsU49B1dniywcRXMo5VT41rWr0BH*i8xTOQNNOSB*XJCzpnpSqy1e5MVgJFmg\">Descarregar Inst\u00e0ncia<\/a> | <a href=\"https:\/\/xativa.sedelectronica.es\/privacy.0.4?x=Od0*J1c1ak*fItvBwdne1DqVynqRoztByrkd*k1EaWLSI6UstcMVo-CkPJsU49B1dniywcRXMo6-KMUwgNrGqYA387QOPmKvrBVzZa0jWyLdiZGNygjnBg\">Tramitaci\u00f3 Electr\u00f2nica<\/a><\/p>\n<p><strong>Quan puc exercir el dret de reclamaci\u00f3 davant l&#8217;Autoritat de Control?<\/strong><\/p>\n<p>Podr\u00e0 presentar reclamaci\u00f3 davant l&#8217;Autoritat de Control en mat\u00e8ria de Protecci\u00f3 de Dades competent, especialment quan no hagi obtingut satisfacci\u00f3 en l&#8217;exercici dels seus drets, mitjan\u00e7ant escrit dirigit a l&#8217;Ag\u00e8ncia Espanyola de Protecci\u00f3 de Dades, C\/Jorge Juan n\u00fam. 6, 28001 Madrid o b\u00e9 accedint a la seva seu electr\u00f2nica: https:\/\/sedeagpd.gob.es\/sede-electronica-web\/<\/p>\n<p><strong>Pol\u00edtiques de cookies?<\/strong><\/p>\n<p>Podr\u00e0 accedir a la pol\u00edtica de cookies en la nostra p\u00e0gina de <a href=\"\/?page_id=8053\" target=\"_blank\" rel=\"noopener noreferrer\">pol\u00edtica de cookies<\/a>.[\/vc_column_text][\/vc_column][\/mk_page_section]\n","protected":false},"excerpt":{"rendered":"<p>[mk_page_section bg_image=&#8221;https:\/\/xativaturismo.com\/wp-content\/uploads\/2015\/12\/15.png&#8221; padding_top=&#8221;99&#8243; padding_bottom=&#8221;99&#8243; el_class=&#8221;cookies&#8221; sidebar=&#8221;sidebar-1&#8243;][vc_column][vc_column_text css=&#8221;.vc_custom_1561632847146{margin-bottom: 0px !important;}&#8221;] Pol\u00edtica de privacitat INFORMACI\u00d3 ADDICIONAL (LEGITIMACI\u00d3 Art. 6.1.I REGLAMENT GENERAL DE PROTECCI\u00d3 DE DADES INTER\u00c8S P\u00daBLIC I L&#8217;Art. 8 LOPD-GDD) Qui [&hellip;]<\/p>\n","protected":false},"author":10,"featured_media":0,"parent":0,"menu_order":0,"comment_status":"closed","ping_status":"closed","template":"","meta":{"_price":"","_stock":"","_tribe_ticket_header":"","_tribe_default_ticket_provider":"","_ticket_start_date":"","_ticket_end_date":"","_tribe_ticket_show_description":"","_tribe_ticket_show_not_going":false,"_tribe_ticket_use_global_stock":"","_tribe_ticket_global_stock_level":"","_global_stock_mode":"","_global_stock_cap":"","_tribe_rsvp_for_event":"","_tribe_ticket_going_count":"","_tribe_ticket_not_going_count":"","_tribe_tickets_list":"[]","_tribe_ticket_has_attendee_info_fields":false,"footnotes":""},"class_list":["post-16902","page","type-page","status-publish","hentry"],"yoast_head":"<!-- This site is optimized with the Yoast SEO plugin v27.0 - https:\/\/yoast.com\/product\/yoast-seo-wordpress\/ -->\n<title>Privacitat - X\u00e0tiva Turismo<\/title>\n<meta name=\"robots\" content=\"noindex, nofollow\" \/>\n<meta property=\"og:locale\" content=\"ca_ES\" \/>\n<meta property=\"og:type\" content=\"article\" \/>\n<meta property=\"og:title\" content=\"Privacitat - X\u00e0tiva Turismo\" \/>\n<meta property=\"og:description\" content=\"[mk_page_section bg_image=&#8221;https:\/\/xativaturismo.com\/wp-content\/uploads\/2015\/12\/15.png&#8221; padding_top=&#8221;99&#8243; padding_bottom=&#8221;99&#8243; el_class=&#8221;cookies&#8221; sidebar=&#8221;sidebar-1&#8243;][vc_column][vc_column_text css=&#8221;.vc_custom_1561632847146{margin-bottom: 0px !important;}&#8221;] Pol\u00edtica de privacitat INFORMACI\u00d3 ADDICIONAL (LEGITIMACI\u00d3 Art. 6.1.I REGLAMENT GENERAL DE PROTECCI\u00d3 DE DADES INTER\u00c8S P\u00daBLIC I L&#8217;Art. 8 LOPD-GDD) Qui [&hellip;]\" \/>\n<meta property=\"og:url\" content=\"https:\/\/xativaturismo.com\/val\/privacitat\/\" \/>\n<meta property=\"og:site_name\" content=\"X\u00e0tiva Turismo\" \/>\n<meta property=\"article:publisher\" content=\"https:\/\/www.facebook.com\/XativaTurisme\" \/>\n<meta property=\"article:modified_time\" content=\"2019-06-27T10:54:16+00:00\" \/>\n<meta property=\"og:image\" content=\"https:\/\/xativaturismo.com\/wp-content\/uploads\/2016\/01\/castell-menor-8.jpg\" \/>\n\t<meta property=\"og:image:width\" content=\"846\" \/>\n\t<meta property=\"og:image:height\" content=\"480\" \/>\n\t<meta property=\"og:image:type\" content=\"image\/jpeg\" \/>\n<meta name=\"twitter:card\" content=\"summary_large_image\" \/>\n<meta name=\"twitter:site\" content=\"@XativaTurisme\" \/>\n<meta name=\"twitter:label1\" content=\"Est. reading time\" \/>\n\t<meta name=\"twitter:data1\" content=\"5 minutes\" \/>\n<script type=\"application\/ld+json\" class=\"yoast-schema-graph\">{\"@context\":\"https:\/\/schema.org\",\"@graph\":[{\"@type\":\"WebPage\",\"@id\":\"https:\/\/xativaturismo.com\/val\/privacitat\/\",\"url\":\"https:\/\/xativaturismo.com\/val\/privacitat\/\",\"name\":\"Privacitat - X\u00e0tiva Turismo\",\"isPartOf\":{\"@id\":\"https:\/\/xativaturismo.com\/#website\"},\"datePublished\":\"2017-09-18T13:09:02+00:00\",\"dateModified\":\"2019-06-27T10:54:16+00:00\",\"breadcrumb\":{\"@id\":\"https:\/\/xativaturismo.com\/val\/privacitat\/#breadcrumb\"},\"inLanguage\":\"ca\",\"potentialAction\":[{\"@type\":\"ReadAction\",\"target\":[\"https:\/\/xativaturismo.com\/val\/privacitat\/\"]}]},{\"@type\":\"BreadcrumbList\",\"@id\":\"https:\/\/xativaturismo.com\/val\/privacitat\/#breadcrumb\",\"itemListElement\":[{\"@type\":\"ListItem\",\"position\":1,\"name\":\"Portada\",\"item\":\"https:\/\/xativaturismo.com\/val\/inicio-copy-2\/\"},{\"@type\":\"ListItem\",\"position\":2,\"name\":\"Privacitat\"}]},{\"@type\":\"WebSite\",\"@id\":\"https:\/\/xativaturismo.com\/#website\",\"url\":\"https:\/\/xativaturismo.com\/\",\"name\":\"X\u00e0tiva Turismo\",\"description\":\"Bienvenidos a la oficina de Turismo de X\u00e0tiva\",\"publisher\":{\"@id\":\"https:\/\/xativaturismo.com\/#organization\"},\"potentialAction\":[{\"@type\":\"SearchAction\",\"target\":{\"@type\":\"EntryPoint\",\"urlTemplate\":\"https:\/\/xativaturismo.com\/?s={search_term_string}\"},\"query-input\":{\"@type\":\"PropertyValueSpecification\",\"valueRequired\":true,\"valueName\":\"search_term_string\"}}],\"inLanguage\":\"ca\"},{\"@type\":\"Organization\",\"@id\":\"https:\/\/xativaturismo.com\/#organization\",\"name\":\"X\u00e0tiva Turismo\",\"url\":\"https:\/\/xativaturismo.com\/\",\"logo\":{\"@type\":\"ImageObject\",\"inLanguage\":\"ca\",\"@id\":\"https:\/\/xativaturismo.com\/#\/schema\/logo\/image\/\",\"url\":\"https:\/\/xativaturismo.com\/wp-content\/uploads\/2020\/10\/logo-lila512-2.png\",\"contentUrl\":\"https:\/\/xativaturismo.com\/wp-content\/uploads\/2020\/10\/logo-lila512-2.png\",\"width\":445,\"height\":512,\"caption\":\"X\u00e0tiva Turismo\"},\"image\":{\"@id\":\"https:\/\/xativaturismo.com\/#\/schema\/logo\/image\/\"},\"sameAs\":[\"https:\/\/www.facebook.com\/XativaTurisme\",\"https:\/\/x.com\/XativaTurisme\"]}]}<\/script>\n<!-- \/ Yoast SEO plugin. -->","yoast_head_json":{"title":"Privacitat - X\u00e0tiva Turismo","robots":{"index":"noindex","follow":"nofollow"},"og_locale":"ca_ES","og_type":"article","og_title":"Privacitat - X\u00e0tiva Turismo","og_description":"[mk_page_section bg_image=&#8221;https:\/\/xativaturismo.com\/wp-content\/uploads\/2015\/12\/15.png&#8221; padding_top=&#8221;99&#8243; padding_bottom=&#8221;99&#8243; el_class=&#8221;cookies&#8221; sidebar=&#8221;sidebar-1&#8243;][vc_column][vc_column_text css=&#8221;.vc_custom_1561632847146{margin-bottom: 0px !important;}&#8221;] Pol\u00edtica de privacitat INFORMACI\u00d3 ADDICIONAL (LEGITIMACI\u00d3 Art. 6.1.I REGLAMENT GENERAL DE PROTECCI\u00d3 DE DADES INTER\u00c8S P\u00daBLIC I L&#8217;Art. 8 LOPD-GDD) Qui [&hellip;]","og_url":"https:\/\/xativaturismo.com\/val\/privacitat\/","og_site_name":"X\u00e0tiva Turismo","article_publisher":"https:\/\/www.facebook.com\/XativaTurisme","article_modified_time":"2019-06-27T10:54:16+00:00","og_image":[{"width":846,"height":480,"url":"https:\/\/xativaturismo.com\/wp-content\/uploads\/2016\/01\/castell-menor-8.jpg","type":"image\/jpeg"}],"twitter_card":"summary_large_image","twitter_site":"@XativaTurisme","twitter_misc":{"Est. reading time":"5 minutes"},"schema":{"@context":"https:\/\/schema.org","@graph":[{"@type":"WebPage","@id":"https:\/\/xativaturismo.com\/val\/privacitat\/","url":"https:\/\/xativaturismo.com\/val\/privacitat\/","name":"Privacitat - X\u00e0tiva Turismo","isPartOf":{"@id":"https:\/\/xativaturismo.com\/#website"},"datePublished":"2017-09-18T13:09:02+00:00","dateModified":"2019-06-27T10:54:16+00:00","breadcrumb":{"@id":"https:\/\/xativaturismo.com\/val\/privacitat\/#breadcrumb"},"inLanguage":"ca","potentialAction":[{"@type":"ReadAction","target":["https:\/\/xativaturismo.com\/val\/privacitat\/"]}]},{"@type":"BreadcrumbList","@id":"https:\/\/xativaturismo.com\/val\/privacitat\/#breadcrumb","itemListElement":[{"@type":"ListItem","position":1,"name":"Portada","item":"https:\/\/xativaturismo.com\/val\/inicio-copy-2\/"},{"@type":"ListItem","position":2,"name":"Privacitat"}]},{"@type":"WebSite","@id":"https:\/\/xativaturismo.com\/#website","url":"https:\/\/xativaturismo.com\/","name":"X\u00e0tiva Turismo","description":"Bienvenidos a la oficina de Turismo de X\u00e0tiva","publisher":{"@id":"https:\/\/xativaturismo.com\/#organization"},"potentialAction":[{"@type":"SearchAction","target":{"@type":"EntryPoint","urlTemplate":"https:\/\/xativaturismo.com\/?s={search_term_string}"},"query-input":{"@type":"PropertyValueSpecification","valueRequired":true,"valueName":"search_term_string"}}],"inLanguage":"ca"},{"@type":"Organization","@id":"https:\/\/xativaturismo.com\/#organization","name":"X\u00e0tiva Turismo","url":"https:\/\/xativaturismo.com\/","logo":{"@type":"ImageObject","inLanguage":"ca","@id":"https:\/\/xativaturismo.com\/#\/schema\/logo\/image\/","url":"https:\/\/xativaturismo.com\/wp-content\/uploads\/2020\/10\/logo-lila512-2.png","contentUrl":"https:\/\/xativaturismo.com\/wp-content\/uploads\/2020\/10\/logo-lila512-2.png","width":445,"height":512,"caption":"X\u00e0tiva Turismo"},"image":{"@id":"https:\/\/xativaturismo.com\/#\/schema\/logo\/image\/"},"sameAs":["https:\/\/www.facebook.com\/XativaTurisme","https:\/\/x.com\/XativaTurisme"]}]}},"_links":{"self":[{"href":"https:\/\/xativaturismo.com\/val\/wp-json\/wp\/v2\/pages\/16902","targetHints":{"allow":["GET"]}}],"collection":[{"href":"https:\/\/xativaturismo.com\/val\/wp-json\/wp\/v2\/pages"}],"about":[{"href":"https:\/\/xativaturismo.com\/val\/wp-json\/wp\/v2\/types\/page"}],"author":[{"embeddable":true,"href":"https:\/\/xativaturismo.com\/val\/wp-json\/wp\/v2\/users\/10"}],"replies":[{"embeddable":true,"href":"https:\/\/xativaturismo.com\/val\/wp-json\/wp\/v2\/comments?post=16902"}],"version-history":[{"count":0,"href":"https:\/\/xativaturismo.com\/val\/wp-json\/wp\/v2\/pages\/16902\/revisions"}],"wp:attachment":[{"href":"https:\/\/xativaturismo.com\/val\/wp-json\/wp\/v2\/media?parent=16902"}],"curies":[{"name":"wp","href":"https:\/\/api.w.org\/{rel}","templated":true}]}}