{"id":16871,"date":"2017-09-06T08:48:12","date_gmt":"2017-09-06T06:48:12","guid":{"rendered":"https:\/\/xativaturismo.com\/app-ayuda\/"},"modified":"2022-09-13T18:29:02","modified_gmt":"2022-09-13T16:29:02","slug":"app-ajuda","status":"publish","type":"page","link":"https:\/\/xativaturismo.com\/val\/app-ajuda\/","title":{"rendered":"APP Ajuda"},"content":{"rendered":"<div class=\"wpb-content-wrapper\">[vc_row fullwidth=&#8221;true&#8221;][vc_column][mk_page_title_box page_title=&#8221;NOVA APP &#8211; X\u00c0TIVA TURISME&#8221; section_height=&#8221;350&#8243; bg_image=&#8221;https:\/\/xativaturismo.com\/wp-content\/uploads\/2017\/09\/cabecera81-2.jpg&#8221; bg_position=&#8221;left center&#8221; overlay=&#8221;rgba(0,0,0,0.49)&#8221; bg_effects=&#8221;parallax&#8221; font_size=&#8221;42&#8243; font_color=&#8221;#dddddd&#8221; underline=&#8221;false&#8221;][\/vc_column][\/vc_row][mk_page_section min_height=&#8221;0&#8243; padding_top=&#8221;40&#8243; padding_bottom=&#8221;40&#8243; sidebar=&#8221;sidebar-1&#8243;][vc_column css=&#8221;.vc_custom_1504692514832{padding-top: 30px !important;padding-bottom: 10px !important;}&#8221;][vc_column_text css=&#8221;.vc_custom_1598870908134{margin-bottom: 0px !important;}&#8221;]\n<h1>DESC\u00c0RREGUES<\/h1>\n<p><span style=\"font-weight: 400;\">Descarrega de manera gratu\u00efta l&#8217;APP de X\u00e0tiva Turisme. La guia m\u00e9s r\u00e0pida i intu\u00eftiva per a visitar la ciutat.<br \/>\n<\/span>[\/vc_column_text][vc_row_inner attached=&#8221;true&#8221; el_id=&#8221;botones&#8221;][vc_column_inner width=&#8221;1\/2&#8243;][mk_button dimension=&#8221;two&#8221; corner_style=&#8221;rounded&#8221; size=&#8221;medium&#8221; icon=&#8221;mk-icon-apple&#8221; url=&#8221;https:\/\/itunes.apple.com\/es\/app\/id1263833649&#8243; align=&#8221;center&#8221; button_custom_width=&#8221;305&#8243; margin_top=&#8221;20&#8243; bg_color=&#8221;#9c1851&#8243;]SISTEMA IOS[\/mk_button][\/vc_column_inner][vc_column_inner width=&#8221;1\/2&#8243;][mk_button dimension=&#8221;two&#8221; corner_style=&#8221;rounded&#8221; size=&#8221;medium&#8221; icon=&#8221;mk-moon-android&#8221; url=&#8221;https:\/\/play.google.com\/store\/apps\/details?id=com.xatcom_net.app.xativa_turismo&amp;hl=es&#8221; align=&#8221;center&#8221; button_custom_width=&#8221;305&#8243; margin_top=&#8221;20&#8243; bg_color=&#8221;#9c1851&#8243;]SISTEMA ANDROID[\/mk_button][\/vc_column_inner][\/vc_row_inner][\/vc_column][\/mk_page_section][mk_page_section min_height=&#8221;0&#8243; padding_top=&#8221;40&#8243; padding_bottom=&#8221;40&#8243; top_shape_color=&#8221;#ffffff&#8221; bottom_shape_color=&#8221;#ffffff&#8221; first_page=&#8221;true&#8221; last_page=&#8221;true&#8221; sidebar=&#8221;sidebar-1&#8243;][vc_column css=&#8221;.vc_custom_1451864099925{padding-top: 30px !important;padding-bottom: 10px !important;}&#8221;][vc_column_text]\n<h1>PREGUNTES FREQ\u00dcENTS<\/h1>\n<p><span style=\"font-weight: 400;\">Presentem els dubtes m\u00e9s habituals en relaci\u00f3n a la instal\u00b7laci\u00f3 i funcionament de l&#8217;APP de X\u00e0tiva Turisme.<br \/>\n<\/span>[\/vc_column_text][\/vc_column][vc_column][vc_tta_accordion style=&#8221;flat&#8221; color=&#8221;chino&#8221; spacing=&#8221;5&#8243; c_icon=&#8221;&#8221; active_section=&#8221;&#8221; no_fill=&#8221;true&#8221; collapsible_all=&#8221;true&#8221;][vc_tta_section title=&#8221;Pol\u00edtica de privacitat APP&#8221; tab_id=&#8221;1663086167358-e40fdee1-db80&#8243;][vc_column_text css=&#8221;.vc_custom_1663086501835{margin-bottom: 0px !important;}&#8221;]En compliment del Reglament (UE) 2016\/679, del Parlament Europeu i del Consell, de 27 d&#8217;abril de 2016, d&#8217;ara endavant RGPD, l&#8217;AJUNTAMENT DE X\u00c0TIVA posa de manifest aquesta pol\u00edtica de privadesa i de protecci\u00f3 de dades en relaci\u00f3 amb les dades facilitades lliurement i volunt\u00e0riament pels usuaris i les usu\u00e0ries:<\/p>\n<p><strong>Identitat i dades de contacte del responsable del tractament:<\/strong><\/p>\n<p>AJUNTAMENT DE X\u00c0TIVA<br \/>\nCIF: P4614700E<br \/>\nAdre\u00e7a: Albereda Jaume I, 35,<br \/>\n46800 X\u00e0tiva<br \/>\nTel\u00e8fon: 96 228 98 00<br \/>\nCorreu electr\u00f2nic: oxi@ayto-xativa.es<\/p>\n<p><strong>\u00c0mbit d&#8217;aplicaci\u00f3<\/strong><\/p>\n<p>Aquesta pol\u00edtica \u00e9s aplicable a les persones seg\u00fcents:<\/p>\n<p>Persones que usen l&#8217;aplicaci\u00f3 XATIVA TURISME GUIA OFICIAL als dispositius m\u00f2bils.<\/p>\n<p><strong>Quan fa servir l&#8217;APP els permisos d&#8217;ubicaci\u00f3 del dispositiu?<\/strong><\/p>\n<p>En fer servir l&#8217;aplicaci\u00f3 fem servir la ubicaci\u00f3 del dispositiu per gestionar l&#8217;usuari en relaci\u00f3 amb els punts d&#8217;inter\u00e8s que recomanem visitar. Aquesta funcionalitat permet informar l&#8217;usuari de la dist\u00e0ncia relativa a qu\u00e8 es troben. Tamb\u00e9 permet a l&#8217;usuari con\u00e8ixer la dist\u00e0ncia relativa (de m\u00e9s a prop a m\u00e9s lluny) de tots els llocs d&#8217;inter\u00e8s que es troben a la destinaci\u00f3 tur\u00edstica.<\/p>\n<p><strong>\u00das en segon pla d&#8217;ubicaci\u00f3<\/strong><\/p>\n<p>Amb l&#8217;objectiu de millorar l&#8217;experi\u00e8ncia de la visita, l&#8217;APP facilita mitjan\u00e7ant l&#8217;\u00fas de la tecnologia GPS orientar el recorregut pels carrers de la ciutat amb un sistema de notificacions per proximitat a punts d&#8217;inter\u00e8s (POI). Aquesta funci\u00f3 pot estar activada quan l&#8217;aplicaci\u00f3 est\u00e0 tancada i funciona en segon pla. Es pot desactivar des del men\u00fa inferior \u201cConfiguraci\u00f3\u201d desactivant l&#8217;opci\u00f3 \u201cNotificacions de proximitat\u201d.<\/p>\n<p>Aquesta funcionalitat permet als usuaris que passegen per la ciutat saber que s\u00f3n a prop d&#8217;un punt d&#8217;inter\u00e8s per visitar sense l&#8217;obligaci\u00f3 de cercar el contingut a l&#8217;aplicaci\u00f3.<\/p>\n<p><strong>\u00das en segon pla de notificacions<\/strong><\/p>\n<p>Aquests avisos apareixeran al terminal dels usuaris de vegades especials, per comunicar informacions d&#8217;inter\u00e8s com, per exemple, inauguraci\u00f3 de festes, exposicions, etc. Es mostraran en format text al m\u00f2bil i contindran un enlla\u00e7 en una vista de web dins de la pr\u00f2pia aplicaci\u00f3.<\/p>\n<p><strong>Finalitats del tractament i base legal<\/strong><\/p>\n<p>L&#8217;aplicaci\u00f3 nom\u00e9s recull dades d&#8217;ubicaci\u00f3 de manera an\u00f2nima per utilitzar-les. En cap cas aquestes dades no s&#8217;incorporaran a cap fitxer amb la intenci\u00f3 de dur a terme un tractament de les dades o incorporar-les a cap base de dades amb la finalitat de fer comunicacions comercials.<\/p>\n<p><strong>Preguntes freq\u00fcents<\/strong><\/p>\n<p>L&#8217;aplicaci\u00f3 compta amb una p\u00e0gina web d&#8217;ajuda on s&#8217;especifiquen totes les caracter\u00edstiques del sistema de geolocalitzaci\u00f3. https:\/\/xativaturismo.com\/app-ayuda\/<\/p>\n<p><strong>Data de publicaci\u00f3<\/strong><\/p>\n<p>Aquesta pol\u00edtica de privadesa ha estat publicada el 5 de setembre de 2022.[\/vc_column_text][\/vc_tta_section][vc_tta_section i_icon_fontawesome=&#8221;fa fa-cogs&#8221; add_icon=&#8221;true&#8221; title=&#8221;Quins s\u00f3n els requisits m\u00ednims per a instal\u00b7lar l&#8217;APP?&#8221; tab_id=&#8221;1451558781517-ffaa521d-d7d4&#8243;][vc_column_text css=&#8221;.vc_custom_1505129597870{margin-bottom: 0px !important;}&#8221;]Disposar d\u2019un tel\u00e8fon amb sistema operatiu Android, amb versi\u00f3 4.0 o posterior i un espai disponible de 98.2 MB com a m\u00ednim. O amb sistema IOS, a partir de la versi\u00f3 8.0, amb un espai disponible de 134 MB com a m\u00ednim. En ambd\u00f3s casos, amb connexi\u00f3 a internet.[\/vc_column_text][\/vc_tta_section][vc_tta_section i_icon_fontawesome=&#8221;fa fa-video-camera&#8221; add_icon=&#8221;true&#8221; title=&#8221;Com puc botar la seq\u00fc\u00e8ncia de v\u00eddeo inicial?&#8221; tab_id=&#8221;1505129453035-8850f4e2-1320&#8243;][vc_column_text]Cada vegada que s\u2019obre l\u2019APP de X\u00e0tiva Turisme es reprodueix una seq\u00fc\u00e8ncia de v\u00eddeo de presentaci\u00f3. Es pot botar clicant en el logo de X\u00e0tiva Turisme en forma de <i>X<\/i>, a la part inferior dreta de la pantalla.[\/vc_column_text][\/vc_tta_section][vc_tta_section i_icon_fontawesome=&#8221;fa fa-reply-all&#8221; add_icon=&#8221;true&#8221; title=&#8221;Com puc tornar enrere, en la navegaci\u00f3 de l\u2019APP?&#8221; tab_id=&#8221;1451939818319-0dc8afac-cca3&#8243;][vc_column_text]En el men\u00fa superior, en tot moment trobarem la icona d\u2019una fletxa apuntant a l\u2019esquerra, que serveix per navegar fins la p\u00e0gina anterior.[\/vc_column_text][\/vc_tta_section][vc_tta_section i_icon_fontawesome=&#8221;fa fa-globe&#8221; add_icon=&#8221;true&#8221; title=&#8221;Com puc canviar l\u2019idioma de l\u2019APP?&#8221; tab_id=&#8221;1451940279913-c8d34ad3-be17&#8243;][vc_column_text]Al men\u00fa inferior hi ha la icona de configuraci\u00f3, la de l\u2019extrem dret. Entrem en <i>configuraci\u00f3<\/i> i trobarem el bot\u00f3 <i>canviar idioma<\/i>.[\/vc_column_text][\/vc_tta_section][vc_tta_section i_icon_fontawesome=&#8221;fa fa-wpforms&#8221; add_icon=&#8221;true&#8221; title=&#8221;Com puc desactivar les notificacions de proximitat?&#8221; tab_id=&#8221;1451937052077-a3b60b22-d78a&#8221;][vc_column_text]Al men\u00fa inferior hi ha la icona de configuraci\u00f3, la de l\u2019extrem dret. Entrem en <i>configuraci\u00f3<\/i> i trobarem el bot\u00f3 per a gestionar les notificacions de proximitat, aix\u00ed com les not\u00edcies.[\/vc_column_text][\/vc_tta_section][vc_tta_section i_icon_fontawesome=&#8221;fa fa-bell&#8221; add_icon=&#8221;true&#8221; title=&#8221;Qu\u00e8 s\u00f3n les notificacions de proximitat?&#8221; tab_id=&#8221;1451935951345-939ff944-78eb&#8221;][vc_column_text]Les notificacions de proximitat s\u2019activen quan hi ha prop un monument de la ciutat i informen de la dist\u00e0ncia a qu\u00e8 es troba. Tamb\u00e9 funcionen amb els punts d\u2019inter\u00e8s del Castell.[\/vc_column_text][\/vc_tta_section][vc_tta_section i_icon_fontawesome=&#8221;fa fa-bullseye&#8221; add_icon=&#8221;true&#8221; title=&#8221;Qu\u00e8 significa el bot\u00f3 rebre not\u00edcies, en la secci\u00f3 de configuraci\u00f3?&#8221; tab_id=&#8221;1451501370378-4be61ca0-61f8&#8243;][vc_column_text disable_pattern=&#8221;false&#8221; margin_bottom=&#8221;10&#8243; el_class=&#8221;text-info&#8221;]Si actives el bot\u00f3 <i>rebre not\u00edcies<\/i>, rebr\u00e0s al teu tel\u00e8fon informacions d\u2019inter\u00e8s general pels visitants de la ciutat de X\u00e0tiva.[\/vc_column_text][\/vc_tta_section][vc_tta_section i_icon_fontawesome=&#8221;fa fa-university&#8221; add_icon=&#8221;true&#8221; title=&#8221;Com puc trobar monuments, rutes, restaurants, allotjaments i altres espais d\u2019inter\u00e8s sobre un mapa?&#8221; tab_id=&#8221;1451502648840-2315b613-6bd3&#8243;][vc_column_text]Clicant en la icona de geolocalitzaci\u00f3, al men\u00fa inferior en segona posici\u00f3 comen\u00e7ant per l\u2019esquerra. Es poden veure els punts d\u2019inter\u00e8s per tem\u00e0tica o tots junts, seleccionant des del men\u00fa superior. La seg\u00fcent icona per la dreta d\u00f3na acc\u00e9s a una p\u00e0gina explicativa dels punts d\u2019inter\u00e8s seleccionats, amb la dist\u00e0ncia a qu\u00e8 es troben.[\/vc_column_text][\/vc_tta_section][vc_tta_section i_icon_fontawesome=&#8221;fa fa-volume-up&#8221; add_icon=&#8221;true&#8221; title=&#8221;Qu\u00e8 s\u00f3n les audioguies?&#8221; tab_id=&#8221;festividades&#8221;][vc_column_text]L\u2019APP ofereix completes explicacions en \u00e0udio dels principals monuments i dels punts d\u2019inter\u00e8s del Castell.[\/vc_column_text][\/vc_tta_section][vc_tta_section i_icon_fontawesome=&#8221;fa fa-heart&#8221; add_icon=&#8221;true&#8221; title=&#8221;Quins serveis ha de tindre activats el meu tel\u00e8fon per tal que l\u2019APP funcione correctament?&#8221; tab_id=&#8221;1451940955624-5ddb8082-bedb&#8221;][vc_column_text]Cal tindre activada el servei de geolocalitzaci\u00f3. Tamb\u00e9 cal una connexi\u00f3 de dades per tal que els mapes funcionen correctament; aquesta funcionalitat ocasiona un consum de dades m\u00ednim.[\/vc_column_text][\/vc_tta_section][\/vc_tta_accordion][\/vc_column][\/mk_page_section][mk_page_section min_height=&#8221;0&#8243; padding_top=&#8221;40&#8243; padding_bottom=&#8221;40&#8243; top_shape_color=&#8221;#ffffff&#8221; bottom_shape_color=&#8221;#ffffff&#8221; first_page=&#8221;true&#8221; last_page=&#8221;true&#8221; sidebar=&#8221;sidebar-1&#8243;][\/mk_page_section][vc_column css=&#8221;.vc_custom_1451864099925{padding-top: 30px !important;padding-bottom: 10px !important;}&#8221;][\/vc_column][vc_column_text css=&#8221;.vc_custom_1598870955130{margin-bottom: 0px !important;}&#8221;]\n<p>I am text block. Click edit button to change this text. Lorem ipsum dolor sit amet, consectetur adipiscing elit. Ut elit tellus, luctus nec ullamcorper mattis, pulvinar dapibus leo.<\/p>\n[\/vc_column_text]\n<\/div>","protected":false},"excerpt":{"rendered":"<p>[vc_row fullwidth=&#8221;true&#8221;][vc_column][mk_page_title_box page_title=&#8221;NOVA APP &#8211; X\u00c0TIVA TURISME&#8221; section_height=&#8221;350&#8243; bg_image=&#8221;https:\/\/xativaturismo.com\/wp-content\/uploads\/2017\/09\/cabecera81-2.jpg&#8221; bg_position=&#8221;left center&#8221; overlay=&#8221;rgba(0,0,0,0.49)&#8221; bg_effects=&#8221;parallax&#8221; font_size=&#8221;42&#8243; font_color=&#8221;#dddddd&#8221; underline=&#8221;false&#8221;][\/vc_column][\/vc_row][mk_page_section min_height=&#8221;0&#8243; padding_top=&#8221;40&#8243; padding_bottom=&#8221;40&#8243; sidebar=&#8221;sidebar-1&#8243;][vc_column css=&#8221;.vc_custom_1504692514832{padding-top: 30px !important;padding-bottom: 10px !important;}&#8221;][vc_column_text css=&#8221;.vc_custom_1598870908134{margin-bottom: 0px !important;}&#8221;] DESC\u00c0RREGUES Descarrega [&hellip;]<\/p>\n","protected":false},"author":10,"featured_media":8007,"parent":0,"menu_order":0,"comment_status":"closed","ping_status":"closed","template":"","meta":{"_price":"","_stock":"","_tribe_ticket_header":"","_tribe_default_ticket_provider":"","_ticket_start_date":"","_ticket_end_date":"","_tribe_ticket_show_description":"","_tribe_ticket_show_not_going":false,"_tribe_ticket_use_global_stock":"","_tribe_ticket_global_stock_level":"","_global_stock_mode":"","_global_stock_cap":"","_tribe_rsvp_for_event":"","_tribe_ticket_going_count":"","_tribe_ticket_not_going_count":"","_tribe_tickets_list":"[]","_tribe_ticket_has_attendee_info_fields":false,"footnotes":""},"class_list":["post-16871","page","type-page","status-publish","has-post-thumbnail","hentry"],"yoast_head":"<!-- This site is optimized with the Yoast SEO plugin v27.0 - https:\/\/yoast.com\/product\/yoast-seo-wordpress\/ -->\n<title>Informaci\u00f3 b\u00e0sica APP - X\u00e0tiva Turisme<\/title>\n<meta name=\"description\" content=\"APP X\u00e0tiva Turismo, informaci\u00f3n pr\u00e1ctica y preguntas frecuentes\" \/>\n<meta name=\"robots\" content=\"index, follow, max-snippet:-1, max-image-preview:large, max-video-preview:-1\" \/>\n<link rel=\"canonical\" href=\"https:\/\/xativaturismo.com\/val\/app-ajuda\/\" \/>\n<meta property=\"og:locale\" content=\"ca_ES\" \/>\n<meta property=\"og:type\" content=\"article\" \/>\n<meta property=\"og:title\" content=\"Informaci\u00f3n para viajar a X\u00e0tiva - X\u00e0tiva Turismo\" \/>\n<meta property=\"og:description\" content=\"Viajar a X\u00e0tiva, informaci\u00f3n pr\u00e1ctica y preguntas frecuentes\" \/>\n<meta property=\"og:url\" content=\"https:\/\/xativaturismo.com\/val\/app-ajuda\/\" \/>\n<meta property=\"og:site_name\" content=\"X\u00e0tiva Turismo\" \/>\n<meta property=\"article:publisher\" content=\"https:\/\/www.facebook.com\/XativaTurisme\" \/>\n<meta property=\"article:modified_time\" content=\"2022-09-13T16:29:02+00:00\" \/>\n<meta property=\"og:image\" content=\"https:\/\/xativaturismo.com\/wp-content\/uploads\/2016\/01\/castell-menor-8.jpg\" \/>\n\t<meta property=\"og:image:width\" content=\"846\" \/>\n\t<meta property=\"og:image:height\" content=\"480\" \/>\n\t<meta property=\"og:image:type\" content=\"image\/jpeg\" \/>\n<meta name=\"twitter:card\" content=\"summary_large_image\" \/>\n<meta name=\"twitter:title\" content=\"Informaci\u00f3n para viajar a X\u00e0tiva - X\u00e0tiva Turismo\" \/>\n<meta name=\"twitter:description\" content=\"Viajar a X\u00e0tiva, informaci\u00f3n pr\u00e1ctica y preguntas frecuentes\" \/>\n<meta name=\"twitter:image\" content=\"https:\/\/xativaturismo.com\/wp-content\/uploads\/2016\/01\/informacion.jpg\" \/>\n<meta name=\"twitter:site\" content=\"@XativaTurisme\" \/>\n<meta name=\"twitter:label1\" content=\"Est. reading time\" \/>\n\t<meta name=\"twitter:data1\" content=\"5 minutes\" \/>\n<script type=\"application\/ld+json\" class=\"yoast-schema-graph\">{\"@context\":\"https:\/\/schema.org\",\"@graph\":[{\"@type\":\"WebPage\",\"@id\":\"https:\/\/xativaturismo.com\/val\/app-ajuda\/\",\"url\":\"https:\/\/xativaturismo.com\/val\/app-ajuda\/\",\"name\":\"Informaci\u00f3 b\u00e0sica APP - X\u00e0tiva Turisme\",\"isPartOf\":{\"@id\":\"https:\/\/xativaturismo.com\/#website\"},\"primaryImageOfPage\":{\"@id\":\"https:\/\/xativaturismo.com\/val\/app-ajuda\/#primaryimage\"},\"image\":{\"@id\":\"https:\/\/xativaturismo.com\/val\/app-ajuda\/#primaryimage\"},\"thumbnailUrl\":\"https:\/\/xativaturismo.com\/wp-content\/uploads\/2016\/01\/Rosa-4-3.jpg\",\"datePublished\":\"2017-09-06T06:48:12+00:00\",\"dateModified\":\"2022-09-13T16:29:02+00:00\",\"description\":\"APP X\u00e0tiva Turismo, informaci\u00f3n pr\u00e1ctica y preguntas frecuentes\",\"breadcrumb\":{\"@id\":\"https:\/\/xativaturismo.com\/val\/app-ajuda\/#breadcrumb\"},\"inLanguage\":\"ca\",\"potentialAction\":[{\"@type\":\"ReadAction\",\"target\":[\"https:\/\/xativaturismo.com\/val\/app-ajuda\/\"]}]},{\"@type\":\"ImageObject\",\"inLanguage\":\"ca\",\"@id\":\"https:\/\/xativaturismo.com\/val\/app-ajuda\/#primaryimage\",\"url\":\"https:\/\/xativaturismo.com\/wp-content\/uploads\/2016\/01\/Rosa-4-3.jpg\",\"contentUrl\":\"https:\/\/xativaturismo.com\/wp-content\/uploads\/2016\/01\/Rosa-4-3.jpg\",\"width\":1598,\"height\":906},{\"@type\":\"BreadcrumbList\",\"@id\":\"https:\/\/xativaturismo.com\/val\/app-ajuda\/#breadcrumb\",\"itemListElement\":[{\"@type\":\"ListItem\",\"position\":1,\"name\":\"Portada\",\"item\":\"https:\/\/xativaturismo.com\/val\/inicio-copy-2\/\"},{\"@type\":\"ListItem\",\"position\":2,\"name\":\"APP Ajuda\"}]},{\"@type\":\"WebSite\",\"@id\":\"https:\/\/xativaturismo.com\/#website\",\"url\":\"https:\/\/xativaturismo.com\/\",\"name\":\"X\u00e0tiva Turismo\",\"description\":\"Bienvenidos a la oficina de Turismo de X\u00e0tiva\",\"publisher\":{\"@id\":\"https:\/\/xativaturismo.com\/#organization\"},\"potentialAction\":[{\"@type\":\"SearchAction\",\"target\":{\"@type\":\"EntryPoint\",\"urlTemplate\":\"https:\/\/xativaturismo.com\/?s={search_term_string}\"},\"query-input\":{\"@type\":\"PropertyValueSpecification\",\"valueRequired\":true,\"valueName\":\"search_term_string\"}}],\"inLanguage\":\"ca\"},{\"@type\":\"Organization\",\"@id\":\"https:\/\/xativaturismo.com\/#organization\",\"name\":\"X\u00e0tiva Turismo\",\"url\":\"https:\/\/xativaturismo.com\/\",\"logo\":{\"@type\":\"ImageObject\",\"inLanguage\":\"ca\",\"@id\":\"https:\/\/xativaturismo.com\/#\/schema\/logo\/image\/\",\"url\":\"https:\/\/xativaturismo.com\/wp-content\/uploads\/2020\/10\/logo-lila512-2.png\",\"contentUrl\":\"https:\/\/xativaturismo.com\/wp-content\/uploads\/2020\/10\/logo-lila512-2.png\",\"width\":445,\"height\":512,\"caption\":\"X\u00e0tiva Turismo\"},\"image\":{\"@id\":\"https:\/\/xativaturismo.com\/#\/schema\/logo\/image\/\"},\"sameAs\":[\"https:\/\/www.facebook.com\/XativaTurisme\",\"https:\/\/x.com\/XativaTurisme\"]}]}<\/script>\n<!-- \/ Yoast SEO plugin. -->","yoast_head_json":{"title":"Informaci\u00f3 b\u00e0sica APP - X\u00e0tiva Turisme","description":"APP X\u00e0tiva Turismo, informaci\u00f3n pr\u00e1ctica y preguntas frecuentes","robots":{"index":"index","follow":"follow","max-snippet":"max-snippet:-1","max-image-preview":"max-image-preview:large","max-video-preview":"max-video-preview:-1"},"canonical":"https:\/\/xativaturismo.com\/val\/app-ajuda\/","og_locale":"ca_ES","og_type":"article","og_title":"Informaci\u00f3n para viajar a X\u00e0tiva - X\u00e0tiva Turismo","og_description":"Viajar a X\u00e0tiva, informaci\u00f3n pr\u00e1ctica y preguntas frecuentes","og_url":"https:\/\/xativaturismo.com\/val\/app-ajuda\/","og_site_name":"X\u00e0tiva Turismo","article_publisher":"https:\/\/www.facebook.com\/XativaTurisme","article_modified_time":"2022-09-13T16:29:02+00:00","og_image":[{"width":846,"height":480,"url":"https:\/\/xativaturismo.com\/wp-content\/uploads\/2016\/01\/castell-menor-8.jpg","type":"image\/jpeg"}],"twitter_card":"summary_large_image","twitter_title":"Informaci\u00f3n para viajar a X\u00e0tiva - X\u00e0tiva Turismo","twitter_description":"Viajar a X\u00e0tiva, informaci\u00f3n pr\u00e1ctica y preguntas frecuentes","twitter_image":"https:\/\/xativaturismo.com\/wp-content\/uploads\/2016\/01\/informacion.jpg","twitter_site":"@XativaTurisme","twitter_misc":{"Est. reading time":"5 minutes"},"schema":{"@context":"https:\/\/schema.org","@graph":[{"@type":"WebPage","@id":"https:\/\/xativaturismo.com\/val\/app-ajuda\/","url":"https:\/\/xativaturismo.com\/val\/app-ajuda\/","name":"Informaci\u00f3 b\u00e0sica APP - X\u00e0tiva Turisme","isPartOf":{"@id":"https:\/\/xativaturismo.com\/#website"},"primaryImageOfPage":{"@id":"https:\/\/xativaturismo.com\/val\/app-ajuda\/#primaryimage"},"image":{"@id":"https:\/\/xativaturismo.com\/val\/app-ajuda\/#primaryimage"},"thumbnailUrl":"https:\/\/xativaturismo.com\/wp-content\/uploads\/2016\/01\/Rosa-4-3.jpg","datePublished":"2017-09-06T06:48:12+00:00","dateModified":"2022-09-13T16:29:02+00:00","description":"APP X\u00e0tiva Turismo, informaci\u00f3n pr\u00e1ctica y preguntas frecuentes","breadcrumb":{"@id":"https:\/\/xativaturismo.com\/val\/app-ajuda\/#breadcrumb"},"inLanguage":"ca","potentialAction":[{"@type":"ReadAction","target":["https:\/\/xativaturismo.com\/val\/app-ajuda\/"]}]},{"@type":"ImageObject","inLanguage":"ca","@id":"https:\/\/xativaturismo.com\/val\/app-ajuda\/#primaryimage","url":"https:\/\/xativaturismo.com\/wp-content\/uploads\/2016\/01\/Rosa-4-3.jpg","contentUrl":"https:\/\/xativaturismo.com\/wp-content\/uploads\/2016\/01\/Rosa-4-3.jpg","width":1598,"height":906},{"@type":"BreadcrumbList","@id":"https:\/\/xativaturismo.com\/val\/app-ajuda\/#breadcrumb","itemListElement":[{"@type":"ListItem","position":1,"name":"Portada","item":"https:\/\/xativaturismo.com\/val\/inicio-copy-2\/"},{"@type":"ListItem","position":2,"name":"APP Ajuda"}]},{"@type":"WebSite","@id":"https:\/\/xativaturismo.com\/#website","url":"https:\/\/xativaturismo.com\/","name":"X\u00e0tiva Turismo","description":"Bienvenidos a la oficina de Turismo de X\u00e0tiva","publisher":{"@id":"https:\/\/xativaturismo.com\/#organization"},"potentialAction":[{"@type":"SearchAction","target":{"@type":"EntryPoint","urlTemplate":"https:\/\/xativaturismo.com\/?s={search_term_string}"},"query-input":{"@type":"PropertyValueSpecification","valueRequired":true,"valueName":"search_term_string"}}],"inLanguage":"ca"},{"@type":"Organization","@id":"https:\/\/xativaturismo.com\/#organization","name":"X\u00e0tiva Turismo","url":"https:\/\/xativaturismo.com\/","logo":{"@type":"ImageObject","inLanguage":"ca","@id":"https:\/\/xativaturismo.com\/#\/schema\/logo\/image\/","url":"https:\/\/xativaturismo.com\/wp-content\/uploads\/2020\/10\/logo-lila512-2.png","contentUrl":"https:\/\/xativaturismo.com\/wp-content\/uploads\/2020\/10\/logo-lila512-2.png","width":445,"height":512,"caption":"X\u00e0tiva Turismo"},"image":{"@id":"https:\/\/xativaturismo.com\/#\/schema\/logo\/image\/"},"sameAs":["https:\/\/www.facebook.com\/XativaTurisme","https:\/\/x.com\/XativaTurisme"]}]}},"_links":{"self":[{"href":"https:\/\/xativaturismo.com\/val\/wp-json\/wp\/v2\/pages\/16871","targetHints":{"allow":["GET"]}}],"collection":[{"href":"https:\/\/xativaturismo.com\/val\/wp-json\/wp\/v2\/pages"}],"about":[{"href":"https:\/\/xativaturismo.com\/val\/wp-json\/wp\/v2\/types\/page"}],"author":[{"embeddable":true,"href":"https:\/\/xativaturismo.com\/val\/wp-json\/wp\/v2\/users\/10"}],"replies":[{"embeddable":true,"href":"https:\/\/xativaturismo.com\/val\/wp-json\/wp\/v2\/comments?post=16871"}],"version-history":[{"count":0,"href":"https:\/\/xativaturismo.com\/val\/wp-json\/wp\/v2\/pages\/16871\/revisions"}],"wp:featuredmedia":[{"embeddable":true,"href":"https:\/\/xativaturismo.com\/val\/wp-json\/wp\/v2\/media\/8007"}],"wp:attachment":[{"href":"https:\/\/xativaturismo.com\/val\/wp-json\/wp\/v2\/media?parent=16871"}],"curies":[{"name":"wp","href":"https:\/\/api.w.org\/{rel}","templated":true}]}}