{"id":160520,"date":"2022-02-05T08:12:40","date_gmt":"2022-02-05T07:12:40","guid":{"rendered":"https:\/\/xativaturismo.com\/?page_id=160520"},"modified":"2022-02-05T10:04:31","modified_gmt":"2022-02-05T09:04:31","slug":"visitas-guiadas-2","status":"publish","type":"page","link":"https:\/\/xativaturismo.com\/val\/visitas-guiadas-2\/","title":{"rendered":"Visites guiades"},"content":{"rendered":"<div class=\"wpb-content-wrapper\">[vc_row fullwidth=&#8221;true&#8221;][vc_column][mk_page_title_box page_title=&#8221;VISITES GUIADES&#8221; section_height=&#8221;300&#8243; bg_image=&#8221;https:\/\/xativaturismo.com\/wp-content\/uploads\/2016\/11\/cabecera-guias.jpg&#8221; bg_position=&#8221;left bottom&#8221; overlay=&#8221;rgba(0,0,0,0.3)&#8221; bg_effects=&#8221;parallax&#8221; font_size=&#8221;42&#8243; font_color=&#8221;#ffffff&#8221; underline=&#8221;false&#8221;][\/vc_column][\/vc_row][mk_page_section bg_image=&#8221;https:\/\/xativaturismo.com\/wp-content\/uploads\/2015\/12\/15.png&#8221; min_height=&#8221;0&#8243; section_id=&#8221;restaurantes&#8221; predefined_bg=&#8221;15&#8243; first_page=&#8221;true&#8221; last_page=&#8221;true&#8221; sidebar=&#8221;sidebar-1&#8243;][vc_column css=&#8221;.vc_custom_1448912506142{padding-top: 70px !important;}&#8221; offset=&#8221;vc_hidden-md vc_hidden-sm vc_hidden-xs&#8221;][vc_masonry_grid post_type=&#8221;post&#8221; max_items=&#8221;30&#8243; orderby=&#8221;rand&#8221; item=&#8221;160568&#8243; grid_id=&#8221;vc_gid:1644051812981-46daf505d1de22281bb0d33c6eaa722d-6&#8243; taxonomies=&#8221;181&#8243;][\/vc_column][\/mk_page_section][mk_page_section bg_image=&#8221;https:\/\/xativaturismo.com\/wp-content\/uploads\/2015\/12\/15.png&#8221; min_height=&#8221;0&#8243; section_id=&#8221;restaurantes&#8221; predefined_bg=&#8221;15&#8243; first_page=&#8221;true&#8221; last_page=&#8221;true&#8221; sidebar=&#8221;sidebar-1&#8243;][vc_column css=&#8221;.vc_custom_1449688635622{padding-top: 10px !important;}&#8221; offset=&#8221;vc_hidden-lg vc_hidden-xs&#8221;][vc_masonry_grid post_type=&#8221;post&#8221; max_items=&#8221;30&#8243; element_width=&#8221;6&#8243; orderby=&#8221;rand&#8221; item=&#8221;160572&#8243; grid_id=&#8221;vc_gid:1644051813000-c1db726b47433d75f2e7f939370f0b99-2&#8243; taxonomies=&#8221;181&#8243;][\/vc_column][\/mk_page_section][mk_page_section bg_image=&#8221;https:\/\/xativaturismo.com\/wp-content\/uploads\/2015\/12\/15.png&#8221; min_height=&#8221;0&#8243; section_id=&#8221;restaurantes&#8221; el_class=&#8221;cuadricula&#8221; predefined_bg=&#8221;15&#8243; first_page=&#8221;true&#8221; last_page=&#8221;true&#8221; sidebar=&#8221;sidebar-1&#8243;][vc_column css=&#8221;.vc_custom_1449688645646{padding-top: 10px !important;}&#8221; offset=&#8221;vc_hidden-lg vc_hidden-md vc_hidden-sm&#8221;][vc_masonry_grid post_type=&#8221;post&#8221; max_items=&#8221;30&#8243; element_width=&#8221;12&#8243; orderby=&#8221;rand&#8221; item=&#8221;160572&#8243; grid_id=&#8221;vc_gid:1644051813021-5aab61a6471b77facd29a17fdd99ebc9-6&#8243; taxonomies=&#8221;181&#8243;][\/vc_column][\/mk_page_section][mk_page_section bg_image=&#8221;https:\/\/xativaturismo.com\/wp-content\/uploads\/2015\/12\/3.png&#8221; section_id=&#8221;bares&#8221; predefined_bg=&#8221;3&#8243; sidebar=&#8221;sidebar-1&#8243;][vc_column css=&#8221;.vc_custom_1447182168780{padding-top: 70px !important;}&#8221;][\/vc_column][\/mk_page_section]\n<\/div>","protected":false},"excerpt":{"rendered":"<p>[vc_row fullwidth=&#8221;true&#8221;][vc_column][mk_page_title_box page_title=&#8221;VISITES GUIADES&#8221; section_height=&#8221;300&#8243; bg_image=&#8221;https:\/\/xativaturismo.com\/wp-content\/uploads\/2016\/11\/cabecera-guias.jpg&#8221; bg_position=&#8221;left bottom&#8221; overlay=&#8221;rgba(0,0,0,0.3)&#8221; bg_effects=&#8221;parallax&#8221; font_size=&#8221;42&#8243; font_color=&#8221;#ffffff&#8221; underline=&#8221;false&#8221;][\/vc_column][\/vc_row][mk_page_section bg_image=&#8221;https:\/\/xativaturismo.com\/wp-content\/uploads\/2015\/12\/15.png&#8221; min_height=&#8221;0&#8243; section_id=&#8221;restaurantes&#8221; predefined_bg=&#8221;15&#8243; first_page=&#8221;true&#8221; last_page=&#8221;true&#8221; sidebar=&#8221;sidebar-1&#8243;][vc_column css=&#8221;.vc_custom_1448912506142{padding-top: 70px !important;}&#8221; offset=&#8221;vc_hidden-md vc_hidden-sm vc_hidden-xs&#8221;][vc_masonry_grid post_type=&#8221;post&#8221; max_items=&#8221;30&#8243; orderby=&#8221;rand&#8221; item=&#8221;160568&#8243; [&hellip;]<\/p>\n","protected":false},"author":10,"featured_media":10626,"parent":0,"menu_order":0,"comment_status":"closed","ping_status":"closed","template":"","meta":{"_price":"","_stock":"","_tribe_ticket_header":"","_tribe_default_ticket_provider":"","_ticket_start_date":"","_ticket_end_date":"","_tribe_ticket_show_description":"","_tribe_ticket_show_not_going":false,"_tribe_ticket_use_global_stock":"","_tribe_ticket_global_stock_level":"","_global_stock_mode":"","_global_stock_cap":"","_tribe_rsvp_for_event":"","_tribe_ticket_going_count":"","_tribe_ticket_not_going_count":"","_tribe_tickets_list":"[]","_tribe_ticket_has_attendee_info_fields":false,"footnotes":""},"class_list":["post-160520","page","type-page","status-publish","has-post-thumbnail","hentry"],"yoast_head":"<!-- This site is optimized with the Yoast SEO plugin v27.0 - https:\/\/yoast.com\/product\/yoast-seo-wordpress\/ -->\n<title>Visites guiades - X\u00e0tiva Turismo<\/title>\n<meta name=\"description\" content=\"Te proponemos una selecci\u00f3n de agencias que ofrecen servicios de gu\u00edas tur\u00edsticos para comprender mejor la historia de X\u00e0tiva.\" \/>\n<meta name=\"robots\" content=\"index, follow, max-snippet:-1, max-image-preview:large, max-video-preview:-1\" \/>\n<link rel=\"canonical\" href=\"https:\/\/xativaturismo.com\/val\/visitas-guiadas-2\/\" \/>\n<meta property=\"og:locale\" content=\"ca_ES\" \/>\n<meta property=\"og:type\" content=\"article\" \/>\n<meta property=\"og:title\" content=\"Gu\u00eda de restaurantes - X\u00e0tiva Turismo\" \/>\n<meta property=\"og:description\" content=\"Una selecci\u00f3n de Restaurantes para disfrutar de los sabores de X\u00e0tiva y de su variada oferta culinaria: tradicional, de autor, mediterr\u00e1nea, t\u00edpica de las comarcas centrales...\" \/>\n<meta property=\"og:url\" content=\"https:\/\/xativaturismo.com\/val\/visitas-guiadas-2\/\" \/>\n<meta property=\"og:site_name\" content=\"X\u00e0tiva Turismo\" \/>\n<meta property=\"article:publisher\" content=\"https:\/\/www.facebook.com\/XativaTurisme\" \/>\n<meta property=\"article:modified_time\" content=\"2022-02-05T09:04:31+00:00\" \/>\n<meta property=\"og:image\" content=\"https:\/\/xativaturismo.com\/wp-content\/uploads\/2016\/01\/gastronomia.jpg\" \/>\n\t<meta property=\"og:image:width\" content=\"1598\" \/>\n\t<meta property=\"og:image:height\" content=\"906\" \/>\n\t<meta property=\"og:image:type\" content=\"image\/jpeg\" \/>\n<meta name=\"twitter:card\" content=\"summary_large_image\" \/>\n<meta name=\"twitter:title\" content=\"Gu\u00eda de restaurantes - X\u00e0tiva Turismo\" \/>\n<meta name=\"twitter:description\" content=\"Una selecci\u00f3n de Restaurantes para disfrutar de los sabores de X\u00e0tiva y de su variada oferta culinaria: tradicional, de autor, mediterr\u00e1nea, t\u00edpica de las comarcas centrales...\" \/>\n<meta name=\"twitter:image\" content=\"https:\/\/xativaturismo.com\/wp-content\/uploads\/2015\/12\/IMG_1677.jpg\" \/>\n<meta name=\"twitter:site\" content=\"@XativaTurisme\" \/>\n<meta name=\"twitter:label1\" content=\"Est. reading time\" \/>\n\t<meta name=\"twitter:data1\" content=\"1 minute\" \/>\n<script type=\"application\/ld+json\" class=\"yoast-schema-graph\">{\"@context\":\"https:\/\/schema.org\",\"@graph\":[{\"@type\":\"WebPage\",\"@id\":\"https:\/\/xativaturismo.com\/val\/visitas-guiadas-2\/\",\"url\":\"https:\/\/xativaturismo.com\/val\/visitas-guiadas-2\/\",\"name\":\"Visites guiades - X\u00e0tiva Turismo\",\"isPartOf\":{\"@id\":\"https:\/\/xativaturismo.com\/#website\"},\"primaryImageOfPage\":{\"@id\":\"https:\/\/xativaturismo.com\/val\/visitas-guiadas-2\/#primaryimage\"},\"image\":{\"@id\":\"https:\/\/xativaturismo.com\/val\/visitas-guiadas-2\/#primaryimage\"},\"thumbnailUrl\":\"https:\/\/xativaturismo.com\/wp-content\/uploads\/2015\/12\/IMG_1677.jpg\",\"datePublished\":\"2022-02-05T07:12:40+00:00\",\"dateModified\":\"2022-02-05T09:04:31+00:00\",\"description\":\"Te proponemos una selecci\u00f3n de agencias que ofrecen servicios de gu\u00edas tur\u00edsticos para comprender mejor la historia de X\u00e0tiva.\",\"breadcrumb\":{\"@id\":\"https:\/\/xativaturismo.com\/val\/visitas-guiadas-2\/#breadcrumb\"},\"inLanguage\":\"ca\",\"potentialAction\":[{\"@type\":\"ReadAction\",\"target\":[\"https:\/\/xativaturismo.com\/val\/visitas-guiadas-2\/\"]}]},{\"@type\":\"ImageObject\",\"inLanguage\":\"ca\",\"@id\":\"https:\/\/xativaturismo.com\/val\/visitas-guiadas-2\/#primaryimage\",\"url\":\"https:\/\/xativaturismo.com\/wp-content\/uploads\/2015\/12\/IMG_1677.jpg\",\"contentUrl\":\"https:\/\/xativaturismo.com\/wp-content\/uploads\/2015\/12\/IMG_1677.jpg\",\"width\":3264,\"height\":2448},{\"@type\":\"BreadcrumbList\",\"@id\":\"https:\/\/xativaturismo.com\/val\/visitas-guiadas-2\/#breadcrumb\",\"itemListElement\":[{\"@type\":\"ListItem\",\"position\":1,\"name\":\"Portada\",\"item\":\"https:\/\/xativaturismo.com\/val\/inicio-copy-2\/\"},{\"@type\":\"ListItem\",\"position\":2,\"name\":\"Visites guiades\"}]},{\"@type\":\"WebSite\",\"@id\":\"https:\/\/xativaturismo.com\/#website\",\"url\":\"https:\/\/xativaturismo.com\/\",\"name\":\"X\u00e0tiva Turismo\",\"description\":\"Bienvenidos a la oficina de Turismo de X\u00e0tiva\",\"publisher\":{\"@id\":\"https:\/\/xativaturismo.com\/#organization\"},\"potentialAction\":[{\"@type\":\"SearchAction\",\"target\":{\"@type\":\"EntryPoint\",\"urlTemplate\":\"https:\/\/xativaturismo.com\/?s={search_term_string}\"},\"query-input\":{\"@type\":\"PropertyValueSpecification\",\"valueRequired\":true,\"valueName\":\"search_term_string\"}}],\"inLanguage\":\"ca\"},{\"@type\":\"Organization\",\"@id\":\"https:\/\/xativaturismo.com\/#organization\",\"name\":\"X\u00e0tiva Turismo\",\"url\":\"https:\/\/xativaturismo.com\/\",\"logo\":{\"@type\":\"ImageObject\",\"inLanguage\":\"ca\",\"@id\":\"https:\/\/xativaturismo.com\/#\/schema\/logo\/image\/\",\"url\":\"https:\/\/xativaturismo.com\/wp-content\/uploads\/2020\/10\/logo-lila512-2.png\",\"contentUrl\":\"https:\/\/xativaturismo.com\/wp-content\/uploads\/2020\/10\/logo-lila512-2.png\",\"width\":445,\"height\":512,\"caption\":\"X\u00e0tiva Turismo\"},\"image\":{\"@id\":\"https:\/\/xativaturismo.com\/#\/schema\/logo\/image\/\"},\"sameAs\":[\"https:\/\/www.facebook.com\/XativaTurisme\",\"https:\/\/x.com\/XativaTurisme\"]}]}<\/script>\n<!-- \/ Yoast SEO plugin. -->","yoast_head_json":{"title":"Visites guiades - X\u00e0tiva Turismo","description":"Te proponemos una selecci\u00f3n de agencias que ofrecen servicios de gu\u00edas tur\u00edsticos para comprender mejor la historia de X\u00e0tiva.","robots":{"index":"index","follow":"follow","max-snippet":"max-snippet:-1","max-image-preview":"max-image-preview:large","max-video-preview":"max-video-preview:-1"},"canonical":"https:\/\/xativaturismo.com\/val\/visitas-guiadas-2\/","og_locale":"ca_ES","og_type":"article","og_title":"Gu\u00eda de restaurantes - X\u00e0tiva Turismo","og_description":"Una selecci\u00f3n de Restaurantes para disfrutar de los sabores de X\u00e0tiva y de su variada oferta culinaria: tradicional, de autor, mediterr\u00e1nea, t\u00edpica de las comarcas centrales...","og_url":"https:\/\/xativaturismo.com\/val\/visitas-guiadas-2\/","og_site_name":"X\u00e0tiva Turismo","article_publisher":"https:\/\/www.facebook.com\/XativaTurisme","article_modified_time":"2022-02-05T09:04:31+00:00","og_image":[{"width":1598,"height":906,"url":"https:\/\/xativaturismo.com\/wp-content\/uploads\/2016\/01\/gastronomia.jpg","type":"image\/jpeg"}],"twitter_card":"summary_large_image","twitter_title":"Gu\u00eda de restaurantes - X\u00e0tiva Turismo","twitter_description":"Una selecci\u00f3n de Restaurantes para disfrutar de los sabores de X\u00e0tiva y de su variada oferta culinaria: tradicional, de autor, mediterr\u00e1nea, t\u00edpica de las comarcas centrales...","twitter_image":"https:\/\/xativaturismo.com\/wp-content\/uploads\/2015\/12\/IMG_1677.jpg","twitter_site":"@XativaTurisme","twitter_misc":{"Est. reading time":"1 minute"},"schema":{"@context":"https:\/\/schema.org","@graph":[{"@type":"WebPage","@id":"https:\/\/xativaturismo.com\/val\/visitas-guiadas-2\/","url":"https:\/\/xativaturismo.com\/val\/visitas-guiadas-2\/","name":"Visites guiades - X\u00e0tiva Turismo","isPartOf":{"@id":"https:\/\/xativaturismo.com\/#website"},"primaryImageOfPage":{"@id":"https:\/\/xativaturismo.com\/val\/visitas-guiadas-2\/#primaryimage"},"image":{"@id":"https:\/\/xativaturismo.com\/val\/visitas-guiadas-2\/#primaryimage"},"thumbnailUrl":"https:\/\/xativaturismo.com\/wp-content\/uploads\/2015\/12\/IMG_1677.jpg","datePublished":"2022-02-05T07:12:40+00:00","dateModified":"2022-02-05T09:04:31+00:00","description":"Te proponemos una selecci\u00f3n de agencias que ofrecen servicios de gu\u00edas tur\u00edsticos para comprender mejor la historia de X\u00e0tiva.","breadcrumb":{"@id":"https:\/\/xativaturismo.com\/val\/visitas-guiadas-2\/#breadcrumb"},"inLanguage":"ca","potentialAction":[{"@type":"ReadAction","target":["https:\/\/xativaturismo.com\/val\/visitas-guiadas-2\/"]}]},{"@type":"ImageObject","inLanguage":"ca","@id":"https:\/\/xativaturismo.com\/val\/visitas-guiadas-2\/#primaryimage","url":"https:\/\/xativaturismo.com\/wp-content\/uploads\/2015\/12\/IMG_1677.jpg","contentUrl":"https:\/\/xativaturismo.com\/wp-content\/uploads\/2015\/12\/IMG_1677.jpg","width":3264,"height":2448},{"@type":"BreadcrumbList","@id":"https:\/\/xativaturismo.com\/val\/visitas-guiadas-2\/#breadcrumb","itemListElement":[{"@type":"ListItem","position":1,"name":"Portada","item":"https:\/\/xativaturismo.com\/val\/inicio-copy-2\/"},{"@type":"ListItem","position":2,"name":"Visites guiades"}]},{"@type":"WebSite","@id":"https:\/\/xativaturismo.com\/#website","url":"https:\/\/xativaturismo.com\/","name":"X\u00e0tiva Turismo","description":"Bienvenidos a la oficina de Turismo de X\u00e0tiva","publisher":{"@id":"https:\/\/xativaturismo.com\/#organization"},"potentialAction":[{"@type":"SearchAction","target":{"@type":"EntryPoint","urlTemplate":"https:\/\/xativaturismo.com\/?s={search_term_string}"},"query-input":{"@type":"PropertyValueSpecification","valueRequired":true,"valueName":"search_term_string"}}],"inLanguage":"ca"},{"@type":"Organization","@id":"https:\/\/xativaturismo.com\/#organization","name":"X\u00e0tiva Turismo","url":"https:\/\/xativaturismo.com\/","logo":{"@type":"ImageObject","inLanguage":"ca","@id":"https:\/\/xativaturismo.com\/#\/schema\/logo\/image\/","url":"https:\/\/xativaturismo.com\/wp-content\/uploads\/2020\/10\/logo-lila512-2.png","contentUrl":"https:\/\/xativaturismo.com\/wp-content\/uploads\/2020\/10\/logo-lila512-2.png","width":445,"height":512,"caption":"X\u00e0tiva Turismo"},"image":{"@id":"https:\/\/xativaturismo.com\/#\/schema\/logo\/image\/"},"sameAs":["https:\/\/www.facebook.com\/XativaTurisme","https:\/\/x.com\/XativaTurisme"]}]}},"_links":{"self":[{"href":"https:\/\/xativaturismo.com\/val\/wp-json\/wp\/v2\/pages\/160520","targetHints":{"allow":["GET"]}}],"collection":[{"href":"https:\/\/xativaturismo.com\/val\/wp-json\/wp\/v2\/pages"}],"about":[{"href":"https:\/\/xativaturismo.com\/val\/wp-json\/wp\/v2\/types\/page"}],"author":[{"embeddable":true,"href":"https:\/\/xativaturismo.com\/val\/wp-json\/wp\/v2\/users\/10"}],"replies":[{"embeddable":true,"href":"https:\/\/xativaturismo.com\/val\/wp-json\/wp\/v2\/comments?post=160520"}],"version-history":[{"count":0,"href":"https:\/\/xativaturismo.com\/val\/wp-json\/wp\/v2\/pages\/160520\/revisions"}],"wp:featuredmedia":[{"embeddable":true,"href":"https:\/\/xativaturismo.com\/val\/wp-json\/wp\/v2\/media\/10626"}],"wp:attachment":[{"href":"https:\/\/xativaturismo.com\/val\/wp-json\/wp\/v2\/media?parent=160520"}],"curies":[{"name":"wp","href":"https:\/\/api.w.org\/{rel}","templated":true}]}}