{"id":12089,"date":"2016-12-02T01:50:03","date_gmt":"2016-12-02T00:50:03","guid":{"rendered":"https:\/\/xativaturismo.com\/belen-monumental\/"},"modified":"2023-12-14T15:20:39","modified_gmt":"2023-12-14T14:20:39","slug":"betlem-monumental","status":"publish","type":"page","link":"https:\/\/xativaturismo.com\/val\/betlem-monumental\/","title":{"rendered":"Betlem monumental"},"content":{"rendered":"[mk_page_section bg_image=&#8221;https:\/\/xativaturismo.com\/wp-content\/uploads\/2016\/12\/betlem-03.jpg&#8221; bg_position=&#8221;center top&#8221; bg_repeat=&#8221;no-repeat&#8221; bg_stretch=&#8221;true&#8221; enable_3d=&#8221;true&#8221; speed_factor=&#8221;0.5&#8243; min_height=&#8221;1000&#8243; full_height=&#8221;true&#8221; padding_top=&#8221;200&#8243; visibility=&#8221;hidden-sm&#8221; el_class=&#8221;sombras&#8221; sidebar=&#8221;sidebar-1&#8243;][vc_column][vc_message]<span style=\"color: #000000;\">HORARI<\/span><br \/>\n<span style=\"color: #000000;\">Fins al 7 de gener: de les 10 a 22 hores.<\/span><br \/>\n<span style=\"color: #000000;\">Els dies 24 i 31 de desembre: de les 10 a 20 hores.<\/span>[\/vc_message][vc_custom_heading text=&#8221;Betlem monumental&#8221; font_container=&#8221;tag:h1|font_size:3.125em|text_align:center|color:%23ffffff|line_height:1&#8243; google_fonts=&#8221;font_family:Libre%20Baskerville%3Aregular%2Citalic%2C700|font_style:700%20bold%20regular%3A700%3Anormal&#8221;][vc_separator color=&#8221;white&#8221; border_width=&#8221;3&#8243; el_width=&#8221;10&#8243;][mk_fancy_title color=&#8221;#ffffff&#8221; size=&#8221;25&#8243; font_weight=&#8221;400&#8243; font_style=&#8221;normal&#8221; txt_transform=&#8221;none&#8221; margin_bottom=&#8221;18&#8243; font_family=&#8221;Libre+Baskerville&#8221; font_type=&#8221;google&#8221; align=&#8221;center&#8221; animation=&#8221;fade-in&#8221;]\n<h3><span style=\"color: #e0dede;\"><em>Atracci\u00f3 a per milers de visitants<\/em><\/span><span style=\"color: #ffffff;\"><br \/>\n<\/span><\/h3>\n[\/mk_fancy_title][mk_button corner_style=&#8221;rounded&#8221; size=&#8221;medium&#8221; url=&#8221;#primera&#8221; align=&#8221;center&#8221; bg_color=&#8221;#a3e01f&#8221;]ENTRAR[\/mk_button][\/vc_column][\/mk_page_section][mk_page_section bg_image=&#8221;https:\/\/xativaturismo.com\/wp-content\/uploads\/2016\/12\/betlem-03.jpg&#8221; bg_position=&#8221;center top&#8221; bg_repeat=&#8221;no-repeat&#8221; bg_stretch=&#8221;true&#8221; enable_3d=&#8221;true&#8221; speed_factor=&#8221;0.5&#8243; min_height=&#8221;0&#8243; full_height=&#8221;true&#8221; padding_top=&#8221;160&#8243; visibility=&#8221;visible-sm&#8221; el_class=&#8221;sombras&#8221; sidebar=&#8221;sidebar-1&#8243;][vc_column][vc_message]<span style=\"color: #000000;\">HORARI<\/span><br \/>\n<span style=\"color: #000000;\">Fins al 7 de gener: de les 10 a 22 hores.<\/span><br \/>\n<span style=\"color: #000000;\">Els dies 24 i 31 de desembre: de les 10 a 20 hores.<\/span>[\/vc_message][vc_custom_heading text=&#8221;Betlem monumental&#8221; font_container=&#8221;tag:h1|font_size:1.9em|text_align:center|color:%23ffffff|line_height:1.3&#8243; google_fonts=&#8221;font_family:Libre%20Baskerville%3Aregular%2Citalic%2C700|font_style:700%20bold%20regular%3A700%3Anormal&#8221;][vc_separator color=&#8221;white&#8221; border_width=&#8221;3&#8243; el_width=&#8221;10&#8243;][mk_fancy_title color=&#8221;#ffffff&#8221; size=&#8221;25&#8243; font_weight=&#8221;400&#8243; font_style=&#8221;normal&#8221; txt_transform=&#8221;none&#8221; margin_bottom=&#8221;18&#8243; font_family=&#8221;Libre+Baskerville&#8221; font_type=&#8221;google&#8221; align=&#8221;center&#8221; animation=&#8221;fade-in&#8221;]\n<h3><span style=\"color: #e0dede;\"><em>Atracci\u00f3 per a milers de visitants<\/em><\/span><\/h3>\n[\/mk_fancy_title][mk_button corner_style=&#8221;rounded&#8221; size=&#8221;medium&#8221; url=&#8221;#primera&#8221; align=&#8221;center&#8221; bg_color=&#8221;#a3e01f&#8221;]ENTRAR[\/mk_button][\/vc_column][\/mk_page_section][mk_page_section bg_color=&#8221;#000000&#8243; min_height=&#8221;0&#8243; padding_top=&#8221;40&#8243; padding_bottom=&#8221;100&#8243; skip_arrow=&#8221;true&#8221; top_shape_color=&#8221;#ffffff&#8221; bottom_shape_color=&#8221;#ffffff&#8221; section_id=&#8221;primera&#8221; el_class=&#8221;paisaje-verde&#8221; sidebar=&#8221;sidebar-1&#8243;][vc_column][vc_video link=&#8221;https:\/\/www.youtube.com\/watch?v=Oc3OFNOYDWM&#8221;][vc_custom_heading text=&#8221;&#8221; font_container=&#8221;tag:h5|text_align:center|color:%23c9c9c9&#8243; use_theme_fonts=&#8221;yes&#8221;][vc_column_text align=&#8221;center&#8221; css=&#8221;.vc_custom_1672217440484{margin-bottom: 0px !important;}&#8221;]<iframe loading=\"lazy\" style=\"border: 0;\" tabindex=\"0\" src=\"https:\/\/www.google.com\/maps\/embed?pb=!4v1608813821355!6m8!1m7!1sCAoSLEFGMVFpcE53OFlrTWFIMk1PRTV1bTRZN21WdjR5OWhaOGZLM1o0NUxlam9y!2m2!1d38.990273856765!2d-0.52058572470229!3f284.79000067251445!4f-8.91303421553907!5f0.4000000000000002\" width=\"800\" height=\"600\" frameborder=\"0\" allowfullscreen=\"allowfullscreen\" aria-hidden=\"false\"><\/iframe><\/p>\n<p><iframe loading=\"lazy\" style=\"border: 0;\" tabindex=\"0\" src=\"https:\/\/www.google.com\/maps\/embed?pb=!4v1608813948216!6m8!1m7!1sCAoSLEFGMVFpcE1WczJpam1GNndxZDhxSVBCUXUxRE1rV0RLRlBFVWo1T2M1NUJP!2m2!1d38.9902095!2d-0.5207799!3f8.496152816601397!4f-8.17666652305195!5f0.7820865974627469\" width=\"800\" height=\"600\" frameborder=\"0\" allowfullscreen=\"allowfullscreen\" aria-hidden=\"false\"><\/iframe><\/p>\n<p>Quan s\u2019acosten les celebracions de Nadal, l\u2019Albereda de X\u00e0tiva canvia per complet la fesomia per tal d\u2019acollir una de les atraccions anuals que desperta m\u00e9s inter\u00e8s: el Betlem Monumental. Considerat el m\u00e9s gran d\u2019Espanya, el Betlem xativ\u00ed s\u2019ha convertit en una atracci\u00f3 tur\u00edstica de primer ordre i atreu desenes de milers de visitants tots els anys.<\/p>\n<p>El Betlem es caracteritza per tindre cura de cada detall i ha crescut any rere any des de l\u2019any 1993. Del tradicional pessebre nadalenc dels inicis ha passat a interpretar nombroses escenes, amb noves aportacions i millores constants. Figures a mida real fetes per artistes fallers, materials reciclats, aportacions solid\u00e0ries&#8230;nombrosos elements contribueixen a configurar una representaci\u00f3 amb un valor singular m\u00e9s enll\u00e0 del simbolisme religi\u00f3s.[\/vc_column_text][\/vc_column][\/mk_page_section][mk_page_section bg_image=&#8221;https:\/\/xativaturismo.com\/wp-content\/uploads\/2016\/12\/betlem-01.jpg&#8221; bg_color=&#8221;#000000&#8243; bg_position=&#8221;center center&#8221; bg_repeat=&#8221;no-repeat&#8221; bg_stretch=&#8221;true&#8221; enable_3d=&#8221;true&#8221; speed_factor=&#8221;0.5&#8243; min_height=&#8221;0&#8243; full_height=&#8221;true&#8221; padding_top=&#8221;20&#8243; padding_bottom=&#8221;20&#8243; sidebar=&#8221;sidebar-1&#8243;][vc_column][\/vc_column][\/mk_page_section][mk_page_section bg_color=&#8221;#000000&#8243; bg_repeat=&#8221;no-repeat&#8221; min_height=&#8221;0&#8243; padding_top=&#8221;40&#8243; padding_bottom=&#8221;100&#8243; skip_arrow=&#8221;true&#8221; el_class=&#8221;paisaje-verde&#8221; sidebar=&#8221;sidebar-1&#8243;][vc_column offset=&#8221;vc_col-lg-2 vc_col-md-2&#8243;][\/vc_column][vc_column offset=&#8221;vc_col-lg-8 vc_col-md-8&#8243;][vc_custom_heading text=&#8221;Un betlem sostenible&#8221; font_container=&#8221;tag:h5|text_align:center|color:%23c9c9c9&#8243; use_theme_fonts=&#8221;yes&#8221;][vc_column_text align=&#8221;center&#8221;]Durant tot l\u2019any operaris municipals recullen elements que posteriorment s\u2019utilitzaran en el muntatge del Betlem, a m\u00e9s d\u2019antigues ferramentes i utillatge etnol\u00f2gic aportat pel ve\u00efnat. La sostenibilitat que li atorga l\u2019\u00fas de materials reutilitzats \u00e9s, doncs, un dels principals valors de la instal\u00b7laci\u00f3.[\/vc_column_text][\/vc_column][vc_column css=&#8221;.vc_custom_1453426092230{padding-top: 10px !important;}&#8221; offset=&#8221;vc_col-lg-2 vc_col-md-2&#8243;][\/vc_column][\/mk_page_section][mk_page_section bg_image=&#8221;https:\/\/xativaturismo.com\/wp-content\/uploads\/2016\/12\/betlem-04.jpg&#8221; bg_color=&#8221;#000000&#8243; bg_position=&#8221;center center&#8221; bg_repeat=&#8221;no-repeat&#8221; bg_stretch=&#8221;true&#8221; enable_3d=&#8221;true&#8221; speed_factor=&#8221;0.5&#8243; min_height=&#8221;0&#8243; full_height=&#8221;true&#8221; padding_top=&#8221;20&#8243; padding_bottom=&#8221;20&#8243; sidebar=&#8221;sidebar-1&#8243;][vc_column][\/vc_column][\/mk_page_section][mk_page_section bg_color=&#8221;#000000&#8243; bg_repeat=&#8221;no-repeat&#8221; min_height=&#8221;0&#8243; padding_top=&#8221;40&#8243; padding_bottom=&#8221;100&#8243; skip_arrow=&#8221;true&#8221; el_class=&#8221;paisaje-verde&#8221; sidebar=&#8221;sidebar-1&#8243;][vc_column width=&#8221;1\/6&#8243;][\/vc_column][vc_column width=&#8221;2\/3&#8243;][\/vc_column][vc_column css=&#8221;.vc_custom_1453425621335{padding-top: 4px !important;}&#8221; offset=&#8221;vc_col-lg-2 vc_col-md-2&#8243;][\/vc_column][\/mk_page_section][mk_page_section bg_image=&#8221;https:\/\/xativaturismo.com\/wp-content\/uploads\/2016\/12\/betlem-06.jpg&#8221; bg_color=&#8221;#000000&#8243; bg_position=&#8221;left center&#8221; bg_repeat=&#8221;no-repeat&#8221; bg_stretch=&#8221;true&#8221; enable_3d=&#8221;true&#8221; speed_factor=&#8221;0.5&#8243; min_height=&#8221;0&#8243; full_height=&#8221;true&#8221; padding_top=&#8221;20&#8243; padding_bottom=&#8221;20&#8243; sidebar=&#8221;sidebar-1&#8243;][vc_column][\/vc_column][\/mk_page_section][mk_page_section bg_color=&#8221;#000000&#8243; bg_repeat=&#8221;no-repeat&#8221; min_height=&#8221;0&#8243; padding_top=&#8221;40&#8243; padding_bottom=&#8221;100&#8243; skip_arrow=&#8221;true&#8221; el_class=&#8221;paisaje-verde&#8221; sidebar=&#8221;sidebar-1&#8243;][vc_column width=&#8221;1\/6&#8243;][\/vc_column][vc_column width=&#8221;2\/3&#8243;][vc_custom_heading text=&#8221;Solidaritat i comprom\u00eds&#8221; font_container=&#8221;tag:h5|text_align:center|color:%23c9c9c9&#8243; use_theme_fonts=&#8221;yes&#8221;][vc_column_text align=&#8221;center&#8221;]El Betlem t\u00e9 tamb\u00e9 una destacada vessant solid\u00e0ria. Les fruites i verdures utilitzades, que en s\u00f3n moltes i generalment donades pels comer\u00e7os locals, es lliuren posteriorment a entitats que s\u2019ocupen de la poblaci\u00f3 sense recursos. A m\u00e9s els visitants poden demanar un desig llen\u00e7ant una moneda a qualsevol de les fonts instal\u00b7lades. Els fons recollits es destinen a ONG locals.[\/vc_column_text][\/vc_column][vc_column css=&#8221;.vc_custom_1453425621335{padding-top: 4px !important;}&#8221; offset=&#8221;vc_col-lg-2 vc_col-md-2&#8243;][\/vc_column][\/mk_page_section][mk_page_section bg_image=&#8221;https:\/\/xativaturismo.com\/wp-content\/uploads\/2016\/12\/betlem-17.jpg&#8221; bg_color=&#8221;#000000&#8243; bg_position=&#8221;center center&#8221; bg_repeat=&#8221;no-repeat&#8221; bg_stretch=&#8221;true&#8221; enable_3d=&#8221;true&#8221; min_height=&#8221;0&#8243; full_height=&#8221;true&#8221; padding_top=&#8221;20&#8243; padding_bottom=&#8221;20&#8243; sidebar=&#8221;sidebar-1&#8243;][vc_column][\/vc_column][\/mk_page_section][mk_page_section bg_color=&#8221;#000000&#8243; bg_repeat=&#8221;no-repeat&#8221; min_height=&#8221;0&#8243; padding_top=&#8221;40&#8243; padding_bottom=&#8221;100&#8243; skip_arrow=&#8221;true&#8221; el_class=&#8221;paisaje-verde&#8221; sidebar=&#8221;sidebar-1&#8243;][vc_column width=&#8221;1\/6&#8243;][\/vc_column][vc_column width=&#8221;2\/3&#8243;][vc_custom_heading text=&#8221;Artistes fallers&#8221; font_container=&#8221;tag:h5|text_align:center|color:%23c9c9c9&#8243; use_theme_fonts=&#8221;yes&#8221;][vc_column_text align=&#8221;center&#8221; css=&#8221;.vc_custom_1640079559966{margin-bottom: 0px !important;}&#8221;]La majoria de figures a escala humana han estat modelades per artistes fallers, la qual cosa li confereix un aroma de betlem genu\u00efnament valenci\u00e0. Tots els elements presents es realcen, en caure la nit, amb una il\u00b7luminaci\u00f3 especial per l\u2019ocasi\u00f3.<\/p>\n<p>Les figures origin\u00e0ries del Betlem, les del portal i alguns altres personatges, s\u00f3n obra del gran mestre d&#8217;artistes Jos\u00e9 Mart\u00ednez Moll\u00e1. La resta de figures s\u00f3n obra de Xavier Herrero, mentre que l&#8217;\u00faltima incorporaci\u00f3, els Reis Mags, s\u00f3n obra de Manuel J. Blanco Climent. Tots ells s\u00f3n artistes xativins.[\/vc_column_text][\/vc_column][vc_column css=&#8221;.vc_custom_1453425621335{padding-top: 4px !important;}&#8221; offset=&#8221;vc_col-lg-2 vc_col-md-2&#8243;][\/vc_column][\/mk_page_section][mk_page_section bg_image=&#8221;https:\/\/xativaturismo.com\/wp-content\/uploads\/2016\/12\/betlem-15.jpg&#8221; bg_color=&#8221;#000000&#8243; bg_position=&#8221;center center&#8221; bg_repeat=&#8221;no-repeat&#8221; bg_stretch=&#8221;true&#8221; enable_3d=&#8221;true&#8221; min_height=&#8221;0&#8243; full_height=&#8221;true&#8221; padding_top=&#8221;20&#8243; padding_bottom=&#8221;20&#8243; sidebar=&#8221;sidebar-1&#8243;][vc_column][\/vc_column][\/mk_page_section][mk_page_section bg_color=&#8221;#000000&#8243; min_height=&#8221;0&#8243; padding_top=&#8221;25&#8243; padding_bottom=&#8221;25&#8243; sidebar=&#8221;sidebar-1&#8243;][vc_column width=&#8221;1\/3&#8243;][\/vc_column][vc_column width=&#8221;1\/3&#8243;][vc_custom_heading text=&#8221;GALERIA FOTOGR\u00c0FICA&#8221; font_container=&#8221;tag:h2|text_align:center|color:%23c9c9c9&#8243; google_fonts=&#8221;font_family:Open%20Sans%3A300%2C300italic%2Cregular%2Citalic%2C600%2C600italic%2C700%2C700italic%2C800%2C800italic|font_style:700%20bold%20regular%3A700%3Anormal&#8221;][vc_separator color=&#8221;white&#8221; border_width=&#8221;3&#8243; el_width=&#8221;10&#8243;][\/vc_column][vc_column width=&#8221;1\/3&#8243;][\/vc_column][\/mk_page_section][mk_page_section bg_color=&#8221;#000000&#8243; min_height=&#8221;0&#8243; full_width=&#8221;true&#8221; padding_top=&#8221;5&#8243; padding_bottom=&#8221;5&#8243; sidebar=&#8221;sidebar-1&#8243;][vc_column][vc_masonry_media_grid style=&#8221;load-more&#8221; items_per_page=&#8221;6&#8243; item=&#8221;8707&#8243; btn_title=&#8221;M\u00e1s fotos&#8221; btn_style=&#8221;modern&#8221; btn_shape=&#8221;square&#8221; btn_color=&#8221;green&#8221; btn_add_icon=&#8221;true&#8221; btn_custom_onclick=&#8221;true&#8221; grid_id=&#8221;vc_gid:1702563139585-f9e7387b-5fd2-4&#8243; include=&#8221;12037,12041,12017,12033,12029,12025,12013,12021,12009&#8243;][\/vc_column][\/mk_page_section]\n","protected":false},"excerpt":{"rendered":"<p>[mk_page_section bg_image=&#8221;https:\/\/xativaturismo.com\/wp-content\/uploads\/2016\/12\/betlem-03.jpg&#8221; bg_position=&#8221;center top&#8221; bg_repeat=&#8221;no-repeat&#8221; bg_stretch=&#8221;true&#8221; enable_3d=&#8221;true&#8221; speed_factor=&#8221;0.5&#8243; min_height=&#8221;1000&#8243; full_height=&#8221;true&#8221; padding_top=&#8221;200&#8243; visibility=&#8221;hidden-sm&#8221; el_class=&#8221;sombras&#8221; sidebar=&#8221;sidebar-1&#8243;][vc_column][vc_message]HORARI Fins al 7 de gener: de les 10 a 22 hores. Els dies 24 i 31 [&hellip;]<\/p>\n","protected":false},"author":10,"featured_media":11980,"parent":0,"menu_order":0,"comment_status":"closed","ping_status":"closed","template":"","meta":{"_price":"","_stock":"","_tribe_ticket_header":"","_tribe_default_ticket_provider":"","_ticket_start_date":"","_ticket_end_date":"","_tribe_ticket_show_description":"","_tribe_ticket_show_not_going":false,"_tribe_ticket_use_global_stock":"","_tribe_ticket_global_stock_level":"","_global_stock_mode":"","_global_stock_cap":"","_tribe_rsvp_for_event":"","_tribe_ticket_going_count":"","_tribe_ticket_not_going_count":"","_tribe_tickets_list":"[]","_tribe_ticket_has_attendee_info_fields":false,"footnotes":""},"class_list":["post-12089","page","type-page","status-publish","has-post-thumbnail","hentry"],"yoast_head":"<!-- This site is optimized with the Yoast SEO plugin v27.0 - https:\/\/yoast.com\/product\/yoast-seo-wordpress\/ -->\n<title>Betlem monumental - X\u00e0tiva Turismo<\/title>\n<meta name=\"description\" content=\"El Betlem monumental de X\u00e0tiva, el m\u00e9s gran d\u2019Espanya, atreu desenes de milers de visitants per Nadal. S\u2019instal\u00b7la a l\u2019Albereda.\" \/>\n<meta name=\"robots\" content=\"index, follow, max-snippet:-1, max-image-preview:large, max-video-preview:-1\" \/>\n<link rel=\"canonical\" href=\"https:\/\/xativaturismo.com\/val\/betlem-monumental\/\" \/>\n<meta property=\"og:locale\" content=\"ca_ES\" \/>\n<meta property=\"og:type\" content=\"article\" \/>\n<meta property=\"og:title\" content=\"Betlem monumental\" \/>\n<meta property=\"og:description\" content=\"El Betlem monumental de X\u00e0tiva, el m\u00e9s gran d\u2019Espanya, atreu desenes de milers de visitants per Nadal. S\u2019instal\u00b7la a l\u2019Albereda.\" \/>\n<meta property=\"og:url\" content=\"https:\/\/xativaturismo.com\/val\/betlem-monumental\/\" \/>\n<meta property=\"og:site_name\" content=\"X\u00e0tiva Turismo\" \/>\n<meta property=\"article:publisher\" content=\"https:\/\/www.facebook.com\/XativaTurisme\" \/>\n<meta property=\"article:modified_time\" content=\"2023-12-14T14:20:39+00:00\" \/>\n<meta property=\"og:image\" content=\"https:\/\/xativaturismo.com\/wp-content\/uploads\/2016\/12\/betlem-03.jpg\" \/>\n\t<meta property=\"og:image:width\" content=\"1598\" \/>\n\t<meta property=\"og:image:height\" content=\"906\" \/>\n\t<meta property=\"og:image:type\" content=\"image\/jpeg\" \/>\n<meta name=\"twitter:card\" content=\"summary_large_image\" \/>\n<meta name=\"twitter:title\" content=\"Betlem monumental\" \/>\n<meta name=\"twitter:description\" content=\"El Betlem monumental de X\u00e0tiva, el m\u00e9s gran d\u2019Espanya, atreu desenes de milers de visitants per Nadal. S\u2019instal\u00b7la a l\u2019Albereda.\" \/>\n<meta name=\"twitter:image\" content=\"https:\/\/xativaturismo.com\/wp-content\/uploads\/2016\/12\/betlem-03.jpg\" \/>\n<meta name=\"twitter:site\" content=\"@XativaTurisme\" \/>\n<meta name=\"twitter:label1\" content=\"Est. reading time\" \/>\n\t<meta name=\"twitter:data1\" content=\"5 minutes\" \/>\n<script type=\"application\/ld+json\" class=\"yoast-schema-graph\">{\"@context\":\"https:\/\/schema.org\",\"@graph\":[{\"@type\":\"WebPage\",\"@id\":\"https:\/\/xativaturismo.com\/val\/betlem-monumental\/\",\"url\":\"https:\/\/xativaturismo.com\/val\/betlem-monumental\/\",\"name\":\"Betlem monumental - X\u00e0tiva Turismo\",\"isPartOf\":{\"@id\":\"https:\/\/xativaturismo.com\/#website\"},\"primaryImageOfPage\":{\"@id\":\"https:\/\/xativaturismo.com\/val\/betlem-monumental\/#primaryimage\"},\"image\":{\"@id\":\"https:\/\/xativaturismo.com\/val\/betlem-monumental\/#primaryimage\"},\"thumbnailUrl\":\"https:\/\/xativaturismo.com\/wp-content\/uploads\/2016\/12\/betlem-03.jpg\",\"datePublished\":\"2016-12-02T00:50:03+00:00\",\"dateModified\":\"2023-12-14T14:20:39+00:00\",\"description\":\"El Betlem monumental de X\u00e0tiva, el m\u00e9s gran d\u2019Espanya, atreu desenes de milers de visitants per Nadal. S\u2019instal\u00b7la a l\u2019Albereda.\",\"breadcrumb\":{\"@id\":\"https:\/\/xativaturismo.com\/val\/betlem-monumental\/#breadcrumb\"},\"inLanguage\":\"ca\",\"potentialAction\":[{\"@type\":\"ReadAction\",\"target\":[\"https:\/\/xativaturismo.com\/val\/betlem-monumental\/\"]}]},{\"@type\":\"ImageObject\",\"inLanguage\":\"ca\",\"@id\":\"https:\/\/xativaturismo.com\/val\/betlem-monumental\/#primaryimage\",\"url\":\"https:\/\/xativaturismo.com\/wp-content\/uploads\/2016\/12\/betlem-03.jpg\",\"contentUrl\":\"https:\/\/xativaturismo.com\/wp-content\/uploads\/2016\/12\/betlem-03.jpg\",\"width\":1598,\"height\":906},{\"@type\":\"BreadcrumbList\",\"@id\":\"https:\/\/xativaturismo.com\/val\/betlem-monumental\/#breadcrumb\",\"itemListElement\":[{\"@type\":\"ListItem\",\"position\":1,\"name\":\"Portada\",\"item\":\"https:\/\/xativaturismo.com\/val\/inicio-copy-2\/\"},{\"@type\":\"ListItem\",\"position\":2,\"name\":\"Betlem monumental\"}]},{\"@type\":\"WebSite\",\"@id\":\"https:\/\/xativaturismo.com\/#website\",\"url\":\"https:\/\/xativaturismo.com\/\",\"name\":\"X\u00e0tiva Turismo\",\"description\":\"Bienvenidos a la oficina de Turismo de X\u00e0tiva\",\"publisher\":{\"@id\":\"https:\/\/xativaturismo.com\/#organization\"},\"potentialAction\":[{\"@type\":\"SearchAction\",\"target\":{\"@type\":\"EntryPoint\",\"urlTemplate\":\"https:\/\/xativaturismo.com\/?s={search_term_string}\"},\"query-input\":{\"@type\":\"PropertyValueSpecification\",\"valueRequired\":true,\"valueName\":\"search_term_string\"}}],\"inLanguage\":\"ca\"},{\"@type\":\"Organization\",\"@id\":\"https:\/\/xativaturismo.com\/#organization\",\"name\":\"X\u00e0tiva Turismo\",\"url\":\"https:\/\/xativaturismo.com\/\",\"logo\":{\"@type\":\"ImageObject\",\"inLanguage\":\"ca\",\"@id\":\"https:\/\/xativaturismo.com\/#\/schema\/logo\/image\/\",\"url\":\"https:\/\/xativaturismo.com\/wp-content\/uploads\/2020\/10\/logo-lila512-2.png\",\"contentUrl\":\"https:\/\/xativaturismo.com\/wp-content\/uploads\/2020\/10\/logo-lila512-2.png\",\"width\":445,\"height\":512,\"caption\":\"X\u00e0tiva Turismo\"},\"image\":{\"@id\":\"https:\/\/xativaturismo.com\/#\/schema\/logo\/image\/\"},\"sameAs\":[\"https:\/\/www.facebook.com\/XativaTurisme\",\"https:\/\/x.com\/XativaTurisme\"]}]}<\/script>\n<!-- \/ Yoast SEO plugin. -->","yoast_head_json":{"title":"Betlem monumental - X\u00e0tiva Turismo","description":"El Betlem monumental de X\u00e0tiva, el m\u00e9s gran d\u2019Espanya, atreu desenes de milers de visitants per Nadal. S\u2019instal\u00b7la a l\u2019Albereda.","robots":{"index":"index","follow":"follow","max-snippet":"max-snippet:-1","max-image-preview":"max-image-preview:large","max-video-preview":"max-video-preview:-1"},"canonical":"https:\/\/xativaturismo.com\/val\/betlem-monumental\/","og_locale":"ca_ES","og_type":"article","og_title":"Betlem monumental","og_description":"El Betlem monumental de X\u00e0tiva, el m\u00e9s gran d\u2019Espanya, atreu desenes de milers de visitants per Nadal. S\u2019instal\u00b7la a l\u2019Albereda.","og_url":"https:\/\/xativaturismo.com\/val\/betlem-monumental\/","og_site_name":"X\u00e0tiva Turismo","article_publisher":"https:\/\/www.facebook.com\/XativaTurisme","article_modified_time":"2023-12-14T14:20:39+00:00","og_image":[{"width":1598,"height":906,"url":"https:\/\/xativaturismo.com\/wp-content\/uploads\/2016\/12\/betlem-03.jpg","type":"image\/jpeg"}],"twitter_card":"summary_large_image","twitter_title":"Betlem monumental","twitter_description":"El Betlem monumental de X\u00e0tiva, el m\u00e9s gran d\u2019Espanya, atreu desenes de milers de visitants per Nadal. S\u2019instal\u00b7la a l\u2019Albereda.","twitter_image":"https:\/\/xativaturismo.com\/wp-content\/uploads\/2016\/12\/betlem-03.jpg","twitter_site":"@XativaTurisme","twitter_misc":{"Est. reading time":"5 minutes"},"schema":{"@context":"https:\/\/schema.org","@graph":[{"@type":"WebPage","@id":"https:\/\/xativaturismo.com\/val\/betlem-monumental\/","url":"https:\/\/xativaturismo.com\/val\/betlem-monumental\/","name":"Betlem monumental - X\u00e0tiva Turismo","isPartOf":{"@id":"https:\/\/xativaturismo.com\/#website"},"primaryImageOfPage":{"@id":"https:\/\/xativaturismo.com\/val\/betlem-monumental\/#primaryimage"},"image":{"@id":"https:\/\/xativaturismo.com\/val\/betlem-monumental\/#primaryimage"},"thumbnailUrl":"https:\/\/xativaturismo.com\/wp-content\/uploads\/2016\/12\/betlem-03.jpg","datePublished":"2016-12-02T00:50:03+00:00","dateModified":"2023-12-14T14:20:39+00:00","description":"El Betlem monumental de X\u00e0tiva, el m\u00e9s gran d\u2019Espanya, atreu desenes de milers de visitants per Nadal. S\u2019instal\u00b7la a l\u2019Albereda.","breadcrumb":{"@id":"https:\/\/xativaturismo.com\/val\/betlem-monumental\/#breadcrumb"},"inLanguage":"ca","potentialAction":[{"@type":"ReadAction","target":["https:\/\/xativaturismo.com\/val\/betlem-monumental\/"]}]},{"@type":"ImageObject","inLanguage":"ca","@id":"https:\/\/xativaturismo.com\/val\/betlem-monumental\/#primaryimage","url":"https:\/\/xativaturismo.com\/wp-content\/uploads\/2016\/12\/betlem-03.jpg","contentUrl":"https:\/\/xativaturismo.com\/wp-content\/uploads\/2016\/12\/betlem-03.jpg","width":1598,"height":906},{"@type":"BreadcrumbList","@id":"https:\/\/xativaturismo.com\/val\/betlem-monumental\/#breadcrumb","itemListElement":[{"@type":"ListItem","position":1,"name":"Portada","item":"https:\/\/xativaturismo.com\/val\/inicio-copy-2\/"},{"@type":"ListItem","position":2,"name":"Betlem monumental"}]},{"@type":"WebSite","@id":"https:\/\/xativaturismo.com\/#website","url":"https:\/\/xativaturismo.com\/","name":"X\u00e0tiva Turismo","description":"Bienvenidos a la oficina de Turismo de X\u00e0tiva","publisher":{"@id":"https:\/\/xativaturismo.com\/#organization"},"potentialAction":[{"@type":"SearchAction","target":{"@type":"EntryPoint","urlTemplate":"https:\/\/xativaturismo.com\/?s={search_term_string}"},"query-input":{"@type":"PropertyValueSpecification","valueRequired":true,"valueName":"search_term_string"}}],"inLanguage":"ca"},{"@type":"Organization","@id":"https:\/\/xativaturismo.com\/#organization","name":"X\u00e0tiva Turismo","url":"https:\/\/xativaturismo.com\/","logo":{"@type":"ImageObject","inLanguage":"ca","@id":"https:\/\/xativaturismo.com\/#\/schema\/logo\/image\/","url":"https:\/\/xativaturismo.com\/wp-content\/uploads\/2020\/10\/logo-lila512-2.png","contentUrl":"https:\/\/xativaturismo.com\/wp-content\/uploads\/2020\/10\/logo-lila512-2.png","width":445,"height":512,"caption":"X\u00e0tiva Turismo"},"image":{"@id":"https:\/\/xativaturismo.com\/#\/schema\/logo\/image\/"},"sameAs":["https:\/\/www.facebook.com\/XativaTurisme","https:\/\/x.com\/XativaTurisme"]}]}},"_links":{"self":[{"href":"https:\/\/xativaturismo.com\/val\/wp-json\/wp\/v2\/pages\/12089","targetHints":{"allow":["GET"]}}],"collection":[{"href":"https:\/\/xativaturismo.com\/val\/wp-json\/wp\/v2\/pages"}],"about":[{"href":"https:\/\/xativaturismo.com\/val\/wp-json\/wp\/v2\/types\/page"}],"author":[{"embeddable":true,"href":"https:\/\/xativaturismo.com\/val\/wp-json\/wp\/v2\/users\/10"}],"replies":[{"embeddable":true,"href":"https:\/\/xativaturismo.com\/val\/wp-json\/wp\/v2\/comments?post=12089"}],"version-history":[{"count":0,"href":"https:\/\/xativaturismo.com\/val\/wp-json\/wp\/v2\/pages\/12089\/revisions"}],"wp:featuredmedia":[{"embeddable":true,"href":"https:\/\/xativaturismo.com\/val\/wp-json\/wp\/v2\/media\/11980"}],"wp:attachment":[{"href":"https:\/\/xativaturismo.com\/val\/wp-json\/wp\/v2\/media?parent=12089"}],"curies":[{"name":"wp","href":"https:\/\/api.w.org\/{rel}","templated":true}]}}