{"id":113084,"date":"2021-10-13T11:15:32","date_gmt":"2021-10-13T09:15:32","guid":{"rendered":"https:\/\/xativaturismo.com\/?page_id=113084"},"modified":"2022-10-16T12:19:05","modified_gmt":"2022-10-16T10:19:05","slug":"fira-borja-turisme","status":"publish","type":"page","link":"https:\/\/xativaturismo.com\/val\/fira-borja-turisme\/","title":{"rendered":"Fira de Turisme &#8211; Fira Borja"},"content":{"rendered":"<div class=\"wpb-content-wrapper\">[vc_row][vc_column][vc_single_image image=&#8221;243857&#8243; img_size=&#8221;large&#8221;][\/vc_column][\/vc_row][vc_row][vc_column width=&#8221;1\/2&#8243;][vc_single_image image=&#8221;244812&#8243; img_size=&#8221;large&#8221;][\/vc_column][vc_column width=&#8221;1\/2&#8243;][vc_column_text css=&#8221;.vc_custom_1665915275231{margin-bottom: 0px !important;}&#8221;]<strong>29 D&#8217;OCTUBRE<\/strong><\/p>\n<p>A les 10.30 h. Eixida Pla\u00e7a Sant Pere. Recorregut itinerant<br \/>\nVisita guiada i degustaci\u00f3 de dol\u00e7os tradicionals \u201cX\u00c0TIVA CIUTAT NATAL DELS BORJA\u201d<br \/>\nDol\u00e7os a c\u00e0rrec de XOCOCAP<br \/>\nOrganitza: Regidoria de Turisme \/ Col\u00b7labora: departament de promoci\u00f3 econ\u00f2mica<br \/>\nPlaces limitades, visita 4 \u20ac<br \/>\nInfo al tel. 96 227 33 46<\/p>\n<p>A les 18.30 h. Eixida Pla\u00e7a Sant Pere. Recorregut itinerant<br \/>\nVisita teatralitzada \u201cLA RUTA BORJA\u201d<br \/>\nA c\u00e0rrec de Teatre de la lluna<br \/>\nPlaces limitades, visita 4 \u20ac<br \/>\nInfo al tel. 96 227 33 46[\/vc_column_text][\/vc_column][\/vc_row][vc_row][vc_column][vc_column_text css=&#8221;.vc_custom_1665912679873{margin-bottom: 0px !important;}&#8221;]<strong>30 D&#8217;OCTUBRE<\/strong><\/p>\n<p>A les 10.30 h. Eixida Pla\u00e7a Sant Pere. Recorregut itinerant<br \/>\nVisita guiada i degustaci\u00f3 de dol\u00e7os tradicionals \u201cX\u00c0TIVA CIUTAT NATAL DELS BORJA\u201d<br \/>\nDol\u00e7os a c\u00e0rrec de SIROPE<br \/>\nOrganitza: Regidoria de Turisme \/ Col\u00b7labora: departament de promoci\u00f3 econ\u00f2mica<br \/>\nPlaces limitades, visita 4 \u20ac<br \/>\nInfo al tel. 96 227 33 46<\/p>\n<p>A les 18.30 h. Eixida Pla\u00e7a Sant Pere. Recorregut itinerant<br \/>\nVisita teatralitzada \u201cLA RUTA BORJA\u201d<br \/>\nA c\u00e0rrec de Teatre de la lluna<br \/>\nPlaces limitades, visita 4 \u20ac<br \/>\nInfo al tel. 96 227 33 46[\/vc_column_text][\/vc_column][\/vc_row][vc_row][vc_column][vc_column_text css=&#8221;.vc_custom_1665912756703{margin-bottom: 0px !important;}&#8221;]<strong>31 D&#8217;OCTUBRE<\/strong><\/p>\n<p>A les 18.30 h. Eixida Pla\u00e7a Sant Pere. Recorregut itinerant<br \/>\nVisita teatralitzada \u201cLA RUTA BORJA\u201d<br \/>\nA c\u00e0rrec de Teatre de la lluna<br \/>\nPlaces limitades, visita 4 \u20ac<br \/>\nInfo al tel. 96 227 33 46[\/vc_column_text][\/vc_column][\/vc_row][vc_row][vc_column][vc_column_text css=&#8221;.vc_custom_1665912800376{margin-bottom: 0px !important;}&#8221;]<strong>1 DE NOVEMBRE<\/strong><\/p>\n<p>A les 10.30 h. Eixida Pla\u00e7a Sant Pere. Recorregut itinerant<br \/>\nVisita guiada i degustaci\u00f3 de dol\u00e7os tradicionals \u201cX\u00c0TIVA CIUTAT NATAL DELS BORJA\u201d<br \/>\nDol\u00e7os a c\u00e0rrec de: DULCES CAMPOS<br \/>\nOrganitza: Regidoria de Turisme<br \/>\nCol\u00b7labora: departament de promoci\u00f3 econ\u00f2mica<br \/>\nPlaces limitades, visita 4 \u20ac<br \/>\nInfo al tel. 96 227 33 46[\/vc_column_text][\/vc_column][\/vc_row]\n<\/div>","protected":false},"excerpt":{"rendered":"<p>[vc_row][vc_column][vc_single_image image=&#8221;243857&#8243; img_size=&#8221;large&#8221;][\/vc_column][\/vc_row][vc_row][vc_column width=&#8221;1\/2&#8243;][vc_single_image image=&#8221;244812&#8243; img_size=&#8221;large&#8221;][\/vc_column][vc_column width=&#8221;1\/2&#8243;][vc_column_text css=&#8221;.vc_custom_1665915275231{margin-bottom: 0px !important;}&#8221;]29 D&#8217;OCTUBRE A les 10.30 h. Eixida Pla\u00e7a Sant Pere. Recorregut itinerant Visita guiada i degustaci\u00f3 de dol\u00e7os tradicionals \u201cX\u00c0TIVA CIUTAT [&hellip;]<\/p>\n","protected":false},"author":10,"featured_media":0,"parent":0,"menu_order":0,"comment_status":"closed","ping_status":"closed","template":"","meta":{"_price":"","_stock":"","_tribe_ticket_header":"","_tribe_default_ticket_provider":"","_ticket_start_date":"","_ticket_end_date":"","_tribe_ticket_show_description":"","_tribe_ticket_show_not_going":false,"_tribe_ticket_use_global_stock":"","_tribe_ticket_global_stock_level":"","_global_stock_mode":"","_global_stock_cap":"","_tribe_rsvp_for_event":"","_tribe_ticket_going_count":"","_tribe_ticket_not_going_count":"","_tribe_tickets_list":"[]","_tribe_ticket_has_attendee_info_fields":false,"footnotes":""},"class_list":["post-113084","page","type-page","status-publish","hentry"],"yoast_head":"<!-- This site is optimized with the Yoast SEO plugin v27.0 - https:\/\/yoast.com\/product\/yoast-seo-wordpress\/ -->\n<title>Fira de Turisme - Fira Borja - X\u00e0tiva Turismo<\/title>\n<meta name=\"robots\" content=\"index, follow, max-snippet:-1, max-image-preview:large, max-video-preview:-1\" \/>\n<link rel=\"canonical\" href=\"https:\/\/xativaturismo.com\/val\/fira-borja-turisme\/\" \/>\n<meta property=\"og:locale\" content=\"ca_ES\" \/>\n<meta property=\"og:type\" content=\"article\" \/>\n<meta property=\"og:title\" content=\"Fira de Turisme - Fira Borja - X\u00e0tiva Turismo\" \/>\n<meta property=\"og:description\" content=\"[vc_row][vc_column][vc_single_image image=&#8221;243857&#8243; img_size=&#8221;large&#8221;][\/vc_column][\/vc_row][vc_row][vc_column width=&#8221;1\/2&#8243;][vc_single_image image=&#8221;244812&#8243; img_size=&#8221;large&#8221;][\/vc_column][vc_column width=&#8221;1\/2&#8243;][vc_column_text css=&#8221;.vc_custom_1665915275231{margin-bottom: 0px !important;}&#8221;]29 D&#8217;OCTUBRE A les 10.30 h. Eixida Pla\u00e7a Sant Pere. Recorregut itinerant Visita guiada i degustaci\u00f3 de dol\u00e7os tradicionals \u201cX\u00c0TIVA CIUTAT [&hellip;]\" \/>\n<meta property=\"og:url\" content=\"https:\/\/xativaturismo.com\/val\/fira-borja-turisme\/\" \/>\n<meta property=\"og:site_name\" content=\"X\u00e0tiva Turismo\" \/>\n<meta property=\"article:publisher\" content=\"https:\/\/www.facebook.com\/XativaTurisme\" \/>\n<meta property=\"article:modified_time\" content=\"2022-10-16T10:19:05+00:00\" \/>\n<meta property=\"og:image\" content=\"https:\/\/xativaturismo.com\/wp-content\/uploads\/2016\/01\/castell-menor-8.jpg\" \/>\n\t<meta property=\"og:image:width\" content=\"846\" \/>\n\t<meta property=\"og:image:height\" content=\"480\" \/>\n\t<meta property=\"og:image:type\" content=\"image\/jpeg\" \/>\n<meta name=\"twitter:card\" content=\"summary_large_image\" \/>\n<meta name=\"twitter:site\" content=\"@XativaTurisme\" \/>\n<meta name=\"twitter:label1\" content=\"Est. reading time\" \/>\n\t<meta name=\"twitter:data1\" content=\"2 minutes\" \/>\n<script type=\"application\/ld+json\" class=\"yoast-schema-graph\">{\"@context\":\"https:\/\/schema.org\",\"@graph\":[{\"@type\":\"WebPage\",\"@id\":\"https:\/\/xativaturismo.com\/val\/fira-borja-turisme\/\",\"url\":\"https:\/\/xativaturismo.com\/val\/fira-borja-turisme\/\",\"name\":\"Fira de Turisme - Fira Borja - X\u00e0tiva Turismo\",\"isPartOf\":{\"@id\":\"https:\/\/xativaturismo.com\/#website\"},\"datePublished\":\"2021-10-13T09:15:32+00:00\",\"dateModified\":\"2022-10-16T10:19:05+00:00\",\"breadcrumb\":{\"@id\":\"https:\/\/xativaturismo.com\/val\/fira-borja-turisme\/#breadcrumb\"},\"inLanguage\":\"ca\",\"potentialAction\":[{\"@type\":\"ReadAction\",\"target\":[\"https:\/\/xativaturismo.com\/val\/fira-borja-turisme\/\"]}]},{\"@type\":\"BreadcrumbList\",\"@id\":\"https:\/\/xativaturismo.com\/val\/fira-borja-turisme\/#breadcrumb\",\"itemListElement\":[{\"@type\":\"ListItem\",\"position\":1,\"name\":\"Portada\",\"item\":\"https:\/\/xativaturismo.com\/val\/inicio-copy-2\/\"},{\"@type\":\"ListItem\",\"position\":2,\"name\":\"Fira de Turisme &#8211; Fira Borja\"}]},{\"@type\":\"WebSite\",\"@id\":\"https:\/\/xativaturismo.com\/#website\",\"url\":\"https:\/\/xativaturismo.com\/\",\"name\":\"X\u00e0tiva Turismo\",\"description\":\"Bienvenidos a la oficina de Turismo de X\u00e0tiva\",\"publisher\":{\"@id\":\"https:\/\/xativaturismo.com\/#organization\"},\"potentialAction\":[{\"@type\":\"SearchAction\",\"target\":{\"@type\":\"EntryPoint\",\"urlTemplate\":\"https:\/\/xativaturismo.com\/?s={search_term_string}\"},\"query-input\":{\"@type\":\"PropertyValueSpecification\",\"valueRequired\":true,\"valueName\":\"search_term_string\"}}],\"inLanguage\":\"ca\"},{\"@type\":\"Organization\",\"@id\":\"https:\/\/xativaturismo.com\/#organization\",\"name\":\"X\u00e0tiva Turismo\",\"url\":\"https:\/\/xativaturismo.com\/\",\"logo\":{\"@type\":\"ImageObject\",\"inLanguage\":\"ca\",\"@id\":\"https:\/\/xativaturismo.com\/#\/schema\/logo\/image\/\",\"url\":\"https:\/\/xativaturismo.com\/wp-content\/uploads\/2020\/10\/logo-lila512-2.png\",\"contentUrl\":\"https:\/\/xativaturismo.com\/wp-content\/uploads\/2020\/10\/logo-lila512-2.png\",\"width\":445,\"height\":512,\"caption\":\"X\u00e0tiva Turismo\"},\"image\":{\"@id\":\"https:\/\/xativaturismo.com\/#\/schema\/logo\/image\/\"},\"sameAs\":[\"https:\/\/www.facebook.com\/XativaTurisme\",\"https:\/\/x.com\/XativaTurisme\"]}]}<\/script>\n<!-- \/ Yoast SEO plugin. -->","yoast_head_json":{"title":"Fira de Turisme - Fira Borja - X\u00e0tiva Turismo","robots":{"index":"index","follow":"follow","max-snippet":"max-snippet:-1","max-image-preview":"max-image-preview:large","max-video-preview":"max-video-preview:-1"},"canonical":"https:\/\/xativaturismo.com\/val\/fira-borja-turisme\/","og_locale":"ca_ES","og_type":"article","og_title":"Fira de Turisme - Fira Borja - X\u00e0tiva Turismo","og_description":"[vc_row][vc_column][vc_single_image image=&#8221;243857&#8243; img_size=&#8221;large&#8221;][\/vc_column][\/vc_row][vc_row][vc_column width=&#8221;1\/2&#8243;][vc_single_image image=&#8221;244812&#8243; img_size=&#8221;large&#8221;][\/vc_column][vc_column width=&#8221;1\/2&#8243;][vc_column_text css=&#8221;.vc_custom_1665915275231{margin-bottom: 0px !important;}&#8221;]29 D&#8217;OCTUBRE A les 10.30 h. Eixida Pla\u00e7a Sant Pere. Recorregut itinerant Visita guiada i degustaci\u00f3 de dol\u00e7os tradicionals \u201cX\u00c0TIVA CIUTAT [&hellip;]","og_url":"https:\/\/xativaturismo.com\/val\/fira-borja-turisme\/","og_site_name":"X\u00e0tiva Turismo","article_publisher":"https:\/\/www.facebook.com\/XativaTurisme","article_modified_time":"2022-10-16T10:19:05+00:00","og_image":[{"width":846,"height":480,"url":"https:\/\/xativaturismo.com\/wp-content\/uploads\/2016\/01\/castell-menor-8.jpg","type":"image\/jpeg"}],"twitter_card":"summary_large_image","twitter_site":"@XativaTurisme","twitter_misc":{"Est. reading time":"2 minutes"},"schema":{"@context":"https:\/\/schema.org","@graph":[{"@type":"WebPage","@id":"https:\/\/xativaturismo.com\/val\/fira-borja-turisme\/","url":"https:\/\/xativaturismo.com\/val\/fira-borja-turisme\/","name":"Fira de Turisme - Fira Borja - X\u00e0tiva Turismo","isPartOf":{"@id":"https:\/\/xativaturismo.com\/#website"},"datePublished":"2021-10-13T09:15:32+00:00","dateModified":"2022-10-16T10:19:05+00:00","breadcrumb":{"@id":"https:\/\/xativaturismo.com\/val\/fira-borja-turisme\/#breadcrumb"},"inLanguage":"ca","potentialAction":[{"@type":"ReadAction","target":["https:\/\/xativaturismo.com\/val\/fira-borja-turisme\/"]}]},{"@type":"BreadcrumbList","@id":"https:\/\/xativaturismo.com\/val\/fira-borja-turisme\/#breadcrumb","itemListElement":[{"@type":"ListItem","position":1,"name":"Portada","item":"https:\/\/xativaturismo.com\/val\/inicio-copy-2\/"},{"@type":"ListItem","position":2,"name":"Fira de Turisme &#8211; Fira Borja"}]},{"@type":"WebSite","@id":"https:\/\/xativaturismo.com\/#website","url":"https:\/\/xativaturismo.com\/","name":"X\u00e0tiva Turismo","description":"Bienvenidos a la oficina de Turismo de X\u00e0tiva","publisher":{"@id":"https:\/\/xativaturismo.com\/#organization"},"potentialAction":[{"@type":"SearchAction","target":{"@type":"EntryPoint","urlTemplate":"https:\/\/xativaturismo.com\/?s={search_term_string}"},"query-input":{"@type":"PropertyValueSpecification","valueRequired":true,"valueName":"search_term_string"}}],"inLanguage":"ca"},{"@type":"Organization","@id":"https:\/\/xativaturismo.com\/#organization","name":"X\u00e0tiva Turismo","url":"https:\/\/xativaturismo.com\/","logo":{"@type":"ImageObject","inLanguage":"ca","@id":"https:\/\/xativaturismo.com\/#\/schema\/logo\/image\/","url":"https:\/\/xativaturismo.com\/wp-content\/uploads\/2020\/10\/logo-lila512-2.png","contentUrl":"https:\/\/xativaturismo.com\/wp-content\/uploads\/2020\/10\/logo-lila512-2.png","width":445,"height":512,"caption":"X\u00e0tiva Turismo"},"image":{"@id":"https:\/\/xativaturismo.com\/#\/schema\/logo\/image\/"},"sameAs":["https:\/\/www.facebook.com\/XativaTurisme","https:\/\/x.com\/XativaTurisme"]}]}},"_links":{"self":[{"href":"https:\/\/xativaturismo.com\/val\/wp-json\/wp\/v2\/pages\/113084","targetHints":{"allow":["GET"]}}],"collection":[{"href":"https:\/\/xativaturismo.com\/val\/wp-json\/wp\/v2\/pages"}],"about":[{"href":"https:\/\/xativaturismo.com\/val\/wp-json\/wp\/v2\/types\/page"}],"author":[{"embeddable":true,"href":"https:\/\/xativaturismo.com\/val\/wp-json\/wp\/v2\/users\/10"}],"replies":[{"embeddable":true,"href":"https:\/\/xativaturismo.com\/val\/wp-json\/wp\/v2\/comments?post=113084"}],"version-history":[{"count":0,"href":"https:\/\/xativaturismo.com\/val\/wp-json\/wp\/v2\/pages\/113084\/revisions"}],"wp:attachment":[{"href":"https:\/\/xativaturismo.com\/val\/wp-json\/wp\/v2\/media?parent=113084"}],"curies":[{"name":"wp","href":"https:\/\/api.w.org\/{rel}","templated":true}]}}