{"id":112953,"date":"2021-10-13T11:15:00","date_gmt":"2021-10-13T09:15:00","guid":{"rendered":"https:\/\/xativaturismo.com\/?page_id=112953"},"modified":"2022-10-16T12:08:52","modified_gmt":"2022-10-16T10:08:52","slug":"fira-borja-musica-i-historia","status":"publish","type":"page","link":"https:\/\/xativaturismo.com\/val\/fira-borja-musica-i-historia\/","title":{"rendered":"Festival Internacional M\u00fasica i Hist\u00f2ria &#8211; Fira Borja"},"content":{"rendered":"<div class=\"wpb-content-wrapper\">[vc_row][vc_column][vc_images_carousel images=&#8221;243863&#8243; img_size=&#8221;full&#8221;][\/vc_column][\/vc_row][vc_row][vc_column width=&#8221;1\/2&#8243;][vc_column_text css=&#8221;.vc_custom_1665914926765{margin-bottom: 0px !important;}&#8221;]\n<h3>EXPOSICIONS &#8211; CONVENT DE SANT DOM\u00c8NEC<\/h3>\n<p>Del 19 d\u2019octubre fins al 20 de novembre<\/p>\n<p><strong>Exposici\u00f3 X\u00c0TIVA I ELS BORJA. Una de les fam\u00edlies m\u00e9s poderosa del renaixement<\/strong><\/p>\n<p><strong>Exposici\u00f3 Instruments \u201cELS \u00c0NGELS M\u00daSICS\u201d<\/strong><\/p>\n<p><strong>Horari especial Fira Borja<\/strong>: Dies 29,30, 31 de octubre i 1 de novembre \/ De 10.30 h a 14.00 h i de 16.00 h a 19.00 h.<\/p>\n<p><strong>Horari habitual<\/strong>: De dimecres a dissabte \/ De 10.30 h a 14.00 h i de 16.00 h a 19.00 h \/ Diumenge i festius sols de mat\u00ed.[\/vc_column_text][\/vc_column][vc_column width=&#8221;1\/2&#8243;][vc_column_text css=&#8221;.vc_custom_1665914455773{margin-bottom: 0px !important;}&#8221;]\n<h3>ESPAI BORJA. CENTRE D\u2019INTERPRETACI\u00d3<\/h3>\n<p>Dies 29, 30, 31 de octubre i 1 de novembre<br \/>\nDe 10 a 14 h | De 16 a 19 h<br \/>\n<strong>Videomapping i t\u00f2tems interactius.<\/strong><br \/>\nConeix la fam\u00edlia m\u00e9s poderosa del Renaixement.<br \/>\nEntrada gratu\u00efta. Aforament limitat.[\/vc_column_text][\/vc_column][\/vc_row][vc_row][vc_column][vc_separator][vc_column_text css=&#8221;.vc_custom_1665910205209{margin-bottom: 0px !important;}&#8221;]<strong>28 D&#8217;OCTUBRE<\/strong><\/p>\n<p>A les 20.00 h. A l\u2019Esgl\u00e9sia de Sant Feliu<br \/>\nConcert inauguraci\u00f3 i degustaci\u00f3 de dol\u00e7os tradicionals<br \/>\n\u201cDE MUNIC A X\u00c0TIVA, EL SO DE L\u2019ORGUE\u201d<br \/>\nA c\u00e0rrec de Johannes Skudlik (Alemanya). Titular dels grans orgues de Landsberg (Munic)<br \/>\nDol\u00e7os a c\u00e0rrec de PASTISSERIA BOSC\u00c0<br \/>\nCol\u00b7labora: departament de promoci\u00f3 econ\u00f2mica \/ Organitza: Ajuntament de X\u00e0tiva<br \/>\nEntrada gratu\u00efta fins a omplir aforament.[\/vc_column_text][\/vc_column][\/vc_row][vc_row][vc_column][vc_column_text css=&#8221;.vc_custom_1665910418382{margin-bottom: 0px !important;}&#8221;]<strong>29 D&#8217;OCTUBRE<\/strong><\/p>\n<p>D&#8217;11.00 h a 13.00 h. Al Conservatori de m\u00fasica \u201cLuis Mil\u00e1n\u201d<br \/>\nClasse magistral \u201cTALLER DE M\u00daSICA ANTIGA\u201d<br \/>\nA c\u00e0rrec de Robert Cases (Val\u00e8ncia), professor al Conservatori Superior de M\u00fasica de Castella la Manxa<br \/>\nCurs: Tercer cicle de grau mitj\u00e0 \/ Especialitats: Totes<br \/>\nCol\u00b7labora. La Fundaci\u00f3 Cultural CDM<br \/>\nReserva de places a la web www.xativaturismo.com \/ Places limitades. Inscripci\u00f3 5 \u20ac<\/p>\n<p>A les 12.00 h. Espai Cultural Sant Dom\u00e8nec<br \/>\nConcert \u201cLU\u00cdS MIL\u00c1, RAICES COMO CUERDAS\u201d<br \/>\nA c\u00e0rrec de Jonathan Ross Parkin-guitarra (angles)<br \/>\nParticipen: Carlos Jaramillo, guitarra; Eva Paula Bonora Guasp, Soprano<br \/>\nEntrada gratu\u00efta fins a omplir aforament<\/p>\n<p>A les 18.30 h. A la Casa de Cultura<br \/>\nConfer\u00e8ncia \u201cLUCRECIA BORGIA LA ILUSTRE DIFAMADA\u201d<br \/>\nA c\u00e0rrec d\u2019Isabel Barcel\u00f3 Chico, autora del llibre \u201cLUCR\u00c8CIA BORGIA (1480-1519) BAJO UNA NUEVA LUZ\u201d, finalista premi cr\u00edtica Comunitat Valenciana.<br \/>\nPresenta: Ximo Corts.\u00a0 Promou: Casa de les Dones<br \/>\nEntrada gratu\u00efta fins a omplir aforament.<\/p>\n<p>A les 20.00 h. Al Convent de Sant Dom\u00e8nec<br \/>\nConcert \u201cSOLETA SO JO AC\u00cd. M\u00daSICA EN TEMPS DELS BORJA\u201d<br \/>\nA c\u00e0rrec del grup Dolce Rima (val\u00e8ncia). Sopranos: Carmen Botella i Julieta Vi\u00f1as. Vihuela: Paula Brieba<br \/>\nEntrada gratu\u00efta, fins a omplir aforament<\/p>\n<p>A les 22.30 h. A la pla\u00e7a de la Seu. (Calixte III)<br \/>\nEspectacle de llum i m\u00fasica \u201cAL SON DE LOS CLARINES Y TIMBALES\u201d<br \/>\nEnsemble de trompetes a l\u2019aire a\u00a0c\u00e0rrec d\u2019Agrupaci\u00f3 musical La Regalada. (Val\u00e8ncia)<br \/>\nCol\u00b7labora: Joventut Musical de la Costera[\/vc_column_text][\/vc_column][\/vc_row][vc_row][vc_column][vc_column_text css=&#8221;.vc_custom_1665910508830{margin-bottom: 0px !important;}&#8221;]<strong>30 D&#8217;OCTUBRE<\/strong><\/p>\n<p>A les 12.00 h. A l\u2019Esgl\u00e9sia de Sant Feliu<br \/>\nConcert d\u2019Orgue i degustaci\u00f3 de dol\u00e7os tradicionals \u201cPRESTO PARA NAVEGAR&#8230;\u201d<br \/>\nA c\u00e0rrec d\u2019Arturo Barba (Val\u00e8ncia)<br \/>\nBar\u00edton: Sebasti\u00e0 Peris<br \/>\nDol\u00e7os: MEL DE ROMER<br \/>\nCol\u00b7labora: departament de promoci\u00f3 econ\u00f2mica<br \/>\nEntrada gratu\u00efta fins a omplir aforament.<\/p>\n<p>A les 13.00 h. A la pla\u00e7a del Mercat<br \/>\nTeatre infantil \u201cUN BORJA A CASA\u201d<br \/>\nCia: Ameba teatre<br \/>\nAjuntament de X\u00e0tiva.[\/vc_column_text][\/vc_column][\/vc_row][vc_row][vc_column][vc_column_text css=&#8221;.vc_custom_1665910561756{margin-bottom: 0px !important;}&#8221;]<strong>31 D&#8217;OCTUBRE<\/strong><\/p>\n<p>A les 20.00 h. Al Gran Teatre<br \/>\nEspectacle multisensorial, familiar de m\u00fasica antiga i dansa contempor\u00e0nia.<br \/>\n\u201cLA DAMA I L\u2019UNICORN, PEL MEU \u00daNIC DESIG\u201d<br \/>\nDirecci\u00f3: Carles Magraner<br \/>\nA c\u00e0rrec de Capella de Ministrers i Companyia Transfermove (internacional)<br \/>\nCol\u00b7laboraci\u00f3: Toni Aparici<br \/>\nEntrada gratu\u00efta fins a omplir aforament[\/vc_column_text][\/vc_column][\/vc_row][vc_row][vc_column][vc_column_text css=&#8221;.vc_custom_1665910705563{margin-bottom: 0px !important;}&#8221;]<strong>1 DE NOVEMBRE<\/strong><\/p>\n<p>A les 12.00 h. Claustre del Museu de l\u2019Almod\u00ed<br \/>\nTeatre de Titelles. P\u00fablic familiar<br \/>\nLA COSTURERETA VALENTA. CIA: Xarop teatre<br \/>\nCol\u00b7labora: Diputaci\u00f3 de Val\u00e8ncia<\/p>\n<p>A les 12.00 h. A l\u2019esgl\u00e9sia de Sant Pere<br \/>\nConcert \u201cPLANT D\u2019AMOR\u201d<br \/>\nDirecci\u00f3: Carles Magraner. A c\u00e0rrec de: Capella de ministrers (val\u00e8ncia)<br \/>\nEntrada gratu\u00efta fins a omplir aforament<\/p>\n<p>A les 18.30 h. Al convent de Sant Dom\u00e8nec<br \/>\nConcert de m\u00fasica antiga \u201cMUSICA EN DANZA\u201d<br \/>\nA c\u00e0rrec de Boreas m\u00fasica (internacional)<br \/>\nDirecci\u00f3 i flauta de pico: Elisath Wolt\u00e9che<br \/>\nSoprano i flauta de pico: Laia Blasco<br \/>\nTenor: Carlos Arturo G\u00f3mez<br \/>\nClave i flauta de pico: Lidia Rodrigo<br \/>\nBallarina: Marina Ares<br \/>\nCol\u00b7labora. Joventut musical de la costera<br \/>\nEntrada gratu\u00efta fins a omplir aforament[\/vc_column_text][\/vc_column][\/vc_row]\n<\/div>","protected":false},"excerpt":{"rendered":"<p>[vc_row][vc_column][vc_images_carousel images=&#8221;243863&#8243; img_size=&#8221;full&#8221;][\/vc_column][\/vc_row][vc_row][vc_column width=&#8221;1\/2&#8243;][vc_column_text css=&#8221;.vc_custom_1665914926765{margin-bottom: 0px !important;}&#8221;] EXPOSICIONS &#8211; CONVENT DE SANT DOM\u00c8NEC Del 19 d\u2019octubre fins al 20 de novembre Exposici\u00f3 X\u00c0TIVA I ELS BORJA. Una de les fam\u00edlies [&hellip;]<\/p>\n","protected":false},"author":10,"featured_media":0,"parent":0,"menu_order":0,"comment_status":"closed","ping_status":"closed","template":"","meta":{"_price":"","_stock":"","_tribe_ticket_header":"","_tribe_default_ticket_provider":"","_ticket_start_date":"","_ticket_end_date":"","_tribe_ticket_show_description":"","_tribe_ticket_show_not_going":false,"_tribe_ticket_use_global_stock":"","_tribe_ticket_global_stock_level":"","_global_stock_mode":"","_global_stock_cap":"","_tribe_rsvp_for_event":"","_tribe_ticket_going_count":"","_tribe_ticket_not_going_count":"","_tribe_tickets_list":"[]","_tribe_ticket_has_attendee_info_fields":false,"footnotes":""},"class_list":["post-112953","page","type-page","status-publish","hentry"],"yoast_head":"<!-- This site is optimized with the Yoast SEO plugin v27.0 - https:\/\/yoast.com\/product\/yoast-seo-wordpress\/ -->\n<title>Festival Internacional M\u00fasica i Hist\u00f2ria - Fira Borja - X\u00e0tiva Turismo<\/title>\n<meta name=\"robots\" content=\"index, follow, max-snippet:-1, max-image-preview:large, max-video-preview:-1\" \/>\n<link rel=\"canonical\" href=\"https:\/\/xativaturismo.com\/val\/fira-borja-musica-i-historia\/\" \/>\n<meta property=\"og:locale\" content=\"ca_ES\" \/>\n<meta property=\"og:type\" content=\"article\" \/>\n<meta property=\"og:title\" content=\"Festival Internacional M\u00fasica i Hist\u00f2ria - Fira Borja - X\u00e0tiva Turismo\" \/>\n<meta property=\"og:description\" content=\"[vc_row][vc_column][vc_images_carousel images=&#8221;243863&#8243; img_size=&#8221;full&#8221;][\/vc_column][\/vc_row][vc_row][vc_column width=&#8221;1\/2&#8243;][vc_column_text css=&#8221;.vc_custom_1665914926765{margin-bottom: 0px !important;}&#8221;] EXPOSICIONS &#8211; CONVENT DE SANT DOM\u00c8NEC Del 19 d\u2019octubre fins al 20 de novembre Exposici\u00f3 X\u00c0TIVA I ELS BORJA. Una de les fam\u00edlies [&hellip;]\" \/>\n<meta property=\"og:url\" content=\"https:\/\/xativaturismo.com\/val\/fira-borja-musica-i-historia\/\" \/>\n<meta property=\"og:site_name\" content=\"X\u00e0tiva Turismo\" \/>\n<meta property=\"article:publisher\" content=\"https:\/\/www.facebook.com\/XativaTurisme\" \/>\n<meta property=\"article:modified_time\" content=\"2022-10-16T10:08:52+00:00\" \/>\n<meta property=\"og:image\" content=\"https:\/\/xativaturismo.com\/wp-content\/uploads\/2016\/01\/castell-menor-8.jpg\" \/>\n\t<meta property=\"og:image:width\" content=\"846\" \/>\n\t<meta property=\"og:image:height\" content=\"480\" \/>\n\t<meta property=\"og:image:type\" content=\"image\/jpeg\" \/>\n<meta name=\"twitter:card\" content=\"summary_large_image\" \/>\n<meta name=\"twitter:site\" content=\"@XativaTurisme\" \/>\n<meta name=\"twitter:label1\" content=\"Est. reading time\" \/>\n\t<meta name=\"twitter:data1\" content=\"4 minutes\" \/>\n<script type=\"application\/ld+json\" class=\"yoast-schema-graph\">{\"@context\":\"https:\/\/schema.org\",\"@graph\":[{\"@type\":\"WebPage\",\"@id\":\"https:\/\/xativaturismo.com\/val\/fira-borja-musica-i-historia\/\",\"url\":\"https:\/\/xativaturismo.com\/val\/fira-borja-musica-i-historia\/\",\"name\":\"Festival Internacional M\u00fasica i Hist\u00f2ria - Fira Borja - X\u00e0tiva Turismo\",\"isPartOf\":{\"@id\":\"https:\/\/xativaturismo.com\/#website\"},\"datePublished\":\"2021-10-13T09:15:00+00:00\",\"dateModified\":\"2022-10-16T10:08:52+00:00\",\"breadcrumb\":{\"@id\":\"https:\/\/xativaturismo.com\/val\/fira-borja-musica-i-historia\/#breadcrumb\"},\"inLanguage\":\"ca\",\"potentialAction\":[{\"@type\":\"ReadAction\",\"target\":[\"https:\/\/xativaturismo.com\/val\/fira-borja-musica-i-historia\/\"]}]},{\"@type\":\"BreadcrumbList\",\"@id\":\"https:\/\/xativaturismo.com\/val\/fira-borja-musica-i-historia\/#breadcrumb\",\"itemListElement\":[{\"@type\":\"ListItem\",\"position\":1,\"name\":\"Portada\",\"item\":\"https:\/\/xativaturismo.com\/val\/inicio-copy-2\/\"},{\"@type\":\"ListItem\",\"position\":2,\"name\":\"Festival Internacional M\u00fasica i Hist\u00f2ria &#8211; Fira Borja\"}]},{\"@type\":\"WebSite\",\"@id\":\"https:\/\/xativaturismo.com\/#website\",\"url\":\"https:\/\/xativaturismo.com\/\",\"name\":\"X\u00e0tiva Turismo\",\"description\":\"Bienvenidos a la oficina de Turismo de X\u00e0tiva\",\"publisher\":{\"@id\":\"https:\/\/xativaturismo.com\/#organization\"},\"potentialAction\":[{\"@type\":\"SearchAction\",\"target\":{\"@type\":\"EntryPoint\",\"urlTemplate\":\"https:\/\/xativaturismo.com\/?s={search_term_string}\"},\"query-input\":{\"@type\":\"PropertyValueSpecification\",\"valueRequired\":true,\"valueName\":\"search_term_string\"}}],\"inLanguage\":\"ca\"},{\"@type\":\"Organization\",\"@id\":\"https:\/\/xativaturismo.com\/#organization\",\"name\":\"X\u00e0tiva Turismo\",\"url\":\"https:\/\/xativaturismo.com\/\",\"logo\":{\"@type\":\"ImageObject\",\"inLanguage\":\"ca\",\"@id\":\"https:\/\/xativaturismo.com\/#\/schema\/logo\/image\/\",\"url\":\"https:\/\/xativaturismo.com\/wp-content\/uploads\/2020\/10\/logo-lila512-2.png\",\"contentUrl\":\"https:\/\/xativaturismo.com\/wp-content\/uploads\/2020\/10\/logo-lila512-2.png\",\"width\":445,\"height\":512,\"caption\":\"X\u00e0tiva Turismo\"},\"image\":{\"@id\":\"https:\/\/xativaturismo.com\/#\/schema\/logo\/image\/\"},\"sameAs\":[\"https:\/\/www.facebook.com\/XativaTurisme\",\"https:\/\/x.com\/XativaTurisme\"]}]}<\/script>\n<!-- \/ Yoast SEO plugin. -->","yoast_head_json":{"title":"Festival Internacional M\u00fasica i Hist\u00f2ria - Fira Borja - X\u00e0tiva Turismo","robots":{"index":"index","follow":"follow","max-snippet":"max-snippet:-1","max-image-preview":"max-image-preview:large","max-video-preview":"max-video-preview:-1"},"canonical":"https:\/\/xativaturismo.com\/val\/fira-borja-musica-i-historia\/","og_locale":"ca_ES","og_type":"article","og_title":"Festival Internacional M\u00fasica i Hist\u00f2ria - Fira Borja - X\u00e0tiva Turismo","og_description":"[vc_row][vc_column][vc_images_carousel images=&#8221;243863&#8243; img_size=&#8221;full&#8221;][\/vc_column][\/vc_row][vc_row][vc_column width=&#8221;1\/2&#8243;][vc_column_text css=&#8221;.vc_custom_1665914926765{margin-bottom: 0px !important;}&#8221;] EXPOSICIONS &#8211; CONVENT DE SANT DOM\u00c8NEC Del 19 d\u2019octubre fins al 20 de novembre Exposici\u00f3 X\u00c0TIVA I ELS BORJA. Una de les fam\u00edlies [&hellip;]","og_url":"https:\/\/xativaturismo.com\/val\/fira-borja-musica-i-historia\/","og_site_name":"X\u00e0tiva Turismo","article_publisher":"https:\/\/www.facebook.com\/XativaTurisme","article_modified_time":"2022-10-16T10:08:52+00:00","og_image":[{"width":846,"height":480,"url":"https:\/\/xativaturismo.com\/wp-content\/uploads\/2016\/01\/castell-menor-8.jpg","type":"image\/jpeg"}],"twitter_card":"summary_large_image","twitter_site":"@XativaTurisme","twitter_misc":{"Est. reading time":"4 minutes"},"schema":{"@context":"https:\/\/schema.org","@graph":[{"@type":"WebPage","@id":"https:\/\/xativaturismo.com\/val\/fira-borja-musica-i-historia\/","url":"https:\/\/xativaturismo.com\/val\/fira-borja-musica-i-historia\/","name":"Festival Internacional M\u00fasica i Hist\u00f2ria - Fira Borja - X\u00e0tiva Turismo","isPartOf":{"@id":"https:\/\/xativaturismo.com\/#website"},"datePublished":"2021-10-13T09:15:00+00:00","dateModified":"2022-10-16T10:08:52+00:00","breadcrumb":{"@id":"https:\/\/xativaturismo.com\/val\/fira-borja-musica-i-historia\/#breadcrumb"},"inLanguage":"ca","potentialAction":[{"@type":"ReadAction","target":["https:\/\/xativaturismo.com\/val\/fira-borja-musica-i-historia\/"]}]},{"@type":"BreadcrumbList","@id":"https:\/\/xativaturismo.com\/val\/fira-borja-musica-i-historia\/#breadcrumb","itemListElement":[{"@type":"ListItem","position":1,"name":"Portada","item":"https:\/\/xativaturismo.com\/val\/inicio-copy-2\/"},{"@type":"ListItem","position":2,"name":"Festival Internacional M\u00fasica i Hist\u00f2ria &#8211; Fira Borja"}]},{"@type":"WebSite","@id":"https:\/\/xativaturismo.com\/#website","url":"https:\/\/xativaturismo.com\/","name":"X\u00e0tiva Turismo","description":"Bienvenidos a la oficina de Turismo de X\u00e0tiva","publisher":{"@id":"https:\/\/xativaturismo.com\/#organization"},"potentialAction":[{"@type":"SearchAction","target":{"@type":"EntryPoint","urlTemplate":"https:\/\/xativaturismo.com\/?s={search_term_string}"},"query-input":{"@type":"PropertyValueSpecification","valueRequired":true,"valueName":"search_term_string"}}],"inLanguage":"ca"},{"@type":"Organization","@id":"https:\/\/xativaturismo.com\/#organization","name":"X\u00e0tiva Turismo","url":"https:\/\/xativaturismo.com\/","logo":{"@type":"ImageObject","inLanguage":"ca","@id":"https:\/\/xativaturismo.com\/#\/schema\/logo\/image\/","url":"https:\/\/xativaturismo.com\/wp-content\/uploads\/2020\/10\/logo-lila512-2.png","contentUrl":"https:\/\/xativaturismo.com\/wp-content\/uploads\/2020\/10\/logo-lila512-2.png","width":445,"height":512,"caption":"X\u00e0tiva Turismo"},"image":{"@id":"https:\/\/xativaturismo.com\/#\/schema\/logo\/image\/"},"sameAs":["https:\/\/www.facebook.com\/XativaTurisme","https:\/\/x.com\/XativaTurisme"]}]}},"_links":{"self":[{"href":"https:\/\/xativaturismo.com\/val\/wp-json\/wp\/v2\/pages\/112953","targetHints":{"allow":["GET"]}}],"collection":[{"href":"https:\/\/xativaturismo.com\/val\/wp-json\/wp\/v2\/pages"}],"about":[{"href":"https:\/\/xativaturismo.com\/val\/wp-json\/wp\/v2\/types\/page"}],"author":[{"embeddable":true,"href":"https:\/\/xativaturismo.com\/val\/wp-json\/wp\/v2\/users\/10"}],"replies":[{"embeddable":true,"href":"https:\/\/xativaturismo.com\/val\/wp-json\/wp\/v2\/comments?post=112953"}],"version-history":[{"count":0,"href":"https:\/\/xativaturismo.com\/val\/wp-json\/wp\/v2\/pages\/112953\/revisions"}],"wp:attachment":[{"href":"https:\/\/xativaturismo.com\/val\/wp-json\/wp\/v2\/media?parent=112953"}],"curies":[{"name":"wp","href":"https:\/\/api.w.org\/{rel}","templated":true}]}}