{"id":445410,"date":"2024-02-01T13:58:21","date_gmt":"2024-02-01T12:58:21","guid":{"rendered":"https:\/\/xativaturismo.com\/?page_id=445410"},"modified":"2024-03-14T10:39:57","modified_gmt":"2024-03-14T09:39:57","slug":"sant-agusti-xativa-2","status":"publish","type":"page","link":"https:\/\/xativaturismo.com\/en\/sant-agusti-xativa-2\/","title":{"rendered":"SANT AGUST\u00cd"},"content":{"rendered":"<div class=\"wpb-content-wrapper\">[vc_row][vc_column][vc_raw_js]JTNDc2NyaXB0JTNFJTBBJTIwJTBBJTIwJTJGJTJGJTIwJTJBJTJBJTJBJTJBJTJBJTJBJTJBJTJBJTJBJTJBJTJBJTJBJTJBJTJBJTJBJTJBJTJBJTJBJTJBJTJBJTJBJTJBJTJBJTJBJTJBJTJBJTJBJTJBJTJBJTJBJTJBJTJBJTJBJTJBJTJBJTJBJTJBJTJBJTJBJTJBJTJBJTJBJTJBJTJBJTJBJTJBJTJBJTJBJTJBJTJBJTJBJTJBJTJBJTJBJTJBJTJBJTJBJTJBJTJBJTJBJTJBJTJBJTJBJTJBJTJGJTJGJTBBJTIwJTJGJTJGJTIwJTJBJTIwRnVuY2klQzMlQjNuJTNBJTIwc2hvd01hcGElMjglMjklMjAlMkElMkYlMkYlMEElMjAlMkYlMkYlMjAlMkElMjBEZXNjcmlwY2klQzMlQjNuJTNBJTIwQWJyZSUyMGVsJTIwbWFwYSUyMG5hdGl2byUyMGRlbCUyMGRpc3Bvc2l0aXZvJTIwbSVDMyVCM3ZpbCUyMCUyQSUyRiUyRiUwQSUyMCUyRiUyRiUyMCUyQSUyQSUyQSUyQSUyQSUyQSUyQSUyQSUyQSUyQSUyQSUyQSUyQSUyQSUyQSUyQSUyQSUyQSUyQSUyQSUyQSUyQSUyQSUyQSUyQSUyQSUyQSUyQSUyQSUyQSUyQSUyQSUyQSUyQSUyQSUyQSUyQSUyQSUyQSUyQSUyQSUyQSUyQSUyQSUyQSUyQSUyQSUyQSUyQSUyQSUyQSUyQSUyQSUyQSUyQSUyQSUyQSUyQSUyQSUyQSUyQSUyQSUyQSUyQSUyRiUyRiUwQSUyMCUwQSUyMHNob3dNYXAlM0RmdW5jdGlvbiUyOHElMjklMEElMjAlN0IlMEElMjB2YXIlMjBkZXZpY2UlMjAlM0QlMjBuYXZpZ2F0b3IudXNlckFnZW50JTNCJTBBJTIwdmFyJTIwdXJsJTIwJTNEJTIwJTI3aHR0cCUzQSUyRiUyRm1hcHMuZ29vZ2xlLmNvbSUzRmRhZGRyJTNEJTI3JTJCcSUzQiUwQSUyMGlmJTIwJTI4ZGV2aWNlLm1hdGNoJTI4JTJGSXBob25lJTJGaSUyOSUyMCU3QyU3QyUyMGRldmljZS5tYXRjaCUyOCUyRmlQaG9uZSU3Q2lQYWQlN0NpUG9kJTJGaSUyOSUyOSUwQSUyMCU3QiUwQSUyMCUyRiUyRiUyMGlPcyUwQSUyMHVybCUzRCUyN2h0dHAlM0ElMkYlMkZtYXBzLmFwcGxlLmNvbSUyRm1hcHMlM0ZzYWRkciUzREN1cnJlbnQlMjUyMExvY2F0aW9uJTI2ZGFkZHIlM0QlMjclMkJxJTNCJTBBJTIwJTdEJTBBJTIwZWxzZSUyMGlmJTI4ZGV2aWNlLm1hdGNoJTI4JTJGQW5kcm9pZCUyRmklMjklMjklMEElMjAlN0IlMEElMjAlMkYlMkYlMjBBbmRyb2lkJTBBJTIwdXJsJTNEJTI3Z2VvJTNBMCUyQzAlM0ZxJTNEJTI3JTJCcSUzQiUwQSUyMCU3RCUwQSUyMGVsc2UlMjBpZiUyOGRldmljZS5tYXRjaCUyOCUyRldpbmRvd3MlMjBQaG9uZSUyRmklMjklMjklMEElMjAlN0IlMEElMjAlMkYlMkYlMjB3aW5kb3dzJTIwcGhvbmUlMEElMjB1cmwlM0QlMjdtYXBzJTNBJTI3JTJCcSUzQiUwQSUyMCU3RCUwQSUyMCUwQSUyMHdpbmRvdy5sb2NhdGlvbi5ocmVmJTIwJTNEJTIwdXJsJTNCJTBBJTIwJTdEJTBBJTIwJTNDJTJGc2NyaXB0JTNFJTBBJTBB[\/vc_raw_js][\/vc_column][\/vc_row][mk_page_section bg_image=&#8221;https:\/\/xativaturismo.com\/wp-content\/uploads\/2024\/02\/2-8.png&#8221; bg_color=&#8221;#000000&#8243; bg_position=&#8221;center bottom&#8221; bg_repeat=&#8221;no-repeat&#8221; bg_stretch=&#8221;true&#8221; enable_3d=&#8221;true&#8221; speed_factor=&#8221;0.5&#8243; min_height=&#8221;0&#8243; full_height=&#8221;true&#8221; padding_top=&#8221;200&#8243; visibility=&#8221;hidden-sm&#8221; el_class=&#8221;sombras&#8221; sidebar=&#8221;sidebar-1&#8243;][vc_column][vc_custom_heading text=&#8221;SANT AGUST\u00cd&#8221; font_container=&#8221;tag:h1|font_size:3.125em|text_align:center|color:%23ffffff|line_height:1&#8243; google_fonts=&#8221;font_family:Libre%20Baskerville%3Aregular%2Citalic%2C700|font_style:700%20bold%20regular%3A700%3Anormal&#8221; el_class=&#8221;autoritas&#8221;][vc_separator color=&#8221;white&#8221; border_width=&#8221;3&#8243; el_width=&#8221;10&#8243;][mk_fancy_title color=&#8221;#ffffff&#8221; size=&#8221;25&#8243; font_weight=&#8221;400&#8243; font_style=&#8221;normal&#8221; txt_transform=&#8221;none&#8221; margin_bottom=&#8221;18&#8243; font_family=&#8221;Libre+Baskerville&#8221; font_type=&#8221;google&#8221; align=&#8221;center&#8221; animation=&#8221;fade-in&#8221; el_class=&#8221;autoritas&#8221;]The Route of Memory[\/mk_fancy_title][mk_button corner_style=&#8221;rounded&#8221; size=&#8221;medium&#8221; url=&#8221;#primera&#8221; align=&#8221;center&#8221; el_class=&#8221;autoritas&#8221; bg_color=&#8221;#808080&#8243;]ENTER[\/mk_button][vc_single_image image=&#8221;440925&#8243; img_size=&#8221;medium&#8221; alignment=&#8221;center&#8221;][\/vc_column][\/mk_page_section][mk_page_section bg_image=&#8221;https:\/\/xativaturismo.com\/wp-content\/uploads\/2024\/02\/2-8.png&#8221; bg_color=&#8221;#000000&#8243; bg_position=&#8221;center bottom&#8221; bg_repeat=&#8221;no-repeat&#8221; bg_stretch=&#8221;true&#8221; enable_3d=&#8221;true&#8221; speed_factor=&#8221;0.5&#8243; min_height=&#8221;0&#8243; full_height=&#8221;true&#8221; padding_top=&#8221;200&#8243; visibility=&#8221;visible-sm&#8221; el_class=&#8221;sombras&#8221; sidebar=&#8221;sidebar-1&#8243;][vc_column][vc_custom_heading text=&#8221;SANT AGUST\u00cd&#8221; font_container=&#8221;tag:h1|font_size:3em|text_align:center|color:%23ffffff|line_height:1&#8243; google_fonts=&#8221;font_family:Libre%20Baskerville%3Aregular%2Citalic%2C700|font_style:700%20bold%20regular%3A700%3Anormal&#8221; el_class=&#8221;autoritas&#8221;][vc_separator color=&#8221;white&#8221; border_width=&#8221;3&#8243; el_width=&#8221;10&#8243;][mk_fancy_title color=&#8221;#ffffff&#8221; size=&#8221;25&#8243; font_weight=&#8221;400&#8243; font_style=&#8221;normal&#8221; txt_transform=&#8221;none&#8221; margin_bottom=&#8221;18&#8243; font_family=&#8221;Libre+Baskerville&#8221; font_type=&#8221;google&#8221; align=&#8221;center&#8221; animation=&#8221;fade-in&#8221; el_class=&#8221;autoritas&#8221;]The Route of Memory[\/mk_fancy_title][mk_button corner_style=&#8221;rounded&#8221; size=&#8221;medium&#8221; url=&#8221;#primera&#8221; align=&#8221;center&#8221; el_class=&#8221;autoritas&#8221; bg_color=&#8221;#808080&#8243;]ENTER[\/mk_button][vc_single_image image=&#8221;440925&#8243; img_size=&#8221;medium&#8221; alignment=&#8221;center&#8221;][\/vc_column][\/mk_page_section][mk_page_section bg_color=&#8221;#000000&#8243; min_height=&#8221;0&#8243; padding_top=&#8221;40&#8243; padding_bottom=&#8221;100&#8243; skip_arrow=&#8221;true&#8221; top_shape_color=&#8221;#ffffff&#8221; bottom_shape_color=&#8221;#ffffff&#8221; section_id=&#8221;primera&#8221; el_class=&#8221;borde-gris&#8221; sidebar=&#8221;sidebar-1&#8243;][vc_column width=&#8221;1\/6&#8243;][\/vc_column][vc_column width=&#8221;2\/3&#8243;][vc_column_text align=&#8221;center&#8221; el_class=&#8221;autoritas&#8221; css=&#8221;.vc_custom_1710327438377{margin-bottom: 0px !important;}&#8221;]\n<p style=\"text-align: center;\"><span style=\"font-weight: 400;\">The former convent of San Agust\u00edn was the building chosen during the government of the Republic to house the Municipal Council. Here was located the headquarters of the last legitimate government of the Republic, as well as the municipal court.<\/span><\/p>\n<p style=\"text-align: center;\"><span style=\"font-weight: 400;\">The old City Hall was also the scene of the first tensions and confrontations of the Spanish Civil War in X\u00e0tiva when, upon news of the military insurrection, the Strike Committee assumed control of local power, establishing itself in the council chamber and implementing a series of measures aimed at quelling any fascist support.<\/span><\/p>\n<p style=\"text-align: center;\"><span style=\"font-weight: 400;\">Among the decisions made by the Committee was the disarmament of the military forces, so that all available weaponry in the city was controlled by said Committee. Additionally, there was the spontaneous emergence of urban militias, armed and equipped with vehicles and other requisitioned instruments for the containment of the uprising. This situation led the city to a state of tension, fear, and increasing intimidation.<\/span><\/p>\n<p style=\"text-align: center;\"><span style=\"font-weight: 400;\">Adjacent to this building is currently the Public Center for Adult Education Francesc Bosch i Morata, where a sculpture called &#8220;L&#8217;esqueix,&#8221; by artist Miquel Moll\u00e0, stands in honor of the Setabense politician who gives the center its name, considered the first Valencian Minister of Culture and founder of the Valencian Republican Group.<\/span><\/p>\n[\/vc_column_text][\/vc_column][vc_column width=&#8221;1\/6&#8243;][\/vc_column][\/mk_page_section][mk_page_section bg_image=&#8221;https:\/\/xativaturismo.com\/wp-content\/uploads\/2024\/02\/1-7.png&#8221; bg_color=&#8221;#000000&#8243; bg_position=&#8221;center center&#8221; bg_repeat=&#8221;no-repeat&#8221; bg_stretch=&#8221;true&#8221; enable_3d=&#8221;true&#8221; speed_factor=&#8221;0.5&#8243; min_height=&#8221;0&#8243; full_height=&#8221;true&#8221; padding_top=&#8221;20&#8243; padding_bottom=&#8221;20&#8243; top_shape_color=&#8221;#ffffff&#8221; bottom_shape_color=&#8221;#ffffff&#8221; sidebar=&#8221;sidebar-1&#8243;][vc_column width=&#8221;1\/6&#8243;][\/vc_column][vc_column width=&#8221;2\/3&#8243;][\/vc_column][vc_column width=&#8221;1\/6&#8243;][\/vc_column][\/mk_page_section][mk_page_section bg_color=&#8221;#000000&#8243; padding_top=&#8221;80&#8243; padding_bottom=&#8221;40&#8243; el_class=&#8221;borde-gris&#8221; sidebar=&#8221;sidebar-1&#8243;][vc_column width=&#8221;1\/2&#8243;][vc_column_text el_class=&#8221;autoritas&#8221; css=&#8221;.vc_custom_1710327337937{margin-bottom: 0px !important;}&#8221;]\n<h2><span style=\"color: #cccccc;\">INFORMATION<\/span><\/h2>\n<p><strong>SANT AGUST\u00cd<\/strong><\/p>\n<p>Calle Sant Agusti, 3[\/vc_column_text][vc_raw_html el_class=&#8221;autoritas&#8221; css=&#8221;.vc_custom_1710409114199{background-color: #808080 !important;}&#8221;]JTNDYSUyMGhyZWYlM0QlMjJodHRwcyUzQSUyRiUyRnd3dy5nb29nbGUuY29tJTJGbWFwcyUzRmhsJTNEZXMlMjZnbCUzRGVzJTI2dW0lM0QxJTI2aWUlM0RVVEYtOCUyNmZiJTNEMSUyNnNhJTNEWCUyNmZ0aWQlM0QweGQ2MWEzYmM1OTM0ZTdiNyUzQTB4ODJlZjI2YWU5NDJhMTZmYyUyMiUyMHRhcmdldCUzRCUyMl9ibGFuayUyMiUyMHN0eWxlJTNEJTIyYmFja2dyb3VuZC1jb2xvciUzQSUyMzgwODA4MCUzQiUyMHBhZGRpbmclM0E1cHglM0IlMjBjb2xvciUzQSUyM0ZGRkZGRiUzQiUyMHRleHQtYWxpZ24lM0FjZW50ZXIlM0IlMjB3aWR0aCUzQTkwJTI1JTNCJTIwZm9udC1zaXplJTNBMTVweCUzQiUyMG1hcmdpbi1sZWZ0JTNBMHB4JTNCJTIwbWFyZ2luLXJpZ2h0JTNBYXV0byUzQiUyMGRpc3BsYXklM0FibG9jayUzQiUyMiUzRUdQUyUyME5BVklHQVRJT04lM0MlMkZhJTNF[\/vc_raw_html][\/vc_column][\/mk_page_section][mk_page_section bg_color=&#8221;#000000&#8243; min_height=&#8221;0&#8243; full_width=&#8221;true&#8221; padding_top=&#8221;5&#8243; padding_bottom=&#8221;5&#8243; sidebar=&#8221;sidebar-1&#8243;][vc_column][vc_masonry_media_grid element_width=&#8221;6&#8243; item=&#8221;8707&#8243; grid_id=&#8221;vc_gid:1710409088016-671725c2-5bc1-2&#8243; include=&#8221;451101,451098&#8243;][\/vc_column][\/mk_page_section][mk_page_section bg_color=&#8221;#252525&#8243; bg_stretch=&#8221;true&#8221; visibility=&#8221;hidden-sm&#8221; sidebar=&#8221;sidebar-1&#8243;][vc_column][vc_single_image image=&#8221;440840&#8243; img_size=&#8221;large&#8221; alignment=&#8221;center&#8221; css=&#8221;.vc_custom_1707473823917{margin-top: -230px !important;margin-bottom: -230px !important;}&#8221;][\/vc_column][\/mk_page_section][mk_page_section bg_color=&#8221;#252525&#8243; bg_stretch=&#8221;true&#8221; visibility=&#8221;visible-sm&#8221; sidebar=&#8221;sidebar-1&#8243;][vc_column][vc_single_image image=&#8221;440840&#8243; img_size=&#8221;large&#8221; alignment=&#8221;center&#8221; css=&#8221;.vc_custom_1707740073528{margin-top: -80px !important;margin-bottom: -100px !important;}&#8221;][\/vc_column][\/mk_page_section]\n<\/div>","protected":false},"excerpt":{"rendered":"<p>[vc_row][vc_column][vc_raw_js]JTNDc2NyaXB0JTNFJTBBJTIwJTBBJTIwJTJGJTJGJTIwJTJBJTJBJTJBJTJBJTJBJTJBJTJBJTJBJTJBJTJBJTJBJTJBJTJBJTJBJTJBJTJBJTJBJTJBJTJBJTJBJTJBJTJBJTJBJTJBJTJBJTJBJTJBJTJBJTJBJTJBJTJBJTJBJTJBJTJBJTJBJTJBJTJBJTJBJTJBJTJBJTJBJTJBJTJBJTJBJTJBJTJBJTJBJTJBJTJBJTJBJTJBJTJBJTJBJTJBJTJBJTJBJTJBJTJBJTJBJTJBJTJBJTJBJTJBJTJBJTJGJTJGJTBBJTIwJTJGJTJGJTIwJTJBJTIwRnVuY2klQzMlQjNuJTNBJTIwc2hvd01hcGElMjglMjklMjAlMkElMkYlMkYlMEElMjAlMkYlMkYlMjAlMkElMjBEZXNjcmlwY2klQzMlQjNuJTNBJTIwQWJyZSUyMGVsJTIwbWFwYSUyMG5hdGl2byUyMGRlbCUyMGRpc3Bvc2l0aXZvJTIwbSVDMyVCM3ZpbCUyMCUyQSUyRiUyRiUwQSUyMCUyRiUyRiUyMCUyQSUyQSUyQSUyQSUyQSUyQSUyQSUyQSUyQSUyQSUyQSUyQSUyQSUyQSUyQSUyQSUyQSUyQSUyQSUyQSUyQSUyQSUyQSUyQSUyQSUyQSUyQSUyQSUyQSUyQSUyQSUyQSUyQSUyQSUyQSUyQSUyQSUyQSUyQSUyQSUyQSUyQSUyQSUyQSUyQSUyQSUyQSUyQSUyQSUyQSUyQSUyQSUyQSUyQSUyQSUyQSUyQSUyQSUyQSUyQSUyQSUyQSUyQSUyQSUyRiUyRiUwQSUyMCUwQSUyMHNob3dNYXAlM0RmdW5jdGlvbiUyOHElMjklMEElMjAlN0IlMEElMjB2YXIlMjBkZXZpY2UlMjAlM0QlMjBuYXZpZ2F0b3IudXNlckFnZW50JTNCJTBBJTIwdmFyJTIwdXJsJTIwJTNEJTIwJTI3aHR0cCUzQSUyRiUyRm1hcHMuZ29vZ2xlLmNvbSUzRmRhZGRyJTNEJTI3JTJCcSUzQiUwQSUyMGlmJTIwJTI4ZGV2aWNlLm1hdGNoJTI4JTJGSXBob25lJTJGaSUyOSUyMCU3QyU3QyUyMGRldmljZS5tYXRjaCUyOCUyRmlQaG9uZSU3Q2lQYWQlN0NpUG9kJTJGaSUyOSUyOSUwQSUyMCU3QiUwQSUyMCUyRiUyRiUyMGlPcyUwQSUyMHVybCUzRCUyN2h0dHAlM0ElMkYlMkZtYXBzLmFwcGxlLmNvbSUyRm1hcHMlM0ZzYWRkciUzREN1cnJlbnQlMjUyMExvY2F0aW9uJTI2ZGFkZHIlM0QlMjclMkJxJTNCJTBBJTIwJTdEJTBBJTIwZWxzZSUyMGlmJTI4ZGV2aWNlLm1hdGNoJTI4JTJGQW5kcm9pZCUyRmklMjklMjklMEElMjAlN0IlMEElMjAlMkYlMkYlMjBBbmRyb2lkJTBBJTIwdXJsJTNEJTI3Z2VvJTNBMCUyQzAlM0ZxJTNEJTI3JTJCcSUzQiUwQSUyMCU3RCUwQSUyMGVsc2UlMjBpZiUyOGRldmljZS5tYXRjaCUyOCUyRldpbmRvd3MlMjBQaG9uZSUyRmklMjklMjklMEElMjAlN0IlMEElMjAlMkYlMkYlMjB3aW5kb3dzJTIwcGhvbmUlMEElMjB1cmwlM0QlMjdtYXBzJTNBJTI3JTJCcSUzQiUwQSUyMCU3RCUwQSUyMCUwQSUyMHdpbmRvdy5sb2NhdGlvbi5ocmVmJTIwJTNEJTIwdXJsJTNCJTBBJTIwJTdEJTBBJTIwJTNDJTJGc2NyaXB0JTNFJTBBJTBB[\/vc_raw_js][\/vc_column][\/vc_row][mk_page_section bg_image=&#8221;https:\/\/xativaturismo.com\/wp-content\/uploads\/2024\/02\/2-8.png&#8221; bg_color=&#8221;#000000&#8243; bg_position=&#8221;center bottom&#8221; bg_repeat=&#8221;no-repeat&#8221; bg_stretch=&#8221;true&#8221; enable_3d=&#8221;true&#8221; speed_factor=&#8221;0.5&#8243; min_height=&#8221;0&#8243; full_height=&#8221;true&#8221; padding_top=&#8221;200&#8243; visibility=&#8221;hidden-sm&#8221; el_class=&#8221;sombras&#8221; sidebar=&#8221;sidebar-1&#8243;][vc_column][vc_custom_heading text=&#8221;SANT AGUST\u00cd&#8221; font_container=&#8221;tag:h1|font_size:3.125em|text_align:center|color:%23ffffff|line_height:1&#8243; google_fonts=&#8221;font_family:Libre%20Baskerville%3Aregular%2Citalic%2C700|font_style:700%20bold%20regular%3A700%3Anormal&#8221; el_class=&#8221;autoritas&#8221;][vc_separator color=&#8221;white&#8221; border_width=&#8221;3&#8243; el_width=&#8221;10&#8243;][mk_fancy_title color=&#8221;#ffffff&#8221; size=&#8221;25&#8243; font_weight=&#8221;400&#8243; font_style=&#8221;normal&#8221; txt_transform=&#8221;none&#8221; margin_bottom=&#8221;18&#8243; font_family=&#8221;Libre+Baskerville&#8221; [&hellip;]<\/p>\n","protected":false},"author":10,"featured_media":451102,"parent":0,"menu_order":0,"comment_status":"closed","ping_status":"closed","template":"","meta":{"_price":"","_stock":"","_tribe_ticket_header":"","_tribe_default_ticket_provider":"","_ticket_start_date":"","_ticket_end_date":"","_tribe_ticket_show_description":"","_tribe_ticket_show_not_going":false,"_tribe_ticket_use_global_stock":"","_tribe_ticket_global_stock_level":"","_global_stock_mode":"","_global_stock_cap":"","_tribe_rsvp_for_event":"","_tribe_ticket_going_count":"","_tribe_ticket_not_going_count":"","_tribe_tickets_list":"[]","_tribe_ticket_has_attendee_info_fields":false,"footnotes":""},"class_list":["post-445410","page","type-page","status-publish","has-post-thumbnail","hentry"],"yoast_head":"<!-- This site is optimized with the Yoast SEO plugin v27.0 - https:\/\/yoast.com\/product\/yoast-seo-wordpress\/ -->\n<title>Sant Agust\u00ed - X\u00e0tiva Turismo<\/title>\n<meta name=\"description\" content=\"The former convent of San Agust\u00edn was the building chosen during the government of the Republic to house the Municipal Council.\" \/>\n<meta name=\"robots\" content=\"index, follow, max-snippet:-1, max-image-preview:large, max-video-preview:-1\" \/>\n<link rel=\"canonical\" href=\"https:\/\/xativaturismo.com\/en\/sant-agusti-xativa-2\/\" \/>\n<meta property=\"og:locale\" content=\"en_US\" \/>\n<meta property=\"og:type\" content=\"article\" \/>\n<meta property=\"og:title\" content=\"Sant Francesc - X\u00e0tiva Turismo\" \/>\n<meta property=\"og:description\" content=\"Esta iglesia de estilo g\u00f3tico cisterciense fue construida en la segunda mitad del siglo XIV y formaba parte del desaparecido convento de los franciscanos. Consta de una \u00fanica nave con siete capillas laterales de crucer\u00eda. Daba nombre a una de las puertas de la muralla junto a la que se situaba. La proximidad con los palacios de la nobleza que acompa\u00f1\u00f3 a Jaume I en la conquista de la ciudad hizo que se convirtiera en pante\u00f3n de las familias m\u00e1s ilustres, como los Borja.\" \/>\n<meta property=\"og:url\" content=\"https:\/\/xativaturismo.com\/en\/sant-agusti-xativa-2\/\" \/>\n<meta property=\"og:site_name\" content=\"X\u00e0tiva Turismo\" \/>\n<meta property=\"article:publisher\" content=\"https:\/\/www.facebook.com\/XativaTurisme\" \/>\n<meta property=\"article:modified_time\" content=\"2024-03-14T09:39:57+00:00\" \/>\n<meta property=\"og:image\" content=\"https:\/\/xativaturismo.com\/wp-content\/uploads\/2016\/01\/sant_francesc-16.jpg\" \/>\n\t<meta property=\"og:image:width\" content=\"846\" \/>\n\t<meta property=\"og:image:height\" content=\"480\" \/>\n\t<meta property=\"og:image:type\" content=\"image\/jpeg\" \/>\n<meta name=\"twitter:card\" content=\"summary_large_image\" \/>\n<meta name=\"twitter:title\" content=\"Sant Francesc - X\u00e0tiva Turismo\" \/>\n<meta name=\"twitter:description\" content=\"La iglesia de Sant Francesc de estilo g\u00f3tico cisterciense fue construida a mitad del siglo XIV y formaba parte del desaparecido convento de los franciscanos.\" \/>\n<meta name=\"twitter:image\" content=\"https:\/\/xativaturismo.com\/wp-content\/uploads\/2016\/01\/sant_francesc-16.jpg\" \/>\n<meta name=\"twitter:site\" content=\"@XativaTurisme\" \/>\n<meta name=\"twitter:label1\" content=\"Est. reading time\" \/>\n\t<meta name=\"twitter:data1\" content=\"3 minutes\" \/>\n<script type=\"application\/ld+json\" class=\"yoast-schema-graph\">{\"@context\":\"https:\/\/schema.org\",\"@graph\":[{\"@type\":\"WebPage\",\"@id\":\"https:\/\/xativaturismo.com\/en\/sant-agusti-xativa-2\/\",\"url\":\"https:\/\/xativaturismo.com\/en\/sant-agusti-xativa-2\/\",\"name\":\"Sant Agust\u00ed - X\u00e0tiva Turismo\",\"isPartOf\":{\"@id\":\"https:\/\/xativaturismo.com\/#website\"},\"primaryImageOfPage\":{\"@id\":\"https:\/\/xativaturismo.com\/en\/sant-agusti-xativa-2\/#primaryimage\"},\"image\":{\"@id\":\"https:\/\/xativaturismo.com\/en\/sant-agusti-xativa-2\/#primaryimage\"},\"thumbnailUrl\":\"https:\/\/xativaturismo.com\/wp-content\/uploads\/2024\/02\/2-8.png\",\"datePublished\":\"2024-02-01T12:58:21+00:00\",\"dateModified\":\"2024-03-14T09:39:57+00:00\",\"description\":\"The former convent of San Agust\u00edn was the building chosen during the government of the Republic to house the Municipal Council.\",\"breadcrumb\":{\"@id\":\"https:\/\/xativaturismo.com\/en\/sant-agusti-xativa-2\/#breadcrumb\"},\"inLanguage\":\"en-US\",\"potentialAction\":[{\"@type\":\"ReadAction\",\"target\":[\"https:\/\/xativaturismo.com\/en\/sant-agusti-xativa-2\/\"]}]},{\"@type\":\"ImageObject\",\"inLanguage\":\"en-US\",\"@id\":\"https:\/\/xativaturismo.com\/en\/sant-agusti-xativa-2\/#primaryimage\",\"url\":\"https:\/\/xativaturismo.com\/wp-content\/uploads\/2024\/02\/2-8.png\",\"contentUrl\":\"https:\/\/xativaturismo.com\/wp-content\/uploads\/2024\/02\/2-8.png\",\"width\":1598,\"height\":906},{\"@type\":\"BreadcrumbList\",\"@id\":\"https:\/\/xativaturismo.com\/en\/sant-agusti-xativa-2\/#breadcrumb\",\"itemListElement\":[{\"@type\":\"ListItem\",\"position\":1,\"name\":\"Portada\",\"item\":\"https:\/\/xativaturismo.com\/en\/\"},{\"@type\":\"ListItem\",\"position\":2,\"name\":\"SANT AGUST\u00cd\"}]},{\"@type\":\"WebSite\",\"@id\":\"https:\/\/xativaturismo.com\/#website\",\"url\":\"https:\/\/xativaturismo.com\/\",\"name\":\"X\u00e0tiva Turismo\",\"description\":\"Bienvenidos a la oficina de Turismo de X\u00e0tiva\",\"publisher\":{\"@id\":\"https:\/\/xativaturismo.com\/#organization\"},\"potentialAction\":[{\"@type\":\"SearchAction\",\"target\":{\"@type\":\"EntryPoint\",\"urlTemplate\":\"https:\/\/xativaturismo.com\/?s={search_term_string}\"},\"query-input\":{\"@type\":\"PropertyValueSpecification\",\"valueRequired\":true,\"valueName\":\"search_term_string\"}}],\"inLanguage\":\"en-US\"},{\"@type\":\"Organization\",\"@id\":\"https:\/\/xativaturismo.com\/#organization\",\"name\":\"X\u00e0tiva Turismo\",\"url\":\"https:\/\/xativaturismo.com\/\",\"logo\":{\"@type\":\"ImageObject\",\"inLanguage\":\"en-US\",\"@id\":\"https:\/\/xativaturismo.com\/#\/schema\/logo\/image\/\",\"url\":\"https:\/\/xativaturismo.com\/wp-content\/uploads\/2020\/10\/logo-lila512-2.png\",\"contentUrl\":\"https:\/\/xativaturismo.com\/wp-content\/uploads\/2020\/10\/logo-lila512-2.png\",\"width\":445,\"height\":512,\"caption\":\"X\u00e0tiva Turismo\"},\"image\":{\"@id\":\"https:\/\/xativaturismo.com\/#\/schema\/logo\/image\/\"},\"sameAs\":[\"https:\/\/www.facebook.com\/XativaTurisme\",\"https:\/\/x.com\/XativaTurisme\"]}]}<\/script>\n<!-- \/ Yoast SEO plugin. -->","yoast_head_json":{"title":"Sant Agust\u00ed - X\u00e0tiva Turismo","description":"The former convent of San Agust\u00edn was the building chosen during the government of the Republic to house the Municipal Council.","robots":{"index":"index","follow":"follow","max-snippet":"max-snippet:-1","max-image-preview":"max-image-preview:large","max-video-preview":"max-video-preview:-1"},"canonical":"https:\/\/xativaturismo.com\/en\/sant-agusti-xativa-2\/","og_locale":"en_US","og_type":"article","og_title":"Sant Francesc - X\u00e0tiva Turismo","og_description":"Esta iglesia de estilo g\u00f3tico cisterciense fue construida en la segunda mitad del siglo XIV y formaba parte del desaparecido convento de los franciscanos. Consta de una \u00fanica nave con siete capillas laterales de crucer\u00eda. Daba nombre a una de las puertas de la muralla junto a la que se situaba. La proximidad con los palacios de la nobleza que acompa\u00f1\u00f3 a Jaume I en la conquista de la ciudad hizo que se convirtiera en pante\u00f3n de las familias m\u00e1s ilustres, como los Borja.","og_url":"https:\/\/xativaturismo.com\/en\/sant-agusti-xativa-2\/","og_site_name":"X\u00e0tiva Turismo","article_publisher":"https:\/\/www.facebook.com\/XativaTurisme","article_modified_time":"2024-03-14T09:39:57+00:00","og_image":[{"width":846,"height":480,"url":"https:\/\/xativaturismo.com\/wp-content\/uploads\/2016\/01\/sant_francesc-16.jpg","type":"image\/jpeg"}],"twitter_card":"summary_large_image","twitter_title":"Sant Francesc - X\u00e0tiva Turismo","twitter_description":"La iglesia de Sant Francesc de estilo g\u00f3tico cisterciense fue construida a mitad del siglo XIV y formaba parte del desaparecido convento de los franciscanos.","twitter_image":"https:\/\/xativaturismo.com\/wp-content\/uploads\/2016\/01\/sant_francesc-16.jpg","twitter_site":"@XativaTurisme","twitter_misc":{"Est. reading time":"3 minutes"},"schema":{"@context":"https:\/\/schema.org","@graph":[{"@type":"WebPage","@id":"https:\/\/xativaturismo.com\/en\/sant-agusti-xativa-2\/","url":"https:\/\/xativaturismo.com\/en\/sant-agusti-xativa-2\/","name":"Sant Agust\u00ed - X\u00e0tiva Turismo","isPartOf":{"@id":"https:\/\/xativaturismo.com\/#website"},"primaryImageOfPage":{"@id":"https:\/\/xativaturismo.com\/en\/sant-agusti-xativa-2\/#primaryimage"},"image":{"@id":"https:\/\/xativaturismo.com\/en\/sant-agusti-xativa-2\/#primaryimage"},"thumbnailUrl":"https:\/\/xativaturismo.com\/wp-content\/uploads\/2024\/02\/2-8.png","datePublished":"2024-02-01T12:58:21+00:00","dateModified":"2024-03-14T09:39:57+00:00","description":"The former convent of San Agust\u00edn was the building chosen during the government of the Republic to house the Municipal Council.","breadcrumb":{"@id":"https:\/\/xativaturismo.com\/en\/sant-agusti-xativa-2\/#breadcrumb"},"inLanguage":"en-US","potentialAction":[{"@type":"ReadAction","target":["https:\/\/xativaturismo.com\/en\/sant-agusti-xativa-2\/"]}]},{"@type":"ImageObject","inLanguage":"en-US","@id":"https:\/\/xativaturismo.com\/en\/sant-agusti-xativa-2\/#primaryimage","url":"https:\/\/xativaturismo.com\/wp-content\/uploads\/2024\/02\/2-8.png","contentUrl":"https:\/\/xativaturismo.com\/wp-content\/uploads\/2024\/02\/2-8.png","width":1598,"height":906},{"@type":"BreadcrumbList","@id":"https:\/\/xativaturismo.com\/en\/sant-agusti-xativa-2\/#breadcrumb","itemListElement":[{"@type":"ListItem","position":1,"name":"Portada","item":"https:\/\/xativaturismo.com\/en\/"},{"@type":"ListItem","position":2,"name":"SANT AGUST\u00cd"}]},{"@type":"WebSite","@id":"https:\/\/xativaturismo.com\/#website","url":"https:\/\/xativaturismo.com\/","name":"X\u00e0tiva Turismo","description":"Bienvenidos a la oficina de Turismo de X\u00e0tiva","publisher":{"@id":"https:\/\/xativaturismo.com\/#organization"},"potentialAction":[{"@type":"SearchAction","target":{"@type":"EntryPoint","urlTemplate":"https:\/\/xativaturismo.com\/?s={search_term_string}"},"query-input":{"@type":"PropertyValueSpecification","valueRequired":true,"valueName":"search_term_string"}}],"inLanguage":"en-US"},{"@type":"Organization","@id":"https:\/\/xativaturismo.com\/#organization","name":"X\u00e0tiva Turismo","url":"https:\/\/xativaturismo.com\/","logo":{"@type":"ImageObject","inLanguage":"en-US","@id":"https:\/\/xativaturismo.com\/#\/schema\/logo\/image\/","url":"https:\/\/xativaturismo.com\/wp-content\/uploads\/2020\/10\/logo-lila512-2.png","contentUrl":"https:\/\/xativaturismo.com\/wp-content\/uploads\/2020\/10\/logo-lila512-2.png","width":445,"height":512,"caption":"X\u00e0tiva Turismo"},"image":{"@id":"https:\/\/xativaturismo.com\/#\/schema\/logo\/image\/"},"sameAs":["https:\/\/www.facebook.com\/XativaTurisme","https:\/\/x.com\/XativaTurisme"]}]}},"_links":{"self":[{"href":"https:\/\/xativaturismo.com\/en\/wp-json\/wp\/v2\/pages\/445410","targetHints":{"allow":["GET"]}}],"collection":[{"href":"https:\/\/xativaturismo.com\/en\/wp-json\/wp\/v2\/pages"}],"about":[{"href":"https:\/\/xativaturismo.com\/en\/wp-json\/wp\/v2\/types\/page"}],"author":[{"embeddable":true,"href":"https:\/\/xativaturismo.com\/en\/wp-json\/wp\/v2\/users\/10"}],"replies":[{"embeddable":true,"href":"https:\/\/xativaturismo.com\/en\/wp-json\/wp\/v2\/comments?post=445410"}],"version-history":[{"count":0,"href":"https:\/\/xativaturismo.com\/en\/wp-json\/wp\/v2\/pages\/445410\/revisions"}],"wp:featuredmedia":[{"embeddable":true,"href":"https:\/\/xativaturismo.com\/en\/wp-json\/wp\/v2\/media\/451102"}],"wp:attachment":[{"href":"https:\/\/xativaturismo.com\/en\/wp-json\/wp\/v2\/media?parent=445410"}],"curies":[{"name":"wp","href":"https:\/\/api.w.org\/{rel}","templated":true}]}}