{"id":26244,"date":"2020-08-31T18:40:13","date_gmt":"2020-08-31T16:40:13","guid":{"rendered":"https:\/\/xativaturismo.com\/reserves-i-compra-dentrades\/"},"modified":"2021-04-20T10:59:56","modified_gmt":"2021-04-20T08:59:56","slug":"reserves-i-compra-dentrades-2","status":"publish","type":"page","link":"https:\/\/xativaturismo.com\/en\/reserves-i-compra-dentrades-2\/","title":{"rendered":"TIENDA"},"content":{"rendered":"<div class=\"wpb-content-wrapper\">[vc_row fullwidth=&#8221;true&#8221;][vc_column][mk_page_title_box page_title=&#8221;BOOK AND BUY TICKETS&#8221; section_height=&#8221;280&#8243; bg_image=&#8221;https:\/\/xativaturismo.com\/wp-content\/uploads\/2017\/11\/cabecera-calidad3-2.jpg&#8221; bg_position=&#8221;left bottom&#8221; overlay=&#8221;rgba(0,0,0,0.3)&#8221; bg_effects=&#8221;parallax&#8221; font_size=&#8221;42&#8243; font_color=&#8221;#ffffff&#8221; underline=&#8221;false&#8221; sub_font_color=&#8221;#ffffff&#8221;][\/vc_column][\/vc_row][vc_row][vc_column][vc_separator][\/vc_column][\/vc_row][vc_row][vc_column width=&#8221;1\/4&#8243;][vc_single_image image=&#8221;8343&#8243; img_size=&#8221;medium&#8221; alignment=&#8221;center&#8221; onclick=&#8221;custom_link&#8221; link=&#8221;https:\/\/xativaturismo.com\/entradas-castillo\/&#8221;][vc_column_text css=&#8221;.vc_custom_1618908787292{margin-bottom: 0px !important;}&#8221;]\n<p style=\"text-align: center;\"><a href=\"https:\/\/xativaturismo.com\/en\/ticket-castle\/\">X\u00e0tiva Castle<\/a><\/p>\n[\/vc_column_text][\/vc_column][vc_column width=&#8221;1\/4&#8243;][vc_single_image image=&#8221;4082&#8243; img_size=&#8221;medium&#8221; alignment=&#8221;center&#8221; onclick=&#8221;custom_link&#8221; link=&#8221;https:\/\/xativaturismo.com\/entrades-museus\/&#8221;][vc_column_text css=&#8221;.vc_custom_1618909189077{margin-bottom: 0px !important;}&#8221;]\n<p style=\"text-align: center;\"><a href=\"https:\/\/xativaturismo.com\/en\/entrades-museus\/\">Museums<\/a><\/p>\n[\/vc_column_text][\/vc_column][vc_column width=&#8221;1\/4&#8243;][vc_single_image image=&#8221;8945&#8243; img_size=&#8221;medium&#8221; alignment=&#8221;center&#8221; onclick=&#8221;custom_link&#8221; link=&#8221;https:\/\/xativaturismo.com\/agenda\/&#8221;][vc_column_text css=&#8221;.vc_custom_1618908152650{margin-bottom: 0px !important;}&#8221;]\n<p style=\"text-align: center;\"><a href=\"https:\/\/xativaturismo.com\/agenda\/\">Cultural Agenda<\/a><\/p>\n[\/vc_column_text][\/vc_column][vc_column width=&#8221;1\/4&#8243;][vc_single_image image=&#8221;6368&#8243; img_size=&#8221;medium&#8221; alignment=&#8221;center&#8221; onclick=&#8221;custom_link&#8221; link=&#8221;https:\/\/xativaturismo.com\/gran-teatre-de-xativa\/&#8221;][vc_column_text css=&#8221;.vc_custom_1618908232634{margin-bottom: 0px !important;}&#8221;]\n<p style=\"text-align: center;\"><a href=\"https:\/\/xativaturismo.com\/gran-teatre-de-xativa\/\">X\u00e0tiva Great Theatre<\/a><\/p>\n[\/vc_column_text][\/vc_column][\/vc_row]\n<\/div>","protected":false},"excerpt":{"rendered":"<p>[vc_row fullwidth=&#8221;true&#8221;][vc_column][mk_page_title_box page_title=&#8221;BOOK AND BUY TICKETS&#8221; section_height=&#8221;280&#8243; bg_image=&#8221;https:\/\/xativaturismo.com\/wp-content\/uploads\/2017\/11\/cabecera-calidad3-2.jpg&#8221; bg_position=&#8221;left bottom&#8221; overlay=&#8221;rgba(0,0,0,0.3)&#8221; bg_effects=&#8221;parallax&#8221; font_size=&#8221;42&#8243; font_color=&#8221;#ffffff&#8221; underline=&#8221;false&#8221; sub_font_color=&#8221;#ffffff&#8221;][\/vc_column][\/vc_row][vc_row][vc_column][vc_separator][\/vc_column][\/vc_row][vc_row][vc_column width=&#8221;1\/4&#8243;][vc_single_image image=&#8221;8343&#8243; img_size=&#8221;medium&#8221; alignment=&#8221;center&#8221; onclick=&#8221;custom_link&#8221; link=&#8221;https:\/\/xativaturismo.com\/entradas-castillo\/&#8221;][vc_column_text css=&#8221;.vc_custom_1618908787292{margin-bottom: 0px !important;}&#8221;] X\u00e0tiva Castle [\/vc_column_text][\/vc_column][vc_column width=&#8221;1\/4&#8243;][vc_single_image image=&#8221;4082&#8243; [&hellip;]<\/p>\n","protected":false},"author":10,"featured_media":10624,"parent":0,"menu_order":0,"comment_status":"closed","ping_status":"closed","template":"","meta":{"_price":"","_stock":"","_tribe_ticket_header":"","_tribe_default_ticket_provider":"","_ticket_start_date":"","_ticket_end_date":"","_tribe_ticket_show_description":"","_tribe_ticket_show_not_going":false,"_tribe_ticket_use_global_stock":"","_tribe_ticket_global_stock_level":"","_global_stock_mode":"","_global_stock_cap":"","_tribe_rsvp_for_event":"","_tribe_ticket_going_count":"","_tribe_ticket_not_going_count":"","_tribe_tickets_list":"[]","_tribe_ticket_has_attendee_info_fields":false,"footnotes":""},"class_list":["post-26244","page","type-page","status-publish","has-post-thumbnail","hentry"],"yoast_head":"<!-- This site is optimized with the Yoast SEO plugin v27.0 - https:\/\/yoast.com\/product\/yoast-seo-wordpress\/ -->\n<title>Reserves i compra d&#039;entrades - X\u00e0tiva Turisme<\/title>\n<meta name=\"description\" content=\"Reserves i compra d\u2019entrades. Museus. Castell. Teatre. Activitats culturals i tur\u00edstiques a X\u00e0tiva. Fes la teua reserva i compra les teues entrades.\" \/>\n<meta name=\"robots\" content=\"index, follow, max-snippet:-1, max-image-preview:large, max-video-preview:-1\" \/>\n<link rel=\"canonical\" href=\"https:\/\/xativaturismo.com\/en\/reserves-i-compra-dentrades-2\/\" \/>\n<meta property=\"og:locale\" content=\"en_US\" \/>\n<meta property=\"og:type\" content=\"article\" \/>\n<meta property=\"og:title\" content=\"Gu\u00eda de restaurantes - X\u00e0tiva Turismo\" \/>\n<meta property=\"og:description\" content=\"Una selecci\u00f3n de Restaurantes para disfrutar de los sabores de X\u00e0tiva y de su variada oferta culinaria: tradicional, de autor, mediterr\u00e1nea, t\u00edpica de las comarcas centrales...\" \/>\n<meta property=\"og:url\" content=\"https:\/\/xativaturismo.com\/en\/reserves-i-compra-dentrades-2\/\" \/>\n<meta property=\"og:site_name\" content=\"X\u00e0tiva Turismo\" \/>\n<meta property=\"article:publisher\" content=\"https:\/\/www.facebook.com\/XativaTurisme\" \/>\n<meta property=\"article:modified_time\" content=\"2021-04-20T08:59:56+00:00\" \/>\n<meta property=\"og:image\" content=\"https:\/\/xativaturismo.com\/wp-content\/uploads\/2015\/12\/IMG_1677.jpg\" \/>\n\t<meta property=\"og:image:width\" content=\"3264\" \/>\n\t<meta property=\"og:image:height\" content=\"2448\" \/>\n\t<meta property=\"og:image:type\" content=\"image\/jpeg\" \/>\n<meta name=\"twitter:card\" content=\"summary_large_image\" \/>\n<meta name=\"twitter:title\" content=\"Gu\u00eda de restaurantes - X\u00e0tiva Turismo\" \/>\n<meta name=\"twitter:description\" content=\"Una selecci\u00f3n de Restaurantes para disfrutar de los sabores de X\u00e0tiva y de su variada oferta culinaria: tradicional, de autor, mediterr\u00e1nea, t\u00edpica de las comarcas centrales...\" \/>\n<meta name=\"twitter:image\" content=\"https:\/\/xativaturismo.com\/wp-content\/uploads\/2015\/12\/IMG_1677.jpg\" \/>\n<meta name=\"twitter:site\" content=\"@XativaTurisme\" \/>\n<meta name=\"twitter:label1\" content=\"Est. reading time\" \/>\n\t<meta name=\"twitter:data1\" content=\"1 minute\" \/>\n<script type=\"application\/ld+json\" class=\"yoast-schema-graph\">{\"@context\":\"https:\/\/schema.org\",\"@graph\":[{\"@type\":\"WebPage\",\"@id\":\"https:\/\/xativaturismo.com\/en\/reserves-i-compra-dentrades-2\/\",\"url\":\"https:\/\/xativaturismo.com\/en\/reserves-i-compra-dentrades-2\/\",\"name\":\"Reserves i compra d'entrades - X\u00e0tiva Turisme\",\"isPartOf\":{\"@id\":\"https:\/\/xativaturismo.com\/#website\"},\"primaryImageOfPage\":{\"@id\":\"https:\/\/xativaturismo.com\/en\/reserves-i-compra-dentrades-2\/#primaryimage\"},\"image\":{\"@id\":\"https:\/\/xativaturismo.com\/en\/reserves-i-compra-dentrades-2\/#primaryimage\"},\"thumbnailUrl\":\"https:\/\/xativaturismo.com\/wp-content\/uploads\/2015\/12\/IMG_1677.jpg\",\"datePublished\":\"2020-08-31T16:40:13+00:00\",\"dateModified\":\"2021-04-20T08:59:56+00:00\",\"description\":\"Reserves i compra d\u2019entrades. Museus. Castell. Teatre. Activitats culturals i tur\u00edstiques a X\u00e0tiva. Fes la teua reserva i compra les teues entrades.\",\"breadcrumb\":{\"@id\":\"https:\/\/xativaturismo.com\/en\/reserves-i-compra-dentrades-2\/#breadcrumb\"},\"inLanguage\":\"en-US\",\"potentialAction\":[{\"@type\":\"ReadAction\",\"target\":[\"https:\/\/xativaturismo.com\/en\/reserves-i-compra-dentrades-2\/\"]}]},{\"@type\":\"ImageObject\",\"inLanguage\":\"en-US\",\"@id\":\"https:\/\/xativaturismo.com\/en\/reserves-i-compra-dentrades-2\/#primaryimage\",\"url\":\"https:\/\/xativaturismo.com\/wp-content\/uploads\/2015\/12\/IMG_1677.jpg\",\"contentUrl\":\"https:\/\/xativaturismo.com\/wp-content\/uploads\/2015\/12\/IMG_1677.jpg\",\"width\":3264,\"height\":2448},{\"@type\":\"BreadcrumbList\",\"@id\":\"https:\/\/xativaturismo.com\/en\/reserves-i-compra-dentrades-2\/#breadcrumb\",\"itemListElement\":[{\"@type\":\"ListItem\",\"position\":1,\"name\":\"Portada\",\"item\":\"https:\/\/xativaturismo.com\/en\/\"},{\"@type\":\"ListItem\",\"position\":2,\"name\":\"TIENDA\"}]},{\"@type\":\"WebSite\",\"@id\":\"https:\/\/xativaturismo.com\/#website\",\"url\":\"https:\/\/xativaturismo.com\/\",\"name\":\"X\u00e0tiva Turismo\",\"description\":\"Bienvenidos a la oficina de Turismo de X\u00e0tiva\",\"publisher\":{\"@id\":\"https:\/\/xativaturismo.com\/#organization\"},\"potentialAction\":[{\"@type\":\"SearchAction\",\"target\":{\"@type\":\"EntryPoint\",\"urlTemplate\":\"https:\/\/xativaturismo.com\/?s={search_term_string}\"},\"query-input\":{\"@type\":\"PropertyValueSpecification\",\"valueRequired\":true,\"valueName\":\"search_term_string\"}}],\"inLanguage\":\"en-US\"},{\"@type\":\"Organization\",\"@id\":\"https:\/\/xativaturismo.com\/#organization\",\"name\":\"X\u00e0tiva Turismo\",\"url\":\"https:\/\/xativaturismo.com\/\",\"logo\":{\"@type\":\"ImageObject\",\"inLanguage\":\"en-US\",\"@id\":\"https:\/\/xativaturismo.com\/#\/schema\/logo\/image\/\",\"url\":\"https:\/\/xativaturismo.com\/wp-content\/uploads\/2020\/10\/logo-lila512-2.png\",\"contentUrl\":\"https:\/\/xativaturismo.com\/wp-content\/uploads\/2020\/10\/logo-lila512-2.png\",\"width\":445,\"height\":512,\"caption\":\"X\u00e0tiva Turismo\"},\"image\":{\"@id\":\"https:\/\/xativaturismo.com\/#\/schema\/logo\/image\/\"},\"sameAs\":[\"https:\/\/www.facebook.com\/XativaTurisme\",\"https:\/\/x.com\/XativaTurisme\"]}]}<\/script>\n<!-- \/ Yoast SEO plugin. -->","yoast_head_json":{"title":"Reserves i compra d'entrades - X\u00e0tiva Turisme","description":"Reserves i compra d\u2019entrades. Museus. Castell. Teatre. Activitats culturals i tur\u00edstiques a X\u00e0tiva. Fes la teua reserva i compra les teues entrades.","robots":{"index":"index","follow":"follow","max-snippet":"max-snippet:-1","max-image-preview":"max-image-preview:large","max-video-preview":"max-video-preview:-1"},"canonical":"https:\/\/xativaturismo.com\/en\/reserves-i-compra-dentrades-2\/","og_locale":"en_US","og_type":"article","og_title":"Gu\u00eda de restaurantes - X\u00e0tiva Turismo","og_description":"Una selecci\u00f3n de Restaurantes para disfrutar de los sabores de X\u00e0tiva y de su variada oferta culinaria: tradicional, de autor, mediterr\u00e1nea, t\u00edpica de las comarcas centrales...","og_url":"https:\/\/xativaturismo.com\/en\/reserves-i-compra-dentrades-2\/","og_site_name":"X\u00e0tiva Turismo","article_publisher":"https:\/\/www.facebook.com\/XativaTurisme","article_modified_time":"2021-04-20T08:59:56+00:00","og_image":[{"width":3264,"height":2448,"url":"https:\/\/xativaturismo.com\/wp-content\/uploads\/2015\/12\/IMG_1677.jpg","type":"image\/jpeg"}],"twitter_card":"summary_large_image","twitter_title":"Gu\u00eda de restaurantes - X\u00e0tiva Turismo","twitter_description":"Una selecci\u00f3n de Restaurantes para disfrutar de los sabores de X\u00e0tiva y de su variada oferta culinaria: tradicional, de autor, mediterr\u00e1nea, t\u00edpica de las comarcas centrales...","twitter_image":"https:\/\/xativaturismo.com\/wp-content\/uploads\/2015\/12\/IMG_1677.jpg","twitter_site":"@XativaTurisme","twitter_misc":{"Est. reading time":"1 minute"},"schema":{"@context":"https:\/\/schema.org","@graph":[{"@type":"WebPage","@id":"https:\/\/xativaturismo.com\/en\/reserves-i-compra-dentrades-2\/","url":"https:\/\/xativaturismo.com\/en\/reserves-i-compra-dentrades-2\/","name":"Reserves i compra d'entrades - X\u00e0tiva Turisme","isPartOf":{"@id":"https:\/\/xativaturismo.com\/#website"},"primaryImageOfPage":{"@id":"https:\/\/xativaturismo.com\/en\/reserves-i-compra-dentrades-2\/#primaryimage"},"image":{"@id":"https:\/\/xativaturismo.com\/en\/reserves-i-compra-dentrades-2\/#primaryimage"},"thumbnailUrl":"https:\/\/xativaturismo.com\/wp-content\/uploads\/2015\/12\/IMG_1677.jpg","datePublished":"2020-08-31T16:40:13+00:00","dateModified":"2021-04-20T08:59:56+00:00","description":"Reserves i compra d\u2019entrades. Museus. Castell. Teatre. Activitats culturals i tur\u00edstiques a X\u00e0tiva. Fes la teua reserva i compra les teues entrades.","breadcrumb":{"@id":"https:\/\/xativaturismo.com\/en\/reserves-i-compra-dentrades-2\/#breadcrumb"},"inLanguage":"en-US","potentialAction":[{"@type":"ReadAction","target":["https:\/\/xativaturismo.com\/en\/reserves-i-compra-dentrades-2\/"]}]},{"@type":"ImageObject","inLanguage":"en-US","@id":"https:\/\/xativaturismo.com\/en\/reserves-i-compra-dentrades-2\/#primaryimage","url":"https:\/\/xativaturismo.com\/wp-content\/uploads\/2015\/12\/IMG_1677.jpg","contentUrl":"https:\/\/xativaturismo.com\/wp-content\/uploads\/2015\/12\/IMG_1677.jpg","width":3264,"height":2448},{"@type":"BreadcrumbList","@id":"https:\/\/xativaturismo.com\/en\/reserves-i-compra-dentrades-2\/#breadcrumb","itemListElement":[{"@type":"ListItem","position":1,"name":"Portada","item":"https:\/\/xativaturismo.com\/en\/"},{"@type":"ListItem","position":2,"name":"TIENDA"}]},{"@type":"WebSite","@id":"https:\/\/xativaturismo.com\/#website","url":"https:\/\/xativaturismo.com\/","name":"X\u00e0tiva Turismo","description":"Bienvenidos a la oficina de Turismo de X\u00e0tiva","publisher":{"@id":"https:\/\/xativaturismo.com\/#organization"},"potentialAction":[{"@type":"SearchAction","target":{"@type":"EntryPoint","urlTemplate":"https:\/\/xativaturismo.com\/?s={search_term_string}"},"query-input":{"@type":"PropertyValueSpecification","valueRequired":true,"valueName":"search_term_string"}}],"inLanguage":"en-US"},{"@type":"Organization","@id":"https:\/\/xativaturismo.com\/#organization","name":"X\u00e0tiva Turismo","url":"https:\/\/xativaturismo.com\/","logo":{"@type":"ImageObject","inLanguage":"en-US","@id":"https:\/\/xativaturismo.com\/#\/schema\/logo\/image\/","url":"https:\/\/xativaturismo.com\/wp-content\/uploads\/2020\/10\/logo-lila512-2.png","contentUrl":"https:\/\/xativaturismo.com\/wp-content\/uploads\/2020\/10\/logo-lila512-2.png","width":445,"height":512,"caption":"X\u00e0tiva Turismo"},"image":{"@id":"https:\/\/xativaturismo.com\/#\/schema\/logo\/image\/"},"sameAs":["https:\/\/www.facebook.com\/XativaTurisme","https:\/\/x.com\/XativaTurisme"]}]}},"_links":{"self":[{"href":"https:\/\/xativaturismo.com\/en\/wp-json\/wp\/v2\/pages\/26244","targetHints":{"allow":["GET"]}}],"collection":[{"href":"https:\/\/xativaturismo.com\/en\/wp-json\/wp\/v2\/pages"}],"about":[{"href":"https:\/\/xativaturismo.com\/en\/wp-json\/wp\/v2\/types\/page"}],"author":[{"embeddable":true,"href":"https:\/\/xativaturismo.com\/en\/wp-json\/wp\/v2\/users\/10"}],"replies":[{"embeddable":true,"href":"https:\/\/xativaturismo.com\/en\/wp-json\/wp\/v2\/comments?post=26244"}],"version-history":[{"count":0,"href":"https:\/\/xativaturismo.com\/en\/wp-json\/wp\/v2\/pages\/26244\/revisions"}],"wp:featuredmedia":[{"embeddable":true,"href":"https:\/\/xativaturismo.com\/en\/wp-json\/wp\/v2\/media\/10624"}],"wp:attachment":[{"href":"https:\/\/xativaturismo.com\/en\/wp-json\/wp\/v2\/media?parent=26244"}],"curies":[{"name":"wp","href":"https:\/\/api.w.org\/{rel}","templated":true}]}}