{"id":26236,"date":"2020-08-29T08:27:36","date_gmt":"2020-08-29T06:27:36","guid":{"rendered":"https:\/\/xativaturismo.com\/terminos-y-condiciones\/"},"modified":"2020-10-09T20:56:30","modified_gmt":"2020-10-09T18:56:30","slug":"terminos-y-condiciones","status":"publish","type":"page","link":"https:\/\/xativaturismo.com\/en\/terminos-y-condiciones\/","title":{"rendered":"Terms and conditions"},"content":{"rendered":"\n<h1 class=\"wp-block-heading\">Pol\u00edtica de compra<\/h1>\n\n\n\n<p><strong>CONDICIONES GENERALES DE LA VENTA<\/strong><\/p>\n\n\n\n<p>Las presentes Condiciones Generales de Compra, contempladas de forma previa al proceso de contrataci\u00f3n, regulan la adquisici\u00f3n de entradas a trav\u00e9s del Sitio Web xativaturismo.com propiedad de l&#8217;Ajuntament de X\u00e0tiva.<\/p>\n\n\n\n<p>Estas Condiciones Generales de Compra han de complementarse con las Condiciones Generales de Acceso y Utilizaci\u00f3n del Sitio Web fijadas por l&#8217;Ajuntament de X\u00e0tiva, as\u00ed como por cualesquiera otras Condiciones Particulares o espec\u00edficas de contrataci\u00f3n que pudieran establecerse en cada caso.<\/p>\n\n\n\n<p>L&#8217;Ajuntament de X\u00e0tiva podr\u00e1 en todo momento y sin previo aviso, modificar las presentes condiciones y t\u00e9rminos, mediante la publicaci\u00f3n de dichas modificaciones en el Sitio Web, a fin de que puedan ser conocidas por los Usuarios antes de la adquisici\u00f3n on-line de las entradas ofertadas.<\/p>\n\n\n\n<p>De este modo, el Usuario, bajo su responsabilidad, debe leer atentamente la totalidad de las condiciones, en cada una de las ocasiones en que se proponga adquirir entradas a trav\u00e9s del Sitio Web.<\/p>\n\n\n\n<p>El Usuario declara ser mayor de edad, de conformidad con su derecho nacional, y disponer de la capacidad legal necesaria para contratar a trav\u00e9s del Sitio Web y, en consecuencia, para vincularse por las presentes Condiciones Generales y Condiciones Particulares que fueren de aplicaci\u00f3n. Respecto de todas estas condiciones, el Usuario declara conocerlas, entenderlas y aceptarlas en su totalidad.<\/p>\n\n\n\n<p>Asimismo, el Usuario reconoce y acepta que las entradas contratadas a trav\u00e9s del Sitio Web ser\u00e1n para uso o consumo propio, seg\u00fan la normativa establecida por l&#8217;Ajuntament de X\u00e0tiva para cada uno de los canales establecidos.<\/p>\n\n\n\n<p>En el caso de contratar entradas para terceros al Usuario, el uso o consumo de \u00e9stas estar\u00e1 bajo la entera responsabilidad del Usuario adquirente. En este sentido, el Usuario acepta, de forma expresa y sin excepciones, que el acceso y la utilizaci\u00f3n del Sitio Web y de sus servicios tiene lugar bajo su \u00fanica y exclusiva responsabilidad.<\/p>\n\n\n\n<p>El usuario declara que los datos registrados en la compra son veraces. La falta de veracidad de los mismos podr\u00e1 conllevar la exigencia de la responsabilidad que pueda derivar conforme a la legislaci\u00f3n que resulte de aplicaci\u00f3n.<\/p>\n\n\n\n<p><strong>Tarjeta de cr\u00e9dito VISA o MASTERCARD&nbsp; &nbsp;&nbsp;<\/strong>Te garantizamos que cada una de las transacciones realizadas en&nbsp;<strong>Xativa Turismo<\/strong>&nbsp;es 100% segura. Todas las operaciones que implican la transmisi\u00f3n de datos personales o bancarios se realizan utilizando un entorno seguro.&nbsp;<strong><strong>Xativa Turismo<\/strong><\/strong>&nbsp;utiliza un servidor basado en la tecnolog\u00eda de seguridad est\u00e1ndar SSL (Secure Socked Layer). Toda la informaci\u00f3n que nos transmitas viaja cifrada a trav\u00e9s de la red. (Si desea saber m\u00e1s, visita nuestra secci\u00f3n&nbsp;<a href=\"http:\/\/farmacia-frias.com\/content\/5-pago-seguro\" rel=\"noreferrer noopener\" target=\"_blank\">Pago Seguro<\/a>).<\/p>\n\n\n\n<p>Asimismo, los datos sobre tu tarjeta de cr\u00e9dito no quedan registrados en ninguna base de datos sino que van directamente al TPV (Terminal Punto de Venta) del Banco.<\/p>\n\n\n\n<p>Adem\u00e1s, te informamos que en un esfuerzo por proporcionar mayor seguridad a los propietarios de tarjetas de cr\u00e9dito, hemos incorporado en nuestra pasarela de pagos el sistema de pago seguro denominado CES (Comercio Electr\u00f3nico Seguro). De esta forma, si eres titular de una tarjeta \u201csecurizada\u201d siempre podr\u00e1 efectuar pagos con tarjeta VISA o MASTERCARD en nuestra tienda.<\/p>\n\n\n\n<p>En el caso de que tu tarjeta no est\u00e9 adherida a este sistema de pago,&nbsp;<strong><strong>Xativa Turismo<\/strong><\/strong>&nbsp;s\u00f3lo admitir\u00e1 el pago con tarjeta de cr\u00e9dito VISA o MASTERCARD a clientes con antig\u00fcedad y fiabilidad demostradas anteriormente.<\/p>\n\n\n\n<p>En ambos casos, al pagar con tarjeta VISA o MASTERCARD se solicitar\u00e1n siempre los siguientes datos: el n\u00famero de tarjeta, la fecha de caducidad, y un C\u00f3digo de Validaci\u00f3n que coincide con las 3 \u00faltimas cifras del n\u00famero impreso en cursiva en el reverso de su tarjeta VISA o MASTERCARD, ofreciendo, de esta forma, m\u00e1s garant\u00edas acerca de la seguridad de la transacci\u00f3n.<\/p>\n\n\n\n<p>Importante : El fraude con tarjeta de cr\u00e9dito es un delito, y&nbsp;<strong><strong>Xativa Turismo<\/strong><\/strong>&nbsp;entablar\u00e1 acci\u00f3n judicial contra todo aquel que realice una transacci\u00f3n fraudulenta en nuestra tienda on-line<\/p>\n\n\n\n<p><strong>VALIDEZ<\/strong><\/p>\n\n\n\n<p>Las entradas compradas tendr\u00e1 validez hasta el d\u00eda de la visita.<\/p>\n\n\n\n<p><strong>IDIOMA<\/strong><\/p>\n\n\n\n<p>El proceso de compra se podr\u00e1 realizar en valenciano, espa\u00f1ol e ingl\u00e9s.<\/p>\n\n\n\n<p><strong>PRECIOS<\/strong><\/p>\n\n\n\n<p>Los precios indicados en pantalla son los vigentes, salvo error tipogr\u00e1fico. Est\u00e1n fijados en Euros y est\u00e1n exentos de IVA seg\u00fan la normativa de aplicaci\u00f3n: art\u00edculo 20.1.1.14.\u00ba b) y c), de la Ley 37\/1992, de 28 de diciembre.<\/p>\n\n\n\n<p>Las entradas de visita p\u00fablica, cuando se adquieran anticipadamente o sean objeto de reserva, se incrementar\u00e1n con la comisi\u00f3n de gesti\u00f3n establecida en el contrato de servicio que est\u00e9 en vigor.<\/p>\n\n\n\n<p><strong>FORMAS DE PAGO<\/strong><\/p>\n\n\n\n<p>El pago de las entradas s\u00f3lo podr\u00e1 efectuarse mediante tarjetas de cr\u00e9dito o d\u00e9bito adscritas a VISA o MASTERCARD.<\/p>\n\n\n\n<p>Para tranquilidad del Usuario, es importante destacar que la confidencialidad en el tratamiento de sus datos est\u00e1 totalmente garantizada, gracias a la transmisi\u00f3n cifrada de la informaci\u00f3n entre el navegador del Usuario, el servidor seguro de castell.xativaturismo.com y las entidades financieras que gestionan los pagos.<\/p>\n\n\n\n<p>L&#8217;Ajuntament informa que constituyen conductas delictivas, castigadas con pena de prisi\u00f3n, la utilizaci\u00f3n de este sistema de pago electr\u00f3nico para adquirir entradas, en el caso de:<\/p>\n\n\n\n<p>\u2022 Facilitar datos falsos del comprador o del n\u00famero de tarjeta utilizada como medio de pago<br>\u2022 Utilizar los datos de personas diferentes al comprador.<br>\u2022 Facilitar n\u00fameros de tarjeta que no coincidan con la del comprador.<br>\u2022 Usurpar la condici\u00f3n de titular de tarjetas ajenas.<br>\u2022 Utilizar n\u00fameros de tarjeta generados con programas inform\u00e1ticos o algoritmos similares.<\/p>\n\n\n\n<p><strong>POL\u00cdTICA DE ENTREGA<\/strong><\/p>\n\n\n\n<p>Una vez confirmada su compra les llegar\u00e1 a su correo electr\u00f3nico el bono de confirmaci\u00f3n de la reserva que deben de presentar en la entrada el d\u00eda de la reserva. Por favor si no les llega el bono comprueben tambi\u00e9n su bandeja de correo no deseado o spam.<\/p>\n\n\n\n<p><strong>DEVOLUCI\u00d3N Y ANULACI\u00d3N DE LAS ENTRADAS<\/strong><br>Las entradas adquiridas no admiten devoluci\u00f3n, salvo en los siguientes supuestos:<\/p>\n\n\n\n<ul class=\"wp-block-list\"><li>Cuando no haya sido posible realizar la visita por causa imputable al Castell de X\u00e0tiva.<\/li><\/ul>\n\n\n\n<p>La devoluci\u00f3n se realizar\u00e1 conforme al procedimiento establecido por la regulaci\u00f3n y la organizaci\u00f3n de la Tesoerer\u00eda de l&#8217;Ajuntament de X\u00e0tiva.<\/p>\n\n\n\n<p>En ning\u00fan caso proceder\u00e1 la devoluci\u00f3n del importe de la comisi\u00f3n por gesti\u00f3n que se haya establecido en el sistema de gesti\u00f3n y venta de entradas.<\/p>\n\n\n\n<p><strong>LEGISLACI\u00d3N Y JURISDICCI\u00d3N APLICABLES<\/strong><\/p>\n\n\n\n<p>Las presentes Condiciones Generales de Compra y, en su caso las Condiciones Particulares que fueren aplicables, se regir\u00e1n por la legislaci\u00f3n espa\u00f1ola, que ser\u00e1 de aplicaci\u00f3n en lo no dispuesto en este contrato en materia de interpretaci\u00f3n, validez y ejecuci\u00f3n.<\/p>\n\n\n\n<p>Las partes renuncian expresamente al fuero que les pudiera corresponder, y someten expresamente a los Juzgados y Tribunales de VAlencia para resolver cualquier controversia que pueda surgir en la interpretaci\u00f3n o ejecuci\u00f3n de las presentes Condiciones Generales y Particulares.<\/p>\n\n\n\n<p>NIF \/ CIF: P4614700E<br>Organismo: Ajuntament de X\u00e0tiva<br>Direcci\u00f3n Postal: Albereda Jaume I, 35. X\u00e0tiva. 46800 Valencia<\/p>\n","protected":false},"excerpt":{"rendered":"<p>Pol\u00edtica de compra CONDICIONES GENERALES DE LA VENTA Las presentes Condiciones Generales de Compra, contempladas de forma previa al proceso de contrataci\u00f3n, regulan la adquisici\u00f3n de entradas a trav\u00e9s del [&hellip;]<\/p>\n","protected":false},"author":10,"featured_media":0,"parent":0,"menu_order":0,"comment_status":"closed","ping_status":"closed","template":"","meta":{"_price":"","_stock":"","_tribe_ticket_header":"","_tribe_default_ticket_provider":"","_ticket_start_date":"","_ticket_end_date":"","_tribe_ticket_show_description":"","_tribe_ticket_show_not_going":false,"_tribe_ticket_use_global_stock":"","_tribe_ticket_global_stock_level":"","_global_stock_mode":"","_global_stock_cap":"","_tribe_rsvp_for_event":"","_tribe_ticket_going_count":"","_tribe_ticket_not_going_count":"","_tribe_tickets_list":"[]","_tribe_ticket_has_attendee_info_fields":false,"footnotes":""},"class_list":["post-26236","page","type-page","status-publish","hentry"],"yoast_head":"<!-- This site is optimized with the Yoast SEO plugin v27.0 - https:\/\/yoast.com\/product\/yoast-seo-wordpress\/ -->\n<title>Terms and conditions - X\u00e0tiva Turismo<\/title>\n<meta name=\"robots\" content=\"index, follow, max-snippet:-1, max-image-preview:large, max-video-preview:-1\" \/>\n<link rel=\"canonical\" href=\"https:\/\/xativaturismo.com\/en\/terminos-y-condiciones\/\" \/>\n<meta property=\"og:locale\" content=\"en_US\" \/>\n<meta property=\"og:type\" content=\"article\" \/>\n<meta property=\"og:title\" content=\"Terms and conditions - X\u00e0tiva Turismo\" \/>\n<meta property=\"og:description\" content=\"Pol\u00edtica de compra CONDICIONES GENERALES DE LA VENTA Las presentes Condiciones Generales de Compra, contempladas de forma previa al proceso de contrataci\u00f3n, regulan la adquisici\u00f3n de entradas a trav\u00e9s del [&hellip;]\" \/>\n<meta property=\"og:url\" content=\"https:\/\/xativaturismo.com\/en\/terminos-y-condiciones\/\" \/>\n<meta property=\"og:site_name\" content=\"X\u00e0tiva Turismo\" \/>\n<meta property=\"article:publisher\" content=\"https:\/\/www.facebook.com\/XativaTurisme\" \/>\n<meta property=\"article:modified_time\" content=\"2020-10-09T18:56:30+00:00\" \/>\n<meta property=\"og:image\" content=\"https:\/\/xativaturismo.com\/wp-content\/uploads\/2016\/01\/castell-menor-8.jpg\" \/>\n\t<meta property=\"og:image:width\" content=\"846\" \/>\n\t<meta property=\"og:image:height\" content=\"480\" \/>\n\t<meta property=\"og:image:type\" content=\"image\/jpeg\" \/>\n<meta name=\"twitter:card\" content=\"summary_large_image\" \/>\n<meta name=\"twitter:site\" content=\"@XativaTurisme\" \/>\n<meta name=\"twitter:label1\" content=\"Est. reading time\" \/>\n\t<meta name=\"twitter:data1\" content=\"6 minutes\" \/>\n<script type=\"application\/ld+json\" class=\"yoast-schema-graph\">{\"@context\":\"https:\/\/schema.org\",\"@graph\":[{\"@type\":\"WebPage\",\"@id\":\"https:\/\/xativaturismo.com\/en\/terminos-y-condiciones\/\",\"url\":\"https:\/\/xativaturismo.com\/en\/terminos-y-condiciones\/\",\"name\":\"Terms and conditions - X\u00e0tiva Turismo\",\"isPartOf\":{\"@id\":\"https:\/\/xativaturismo.com\/#website\"},\"datePublished\":\"2020-08-29T06:27:36+00:00\",\"dateModified\":\"2020-10-09T18:56:30+00:00\",\"breadcrumb\":{\"@id\":\"https:\/\/xativaturismo.com\/en\/terminos-y-condiciones\/#breadcrumb\"},\"inLanguage\":\"en-US\",\"potentialAction\":[{\"@type\":\"ReadAction\",\"target\":[\"https:\/\/xativaturismo.com\/en\/terminos-y-condiciones\/\"]}]},{\"@type\":\"BreadcrumbList\",\"@id\":\"https:\/\/xativaturismo.com\/en\/terminos-y-condiciones\/#breadcrumb\",\"itemListElement\":[{\"@type\":\"ListItem\",\"position\":1,\"name\":\"Portada\",\"item\":\"https:\/\/xativaturismo.com\/en\/home-copy-2\/\"},{\"@type\":\"ListItem\",\"position\":2,\"name\":\"Terms and conditions\"}]},{\"@type\":\"WebSite\",\"@id\":\"https:\/\/xativaturismo.com\/#website\",\"url\":\"https:\/\/xativaturismo.com\/\",\"name\":\"X\u00e0tiva Turismo\",\"description\":\"Bienvenidos a la oficina de Turismo de X\u00e0tiva\",\"publisher\":{\"@id\":\"https:\/\/xativaturismo.com\/#organization\"},\"potentialAction\":[{\"@type\":\"SearchAction\",\"target\":{\"@type\":\"EntryPoint\",\"urlTemplate\":\"https:\/\/xativaturismo.com\/?s={search_term_string}\"},\"query-input\":{\"@type\":\"PropertyValueSpecification\",\"valueRequired\":true,\"valueName\":\"search_term_string\"}}],\"inLanguage\":\"en-US\"},{\"@type\":\"Organization\",\"@id\":\"https:\/\/xativaturismo.com\/#organization\",\"name\":\"X\u00e0tiva Turismo\",\"url\":\"https:\/\/xativaturismo.com\/\",\"logo\":{\"@type\":\"ImageObject\",\"inLanguage\":\"en-US\",\"@id\":\"https:\/\/xativaturismo.com\/#\/schema\/logo\/image\/\",\"url\":\"https:\/\/xativaturismo.com\/wp-content\/uploads\/2020\/10\/logo-lila512-2.png\",\"contentUrl\":\"https:\/\/xativaturismo.com\/wp-content\/uploads\/2020\/10\/logo-lila512-2.png\",\"width\":445,\"height\":512,\"caption\":\"X\u00e0tiva Turismo\"},\"image\":{\"@id\":\"https:\/\/xativaturismo.com\/#\/schema\/logo\/image\/\"},\"sameAs\":[\"https:\/\/www.facebook.com\/XativaTurisme\",\"https:\/\/x.com\/XativaTurisme\"]}]}<\/script>\n<!-- \/ Yoast SEO plugin. -->","yoast_head_json":{"title":"Terms and conditions - X\u00e0tiva Turismo","robots":{"index":"index","follow":"follow","max-snippet":"max-snippet:-1","max-image-preview":"max-image-preview:large","max-video-preview":"max-video-preview:-1"},"canonical":"https:\/\/xativaturismo.com\/en\/terminos-y-condiciones\/","og_locale":"en_US","og_type":"article","og_title":"Terms and conditions - X\u00e0tiva Turismo","og_description":"Pol\u00edtica de compra CONDICIONES GENERALES DE LA VENTA Las presentes Condiciones Generales de Compra, contempladas de forma previa al proceso de contrataci\u00f3n, regulan la adquisici\u00f3n de entradas a trav\u00e9s del [&hellip;]","og_url":"https:\/\/xativaturismo.com\/en\/terminos-y-condiciones\/","og_site_name":"X\u00e0tiva Turismo","article_publisher":"https:\/\/www.facebook.com\/XativaTurisme","article_modified_time":"2020-10-09T18:56:30+00:00","og_image":[{"width":846,"height":480,"url":"https:\/\/xativaturismo.com\/wp-content\/uploads\/2016\/01\/castell-menor-8.jpg","type":"image\/jpeg"}],"twitter_card":"summary_large_image","twitter_site":"@XativaTurisme","twitter_misc":{"Est. reading time":"6 minutes"},"schema":{"@context":"https:\/\/schema.org","@graph":[{"@type":"WebPage","@id":"https:\/\/xativaturismo.com\/en\/terminos-y-condiciones\/","url":"https:\/\/xativaturismo.com\/en\/terminos-y-condiciones\/","name":"Terms and conditions - X\u00e0tiva Turismo","isPartOf":{"@id":"https:\/\/xativaturismo.com\/#website"},"datePublished":"2020-08-29T06:27:36+00:00","dateModified":"2020-10-09T18:56:30+00:00","breadcrumb":{"@id":"https:\/\/xativaturismo.com\/en\/terminos-y-condiciones\/#breadcrumb"},"inLanguage":"en-US","potentialAction":[{"@type":"ReadAction","target":["https:\/\/xativaturismo.com\/en\/terminos-y-condiciones\/"]}]},{"@type":"BreadcrumbList","@id":"https:\/\/xativaturismo.com\/en\/terminos-y-condiciones\/#breadcrumb","itemListElement":[{"@type":"ListItem","position":1,"name":"Portada","item":"https:\/\/xativaturismo.com\/en\/home-copy-2\/"},{"@type":"ListItem","position":2,"name":"Terms and conditions"}]},{"@type":"WebSite","@id":"https:\/\/xativaturismo.com\/#website","url":"https:\/\/xativaturismo.com\/","name":"X\u00e0tiva Turismo","description":"Bienvenidos a la oficina de Turismo de X\u00e0tiva","publisher":{"@id":"https:\/\/xativaturismo.com\/#organization"},"potentialAction":[{"@type":"SearchAction","target":{"@type":"EntryPoint","urlTemplate":"https:\/\/xativaturismo.com\/?s={search_term_string}"},"query-input":{"@type":"PropertyValueSpecification","valueRequired":true,"valueName":"search_term_string"}}],"inLanguage":"en-US"},{"@type":"Organization","@id":"https:\/\/xativaturismo.com\/#organization","name":"X\u00e0tiva Turismo","url":"https:\/\/xativaturismo.com\/","logo":{"@type":"ImageObject","inLanguage":"en-US","@id":"https:\/\/xativaturismo.com\/#\/schema\/logo\/image\/","url":"https:\/\/xativaturismo.com\/wp-content\/uploads\/2020\/10\/logo-lila512-2.png","contentUrl":"https:\/\/xativaturismo.com\/wp-content\/uploads\/2020\/10\/logo-lila512-2.png","width":445,"height":512,"caption":"X\u00e0tiva Turismo"},"image":{"@id":"https:\/\/xativaturismo.com\/#\/schema\/logo\/image\/"},"sameAs":["https:\/\/www.facebook.com\/XativaTurisme","https:\/\/x.com\/XativaTurisme"]}]}},"_links":{"self":[{"href":"https:\/\/xativaturismo.com\/en\/wp-json\/wp\/v2\/pages\/26236","targetHints":{"allow":["GET"]}}],"collection":[{"href":"https:\/\/xativaturismo.com\/en\/wp-json\/wp\/v2\/pages"}],"about":[{"href":"https:\/\/xativaturismo.com\/en\/wp-json\/wp\/v2\/types\/page"}],"author":[{"embeddable":true,"href":"https:\/\/xativaturismo.com\/en\/wp-json\/wp\/v2\/users\/10"}],"replies":[{"embeddable":true,"href":"https:\/\/xativaturismo.com\/en\/wp-json\/wp\/v2\/comments?post=26236"}],"version-history":[{"count":0,"href":"https:\/\/xativaturismo.com\/en\/wp-json\/wp\/v2\/pages\/26236\/revisions"}],"wp:attachment":[{"href":"https:\/\/xativaturismo.com\/en\/wp-json\/wp\/v2\/media?parent=26236"}],"curies":[{"name":"wp","href":"https:\/\/api.w.org\/{rel}","templated":true}]}}