{"id":16907,"date":"2017-09-06T08:48:12","date_gmt":"2017-09-06T06:48:12","guid":{"rendered":"https:\/\/xativaturismo.com\/app-ayuda\/"},"modified":"2022-09-13T18:33:09","modified_gmt":"2022-09-13T16:33:09","slug":"app-support","status":"publish","type":"page","link":"https:\/\/xativaturismo.com\/en\/app-support\/","title":{"rendered":"APP Support"},"content":{"rendered":"<div class=\"wpb-content-wrapper\">[vc_row fullwidth=&#8221;true&#8221;][vc_column][mk_page_title_box page_title=&#8221;NEW APP &#8211; X\u00c0TIVA TOURIST BOARD&#8221; section_height=&#8221;350&#8243; bg_image=&#8221;https:\/\/xativaturismo.com\/wp-content\/uploads\/2017\/09\/cabecera81-2.jpg&#8221; bg_position=&#8221;left center&#8221; overlay=&#8221;rgba(0,0,0,0.49)&#8221; bg_effects=&#8221;parallax&#8221; font_size=&#8221;42&#8243; font_color=&#8221;#dddddd&#8221; underline=&#8221;false&#8221;][\/vc_column][\/vc_row][mk_page_section min_height=&#8221;0&#8243; padding_top=&#8221;40&#8243; padding_bottom=&#8221;40&#8243; sidebar=&#8221;sidebar-1&#8243;][vc_column css=&#8221;.vc_custom_1504692514832{padding-top: 30px !important;padding-bottom: 10px !important;}&#8221;][vc_column_text]\n<h1>DOWNLOADS<\/h1>\n<p><span style=\"font-weight: 400;\">Download the X\u00e0tiva Turismo APP for free. The fastest and most intuitive guide to visiting the city.<br \/>\n<\/span>[\/vc_column_text][vc_row_inner attached=&#8221;true&#8221; el_id=&#8221;botones&#8221;][vc_column_inner width=&#8221;1\/2&#8243;][mk_button dimension=&#8221;two&#8221; corner_style=&#8221;rounded&#8221; size=&#8221;medium&#8221; icon=&#8221;mk-icon-apple&#8221; url=&#8221;https:\/\/itunes.apple.com\/es\/app\/id1263833649&#8243; align=&#8221;center&#8221; button_custom_width=&#8221;305&#8243; margin_top=&#8221;20&#8243; bg_color=&#8221;#9c1851&#8243;]SISTEMA IOS[\/mk_button][\/vc_column_inner][vc_column_inner width=&#8221;1\/2&#8243;][mk_button dimension=&#8221;two&#8221; corner_style=&#8221;rounded&#8221; size=&#8221;medium&#8221; icon=&#8221;mk-moon-android&#8221; url=&#8221;https:\/\/play.google.com\/store\/apps\/details?id=com.xatcom_net.app.xativa_turismo&amp;hl=es&#8221; align=&#8221;center&#8221; button_custom_width=&#8221;305&#8243; margin_top=&#8221;20&#8243; bg_color=&#8221;#9c1851&#8243;]SISTEMA ANDROID[\/mk_button][\/vc_column_inner][\/vc_row_inner][\/vc_column][\/mk_page_section][mk_page_section min_height=&#8221;0&#8243; padding_top=&#8221;40&#8243; padding_bottom=&#8221;40&#8243; top_shape_color=&#8221;#ffffff&#8221; bottom_shape_color=&#8221;#ffffff&#8221; first_page=&#8221;true&#8221; last_page=&#8221;true&#8221; sidebar=&#8221;sidebar-1&#8243;][vc_column css=&#8221;.vc_custom_1451864099925{padding-top: 30px !important;padding-bottom: 10px !important;}&#8221;][vc_column_text]\n<h1>FREQUENT QUESTIONS<\/h1>\n<p><span style=\"font-weight: 400;\">We present the most common doubts regarding the installation and operation of the X\u00e0tiva Turismo APP.<br \/>\n<\/span>[\/vc_column_text][\/vc_column][vc_column][vc_tta_accordion style=&#8221;flat&#8221; color=&#8221;chino&#8221; spacing=&#8221;5&#8243; c_icon=&#8221;&#8221; active_section=&#8221;&#8221; no_fill=&#8221;true&#8221; collapsible_all=&#8221;true&#8221;][vc_tta_section title=&#8221;APP privacy policy&#8221; tab_id=&#8221;1663086610438-f87afe7c-ad2e&#8221;][vc_column_text css=&#8221;.vc_custom_1663086732697{margin-bottom: 0px !important;}&#8221;]\n<p>In compliance with Regulation (EU) 2016\/679, of the European Parliament and of the Council, of April 27, 2016, hereinafter RGPD, the X\u00c0TIVA TOWN HALL discloses this privacy and data protection policy in relation with the data provided freely and voluntarily by users:<\/p>\n<p><strong>Identity and contact details of the data controller:<\/strong><br \/>\nX\u00c0TIVA TOWN HALL<br \/>\nCIF: P4614700E<br \/>\nAddress: Albereda Jaume I, 35,<br \/>\n46800 Xativa<br \/>\nTelephone: 96 228 98 00<br \/>\nEmail: oxi@ayto-xativa.es<\/p>\n<p><strong>Area of \u200b\u200bapplication<\/strong><br \/>\nThis policy will be applicable to the following people:<br \/>\nPeople who use the XATIVA TURISMO OFFICIAL GUIDE application on their mobile devices.<\/p>\n<p><strong>When does the APP use the location permissions of the device?<\/strong><br \/>\nWhen using the application we use the location of the device to geoposition the user in relation to the points of interest that we recommend visiting. This functionality allows the user to be informed of the relative distance at which they are located. It also allows the user to know the relative distance (from closer to farther) of all the places of interest that are in the tourist destination.<\/p>\n<p><strong>Background use of location<\/strong><br \/>\nWith the aim of improving the experience of the visit, the APP facilitates, through the use of GPS technology, the orientation in the route through the streets of the city with a notification system by proximity to points of interest (POI). This functionality can be enabled when the app is closed and running in the background. It can be disabled from the bottom menu &#8220;Settings&#8221; by deactivating the option &#8220;Proximity notifications&#8221;.<br \/>\nThis functionality allows users walking around the city to know that they are close to a point of interest to visit without the obligation to search for the content in the application.<\/p>\n<p><strong>Background use of notifications<\/strong><br \/>\nThese notices will appear on the users&#8217; terminal on special occasions, to communicate information of interest such as, for example, opening parties, exhibitions, etc. They will be displayed in text format on your mobile and will contain a link in a web view within the application itself.<\/p>\n<p><strong>Purposes of the treatment and legal basis<\/strong><br \/>\nThe app only collects location data anonymously for your use. In no case will these data be incorporated into any file with the intention of carrying out data processing or incorporating them into any database for the purpose of making commercial communications.<\/p>\n<p><strong>Frequent questions<\/strong><br \/>\nThe application has a help web page where all the features of the geolocation system are specified. https:\/\/xativaturismo.com\/app-ayuda\/<\/p>\n<p><strong>Publication date<\/strong><br \/>\nThis privacy policy has been published on September 5, 2022.<\/p>\n[\/vc_column_text][\/vc_tta_section][vc_tta_section i_icon_fontawesome=&#8221;fa fa-cogs&#8221; add_icon=&#8221;true&#8221; title=&#8221;What are the minimum requirements for installing the APP?&#8221; tab_id=&#8221;1451558781517-ffaa521d-d7d4&#8243;][vc_column_text css=&#8221;.vc_custom_1505129597870{margin-bottom: 0px !important;}&#8221;]\n<p style=\"font-size: 15px;\">Have a phone with Android operating system, version 4.0 or later and a space available at least 98.2 MB. Or with IOS system, starting with version 8.0, with an available space of at least 136 MB. In both cases, with internet connection.<\/p>\n[\/vc_column_text][\/vc_tta_section][vc_tta_section i_icon_fontawesome=&#8221;fa fa-video-camera&#8221; add_icon=&#8221;true&#8221; title=&#8221;How can I skip the initial video stream?&#8221; tab_id=&#8221;1505129453035-8850f4e2-1320&#8243;][vc_column_text]\n<p style=\"font-size: 15px;\">Each time the X\u00e0tiva Turismo APP is opened, a presentation video sequence is played. You can skip this video by clicking on the X\u00e0tiva Turismo logo in the form of an X, bottom right of the screen.<\/p>\n[\/vc_column_text][\/vc_tta_section][vc_tta_section i_icon_fontawesome=&#8221;fa fa-reply-all&#8221; add_icon=&#8221;true&#8221; title=&#8221;When navigating in the APP, how can I go back?&#8221; tab_id=&#8221;1451939818319-0dc8afac-cca3&#8243;][vc_column_text]\n<p style=\"font-size: 15px;\">In the top menu, an icon in the shape of an arrow pointing to the left can be found at all times, it takes you back to the previous page.<\/p>\n[\/vc_column_text][\/vc_tta_section][vc_tta_section i_icon_fontawesome=&#8221;fa fa-globe&#8221; add_icon=&#8221;true&#8221; title=&#8221;How can I change the language of the APP?&#8221; tab_id=&#8221;1451940279913-c8d34ad3-be17&#8243;][vc_column_text]\n<p style=\"font-size: 15px;\">In the bottom menu, the icon most to the right is the settings icon. Enter settings and find the button to switch language.<\/p>\n[\/vc_column_text][\/vc_tta_section][vc_tta_section i_icon_fontawesome=&#8221;fa fa-bell&#8221; add_icon=&#8221;true&#8221; title=&#8221;What are proximity notifications?&#8221; tab_id=&#8221;1451935951345-939ff944-78eb&#8221;][vc_column_text]\n<p style=\"font-size: 15px;\">Proximity notifications are activated when a city monument is near. They inform you on the distance that separates you from its location. They also work with points of interest in the Castle.<\/p>\n[\/vc_column_text][\/vc_tta_section][vc_tta_section i_icon_fontawesome=&#8221;fa fa-wpforms&#8221; add_icon=&#8221;true&#8221; title=&#8221;How can I turn off proximity notifications?&#8221; tab_id=&#8221;1451937052077-a3b60b22-d78a&#8221;][vc_column_text]\n<p style=\"font-size: 15px;\">In the bottom menu, the icon most to the right is the settings icon. Go to settings and you will find the button to manage proximity notifications, as well as news.<\/p>\n[\/vc_column_text][\/vc_tta_section][vc_tta_section i_icon_fontawesome=&#8221;fa fa-bullseye&#8221; add_icon=&#8221;true&#8221; title=&#8221;What does the \u201creceive news\u201d button mean in the configuration section?&#8221; tab_id=&#8221;1451501370378-4be61ca0-61f8&#8243;][vc_column_text disable_pattern=&#8221;false&#8221; margin_bottom=&#8221;10&#8243; el_class=&#8221;text-info&#8221;]\n<p style=\"font-size: 15px;\">If you activate the \u201creceive news\u201d button, you will receive information of general interest for X\u00e0tiva visitors in your phone.<\/p>\n[\/vc_column_text][\/vc_tta_section][vc_tta_section i_icon_fontawesome=&#8221;fa fa-university&#8221; add_icon=&#8221;true&#8221; title=&#8221;How can I find monuments, routes, restaurants, accommodations and other places of interest on a map?&#8221; tab_id=&#8221;1451502648840-2315b613-6bd3&#8243;][vc_column_text]\n<p style=\"font-size: 15px;\">Clicking on the geolocation icon, in the lower menu in second position starting from the left. You can view the points of interest by theme or all together by selecting from the top menu. The next icon on the right gives access to an explanatory page of the selected points of interest, with the distance to which they are.<\/p>\n[\/vc_column_text][\/vc_tta_section][vc_tta_section i_icon_fontawesome=&#8221;fa fa-volume-up&#8221; add_icon=&#8221;true&#8221; title=&#8221;What are audio guides?&#8221; tab_id=&#8221;festividades&#8221;][vc_column_text]\n<p style=\"font-size: 15px;\">The APP offers complete audio explanations on the main monuments and points of interest of the Castle.<\/p>\n[\/vc_column_text][\/vc_tta_section][vc_tta_section i_icon_fontawesome=&#8221;fa fa-heart&#8221; add_icon=&#8221;true&#8221; title=&#8221;What services should be activated in my phone for the APP to work properly?&#8221; tab_id=&#8221;1451940955624-5ddb8082-bedb&#8221;][vc_column_text]\n<p style=\"font-size: 15px;\">It is necessary to have the geolocation service activated. A data connection is also required for maps to function properly; this feature consumes very little data.<\/p>\n[\/vc_column_text][\/vc_tta_section][\/vc_tta_accordion][\/vc_column][\/mk_page_section][mk_page_section min_height=&#8221;0&#8243; padding_top=&#8221;40&#8243; padding_bottom=&#8221;40&#8243; top_shape_color=&#8221;#ffffff&#8221; bottom_shape_color=&#8221;#ffffff&#8221; first_page=&#8221;true&#8221; last_page=&#8221;true&#8221; sidebar=&#8221;sidebar-1&#8243;][\/mk_page_section][vc_column css=&#8221;.vc_custom_1451864099925{padding-top: 30px !important;padding-bottom: 10px !important;}&#8221;][\/vc_column][vc_column_text css=&#8221;.vc_custom_1505118952858{margin-bottom: 0px !important;}&#8221;]\n<p>I am text block. Click edit button to change this text. Lorem ipsum dolor sit amet, consectetur adipiscing elit. Ut elit tellus, luctus nec ullamcorper mattis, pulvinar dapibus leo.<\/p>\n[\/vc_column_text]\n<\/div>","protected":false},"excerpt":{"rendered":"<p>[vc_row fullwidth=&#8221;true&#8221;][vc_column][mk_page_title_box page_title=&#8221;NEW APP &#8211; X\u00c0TIVA TOURIST BOARD&#8221; section_height=&#8221;350&#8243; bg_image=&#8221;https:\/\/xativaturismo.com\/wp-content\/uploads\/2017\/09\/cabecera81-2.jpg&#8221; bg_position=&#8221;left center&#8221; overlay=&#8221;rgba(0,0,0,0.49)&#8221; bg_effects=&#8221;parallax&#8221; font_size=&#8221;42&#8243; font_color=&#8221;#dddddd&#8221; underline=&#8221;false&#8221;][\/vc_column][\/vc_row][mk_page_section min_height=&#8221;0&#8243; padding_top=&#8221;40&#8243; padding_bottom=&#8221;40&#8243; sidebar=&#8221;sidebar-1&#8243;][vc_column css=&#8221;.vc_custom_1504692514832{padding-top: 30px !important;padding-bottom: 10px !important;}&#8221;][vc_column_text] DOWNLOADS Download the X\u00e0tiva [&hellip;]<\/p>\n","protected":false},"author":10,"featured_media":8005,"parent":0,"menu_order":0,"comment_status":"closed","ping_status":"closed","template":"","meta":{"_price":"","_stock":"","_tribe_ticket_header":"","_tribe_default_ticket_provider":"","_ticket_start_date":"","_ticket_end_date":"","_tribe_ticket_show_description":"","_tribe_ticket_show_not_going":false,"_tribe_ticket_use_global_stock":"","_tribe_ticket_global_stock_level":"","_global_stock_mode":"","_global_stock_cap":"","_tribe_rsvp_for_event":"","_tribe_ticket_going_count":"","_tribe_ticket_not_going_count":"","_tribe_tickets_list":"[]","_tribe_ticket_has_attendee_info_fields":false,"footnotes":""},"class_list":["post-16907","page","type-page","status-publish","has-post-thumbnail","hentry"],"yoast_head":"<!-- This site is optimized with the Yoast SEO plugin v27.0 - https:\/\/yoast.com\/product\/yoast-seo-wordpress\/ -->\n<title>Basic information APP - X\u00e0tiva Tourist board<\/title>\n<meta name=\"description\" content=\"APP X\u00e0tiva tourist board, practical information and FAQs.\" \/>\n<meta name=\"robots\" content=\"index, follow, max-snippet:-1, max-image-preview:large, max-video-preview:-1\" \/>\n<link rel=\"canonical\" href=\"https:\/\/xativaturismo.com\/en\/app-support\/\" \/>\n<meta property=\"og:locale\" content=\"en_US\" \/>\n<meta property=\"og:type\" content=\"article\" \/>\n<meta property=\"og:title\" content=\"Information about traveling to X\u00e0tiva - X\u00e0tiva Tourist board\" \/>\n<meta property=\"og:description\" content=\"Travel to X\u00e0tiva, practical information and frequently asked questions.\" \/>\n<meta property=\"og:url\" content=\"https:\/\/xativaturismo.com\/en\/app-support\/\" \/>\n<meta property=\"og:site_name\" content=\"X\u00e0tiva Turismo\" \/>\n<meta property=\"article:publisher\" content=\"https:\/\/www.facebook.com\/XativaTurisme\" \/>\n<meta property=\"article:modified_time\" content=\"2022-09-13T16:33:09+00:00\" \/>\n<meta property=\"og:image\" content=\"https:\/\/xativaturismo.com\/wp-content\/uploads\/2016\/01\/castell-menor-8.jpg\" \/>\n\t<meta property=\"og:image:width\" content=\"846\" \/>\n\t<meta property=\"og:image:height\" content=\"480\" \/>\n\t<meta property=\"og:image:type\" content=\"image\/jpeg\" \/>\n<meta name=\"twitter:card\" content=\"summary_large_image\" \/>\n<meta name=\"twitter:title\" content=\"Information about traveling to X\u00e0tiva - X\u00e0tiva Tourist board\" \/>\n<meta name=\"twitter:description\" content=\"Travel to X\u00e0tiva, practical information and frequently asked questions.\" \/>\n<meta name=\"twitter:image\" content=\"https:\/\/xativaturismo.com\/wp-content\/uploads\/2016\/01\/informacion.jpg\" \/>\n<meta name=\"twitter:site\" content=\"@XativaTurisme\" \/>\n<meta name=\"twitter:label1\" content=\"Est. reading time\" \/>\n\t<meta name=\"twitter:data1\" content=\"5 minutes\" \/>\n<script type=\"application\/ld+json\" class=\"yoast-schema-graph\">{\"@context\":\"https:\/\/schema.org\",\"@graph\":[{\"@type\":\"WebPage\",\"@id\":\"https:\/\/xativaturismo.com\/en\/app-support\/\",\"url\":\"https:\/\/xativaturismo.com\/en\/app-support\/\",\"name\":\"Basic information APP - X\u00e0tiva Tourist board\",\"isPartOf\":{\"@id\":\"https:\/\/xativaturismo.com\/#website\"},\"primaryImageOfPage\":{\"@id\":\"https:\/\/xativaturismo.com\/en\/app-support\/#primaryimage\"},\"image\":{\"@id\":\"https:\/\/xativaturismo.com\/en\/app-support\/#primaryimage\"},\"thumbnailUrl\":\"https:\/\/xativaturismo.com\/wp-content\/uploads\/2016\/01\/Rosa-4-3.jpg\",\"datePublished\":\"2017-09-06T06:48:12+00:00\",\"dateModified\":\"2022-09-13T16:33:09+00:00\",\"description\":\"APP X\u00e0tiva tourist board, practical information and FAQs.\",\"breadcrumb\":{\"@id\":\"https:\/\/xativaturismo.com\/en\/app-support\/#breadcrumb\"},\"inLanguage\":\"en-US\",\"potentialAction\":[{\"@type\":\"ReadAction\",\"target\":[\"https:\/\/xativaturismo.com\/en\/app-support\/\"]}]},{\"@type\":\"ImageObject\",\"inLanguage\":\"en-US\",\"@id\":\"https:\/\/xativaturismo.com\/en\/app-support\/#primaryimage\",\"url\":\"https:\/\/xativaturismo.com\/wp-content\/uploads\/2016\/01\/Rosa-4-3.jpg\",\"contentUrl\":\"https:\/\/xativaturismo.com\/wp-content\/uploads\/2016\/01\/Rosa-4-3.jpg\",\"width\":1598,\"height\":906},{\"@type\":\"BreadcrumbList\",\"@id\":\"https:\/\/xativaturismo.com\/en\/app-support\/#breadcrumb\",\"itemListElement\":[{\"@type\":\"ListItem\",\"position\":1,\"name\":\"Portada\",\"item\":\"https:\/\/xativaturismo.com\/en\/\"},{\"@type\":\"ListItem\",\"position\":2,\"name\":\"APP Support\"}]},{\"@type\":\"WebSite\",\"@id\":\"https:\/\/xativaturismo.com\/#website\",\"url\":\"https:\/\/xativaturismo.com\/\",\"name\":\"X\u00e0tiva Turismo\",\"description\":\"Bienvenidos a la oficina de Turismo de X\u00e0tiva\",\"publisher\":{\"@id\":\"https:\/\/xativaturismo.com\/#organization\"},\"potentialAction\":[{\"@type\":\"SearchAction\",\"target\":{\"@type\":\"EntryPoint\",\"urlTemplate\":\"https:\/\/xativaturismo.com\/?s={search_term_string}\"},\"query-input\":{\"@type\":\"PropertyValueSpecification\",\"valueRequired\":true,\"valueName\":\"search_term_string\"}}],\"inLanguage\":\"en-US\"},{\"@type\":\"Organization\",\"@id\":\"https:\/\/xativaturismo.com\/#organization\",\"name\":\"X\u00e0tiva Turismo\",\"url\":\"https:\/\/xativaturismo.com\/\",\"logo\":{\"@type\":\"ImageObject\",\"inLanguage\":\"en-US\",\"@id\":\"https:\/\/xativaturismo.com\/#\/schema\/logo\/image\/\",\"url\":\"https:\/\/xativaturismo.com\/wp-content\/uploads\/2020\/10\/logo-lila512-2.png\",\"contentUrl\":\"https:\/\/xativaturismo.com\/wp-content\/uploads\/2020\/10\/logo-lila512-2.png\",\"width\":445,\"height\":512,\"caption\":\"X\u00e0tiva Turismo\"},\"image\":{\"@id\":\"https:\/\/xativaturismo.com\/#\/schema\/logo\/image\/\"},\"sameAs\":[\"https:\/\/www.facebook.com\/XativaTurisme\",\"https:\/\/x.com\/XativaTurisme\"]}]}<\/script>\n<!-- \/ Yoast SEO plugin. -->","yoast_head_json":{"title":"Basic information APP - X\u00e0tiva Tourist board","description":"APP X\u00e0tiva tourist board, practical information and FAQs.","robots":{"index":"index","follow":"follow","max-snippet":"max-snippet:-1","max-image-preview":"max-image-preview:large","max-video-preview":"max-video-preview:-1"},"canonical":"https:\/\/xativaturismo.com\/en\/app-support\/","og_locale":"en_US","og_type":"article","og_title":"Information about traveling to X\u00e0tiva - X\u00e0tiva Tourist board","og_description":"Travel to X\u00e0tiva, practical information and frequently asked questions.","og_url":"https:\/\/xativaturismo.com\/en\/app-support\/","og_site_name":"X\u00e0tiva Turismo","article_publisher":"https:\/\/www.facebook.com\/XativaTurisme","article_modified_time":"2022-09-13T16:33:09+00:00","og_image":[{"width":846,"height":480,"url":"https:\/\/xativaturismo.com\/wp-content\/uploads\/2016\/01\/castell-menor-8.jpg","type":"image\/jpeg"}],"twitter_card":"summary_large_image","twitter_title":"Information about traveling to X\u00e0tiva - X\u00e0tiva Tourist board","twitter_description":"Travel to X\u00e0tiva, practical information and frequently asked questions.","twitter_image":"https:\/\/xativaturismo.com\/wp-content\/uploads\/2016\/01\/informacion.jpg","twitter_site":"@XativaTurisme","twitter_misc":{"Est. reading time":"5 minutes"},"schema":{"@context":"https:\/\/schema.org","@graph":[{"@type":"WebPage","@id":"https:\/\/xativaturismo.com\/en\/app-support\/","url":"https:\/\/xativaturismo.com\/en\/app-support\/","name":"Basic information APP - X\u00e0tiva Tourist board","isPartOf":{"@id":"https:\/\/xativaturismo.com\/#website"},"primaryImageOfPage":{"@id":"https:\/\/xativaturismo.com\/en\/app-support\/#primaryimage"},"image":{"@id":"https:\/\/xativaturismo.com\/en\/app-support\/#primaryimage"},"thumbnailUrl":"https:\/\/xativaturismo.com\/wp-content\/uploads\/2016\/01\/Rosa-4-3.jpg","datePublished":"2017-09-06T06:48:12+00:00","dateModified":"2022-09-13T16:33:09+00:00","description":"APP X\u00e0tiva tourist board, practical information and FAQs.","breadcrumb":{"@id":"https:\/\/xativaturismo.com\/en\/app-support\/#breadcrumb"},"inLanguage":"en-US","potentialAction":[{"@type":"ReadAction","target":["https:\/\/xativaturismo.com\/en\/app-support\/"]}]},{"@type":"ImageObject","inLanguage":"en-US","@id":"https:\/\/xativaturismo.com\/en\/app-support\/#primaryimage","url":"https:\/\/xativaturismo.com\/wp-content\/uploads\/2016\/01\/Rosa-4-3.jpg","contentUrl":"https:\/\/xativaturismo.com\/wp-content\/uploads\/2016\/01\/Rosa-4-3.jpg","width":1598,"height":906},{"@type":"BreadcrumbList","@id":"https:\/\/xativaturismo.com\/en\/app-support\/#breadcrumb","itemListElement":[{"@type":"ListItem","position":1,"name":"Portada","item":"https:\/\/xativaturismo.com\/en\/"},{"@type":"ListItem","position":2,"name":"APP Support"}]},{"@type":"WebSite","@id":"https:\/\/xativaturismo.com\/#website","url":"https:\/\/xativaturismo.com\/","name":"X\u00e0tiva Turismo","description":"Bienvenidos a la oficina de Turismo de X\u00e0tiva","publisher":{"@id":"https:\/\/xativaturismo.com\/#organization"},"potentialAction":[{"@type":"SearchAction","target":{"@type":"EntryPoint","urlTemplate":"https:\/\/xativaturismo.com\/?s={search_term_string}"},"query-input":{"@type":"PropertyValueSpecification","valueRequired":true,"valueName":"search_term_string"}}],"inLanguage":"en-US"},{"@type":"Organization","@id":"https:\/\/xativaturismo.com\/#organization","name":"X\u00e0tiva Turismo","url":"https:\/\/xativaturismo.com\/","logo":{"@type":"ImageObject","inLanguage":"en-US","@id":"https:\/\/xativaturismo.com\/#\/schema\/logo\/image\/","url":"https:\/\/xativaturismo.com\/wp-content\/uploads\/2020\/10\/logo-lila512-2.png","contentUrl":"https:\/\/xativaturismo.com\/wp-content\/uploads\/2020\/10\/logo-lila512-2.png","width":445,"height":512,"caption":"X\u00e0tiva Turismo"},"image":{"@id":"https:\/\/xativaturismo.com\/#\/schema\/logo\/image\/"},"sameAs":["https:\/\/www.facebook.com\/XativaTurisme","https:\/\/x.com\/XativaTurisme"]}]}},"_links":{"self":[{"href":"https:\/\/xativaturismo.com\/en\/wp-json\/wp\/v2\/pages\/16907","targetHints":{"allow":["GET"]}}],"collection":[{"href":"https:\/\/xativaturismo.com\/en\/wp-json\/wp\/v2\/pages"}],"about":[{"href":"https:\/\/xativaturismo.com\/en\/wp-json\/wp\/v2\/types\/page"}],"author":[{"embeddable":true,"href":"https:\/\/xativaturismo.com\/en\/wp-json\/wp\/v2\/users\/10"}],"replies":[{"embeddable":true,"href":"https:\/\/xativaturismo.com\/en\/wp-json\/wp\/v2\/comments?post=16907"}],"version-history":[{"count":0,"href":"https:\/\/xativaturismo.com\/en\/wp-json\/wp\/v2\/pages\/16907\/revisions"}],"wp:featuredmedia":[{"embeddable":true,"href":"https:\/\/xativaturismo.com\/en\/wp-json\/wp\/v2\/media\/8005"}],"wp:attachment":[{"href":"https:\/\/xativaturismo.com\/en\/wp-json\/wp\/v2\/media?parent=16907"}],"curies":[{"name":"wp","href":"https:\/\/api.w.org\/{rel}","templated":true}]}}